{"id":98112,"date":"2024-06-28T12:55:50","date_gmt":"2024-06-28T10:55:50","guid":{"rendered":"https:\/\/yourshampoo.eu\/product\/rinkinukas-slenkantiems-plaukams-copy-2\/"},"modified":"2026-03-17T13:03:55","modified_gmt":"2026-03-17T11:03:55","slug":"giliai-valantis-juodasis-sampunas","status":"publish","type":"product","link":"https:\/\/yourshampoo.eu\/en\/hair-care-product\/giliai-valantis-juodasis-sampunas\/","title":{"rendered":"When it gets very oily: Black Deep Cleansing Shampoo"},"content":{"rendered":"","protected":false},"excerpt":{"rendered":"<h3 style=\"font-size: 22px; line-height: 30px; color: #343333; font-family: 'Domine'; letter-spacing: -0.9px; margin-top: 30px; border-top: 0.2px solid #97745f; padding-top: 23px; font-weight: bold;\">Frequently asked questions<\/h3>\n[cg_accordion title=\"\ud83d\udc49 Kuo \u0161is \u0161amp\u016bnas geresnis u\u017e kitus populiarius produktus?\"]<\/p>\n<p><strong>Unique formula developed by award-winning scientists with black bamboo charcoal and silicic acid<\/strong><\/p>\n<p>Formulated with special natural ingredients - black activated bamboo charcoal, salicylic acid. They work synergistically to reduce scalp oiliness, balance natural sebum production and soothe the skin. It reduces oiliness, deep cleanses and refreshes, but also moisturises and nourishes the hair without weighing it down.<\/p>\n<hr \/>\n<p><strong><i class=\"fa-solid fa-check\"><\/i> Less frequent washing:<\/strong> Bamboo charcoal and salicylic acid reduce the need for frequent washing.<\/p>\n<hr \/>\n<p><strong><i class=\"fa-solid fa-check\"><\/i> Increased volume and fluffiness:<\/strong> Natural materials give more vitality and shine.<\/p>\n<p>[\/cg_accordion]\n[cg_accordion title=\"\ud83d\udc49 K\u0105 sako specialistai?\"]<\/p>\n<p><strong>Hair Technologist:<\/strong> The scalp gets fatter faster - a defence response if the head is washed frequently. It can also be caused by the wrong products.<br \/>\n(<a href=\"https:\/\/www.15min.lt\/gyvenimas\/naujiena\/mada-ir-grozis\/riebaluojasi-galva-kokie-iprociai-ydingi-ir-ka-daryti-pataria-plauku-stiliste-1062-1521218?utm_medium=copied\" target=\"_blank\" rel=\"noopener\">source 15min.lt<\/a>)<\/p>\n<hr \/>\n<p><strong>Pharmacist\/Specialist:<\/strong> If your skin is naturally oily, use products designed for it - shampoos, conditioners.<br \/>\n(<a href=\"https:\/\/www.delfi.lt\/moterys\/naudinga\/plaukai-greitai-riebaluojasi-kodel-ir-ka-daryti-78540705\" target=\"_blank\" rel=\"noopener\">source delfi.lt<\/a>)<\/p>\n<hr \/>\n<p><img loading=\"lazy\" decoding=\"async\" src=\"https:\/\/yourshampoo.eu\/wp-content\/uploads\/2023\/12\/rekomenduoja.jpg\" alt=\"\" width=\"612\" height=\"277\" \/><\/p>\n<p>[\/cg_accordion]\n[cg_accordion title=\"\ud83d\udc49 Kada a\u0161 galiu tik\u0117tis rezultat\u0173?\"]<\/p>\n<p>&#8222;It certainly doesn't make my hair greasy as quickly as before. It smells nice and fresh. Hair recovers and is not so dry. Very satisfied!&#8221;<\/p>\n<p><strong style=\"font-size: 12px; color: #885d54;\"><i class=\"fa-solid fa-circle-check\"><\/i> Auks\u0117 | VERY FAT, FRESH, FINE, LACKING STRENGTH<\/strong><\/p>\n<hr \/>\n<p>&#8222;I have noticed that my hair does not get greasy as quickly and dandruff has decreased. I really liked the smell, the effect and the feeling. My hair is fluffy and needs less washing;<\/p>\n<p><strong style=\"font-size: 12px; color: #885d54;\"><i class=\"fa-solid fa-circle-check\"><\/i> Asta | DO NOT BITE, CLAIM, FATHER<\/strong><\/p>\n<hr \/>\n<p><strong>Your shampoo doesn't offer an instant effect, but consistently improves the health and appearance of your hair.<\/strong><\/p>\n<p><img loading=\"lazy\" decoding=\"async\" src=\"https:\/\/yourshampoo.eu\/wp-content\/uploads\/2023\/12\/ezgif.com-gif-maker-1.gif\" alt=\"\" width=\"600\" height=\"600\" \/><\/p>\n<p>[\/cg_accordion]\n[cg_accordion title=\"\ud83d\udc49 Ar tikrai man to reikia?\"]<\/p>\n<p><strong>Without special measures, you may be at risk of:<\/strong><\/p>\n<p><strong>Clogged follicles:<\/strong> can cause itching, scaling and hair loss.<\/p>\n<p><strong>Dandruff and skin problems:<\/strong> sebum build-up can cause seborrhoeic dermatitis.<\/p>\n<p><strong>Worse condition:<\/strong> hair loses its life and becomes difficult to manage.<\/p>\n<p><strong>Itching and discomfort:<\/strong> environmental pollutants and residues cause irritation.<\/p>\n<p><strong>Faster ageing:<\/strong> hair can thin and lose elasticity.<\/p>\n<p>[\/cg_accordion]\n[cg_accordion title=\"\ud83d\udc49 Ingredientai, kurie gelbsti\"]<\/p>\n<p><strong>These extracts work synergistically to reduce oiliness, cleanse and soothe the scalp, and balance pH.<\/strong><\/p>\n<table style=\"margin-top: 20px;\">\n<tbody>\n<tr>\n<td style=\"width: 20%;\"><img loading=\"lazy\" decoding=\"async\" src=\"https:\/\/yourshampoo.eu\/wp-content\/uploads\/2024\/05\/bambukas.png\" width=\"64\" height=\"64\" \/><\/td>\n<td><strong>Activated bamboo charcoal:<\/strong> absorbs dirt, toxins and excess oil.<\/td>\n<\/tr>\n<tr>\n<td><img loading=\"lazy\" decoding=\"async\" src=\"https:\/\/yourshampoo.eu\/wp-content\/uploads\/2024\/05\/salicilis.png\" width=\"64\" height=\"64\" \/><\/td>\n<td><strong>Salicylic acid:<\/strong> removes sebum, dead cells and regulates production.<\/td>\n<\/tr>\n<tr>\n<td><img loading=\"lazy\" decoding=\"async\" src=\"https:\/\/yourshampoo.eu\/wp-content\/uploads\/2024\/06\/varnalesa.png\" width=\"64\" height=\"64\" \/><\/td>\n<td><strong>Varnal\u0117\u0161a:<\/strong> refreshes the skin, strengthens hair.<\/td>\n<\/tr>\n<tr>\n<td><img loading=\"lazy\" decoding=\"async\" src=\"https:\/\/yourshampoo.eu\/wp-content\/uploads\/2024\/06\/pantenolis.png\" width=\"64\" height=\"64\" \/><\/td>\n<td><strong>Panthenol:<\/strong> moisturises, soothes, improves texture.<\/td>\n<\/tr>\n<tr>\n<td><img loading=\"lazy\" decoding=\"async\" src=\"https:\/\/yourshampoo.eu\/wp-content\/uploads\/2024\/06\/Untitled-1.jpg\" width=\"64\" height=\"64\" \/><\/td>\n<td><strong>Grape extract:<\/strong> nourishes, protects colour, strengthens.<\/td>\n<\/tr>\n<tr>\n<td><img loading=\"lazy\" decoding=\"async\" src=\"https:\/\/yourshampoo.eu\/wp-content\/uploads\/2024\/06\/Untitled-2.jpg\" width=\"64\" height=\"64\" \/><\/td>\n<td><strong>Radish extract:<\/strong> Rich in vitamins, it stimulates the growth of new hair.<\/td>\n<\/tr>\n<\/tbody>\n<\/table>\n<hr \/>\n<p>You'll find these ingredients in pharmacies, but our shampoo with them is now 40% off.<\/p>\n<p>[\/cg_accordion]\n[cg_accordion title=\"\ud83d\udc49 Kaip naudoti\"]<\/p>\n<p>Use Black Gold Shampoo once a week for deep cleansing and detoxification.<\/p>\n<p>Wet your hair well, massage, rinse. Repeat if necessary. <strong>Highly recommended<\/strong> use the air conditioner during each wash.<\/p>\n<p>[\/cg_accordion]\n[cg_accordion title=\"\ud83d\udc49 Informacija klientui\"]<\/p>\n<p><strong>Are the products safe?<\/strong> Yes - no parabens, SLS\/SLES, allergens, GMOs, no animal testing.<\/p>\n<p><strong>Responsible for tavosampunas.lt:<\/strong> MB \"TAGATAGA\", registration no. 304173166, Raudondvario pl. 101A, Kaunas.<\/p>\n<p>[\/cg_accordion]\n[cg_accordion title=\"\ud83d\udc49 Sud\u0117tis\"]<\/p>\n<p><strong>Black Gold Shampoo:<\/strong> Aqua (water), Sodium Coceth Sulfate, Cocamidopropyl Betaine, Sodium Cocoamphodiacetate, Octapeptide-2, Charcoal Powder, Salicylic Acid, Niacinamide, Pisum Satvum Peptide, Arctium Lappa Root Extract, Panthenol, Arginine HCI, Sodium Gluconate, Glycine Soja Oil, Manganese Gluconate, Polyquaternium-10, Piroctone Olamide, Hydrolyzed Vegetable Protein, Vitis Vinifera Skin Extract, Sodium Cocoyl\/Olivoyl Hydrolysed Oat Protein, Fructosyl Cocoate\/Olviate, Leuconostoc\/Radish Root Ferment Filtrate, Fructose, Triticum Vulgare Bran Extract, Tartaric Acid, Hydrogenated Phosphatidylcholine, Pyrus Malus, Phenoxyethanol, Sodium Oleate, Ethylhexylglycerin, Benzyl Alcohol, Disodium EDTA, Sodium Chloride, Parfum.<\/p>\n<p>[\/cg_accordion]\n[cg_accordion title=\"\ud83d\udc49 Pristatymas ir gr\u0105\u017einimas\"]<\/p>\n<p><strong>Delivery:<\/strong> Shipment is sent by post within 1-3 days and arrives within 1-3 days.<\/p>\n<p><strong>Repayment:<\/strong> 100% money back guarantee.<\/p>\n<ol>\n<li><strong>Try the tools:<\/strong> use as directed.<\/li>\n<li><strong>Contact us:<\/strong> if not suitable, within 30 days from the date of purchase.<\/li>\n<li><strong>Return or exchange:<\/strong> we can change or refund the amount.<\/li>\n<\/ol>\n<ul>\n<li>We pay the costs.<\/li>\n<li>The money is transferred within 5 days after approval.<\/li>\n<li>The refund is only valid for measures based on test results.<\/li>\n<\/ul>\n<p>[\/cg_accordion]","protected":false},"featured_media":143439,"comment_status":"open","ping_status":"closed","template":"","meta":[],"product_brand":[],"product_cat":[135,128,125,121,131],"product_tag":[],"class_list":{"0":"post-98112","1":"product","2":"type-product","3":"status-publish","4":"has-post-thumbnail","6":"product_cat-nauja","7":"product_cat-greitai-susiriebaluojantiems","8":"product_cat-riebiems-plaukams","9":"product_cat-sampunai","10":"product_cat-pleiskanos","11":"product_shipping_class-standard","13":"first","14":"instock","15":"sale","16":"shipping-taxable","17":"purchasable","18":"product-type-variable"},"acf":[],"yoast_head":"<!-- This site is optimized with the Yoast SEO plugin v26.7 - https:\/\/yoast.com\/wordpress\/plugins\/seo\/ -->\n<title>Kai labai riebaluojasi: Juodasis Giliai Valantis \u0160amp\u016bnas | TAVO \u0160AMP\u016aNAS<\/title>\n<meta name=\"robots\" content=\"noindex, follow, max-snippet:-1, max-image-preview:large, max-video-preview:-1\" \/>\n<meta property=\"og:locale\" content=\"en_US\" \/>\n<meta property=\"og:type\" content=\"article\" \/>\n<meta property=\"og:title\" content=\"Kai labai riebaluojasi: Juodasis Giliai Valantis \u0160amp\u016bnas | TAVO \u0160AMP\u016aNAS\" \/>\n<meta property=\"og:description\" content=\"Da\u017eniausiai u\u017eduodami klausimai\" \/>\n<meta property=\"og:url\" content=\"https:\/\/yourshampoo.eu\/en\/hair-care-product\/giliai-valantis-juodasis-sampunas\/\" \/>\n<meta property=\"og:site_name\" content=\"TAVO \u0160AMP\u016aNAS\" \/>\n<meta property=\"article:publisher\" content=\"https:\/\/www.facebook.com\/tavosampunasofficial\" \/>\n<meta property=\"article:modified_time\" content=\"2026-03-17T11:03:55+00:00\" \/>\n<meta property=\"og:image\" content=\"https:\/\/yourshampoo.eu\/wp-content\/uploads\/2024\/06\/giliai-valantis-sampunas-riebiai-galvos-odai-tavosampunas2-1.jpg\" \/>\n\t<meta property=\"og:image:width\" content=\"1080\" \/>\n\t<meta property=\"og:image:height\" content=\"1080\" \/>\n\t<meta property=\"og:image:type\" content=\"image\/jpeg\" \/>\n<meta name=\"twitter:card\" content=\"summary_large_image\" \/>\n<meta name=\"twitter:label1\" content=\"Est. reading time\" \/>\n\t<meta name=\"twitter:data1\" content=\"1 minute\" \/>\n<script type=\"application\/ld+json\" class=\"yoast-schema-graph\">{\"@context\":\"https:\/\/schema.org\",\"@graph\":[{\"@type\":\"WebPage\",\"@id\":\"https:\/\/yourshampoo.eu\/product\/giliai-valantis-juodasis-sampunas\/\",\"url\":\"https:\/\/yourshampoo.eu\/product\/giliai-valantis-juodasis-sampunas\/\",\"name\":\"Kai labai riebaluojasi: Juodasis Giliai Valantis \u0160amp\u016bnas | TAVO \u0160AMP\u016aNAS\",\"isPartOf\":{\"@id\":\"https:\/\/yourshampoo.eu\/#website\"},\"primaryImageOfPage\":{\"@id\":\"https:\/\/yourshampoo.eu\/product\/giliai-valantis-juodasis-sampunas\/#primaryimage\"},\"image\":{\"@id\":\"https:\/\/yourshampoo.eu\/product\/giliai-valantis-juodasis-sampunas\/#primaryimage\"},\"thumbnailUrl\":\"https:\/\/yourshampoo.eu\/wp-content\/uploads\/2024\/06\/giliai-valantis-sampunas-riebiai-galvos-odai-tavosampunas2-1.jpg\",\"datePublished\":\"2024-06-28T10:55:50+00:00\",\"dateModified\":\"2026-03-17T11:03:55+00:00\",\"breadcrumb\":{\"@id\":\"https:\/\/yourshampoo.eu\/product\/giliai-valantis-juodasis-sampunas\/#breadcrumb\"},\"inLanguage\":\"en-US\",\"potentialAction\":[{\"@type\":\"ReadAction\",\"target\":[\"https:\/\/yourshampoo.eu\/product\/giliai-valantis-juodasis-sampunas\/\"]}]},{\"@type\":\"ImageObject\",\"inLanguage\":\"en-US\",\"@id\":\"https:\/\/yourshampoo.eu\/product\/giliai-valantis-juodasis-sampunas\/#primaryimage\",\"url\":\"https:\/\/yourshampoo.eu\/wp-content\/uploads\/2024\/06\/giliai-valantis-sampunas-riebiai-galvos-odai-tavosampunas2-1.jpg\",\"contentUrl\":\"https:\/\/yourshampoo.eu\/wp-content\/uploads\/2024\/06\/giliai-valantis-sampunas-riebiai-galvos-odai-tavosampunas2-1.jpg\",\"width\":1080,\"height\":1080},{\"@type\":\"BreadcrumbList\",\"@id\":\"https:\/\/yourshampoo.eu\/product\/giliai-valantis-juodasis-sampunas\/#breadcrumb\",\"itemListElement\":[{\"@type\":\"ListItem\",\"position\":1,\"name\":\"Home\",\"item\":\"https:\/\/yourshampoo.eu\/\"},{\"@type\":\"ListItem\",\"position\":2,\"name\":\"Plauk\u0173 prie\u017ei\u016bros priemon\u0117s visos tavo plaukams\",\"item\":\"https:\/\/yourshampoo.eu\/plauku-prieziuros-priemones-plaukams\/\"},{\"@type\":\"ListItem\",\"position\":3,\"name\":\"Kai labai riebaluojasi: Juodasis Giliai Valantis \u0160amp\u016bnas\"}]},{\"@type\":\"WebSite\",\"@id\":\"https:\/\/yourshampoo.eu\/#website\",\"url\":\"https:\/\/yourshampoo.eu\/\",\"name\":\"YourShampoo\",\"description\":\"\",\"alternateName\":\"Tavo Sampunas\",\"potentialAction\":[{\"@type\":\"SearchAction\",\"target\":{\"@type\":\"EntryPoint\",\"urlTemplate\":\"https:\/\/yourshampoo.eu\/?s={search_term_string}\"},\"query-input\":{\"@type\":\"PropertyValueSpecification\",\"valueRequired\":true,\"valueName\":\"search_term_string\"}}],\"inLanguage\":\"en-US\"}]}<\/script>\n<!-- \/ Yoast SEO plugin. -->","yoast_head_json":{"title":"Kai labai riebaluojasi: Juodasis Giliai Valantis \u0160amp\u016bnas | TAVO \u0160AMP\u016aNAS","robots":{"index":"noindex","follow":"follow","max-snippet":"max-snippet:-1","max-image-preview":"max-image-preview:large","max-video-preview":"max-video-preview:-1"},"og_locale":"en_US","og_type":"article","og_title":"Kai labai riebaluojasi: Juodasis Giliai Valantis \u0160amp\u016bnas | TAVO \u0160AMP\u016aNAS","og_description":"Da\u017eniausiai u\u017eduodami klausimai","og_url":"https:\/\/yourshampoo.eu\/en\/hair-care-product\/giliai-valantis-juodasis-sampunas\/","og_site_name":"TAVO \u0160AMP\u016aNAS","article_publisher":"https:\/\/www.facebook.com\/tavosampunasofficial","article_modified_time":"2026-03-17T11:03:55+00:00","og_image":[{"width":1080,"height":1080,"url":"https:\/\/yourshampoo.eu\/wp-content\/uploads\/2024\/06\/giliai-valantis-sampunas-riebiai-galvos-odai-tavosampunas2-1.jpg","type":"image\/jpeg"}],"twitter_card":"summary_large_image","twitter_misc":{"Est. reading time":"1 minute"},"schema":{"@context":"https:\/\/schema.org","@graph":[{"@type":"WebPage","@id":"https:\/\/yourshampoo.eu\/product\/giliai-valantis-juodasis-sampunas\/","url":"https:\/\/yourshampoo.eu\/product\/giliai-valantis-juodasis-sampunas\/","name":"Kai labai riebaluojasi: Juodasis Giliai Valantis \u0160amp\u016bnas | TAVO \u0160AMP\u016aNAS","isPartOf":{"@id":"https:\/\/yourshampoo.eu\/#website"},"primaryImageOfPage":{"@id":"https:\/\/yourshampoo.eu\/product\/giliai-valantis-juodasis-sampunas\/#primaryimage"},"image":{"@id":"https:\/\/yourshampoo.eu\/product\/giliai-valantis-juodasis-sampunas\/#primaryimage"},"thumbnailUrl":"https:\/\/yourshampoo.eu\/wp-content\/uploads\/2024\/06\/giliai-valantis-sampunas-riebiai-galvos-odai-tavosampunas2-1.jpg","datePublished":"2024-06-28T10:55:50+00:00","dateModified":"2026-03-17T11:03:55+00:00","breadcrumb":{"@id":"https:\/\/yourshampoo.eu\/product\/giliai-valantis-juodasis-sampunas\/#breadcrumb"},"inLanguage":"en-US","potentialAction":[{"@type":"ReadAction","target":["https:\/\/yourshampoo.eu\/product\/giliai-valantis-juodasis-sampunas\/"]}]},{"@type":"ImageObject","inLanguage":"en-US","@id":"https:\/\/yourshampoo.eu\/product\/giliai-valantis-juodasis-sampunas\/#primaryimage","url":"https:\/\/yourshampoo.eu\/wp-content\/uploads\/2024\/06\/giliai-valantis-sampunas-riebiai-galvos-odai-tavosampunas2-1.jpg","contentUrl":"https:\/\/yourshampoo.eu\/wp-content\/uploads\/2024\/06\/giliai-valantis-sampunas-riebiai-galvos-odai-tavosampunas2-1.jpg","width":1080,"height":1080},{"@type":"BreadcrumbList","@id":"https:\/\/yourshampoo.eu\/product\/giliai-valantis-juodasis-sampunas\/#breadcrumb","itemListElement":[{"@type":"ListItem","position":1,"name":"Home","item":"https:\/\/yourshampoo.eu\/"},{"@type":"ListItem","position":2,"name":"Plauk\u0173 prie\u017ei\u016bros priemon\u0117s visos tavo plaukams","item":"https:\/\/yourshampoo.eu\/plauku-prieziuros-priemones-plaukams\/"},{"@type":"ListItem","position":3,"name":"Kai labai riebaluojasi: Juodasis Giliai Valantis \u0160amp\u016bnas"}]},{"@type":"WebSite","@id":"https:\/\/yourshampoo.eu\/#website","url":"https:\/\/yourshampoo.eu\/","name":"YourShampoo","description":"","alternateName":"Tavo Sampunas","potentialAction":[{"@type":"SearchAction","target":{"@type":"EntryPoint","urlTemplate":"https:\/\/yourshampoo.eu\/?s={search_term_string}"},"query-input":{"@type":"PropertyValueSpecification","valueRequired":true,"valueName":"search_term_string"}}],"inLanguage":"en-US"}]}},"_links":{"self":[{"href":"https:\/\/yourshampoo.eu\/en\/wp-json\/wp\/v2\/product\/98112","targetHints":{"allow":["GET"]}}],"collection":[{"href":"https:\/\/yourshampoo.eu\/en\/wp-json\/wp\/v2\/product"}],"about":[{"href":"https:\/\/yourshampoo.eu\/en\/wp-json\/wp\/v2\/types\/product"}],"replies":[{"embeddable":true,"href":"https:\/\/yourshampoo.eu\/en\/wp-json\/wp\/v2\/comments?post=98112"}],"wp:featuredmedia":[{"embeddable":true,"href":"https:\/\/yourshampoo.eu\/en\/wp-json\/wp\/v2\/media\/143439"}],"wp:attachment":[{"href":"https:\/\/yourshampoo.eu\/en\/wp-json\/wp\/v2\/media?parent=98112"}],"wp:term":[{"taxonomy":"product_brand","embeddable":true,"href":"https:\/\/yourshampoo.eu\/en\/wp-json\/wp\/v2\/product_brand?post=98112"},{"taxonomy":"product_cat","embeddable":true,"href":"https:\/\/yourshampoo.eu\/en\/wp-json\/wp\/v2\/product_cat?post=98112"},{"taxonomy":"product_tag","embeddable":true,"href":"https:\/\/yourshampoo.eu\/en\/wp-json\/wp\/v2\/product_tag?post=98112"}],"curies":[{"name":"wp","href":"https:\/\/api.w.org\/{rel}","templated":true}]}}