{"id":8536,"date":"2021-05-31T12:20:43","date_gmt":"2021-05-31T12:20:43","guid":{"rendered":"https:\/\/flexmonitorstand.com\/?post_type=product&#038;p=8536"},"modified":"2025-12-29T22:03:40","modified_gmt":"2025-12-29T20:03:40","slug":"plauku-gumute","status":"publish","type":"product","link":"https:\/\/yourshampoo.eu\/en\/hair-care-product\/plauku-gumute\/","title":{"rendered":"Soft Satin Hair Elastic"},"content":{"rendered":"","protected":false},"excerpt":{"rendered":"<ul>\n<li>Made of soft satin<\/li>\n<li>Medium size<\/li>\n<li>Dark brown or light cream<\/li>\n<li>Does not weigh hair down<\/li>\n<\/ul>","protected":false},"featured_media":42980,"comment_status":"open","ping_status":"closed","template":"","meta":[],"product_brand":[],"product_cat":[108,53],"product_tag":[],"class_list":{"0":"post-8536","1":"product","2":"type-product","3":"status-publish","4":"has-post-thumbnail","6":"product_cat-rutina","7":"product_cat-plauku-prieziuros-priemones","9":"first","10":"instock","11":"sale","12":"shipping-taxable","13":"purchasable","14":"product-type-variable"},"acf":[],"yoast_head":"<!-- This site is optimized with the Yoast SEO plugin v26.7 - https:\/\/yoast.com\/wordpress\/plugins\/seo\/ -->\n<title>\u0160velnaus Satino Plauk\u0173 Gumut\u0117 | TAVO \u0160AMP\u016aNAS<\/title>\n<meta name=\"robots\" content=\"noindex, follow, max-snippet:-1, max-image-preview:large, max-video-preview:-1\" \/>\n<meta property=\"og:locale\" content=\"en_US\" \/>\n<meta property=\"og:type\" content=\"article\" \/>\n<meta property=\"og:title\" content=\"\u0160velnaus Satino Plauk\u0173 Gumut\u0117 | TAVO \u0160AMP\u016aNAS\" \/>\n<meta property=\"og:description\" content=\"Pagamita i\u0161 \u0161velnaus, mink\u0161to satino  Vidutinio dyd\u017eio  Tamsiai rudos arba \u0161viesios kremin\u0117s spalvos  Nenuspaud\u017eia plauk\u0173\" \/>\n<meta property=\"og:url\" content=\"https:\/\/yourshampoo.eu\/en\/hair-care-product\/plauku-gumute\/\" \/>\n<meta property=\"og:site_name\" content=\"TAVO \u0160AMP\u016aNAS\" \/>\n<meta property=\"article:publisher\" content=\"https:\/\/www.facebook.com\/tavosampunasofficial\" \/>\n<meta property=\"article:modified_time\" content=\"2025-12-29T20:03:40+00:00\" \/>\n<meta property=\"og:image\" content=\"https:\/\/yourshampoo.eu\/wp-content\/uploads\/2023\/07\/scrunchie-brown.jpg\" \/>\n\t<meta property=\"og:image:width\" content=\"900\" \/>\n\t<meta property=\"og:image:height\" content=\"900\" \/>\n\t<meta property=\"og:image:type\" content=\"image\/jpeg\" \/>\n<meta name=\"twitter:card\" content=\"summary_large_image\" \/>\n<meta name=\"twitter:label1\" content=\"Est. reading time\" \/>\n\t<meta name=\"twitter:data1\" content=\"1 minute\" \/>\n<script type=\"application\/ld+json\" class=\"yoast-schema-graph\">{\"@context\":\"https:\/\/schema.org\",\"@graph\":[{\"@type\":\"WebPage\",\"@id\":\"https:\/\/yourshampoo.eu\/product\/plauku-gumute\/\",\"url\":\"https:\/\/yourshampoo.eu\/product\/plauku-gumute\/\",\"name\":\"\u0160velnaus Satino Plauk\u0173 Gumut\u0117 | TAVO \u0160AMP\u016aNAS\",\"isPartOf\":{\"@id\":\"https:\/\/yourshampoo.eu\/#website\"},\"primaryImageOfPage\":{\"@id\":\"https:\/\/yourshampoo.eu\/product\/plauku-gumute\/#primaryimage\"},\"image\":{\"@id\":\"https:\/\/yourshampoo.eu\/product\/plauku-gumute\/#primaryimage\"},\"thumbnailUrl\":\"https:\/\/yourshampoo.eu\/wp-content\/uploads\/2023\/07\/scrunchie-brown.jpg\",\"datePublished\":\"2021-05-31T12:20:43+00:00\",\"dateModified\":\"2025-12-29T20:03:40+00:00\",\"breadcrumb\":{\"@id\":\"https:\/\/yourshampoo.eu\/product\/plauku-gumute\/#breadcrumb\"},\"inLanguage\":\"en-US\",\"potentialAction\":[{\"@type\":\"ReadAction\",\"target\":[\"https:\/\/yourshampoo.eu\/product\/plauku-gumute\/\"]}]},{\"@type\":\"ImageObject\",\"inLanguage\":\"en-US\",\"@id\":\"https:\/\/yourshampoo.eu\/product\/plauku-gumute\/#primaryimage\",\"url\":\"https:\/\/yourshampoo.eu\/wp-content\/uploads\/2023\/07\/scrunchie-brown.jpg\",\"contentUrl\":\"https:\/\/yourshampoo.eu\/wp-content\/uploads\/2023\/07\/scrunchie-brown.jpg\",\"width\":900,\"height\":900,\"caption\":\"plauku-gumute\"},{\"@type\":\"BreadcrumbList\",\"@id\":\"https:\/\/yourshampoo.eu\/product\/plauku-gumute\/#breadcrumb\",\"itemListElement\":[{\"@type\":\"ListItem\",\"position\":1,\"name\":\"Home\",\"item\":\"https:\/\/yourshampoo.eu\/\"},{\"@type\":\"ListItem\",\"position\":2,\"name\":\"Plauk\u0173 prie\u017ei\u016bros priemon\u0117s visos tavo plaukams\",\"item\":\"https:\/\/yourshampoo.eu\/plauku-prieziuros-priemones-plaukams\/\"},{\"@type\":\"ListItem\",\"position\":3,\"name\":\"\u0160velnaus Satino Plauk\u0173 Gumut\u0117\"}]},{\"@type\":\"WebSite\",\"@id\":\"https:\/\/yourshampoo.eu\/#website\",\"url\":\"https:\/\/yourshampoo.eu\/\",\"name\":\"YourShampoo\",\"description\":\"\",\"alternateName\":\"Tavo Sampunas\",\"potentialAction\":[{\"@type\":\"SearchAction\",\"target\":{\"@type\":\"EntryPoint\",\"urlTemplate\":\"https:\/\/yourshampoo.eu\/?s={search_term_string}\"},\"query-input\":{\"@type\":\"PropertyValueSpecification\",\"valueRequired\":true,\"valueName\":\"search_term_string\"}}],\"inLanguage\":\"en-US\"}]}<\/script>\n<!-- \/ Yoast SEO plugin. -->","yoast_head_json":{"title":"\u0160velnaus Satino Plauk\u0173 Gumut\u0117 | TAVO \u0160AMP\u016aNAS","robots":{"index":"noindex","follow":"follow","max-snippet":"max-snippet:-1","max-image-preview":"max-image-preview:large","max-video-preview":"max-video-preview:-1"},"og_locale":"en_US","og_type":"article","og_title":"\u0160velnaus Satino Plauk\u0173 Gumut\u0117 | TAVO \u0160AMP\u016aNAS","og_description":"Pagamita i\u0161 \u0161velnaus, mink\u0161to satino  Vidutinio dyd\u017eio  Tamsiai rudos arba \u0161viesios kremin\u0117s spalvos  Nenuspaud\u017eia plauk\u0173","og_url":"https:\/\/yourshampoo.eu\/en\/hair-care-product\/plauku-gumute\/","og_site_name":"TAVO \u0160AMP\u016aNAS","article_publisher":"https:\/\/www.facebook.com\/tavosampunasofficial","article_modified_time":"2025-12-29T20:03:40+00:00","og_image":[{"width":900,"height":900,"url":"https:\/\/yourshampoo.eu\/wp-content\/uploads\/2023\/07\/scrunchie-brown.jpg","type":"image\/jpeg"}],"twitter_card":"summary_large_image","twitter_misc":{"Est. reading time":"1 minute"},"schema":{"@context":"https:\/\/schema.org","@graph":[{"@type":"WebPage","@id":"https:\/\/yourshampoo.eu\/product\/plauku-gumute\/","url":"https:\/\/yourshampoo.eu\/product\/plauku-gumute\/","name":"\u0160velnaus Satino Plauk\u0173 Gumut\u0117 | TAVO \u0160AMP\u016aNAS","isPartOf":{"@id":"https:\/\/yourshampoo.eu\/#website"},"primaryImageOfPage":{"@id":"https:\/\/yourshampoo.eu\/product\/plauku-gumute\/#primaryimage"},"image":{"@id":"https:\/\/yourshampoo.eu\/product\/plauku-gumute\/#primaryimage"},"thumbnailUrl":"https:\/\/yourshampoo.eu\/wp-content\/uploads\/2023\/07\/scrunchie-brown.jpg","datePublished":"2021-05-31T12:20:43+00:00","dateModified":"2025-12-29T20:03:40+00:00","breadcrumb":{"@id":"https:\/\/yourshampoo.eu\/product\/plauku-gumute\/#breadcrumb"},"inLanguage":"en-US","potentialAction":[{"@type":"ReadAction","target":["https:\/\/yourshampoo.eu\/product\/plauku-gumute\/"]}]},{"@type":"ImageObject","inLanguage":"en-US","@id":"https:\/\/yourshampoo.eu\/product\/plauku-gumute\/#primaryimage","url":"https:\/\/yourshampoo.eu\/wp-content\/uploads\/2023\/07\/scrunchie-brown.jpg","contentUrl":"https:\/\/yourshampoo.eu\/wp-content\/uploads\/2023\/07\/scrunchie-brown.jpg","width":900,"height":900,"caption":"plauku-gumute"},{"@type":"BreadcrumbList","@id":"https:\/\/yourshampoo.eu\/product\/plauku-gumute\/#breadcrumb","itemListElement":[{"@type":"ListItem","position":1,"name":"Home","item":"https:\/\/yourshampoo.eu\/"},{"@type":"ListItem","position":2,"name":"Plauk\u0173 prie\u017ei\u016bros priemon\u0117s visos tavo plaukams","item":"https:\/\/yourshampoo.eu\/plauku-prieziuros-priemones-plaukams\/"},{"@type":"ListItem","position":3,"name":"\u0160velnaus Satino Plauk\u0173 Gumut\u0117"}]},{"@type":"WebSite","@id":"https:\/\/yourshampoo.eu\/#website","url":"https:\/\/yourshampoo.eu\/","name":"YourShampoo","description":"","alternateName":"Tavo Sampunas","potentialAction":[{"@type":"SearchAction","target":{"@type":"EntryPoint","urlTemplate":"https:\/\/yourshampoo.eu\/?s={search_term_string}"},"query-input":{"@type":"PropertyValueSpecification","valueRequired":true,"valueName":"search_term_string"}}],"inLanguage":"en-US"}]}},"_links":{"self":[{"href":"https:\/\/yourshampoo.eu\/en\/wp-json\/wp\/v2\/product\/8536","targetHints":{"allow":["GET"]}}],"collection":[{"href":"https:\/\/yourshampoo.eu\/en\/wp-json\/wp\/v2\/product"}],"about":[{"href":"https:\/\/yourshampoo.eu\/en\/wp-json\/wp\/v2\/types\/product"}],"replies":[{"embeddable":true,"href":"https:\/\/yourshampoo.eu\/en\/wp-json\/wp\/v2\/comments?post=8536"}],"wp:featuredmedia":[{"embeddable":true,"href":"https:\/\/yourshampoo.eu\/en\/wp-json\/wp\/v2\/media\/42980"}],"wp:attachment":[{"href":"https:\/\/yourshampoo.eu\/en\/wp-json\/wp\/v2\/media?parent=8536"}],"wp:term":[{"taxonomy":"product_brand","embeddable":true,"href":"https:\/\/yourshampoo.eu\/en\/wp-json\/wp\/v2\/product_brand?post=8536"},{"taxonomy":"product_cat","embeddable":true,"href":"https:\/\/yourshampoo.eu\/en\/wp-json\/wp\/v2\/product_cat?post=8536"},{"taxonomy":"product_tag","embeddable":true,"href":"https:\/\/yourshampoo.eu\/en\/wp-json\/wp\/v2\/product_tag?post=8536"}],"curies":[{"name":"wp","href":"https:\/\/api.w.org\/{rel}","templated":true}]}}