{"id":65454,"date":"2024-05-23T14:36:56","date_gmt":"2024-05-23T12:36:56","guid":{"rendered":"https:\/\/yourshampoo.eu\/?post_type=product&#038;p=65454"},"modified":"2024-05-23T14:39:37","modified_gmt":"2024-05-23T12:39:37","slug":"sampunas-dovana","status":"publish","type":"product","link":"https:\/\/yourshampoo.eu\/en\/hair-care-product\/sampunas-dovana\/","title":{"rendered":"\u0160amp\u016bnas DOVANA"},"content":{"rendered":"<h2 class=\"wp-block-heading\"><\/h2>","protected":false},"excerpt":{"rendered":"<p class=\"product_rating\"><img loading=\"lazy\" decoding=\"async\" class=\"alignnone size-full wp-image-46049\" style=\"margin-top: 1px;\" src=\"https:\/\/flexmonitorstand.com\/wp-content\/uploads\/2023\/09\/tavo_sampunas_ivertinimas.png\" alt=\"your sampun rating\" width=\"60\" height=\"11\" \/>4.8\/5 rated by 1659+ satisfied customers<\/p>\n<table style=\"width: 100%;\" cellpadding=\"1\">\n<tbody>\n<tr>\n<td style=\"border-bottom: 1px solid #aba7a7;\"><i class=\"fa-solid fa-heart\"><\/i>Arbatmed\u017eio lap\u0173 aliejus &#8211; reguliuoja sebumo i\u0161siskyrim\u0105<\/td>\n<\/tr>\n<tr>\n<td style=\"border-bottom: 1px solid #aba7a7;\"><i class=\"fa-solid fa-heart\"><\/i>\u010ciobreli\u0173 ekstraktas &#8211; ramina galvos od\u0105<\/td>\n<\/tr>\n<tr>\n<td style=\"border-bottom: 1px solid #aba7a7;\"><i class=\"fa-solid fa-heart\"><\/i>Ry\u017ei\u0173 ekstraktas &#8211; giliai dr\u0117kina<\/td>\n<\/tr>\n<\/tbody>\n<\/table>\n<p>Helps protect hair colour.<\/p>\n<p><strong>Use me if<\/strong>:<\/p>\n<ul>\n<li>Atsibodo riebaluoti plaukai;<\/li>\n<li>Norisi daugiau purumo;<\/li>\n<li>Nie\u017eti galvos od\u0105;<\/li>\n<li>Nori \u017evilgan\u010di\u0173 plauk\u0173;<\/li>\n<li>Tau patinka \u0161varos poj\u016btis;<\/li>\n<li>Esi savimi besir\u016bpinantis \u017emogus;<\/li>\n<li>Sieki stipri\u0173 ir gra\u017ei\u0173 plauk\u0173;<\/li>\n<li>Plaukai tau yra Nr.1 aksesuaras.<\/li>\n<\/ul>\n<p><b><i>Tuomet \u0161is \u0161amp\u016bnas turi atsirasti tavo vonioje!\u00a0<\/i><\/b> <b>Kuom jis ypatingas:<\/b><\/p>\n<ul>\n<li>Ilgainiui reguliuoja riebal\u0173 i\u0161siskyrim\u0105;<\/li>\n<li>Kruop\u0161\u010diai i\u0161valo galvos od\u0105;<\/li>\n<li>Sugr\u0105\u017eina \u017evilges\u012f;<\/li>\n<li>Atstato plauk\u0173 purum\u0105;<\/li>\n<li>Efektas i\u0161lieka ilgai kaip meil\u0117;<\/li>\n<li>Puikiai dr\u0117kina neapsunkindamas j\u0173;<\/li>\n<li>Tinka ir Jam ir Jai;<\/li>\n<li>Po plovimo ne riebaluoti \u2013 o tiesiog nuostab\u016bs plaukai;<\/li>\n<li>R\u016bpinasi kol valo;<\/li>\n<li>Patikimas draugas da\u017eytiems ar chemi\u0161kai paveiktiems, priaugintiems plaukams.<\/li>\n<\/ul>\n<p>[cg_accordion title=\"\ud83d\udc49 Kaip naudoti:\"] <strong>Shampoo<\/strong> gerai su\u0161lapinti plaukus, nedidel\u012f \u0161amp\u016bno kiek\u012f \u012fmasa\u017euoti \u012f galvos od\u0105, kruop\u0161\u010diai i\u0161skalauti. Pakartoti, jeigu reikia. [\/cg_accordion] [cg_accordion title=\"\ud83d\udc49 Informacija klientui\"] AR J\u016aS\u0172 PRODUKTAI YRA SAUG\u016aS Taip. Visos priemon\u0117s yra be paraben\u0173, be SLS\/SLES, be alergen\u0173, be GMO, nebandytos su gyv\u016bnais, atitinka visus auk\u0161\u010diausius ES keliamus reikalavimus. <strong>WHO IS RESPONSIBLE FOR TAVOSAMPUNAS.LT<\/strong> Tavosampunas.lt administratorius \u2013 MB \u201eTAGATAGA\u201c, \u012fmon\u0117s kodas 304173166, buvein\u0117s adresas Raudondvario pl. 101A, LT-47184, Kaunas. [\/cg_accordion] [cg_accordion title=\"\ud83d\udc49 Sud\u0117tis\"] aqua (water), sodium coco-sulfate, cocamidopropyl betaine, laureth-5 carboxylic acid, thymus vulgaris (thyme) leaf extract, melaleuca alternifolia (tea tree) leaf oil, melaleuca leucadendron cajaputi oil, oryza sativa (rice) extract, piroctone olamine, taurine, laureth-4, polyquaternium-7, polyester- 37, panthenol, glycol distearate, lactic acid, ethylhexylglycerin, sodium dehydroacetate, polyglutamic acid, citric acid, sodium benzoate, potassium sorbate, sodium chloride, phenoxyethanol, citral, geraniol, citronellol, parfum (fragrance). [\/cg_accordion] [cg_accordion title=\"\ud83d\udc49 Pristatymas ir gr\u0105\u017einimas\"] PRISTATYMO S\u0104LYGOS Tavo siuntinukas yra i\u0161siun\u010diamas naudojantis pa\u0161tomatu per 1-3 d.d. po u\u017esakymo apmok\u0117jimo gavimo. Po to kai siunta \u012fdedama \u012f pa\u0161tomat\u0105, tave ji pasiekia per 1-3 d.d. Kuomet tavo siuntinukas bus i\u0161si\u0173stas, gausi apie tai informuojanti el. lai\u0161k\u0105, o kuomet bus pristatytas \u012f tavo pasirinkt\u0105 pa\u0161tomat\u0105 \u2013 gausi apie tai informuojan\u010di\u0105 SMS \u017einut\u0119, tod\u0117l u\u017esakymo metu b\u016btinai teisingai \u012fra\u0161yk savo telefono numer\u012f! GR\u0104\u017dINIMO S\u0104LYGOS Mes tikime savo produkt\u0173 kokybe ir norime, kad j\u016bs jaustum\u0117t\u0117s saug\u016bs pirkdami i\u0161 m\u016bs\u0173. Tod\u0117l si\u016blome 100% bes\u0105lygin\u0119 pinig\u0173 gr\u0105\u017einimo garantij\u0105. <b>How does it work?<\/b><\/p>\n<ol>\n<li><strong>Try the tools<\/strong>: Use the products as indicated on the labels or in the instructions. This may be one time or more - it is important that you have the opportunity to see if the product is suitable for you or not.<\/li>\n<li><strong>Contact Us<\/strong>A: If you decide that the product is not suitable for you, simply contact us within 30 days from the date of purchase. You can do this by email, phone or social media.<\/li>\n<li><strong>Return or Exchange<\/strong>: After you get in touch, we will offer you an exchange for another product or a full refund.<\/li>\n<\/ol>\n<p><b>Important to Know<\/b><\/p>\n<ul>\n<li>The reimbursement process is simple and fast. We will not ask any additional questions or make any additional requirements.<\/li>\n<li>We pay the return costs.<\/li>\n<li>If you opt for a refund, the money will be credited to your account within 5 working days of the refund confirmation.<\/li>\n<li>Cashback only works for instruments based on test results.<\/li>\n<\/ul>\n<p>MONEY REFUND Upon receipt of the returned product, your money will be refunded within 14 days by bank transfer to the bank account you specify. <b>REPLACING A PRODUCT WITH ANOTHER<\/b> Gavus gr\u0105\u017einam\u0105 produkt\u0105, naujas bus i\u0161si\u0173stas nedelsiant. [\/cg_accordion] [cg_accordion title=\"\ud83d\udc49 \u0160amp\u016bnas greitai susiriebaluojantiems plaukams\"] \u0160amp\u016bnas greitai besiriebaluojantiems plaukams: I\u0161sprend\u017eia problem\u0105 nuo \u0161akn\u0173 iki galiuk\u0173 Ar susid\u016br\u0117te su problema, kad j\u016bs\u0173 plaukai per greitai susiriebaluoja, net tuoj po plovimo? Tai yra problema, su kuria susiduria daugelis \u017emoni\u0173, ta\u010diau gera \u017einia yra ta, kad yra special\u016bs \u0161amp\u016bnai, skirti greitai besiriebaluojantiems plaukams. Kod\u0117l svarbu kovoti su pertekliniu riebalavimusi? Greitai besiriebaluojantys plaukai gali sukelti ne tik nepatogum\u0173, bet ir netik\u0117tus i\u0161\u0161\u016bkius, pavyzd\u017eiui, plauk\u0173 apimties praradim\u0105 arba net skalpo problem\u0173 atsiradim\u0105. Efektyvus sprendimas yra investuoti \u012f \u0161amp\u016bn\u0105, kuris yra specialiai suformuluotas, kad kontroliuot\u0173 plauk\u0173 riebaluotum\u0105. Kaip veikia \u0161amp\u016bnas greitai besiriebaluojantiems plaukams? \u0160ie \u0161amp\u016bnai yra pagaminti i\u0161 ingredient\u0173, kurie efektyviai pa\u0161alina perteklinius riebalus ir valo skalp\u0105, pavyzd\u017eiui, mentolis. Be to, \u0161ie produktai da\u017enai turi sudedam\u0173j\u0173 dali\u0173, kurios padeda i\u0161laikyti plauk\u0173 dr\u0117gm\u0119, kad jie nelikt\u0173 per sausi. Ar \u0161amp\u016bnas greitai besiriebaluojantiems plaukams gali pagerinti plauk\u0173 b\u016bkl\u0119? Taip, teisingai parinktas \u0161amp\u016bnas ne tik valys plaukus, bet ir pagerins j\u0173 strukt\u016br\u0105, suteikiant jiems \u0161velnumo ir lengvumo. Tai yra idealus pasirinkimas tiems, kurie nori pasiekti balans\u0105 tarp \u0161varaus skalpo ir sveik\u0173, blizgan\u010di\u0173 plauk\u0173. I\u0161vada Jeigu norite kontroliuoti savo plauk\u0173 riebaluotum\u0105 ir jaustis pasitikin\u010dia savimi vis\u0105 dien\u0105, \u0161amp\u016bnas greitai besiriebaluojantiems plaukams yra puikus sprendimas. Jis ne tik efektyviai valys j\u016bs\u0173 skalp\u0105, bet ir pad\u0117s i\u0161laikyti plauk\u0173 sveikat\u0105 ir gyvybingum\u0105. Nepraleiskite progos investuoti \u012f produkt\u0105, kuris i\u0161spr\u0119s j\u016bs\u0173 problemas ir padarys j\u016bs\u0173 plaukus stebuklingai gra\u017eiais. [\/cg_accordion]<\/p>","protected":false},"featured_media":65458,"comment_status":"open","ping_status":"closed","template":"","meta":[],"product_brand":[],"product_cat":[121],"product_tag":[],"class_list":{"0":"post-65454","1":"product","2":"type-product","3":"status-publish","4":"has-post-thumbnail","6":"product_cat-sampunai","7":"product_shipping_class-standard","9":"first","10":"instock","11":"sale","12":"shipping-taxable","13":"purchasable","14":"product-type-simple"},"acf":[],"yoast_head":"<!-- This site is optimized with the Yoast SEO plugin v26.7 - https:\/\/yoast.com\/wordpress\/plugins\/seo\/ -->\n<title>\u0160amp\u016bnas DOVANA | TAVO \u0160AMP\u016aNAS<\/title>\n<meta name=\"description\" content=\"\u0160amp\u016bnas riebiai galvos odai su arbatmed\u017eio, \u010diobrelio ir kajaputo ekstraktais efektyviai valo ir dr\u0117kina. Kontroliuoja sebum\u0105, gaivina ir stiprina plaukus.\" \/>\n<meta name=\"robots\" content=\"noindex, follow, max-snippet:-1, max-image-preview:large, max-video-preview:-1\" \/>\n<meta property=\"og:locale\" content=\"en_US\" \/>\n<meta property=\"og:type\" content=\"article\" \/>\n<meta property=\"og:title\" content=\"\u0160amp\u016bnas DOVANA | TAVO \u0160AMP\u016aNAS\" \/>\n<meta property=\"og:description\" content=\"\u0160amp\u016bnas riebiai galvos odai su arbatmed\u017eio, \u010diobrelio ir kajaputo ekstraktais efektyviai valo ir dr\u0117kina. Kontroliuoja sebum\u0105, gaivina ir stiprina plaukus.\" \/>\n<meta property=\"og:url\" content=\"https:\/\/yourshampoo.eu\/en\/hair-care-product\/sampunas-dovana\/\" \/>\n<meta property=\"og:site_name\" content=\"TAVO \u0160AMP\u016aNAS\" \/>\n<meta property=\"article:publisher\" content=\"https:\/\/www.facebook.com\/tavosampunasofficial\" \/>\n<meta property=\"article:modified_time\" content=\"2024-05-23T12:39:37+00:00\" \/>\n<meta property=\"og:image\" content=\"https:\/\/yourshampoo.eu\/wp-content\/uploads\/2024\/05\/gift-shampoo-tiny.jpeg\" \/>\n\t<meta property=\"og:image:width\" content=\"1200\" \/>\n\t<meta property=\"og:image:height\" content=\"1200\" \/>\n\t<meta property=\"og:image:type\" content=\"image\/jpeg\" \/>\n<meta name=\"twitter:card\" content=\"summary_large_image\" \/>\n<meta name=\"twitter:label1\" content=\"Est. reading time\" \/>\n\t<meta name=\"twitter:data1\" content=\"1 minute\" \/>\n<script type=\"application\/ld+json\" class=\"yoast-schema-graph\">{\"@context\":\"https:\/\/schema.org\",\"@graph\":[{\"@type\":\"WebPage\",\"@id\":\"https:\/\/yourshampoo.eu\/product\/sampunas-dovana\/\",\"url\":\"https:\/\/yourshampoo.eu\/product\/sampunas-dovana\/\",\"name\":\"\u0160amp\u016bnas DOVANA | TAVO \u0160AMP\u016aNAS\",\"isPartOf\":{\"@id\":\"https:\/\/yourshampoo.eu\/#website\"},\"primaryImageOfPage\":{\"@id\":\"https:\/\/yourshampoo.eu\/product\/sampunas-dovana\/#primaryimage\"},\"image\":{\"@id\":\"https:\/\/yourshampoo.eu\/product\/sampunas-dovana\/#primaryimage\"},\"thumbnailUrl\":\"https:\/\/yourshampoo.eu\/wp-content\/uploads\/2024\/05\/gift-shampoo-tiny.jpeg\",\"datePublished\":\"2024-05-23T12:36:56+00:00\",\"dateModified\":\"2024-05-23T12:39:37+00:00\",\"description\":\"\u0160amp\u016bnas riebiai galvos odai su arbatmed\u017eio, \u010diobrelio ir kajaputo ekstraktais efektyviai valo ir dr\u0117kina. Kontroliuoja sebum\u0105, gaivina ir stiprina plaukus.\",\"breadcrumb\":{\"@id\":\"https:\/\/yourshampoo.eu\/product\/sampunas-dovana\/#breadcrumb\"},\"inLanguage\":\"en-US\",\"potentialAction\":[{\"@type\":\"ReadAction\",\"target\":[\"https:\/\/yourshampoo.eu\/product\/sampunas-dovana\/\"]}]},{\"@type\":\"ImageObject\",\"inLanguage\":\"en-US\",\"@id\":\"https:\/\/yourshampoo.eu\/product\/sampunas-dovana\/#primaryimage\",\"url\":\"https:\/\/yourshampoo.eu\/wp-content\/uploads\/2024\/05\/gift-shampoo-tiny.jpeg\",\"contentUrl\":\"https:\/\/yourshampoo.eu\/wp-content\/uploads\/2024\/05\/gift-shampoo-tiny.jpeg\",\"width\":1200,\"height\":1200,\"caption\":\"sampunas nemokamai\"},{\"@type\":\"BreadcrumbList\",\"@id\":\"https:\/\/yourshampoo.eu\/product\/sampunas-dovana\/#breadcrumb\",\"itemListElement\":[{\"@type\":\"ListItem\",\"position\":1,\"name\":\"Home\",\"item\":\"https:\/\/yourshampoo.eu\/\"},{\"@type\":\"ListItem\",\"position\":2,\"name\":\"Plauk\u0173 prie\u017ei\u016bros priemon\u0117s visos tavo plaukams\",\"item\":\"https:\/\/yourshampoo.eu\/plauku-prieziuros-priemones-plaukams\/\"},{\"@type\":\"ListItem\",\"position\":3,\"name\":\"\u0160amp\u016bnas DOVANA\"}]},{\"@type\":\"WebSite\",\"@id\":\"https:\/\/yourshampoo.eu\/#website\",\"url\":\"https:\/\/yourshampoo.eu\/\",\"name\":\"YourShampoo\",\"description\":\"\",\"alternateName\":\"Tavo Sampunas\",\"potentialAction\":[{\"@type\":\"SearchAction\",\"target\":{\"@type\":\"EntryPoint\",\"urlTemplate\":\"https:\/\/yourshampoo.eu\/?s={search_term_string}\"},\"query-input\":{\"@type\":\"PropertyValueSpecification\",\"valueRequired\":true,\"valueName\":\"search_term_string\"}}],\"inLanguage\":\"en-US\"}]}<\/script>\n<!-- \/ Yoast SEO plugin. -->","yoast_head_json":{"title":"\u0160amp\u016bnas DOVANA | TAVO \u0160AMP\u016aNAS","description":"Shampoo for oily scalp with extracts of tea tree, thyme and cajeput to effectively cleanse and moisturise. Controls sebum, refreshes and strengthens hair.","robots":{"index":"noindex","follow":"follow","max-snippet":"max-snippet:-1","max-image-preview":"max-image-preview:large","max-video-preview":"max-video-preview:-1"},"og_locale":"en_US","og_type":"article","og_title":"\u0160amp\u016bnas DOVANA | TAVO \u0160AMP\u016aNAS","og_description":"\u0160amp\u016bnas riebiai galvos odai su arbatmed\u017eio, \u010diobrelio ir kajaputo ekstraktais efektyviai valo ir dr\u0117kina. Kontroliuoja sebum\u0105, gaivina ir stiprina plaukus.","og_url":"https:\/\/yourshampoo.eu\/en\/hair-care-product\/sampunas-dovana\/","og_site_name":"TAVO \u0160AMP\u016aNAS","article_publisher":"https:\/\/www.facebook.com\/tavosampunasofficial","article_modified_time":"2024-05-23T12:39:37+00:00","og_image":[{"width":1200,"height":1200,"url":"https:\/\/yourshampoo.eu\/wp-content\/uploads\/2024\/05\/gift-shampoo-tiny.jpeg","type":"image\/jpeg"}],"twitter_card":"summary_large_image","twitter_misc":{"Est. reading time":"1 minute"},"schema":{"@context":"https:\/\/schema.org","@graph":[{"@type":"WebPage","@id":"https:\/\/yourshampoo.eu\/product\/sampunas-dovana\/","url":"https:\/\/yourshampoo.eu\/product\/sampunas-dovana\/","name":"\u0160amp\u016bnas DOVANA | TAVO \u0160AMP\u016aNAS","isPartOf":{"@id":"https:\/\/yourshampoo.eu\/#website"},"primaryImageOfPage":{"@id":"https:\/\/yourshampoo.eu\/product\/sampunas-dovana\/#primaryimage"},"image":{"@id":"https:\/\/yourshampoo.eu\/product\/sampunas-dovana\/#primaryimage"},"thumbnailUrl":"https:\/\/yourshampoo.eu\/wp-content\/uploads\/2024\/05\/gift-shampoo-tiny.jpeg","datePublished":"2024-05-23T12:36:56+00:00","dateModified":"2024-05-23T12:39:37+00:00","description":"Shampoo for oily scalp with extracts of tea tree, thyme and cajeput to effectively cleanse and moisturise. Controls sebum, refreshes and strengthens hair.","breadcrumb":{"@id":"https:\/\/yourshampoo.eu\/product\/sampunas-dovana\/#breadcrumb"},"inLanguage":"en-US","potentialAction":[{"@type":"ReadAction","target":["https:\/\/yourshampoo.eu\/product\/sampunas-dovana\/"]}]},{"@type":"ImageObject","inLanguage":"en-US","@id":"https:\/\/yourshampoo.eu\/product\/sampunas-dovana\/#primaryimage","url":"https:\/\/yourshampoo.eu\/wp-content\/uploads\/2024\/05\/gift-shampoo-tiny.jpeg","contentUrl":"https:\/\/yourshampoo.eu\/wp-content\/uploads\/2024\/05\/gift-shampoo-tiny.jpeg","width":1200,"height":1200,"caption":"sampunas nemokamai"},{"@type":"BreadcrumbList","@id":"https:\/\/yourshampoo.eu\/product\/sampunas-dovana\/#breadcrumb","itemListElement":[{"@type":"ListItem","position":1,"name":"Home","item":"https:\/\/yourshampoo.eu\/"},{"@type":"ListItem","position":2,"name":"Plauk\u0173 prie\u017ei\u016bros priemon\u0117s visos tavo plaukams","item":"https:\/\/yourshampoo.eu\/plauku-prieziuros-priemones-plaukams\/"},{"@type":"ListItem","position":3,"name":"\u0160amp\u016bnas DOVANA"}]},{"@type":"WebSite","@id":"https:\/\/yourshampoo.eu\/#website","url":"https:\/\/yourshampoo.eu\/","name":"YourShampoo","description":"","alternateName":"Tavo Sampunas","potentialAction":[{"@type":"SearchAction","target":{"@type":"EntryPoint","urlTemplate":"https:\/\/yourshampoo.eu\/?s={search_term_string}"},"query-input":{"@type":"PropertyValueSpecification","valueRequired":true,"valueName":"search_term_string"}}],"inLanguage":"en-US"}]}},"_links":{"self":[{"href":"https:\/\/yourshampoo.eu\/en\/wp-json\/wp\/v2\/product\/65454","targetHints":{"allow":["GET"]}}],"collection":[{"href":"https:\/\/yourshampoo.eu\/en\/wp-json\/wp\/v2\/product"}],"about":[{"href":"https:\/\/yourshampoo.eu\/en\/wp-json\/wp\/v2\/types\/product"}],"replies":[{"embeddable":true,"href":"https:\/\/yourshampoo.eu\/en\/wp-json\/wp\/v2\/comments?post=65454"}],"wp:featuredmedia":[{"embeddable":true,"href":"https:\/\/yourshampoo.eu\/en\/wp-json\/wp\/v2\/media\/65458"}],"wp:attachment":[{"href":"https:\/\/yourshampoo.eu\/en\/wp-json\/wp\/v2\/media?parent=65454"}],"wp:term":[{"taxonomy":"product_brand","embeddable":true,"href":"https:\/\/yourshampoo.eu\/en\/wp-json\/wp\/v2\/product_brand?post=65454"},{"taxonomy":"product_cat","embeddable":true,"href":"https:\/\/yourshampoo.eu\/en\/wp-json\/wp\/v2\/product_cat?post=65454"},{"taxonomy":"product_tag","embeddable":true,"href":"https:\/\/yourshampoo.eu\/en\/wp-json\/wp\/v2\/product_tag?post=65454"}],"curies":[{"name":"wp","href":"https:\/\/api.w.org\/{rel}","templated":true}]}}