{"id":46349,"date":"2023-09-15T13:10:54","date_gmt":"2023-09-15T13:10:54","guid":{"rendered":"https:\/\/flexmonitorstand.com\/?post_type=product&#038;p=46349"},"modified":"2025-12-08T10:29:03","modified_gmt":"2025-12-08T08:29:03","slug":"galvos-odos-sveitiklis-50-ml","status":"publish","type":"product","link":"https:\/\/yourshampoo.eu\/en\/hair-care-product\/galvos-odos-sveitiklis-50-ml\/","title":{"rendered":"Mini Scalp Scrub ' Effective from the first time \u2122, 50 ML"},"content":{"rendered":"<h5 class=\"wp-block-heading\">Discover the Scalp Scrub: the secret to healthier hair and a healthy scalp<\/h5>\r\n\r\n\r\n\r\n<p>If you're still struggling with a dry scalp, dandruff, or if you're noticing that your hair is losing its shine, it might be time to switch to a new care routine. Start by exfoliating your scalp, because just like flowers need good soil, your hair needs a healthy, clean scalp. Here's a scrub with volcanic pearlite, white clay and mint that will do all these things and more.<\/p>\r\n\r\n\r\n\r\n<div class='yrm-content yrm-content-1 yrm-content-hide' id='yrm-6ueEG' data-id='1' data-show-status='false' data-after-action='' style=\"visibility: hidden;height: 0;\">\n\t\t\t<div id='yrm-inner-content-yrm-6ueEG' class='yrm-inner-content-wrapper yrm-cntent-1'><\/p>\r\n\r\n\r\n\r\n<h5 class=\"wp-block-heading\">Eliminates Problems Several Times Better<\/h5>\r\n\r\n\r\n\r\n<p>This scalp scrub not only removes oil and dirt, but also dandruff build-up. It helps to restore the skin's optimal microbalance, allowing your hair to relax in a healthy, moist environment.<\/p>\r\n\r\n\r\n\r\n<h5 class=\"wp-block-heading\">Strengthens and Promotes Growth<\/h5>\r\n\r\n\r\n\r\n<p>Volcanic perlite and white clay not only purify but also stimulate microcirculation. This, in turn, stimulates hair growth and helps you achieve longer, healthier hair.<\/p>\r\n\r\n\r\n\r\n<h5 class=\"wp-block-heading\">Soothes and reduces itching<\/h5>\r\n\r\n\r\n\r\n<p>Whether your skin is prone to itching or dryness, this mint scrub will help. Mint soothes the skin, reduces itching and gives a fresh feeling.<\/p>\r\n\r\n\r\n\r\n<h5 class=\"wp-block-heading\">Suitable for all hair types<\/h5>\r\n\r\n\r\n\r\n<p>This scrub is versatile: suitable for both women and men and for all hair types, including coloured, chemically treated and extensions.<\/p>\r\n\r\n\r\n\r\n<p>Tired of cranky scalp and hair problems? A gentle but effective scalp scrub with volcanic perlite, white clay and mint may be the answer. With this product, you can not only revitalise your scalp, but also give new life to your hair. Discover how a healthy scalp can affect all aspects of your hair's health and enjoy a new, radiant you!<\/p>\r\n\r\n\r\n\r\n<p><\/div>\n\t\t<\/div><div class='yrm-btn-wrapper yrm-inline-wrapper yrm-btn-wrapper-1  yrm-more-button-wrapper'><span title='' data-less-title='' data-more-title=''  class='yrm-toggle-expand  yrm-toggle-expand-1' data-rel='yrm-6ueEG' data-more='Skaityti daugiau' data-less='Skaityti ma\u017eiau' style='border: none; width: 100%;'><span class=\"yrm-button-text-1 yrm-button-text-span\">Read more<\/span><\/span><\/div>","protected":false},"excerpt":{"rendered":"<table style=\"width: 100%; border-collapse: collapse; font-family: Arial, sans-serif;\">\n<tbody>\n<tr style=\"background-color: #f2f2f2;\">\n<th style=\"border: 1px solid #ddd; padding: 12px; text-align: left;\" colspan=\"2\">\ud83c\udf3f Scalp scrub: your path to healthy hair<\/th>\n<\/tr>\n<tr>\n<td style=\"border: 1px solid #ddd; padding: 12px; width: 50%;\"><strong>\ud83d\udc8e Unique benefits<\/strong><\/td>\n<td style=\"border: 1px solid #ddd; padding: 12px; width: 50%;\">\u26a1 Effective from the first time: reduces oiliness and gives volume<br \/>\ud83e\uddfc Deep cleansing effect: removes dead cells, allows skin to breathe<\/td>\n<\/tr>\n<tr>\n<td style=\"border: 1px solid #ddd; padding: 12px;\"><strong>\ud83c\udfaf Use it if you want:<\/strong><\/td>\n<td style=\"border: 1px solid #ddd; padding: 12px;\">\u2728 Healthy-looking and shiny hair<br \/>\ud83d\udcaa Stronger and denser hair roots<br \/>\ud83c\udf3a A revitalised and balanced scalp<br \/>\ud83d\udeab Reduced flaking and itching<\/td>\n<\/tr>\n<tr>\n<td style=\"border: 1px solid #ddd; padding: 12px;\"><strong>\ud83d\udd2c How do the active ingredients work?<\/strong><\/td>\n<td style=\"border: 1px solid #ddd; padding: 12px;\">\ud83e\uddea Kaolin clay and perlite microparticles gently cleanse<br \/>\ud83c\udf4b Mediterranean citrus oils tones and refreshes<br \/>\ud83c\udf3f Rosemary and nettle extracts strengthen roots<\/td>\n<\/tr>\n<tr>\n<td style=\"border: 1px solid #ddd; padding: 12px;\"><strong>\u23f3 Results in 30 days<\/strong><\/td>\n<td style=\"border: 1px solid #ddd; padding: 12px;\">\ud83d\udcc5 Week 1: Clean, light feeling, fresher skin<br \/>\ud83d\udcc5 2 weeks: reduced fatness, increased volume<br \/>\ud83d\udcc5 4 weeks: significantly healthier hair, revitalised skin, less dandruff<\/td>\n<\/tr>\n<tr>\n<td style=\"border: 1px solid #ddd; padding: 12px;\"><strong>\ud83c\udfc6 Why it works better than other popular products<\/strong><\/td>\n<td style=\"border: 1px solid #ddd; padding: 12px;\">\ud83c\udf31 100% natural ingredients: paraben and sulphate free<br \/>\u2705 Scientifically validated formula: Dermatologist-tested<br \/>\ud83c\udfaf Universal solution: one product &#8211; many benefits<\/td>\n<\/tr>\n<tr>\n<td style=\"border: 1px solid #ddd; padding: 12px;\"><strong>\ud83d\udcd6 How to use<\/strong><\/td>\n<td style=\"border: 1px solid #ddd; padding: 12px;\">1. \ud83d\udca7 Apply to damp scalp<br \/>2. \ud83d\udc86\u200d\u2640\ufe0f Massage for 2-3 minutes<br \/>3. \ud83d\udebf Rinse well<br \/>4. \ud83d\uddd3\ufe0f Use 1-2 times a week<\/td>\n<\/tr>\n<\/tbody>\n<\/table>\n<p>Would you like healthier hair and a scalp that shows fewer fads? Start by exfoliating your scalp - removing oil, pollutants, product residue and dead skin build-up will leave your scalp refreshed and healthier. Just like flowers need good soil to grow, your hair needs a healthy, clean scalp first. This gentle scrub with volcanic perlite, white clay and mint will take care of your scalp from the start. <strong>This scrub:<\/strong><\/p>\n<ul>\n<li>Removes oil, dirt, product residue and dandruff build-up from the scalp several times better<\/li>\n<li>Strengthens hair, activates microcirculation<\/li>\n<li>Soothes, reduces itching<\/li>\n<li>Helps balance oiliness<\/li>\n<li>Deeply moisturises<\/li>\n<li>Restores the skin's optimal microbalance<\/li>\n<li>Stimulates regeneration, hair growth<\/li>\n<li>Refreshes, gives a feeling of freshness<\/li>\n<li>Suitable for coloured, chemically treated and extended hair<\/li>\n<li>Suitable for both women and men<\/li>\n<\/ul>\n[cg_accordion title=\"\ud83d\udc49 Kas viduje?\"]\n<ul>\n<li>Enriched with volcanic pearlite microbeads - helps skin renewal<\/li>\n<li>White clay - cleanses well and removes toxins<\/li>\n<li>Mint essential oil - soothes, softens skin<\/li>\n<li>Lemon essential oil - promotes regeneration, hair growth, regulates oil production<\/li>\n<\/ul>\n<p>[\/cg_accordion] [cg_accordion title=\"\ud83d\udc49 Kaip naudoti?\"]<\/p>\n<ul>\n<li>Wet your hair<\/li>\n<li>Spread the scrub over the scalp and massage well for a few minutes<\/li>\n<li>Rinse thoroughly and wash your hair as usual using shampoo and conditioner<\/li>\n<li>Use once a week<\/li>\n<\/ul>\n<p>[\/cg_accordion] [cg_accordion title=\"\ud83d\udc49 Informacija klientui\"] AR J\u016aS\u0172 PRODUKTAI YRA SAUG\u016aS Taip. Visos priemon\u0117s yra be paraben\u0173, be SLS\/SLES, be alergen\u0173, be GMO, nebandytos su gyv\u016bnais, atitinka visus auk\u0161\u010diausius ES keliamus reikalavimus. <strong>WHO IS RESPONSIBLE FOR TAVOSAMPUNAS.LT<\/strong> Tavosampunas.lt administratorius \u2013 MB \u201eTAGATAGA\u201c, \u012fmon\u0117s kodas 304173166, buvein\u0117s adresas Raudondvario pl. 101A, LT-47184, Kaunas. [\/cg_accordion] [cg_accordion title=\"\ud83d\udc49 Pristatymas ir gr\u0105\u017einimas\"] PRISTATYMO S\u0104LYGOS Tavo siuntinukas yra i\u0161siun\u010diamas naudojantis pa\u0161tomatu per 1-3 d.d. po u\u017esakymo apmok\u0117jimo gavimo. Po to kai siunta \u012fdedama \u012f pa\u0161tomat\u0105, tave ji pasiekia per 1-3 d.d. Kuomet tavo siuntinukas bus i\u0161si\u0173stas, gausi apie tai informuojanti el. lai\u0161k\u0105, o kuomet bus pristatytas \u012f tavo pasirinkt\u0105 pa\u0161tomat\u0105 \u2013 gausi apie tai informuojan\u010di\u0105 SMS \u017einut\u0119, tod\u0117l u\u017esakymo metu b\u016btinai teisingai \u012fra\u0161yk savo telefono numer\u012f! GR\u0104\u017dINIMO S\u0104LYGOS Mes tikime savo produkt\u0173 kokybe ir norime, kad j\u016bs jaustum\u0117t\u0117s saug\u016bs pirkdami i\u0161 m\u016bs\u0173. Tod\u0117l si\u016blome 100% bes\u0105lygin\u0119 pinig\u0173 gr\u0105\u017einimo garantij\u0105. <b>How does it work?<\/b><\/p>\n<ol>\n<li><strong>Try the tools<\/strong>: Use the products as indicated on the labels or in the instructions. This may be one time or more - it is important that you have the opportunity to see if the product is suitable for you or not.<\/li>\n<li><strong>Contact Us<\/strong>A: If you decide that the product is not suitable for you, simply contact us within 30 days from the date of purchase. You can do this by email, phone or social media.<\/li>\n<li><strong>Return or Exchange<\/strong>: After you get in touch, we will offer you an exchange for another product or a full refund.<\/li>\n<\/ol>\n<p><b>Important to Know<\/b><\/p>\n<ul>\n<li>The reimbursement process is simple and fast. We will not ask any additional questions or make any additional requirements.<\/li>\n<li>We pay the return costs.<\/li>\n<li>If you opt for a refund, the money will be credited to your account within 5 working days of the refund confirmation.<\/li>\n<li>Cashback only works for instruments based on test results.<\/li>\n<\/ul>\n<p>MONEY REFUND Upon receipt of the returned product, your money will be refunded within 14 days by bank transfer to the bank account you specify. <b>REPLACING A PRODUCT WITH ANOTHER<\/b> Gavus gr\u0105\u017einam\u0105 produkt\u0105, naujas bus i\u0161si\u0173stas nedelsiant. [\/cg_accordion] [cg_accordion title=\"\ud83d\udc49 Sud\u0117tis\"] AQUA (WATER), CETEARYL ALCOHOL, KAOLIN, PERLITE, CETRIMONIUM CHLORIDE, PIROCTONE OLAMINE, CITRUS LIMON FRUIT OIL, MENTHA PIPERITA (PEPPERMINT) OIL, GLYCERIN, PROPYLENE GLYCOL, ROSMARINUS OFFICINALIS (ROSEMARY) LEAF EXTRACT, URTICA DIOICA (NETTLE) LEAF EXTRACT, LIMONENE, DISODIUM EDTA, CITRIC ACID, SODIUM DEHYDROACETATE. [\/cg_accordion] [cg_accordion title=\"\ud83d\udc49 Galvos odos \u0161veitiklis\"] Nor\u0117tum sveikesni\u0173 plauk\u0173 ir ma\u017eiau kapriz\u0173 rodan\u010dios galvos odos? Atsakymas gali b\u016bti paprastesnis, nei manai. Vienas i\u0161 pagrindini\u0173 \u017eingsni\u0173 link sveik\u0173 plauk\u0173 yra galvos odos \u0161veitimas. Taip, teisingai gird\u0117jote, ne tik veidas ar k\u016bnas nusipelno \u0161velnaus \u0161veitimo. Kaip g\u0117l\u0117ms reikia gero dirvo\u017eemio augimui, taip ir j\u016bs\u0173 plaukams reikia sveikos, \u0161varios galvos odos. \u0160tai \u010dia \u012f pagalb\u0105 ateina m\u016bs\u0173 \u0161velnus galvos odos \u0161veitiklis su vulkaniniu perlitu, baltuoju moliu ir m\u0117tomis. \u0160is unikalus mi\u0161inys pasir\u016bpins j\u016bs\u0173 galvos oda nuo pat prad\u017ei\u0173, suteikdamas jai visk\u0105, ko reikia sveikam plauk\u0173 augimui. Kod\u0117l \u0161is galvos odos \u0161veitiklis yra toks efektyvus? Pirmiausia, jis kelis kartus geriau pa\u0161alina riebal\u0173, ne\u0161varum\u0173, priemoni\u0173 liku\u010di\u0173 ir pleiskan\u0173 sankaupas nuo galvos odos. Taip pat \u0161is plauk\u0173 \u0161veitiklis aktyvina mikrocirkuliacij\u0105, stiprina plaukus ir ma\u017eina nie\u017e\u0117jim\u0105. Be to, jis padeda balansuoti riebalavim\u0105si ir giliai dr\u0117kina od\u0105. Bet tai dar ne viskas. \u0160is galvos sveitiklis taip pat atstato optimal\u0173 odos mikrobalans\u0105, skatina regeneracij\u0105 ir plauk\u0173 augim\u0105. Jis atgaivina galvos od\u0105 ir suteikia gaivos poj\u016bt\u012f, kuris yra ypa\u010d malonus kar\u0161t\u0105 dien\u0105 ar po intensyvaus sporto. O svarbiausia, \u0161is produktas tinka tiek da\u017eytiems, tiek chemi\u0161kai paveiktiems, tiek priaugintiems plaukams. Taigi, jis yra universalus ir tinka tiek moterims, tiek vyrams. Taigi, jei norite investuoti \u012f savo plauk\u0173 sveikat\u0105 ir prad\u0117ti nuo pagrind\u0173, \u0161is galvos odos \u0161veitiklis yra puikus pasirinkimas. Jis ne tik valo, bet ir maitina, dr\u0117kina ir atstato, suteikdamas jums sveikus, gyvybingus plaukus. [\/cg_accordion]<\/p>","protected":false},"featured_media":143709,"comment_status":"open","ping_status":"closed","template":"","meta":[],"product_brand":[],"product_cat":[128,125,108,126,124,131,54,130],"product_tag":[],"class_list":{"0":"post-46349","1":"product","2":"type-product","3":"status-publish","4":"has-post-thumbnail","6":"product_cat-greitai-susiriebaluojantiems","7":"product_cat-riebiems-plaukams","8":"product_cat-rutina","9":"product_cat-slenkantiems-plaukams","10":"product_cat-su-vulkaniniu-perlitu","11":"product_cat-pleiskanos","12":"product_cat-rinktines-priemones","13":"product_cat-slenkantiems-silpniems-plaukams","15":"first","16":"instock","17":"sale","18":"shipping-taxable","19":"purchasable","20":"product-type-simple"},"acf":[],"yoast_head":"<!-- This site is optimized with the Yoast SEO plugin v26.7 - https:\/\/yoast.com\/wordpress\/plugins\/seo\/ -->\n<title>Mini Galvos odos \u0161veitiklis \u203a efektyvus nuo pirmo karto \u2122, 50 ML | TAVO \u0160AMP\u016aNAS<\/title>\n<meta name=\"description\" content=\"Galvos odos \u0161veitiklis su vulkaniniu perlitu ir m\u0117tomis. Efektyviai atstato odos mikrobalans\u0105 ir pa\u0161alina riebalus. \u0160veitiklis skatina plauk\u0173 augim\u0105 ir tinkamas visiems plauk\u0173 tipams\" \/>\n<meta name=\"robots\" content=\"noindex, follow, max-snippet:-1, max-image-preview:large, max-video-preview:-1\" \/>\n<meta property=\"og:locale\" content=\"en_US\" \/>\n<meta property=\"og:type\" content=\"article\" \/>\n<meta property=\"og:title\" content=\"Mini Galvos odos \u0161veitiklis \u203a efektyvus nuo pirmo karto \u2122, 50 ML | TAVO \u0160AMP\u016aNAS\" \/>\n<meta property=\"og:description\" content=\"Galvos odos \u0161veitiklis su vulkaniniu perlitu ir m\u0117tomis. Efektyviai atstato odos mikrobalans\u0105 ir pa\u0161alina riebalus. \u0160veitiklis skatina plauk\u0173 augim\u0105 ir tinkamas visiems plauk\u0173 tipams\" \/>\n<meta property=\"og:url\" content=\"https:\/\/yourshampoo.eu\/en\/hair-care-product\/galvos-odos-sveitiklis-50-ml\/\" \/>\n<meta property=\"og:site_name\" content=\"TAVO \u0160AMP\u016aNAS\" \/>\n<meta property=\"article:publisher\" content=\"https:\/\/www.facebook.com\/tavosampunasofficial\" \/>\n<meta property=\"article:modified_time\" content=\"2025-12-08T08:29:03+00:00\" \/>\n<meta property=\"og:image\" content=\"https:\/\/yourshampoo.eu\/wp-content\/uploads\/2023\/09\/galvos-odos-sveitiklis-ritualas-galvos-odai.jpg\" \/>\n\t<meta property=\"og:image:width\" content=\"1000\" \/>\n\t<meta property=\"og:image:height\" content=\"1000\" \/>\n\t<meta property=\"og:image:type\" content=\"image\/jpeg\" \/>\n<meta name=\"twitter:card\" content=\"summary_large_image\" \/>\n<meta name=\"twitter:label1\" content=\"Est. reading time\" \/>\n\t<meta name=\"twitter:data1\" content=\"2 minutes\" \/>\n<script type=\"application\/ld+json\" class=\"yoast-schema-graph\">{\"@context\":\"https:\/\/schema.org\",\"@graph\":[{\"@type\":\"WebPage\",\"@id\":\"https:\/\/yourshampoo.eu\/product\/galvos-odos-sveitiklis-50-ml\/\",\"url\":\"https:\/\/yourshampoo.eu\/product\/galvos-odos-sveitiklis-50-ml\/\",\"name\":\"Mini Galvos odos \u0161veitiklis \u203a efektyvus nuo pirmo karto \u2122, 50 ML | TAVO \u0160AMP\u016aNAS\",\"isPartOf\":{\"@id\":\"https:\/\/yourshampoo.eu\/#website\"},\"primaryImageOfPage\":{\"@id\":\"https:\/\/yourshampoo.eu\/product\/galvos-odos-sveitiklis-50-ml\/#primaryimage\"},\"image\":{\"@id\":\"https:\/\/yourshampoo.eu\/product\/galvos-odos-sveitiklis-50-ml\/#primaryimage\"},\"thumbnailUrl\":\"https:\/\/yourshampoo.eu\/wp-content\/uploads\/2023\/09\/galvos-odos-sveitiklis-ritualas-galvos-odai.jpg\",\"datePublished\":\"2023-09-15T13:10:54+00:00\",\"dateModified\":\"2025-12-08T08:29:03+00:00\",\"description\":\"Galvos odos \u0161veitiklis su vulkaniniu perlitu ir m\u0117tomis. Efektyviai atstato odos mikrobalans\u0105 ir pa\u0161alina riebalus. \u0160veitiklis skatina plauk\u0173 augim\u0105 ir tinkamas visiems plauk\u0173 tipams\",\"breadcrumb\":{\"@id\":\"https:\/\/yourshampoo.eu\/product\/galvos-odos-sveitiklis-50-ml\/#breadcrumb\"},\"inLanguage\":\"en-US\",\"potentialAction\":[{\"@type\":\"ReadAction\",\"target\":[\"https:\/\/yourshampoo.eu\/product\/galvos-odos-sveitiklis-50-ml\/\"]}]},{\"@type\":\"ImageObject\",\"inLanguage\":\"en-US\",\"@id\":\"https:\/\/yourshampoo.eu\/product\/galvos-odos-sveitiklis-50-ml\/#primaryimage\",\"url\":\"https:\/\/yourshampoo.eu\/wp-content\/uploads\/2023\/09\/galvos-odos-sveitiklis-ritualas-galvos-odai.jpg\",\"contentUrl\":\"https:\/\/yourshampoo.eu\/wp-content\/uploads\/2023\/09\/galvos-odos-sveitiklis-ritualas-galvos-odai.jpg\",\"width\":1000,\"height\":1000},{\"@type\":\"BreadcrumbList\",\"@id\":\"https:\/\/yourshampoo.eu\/product\/galvos-odos-sveitiklis-50-ml\/#breadcrumb\",\"itemListElement\":[{\"@type\":\"ListItem\",\"position\":1,\"name\":\"Home\",\"item\":\"https:\/\/yourshampoo.eu\/\"},{\"@type\":\"ListItem\",\"position\":2,\"name\":\"Plauk\u0173 prie\u017ei\u016bros priemon\u0117s visos tavo plaukams\",\"item\":\"https:\/\/yourshampoo.eu\/plauku-prieziuros-priemones-plaukams\/\"},{\"@type\":\"ListItem\",\"position\":3,\"name\":\"Mini Galvos odos \u0161veitiklis \u203a efektyvus nuo pirmo karto \u2122, 50 ML\"}]},{\"@type\":\"WebSite\",\"@id\":\"https:\/\/yourshampoo.eu\/#website\",\"url\":\"https:\/\/yourshampoo.eu\/\",\"name\":\"YourShampoo\",\"description\":\"\",\"alternateName\":\"Tavo Sampunas\",\"potentialAction\":[{\"@type\":\"SearchAction\",\"target\":{\"@type\":\"EntryPoint\",\"urlTemplate\":\"https:\/\/yourshampoo.eu\/?s={search_term_string}\"},\"query-input\":{\"@type\":\"PropertyValueSpecification\",\"valueRequired\":true,\"valueName\":\"search_term_string\"}}],\"inLanguage\":\"en-US\"}]}<\/script>\n<!-- \/ Yoast SEO plugin. -->","yoast_head_json":{"title":"Mini Galvos odos \u0161veitiklis \u203a efektyvus nuo pirmo karto \u2122, 50 ML | TAVO \u0160AMP\u016aNAS","description":"Scalp scrub with volcanic perlite and mint. Effectively restores the skin's microbalance and removes oil. The scrub stimulates hair growth and is suitable for all hair types","robots":{"index":"noindex","follow":"follow","max-snippet":"max-snippet:-1","max-image-preview":"max-image-preview:large","max-video-preview":"max-video-preview:-1"},"og_locale":"en_US","og_type":"article","og_title":"Mini Galvos odos \u0161veitiklis \u203a efektyvus nuo pirmo karto \u2122, 50 ML | TAVO \u0160AMP\u016aNAS","og_description":"Galvos odos \u0161veitiklis su vulkaniniu perlitu ir m\u0117tomis. Efektyviai atstato odos mikrobalans\u0105 ir pa\u0161alina riebalus. \u0160veitiklis skatina plauk\u0173 augim\u0105 ir tinkamas visiems plauk\u0173 tipams","og_url":"https:\/\/yourshampoo.eu\/en\/hair-care-product\/galvos-odos-sveitiklis-50-ml\/","og_site_name":"TAVO \u0160AMP\u016aNAS","article_publisher":"https:\/\/www.facebook.com\/tavosampunasofficial","article_modified_time":"2025-12-08T08:29:03+00:00","og_image":[{"width":1000,"height":1000,"url":"https:\/\/yourshampoo.eu\/wp-content\/uploads\/2023\/09\/galvos-odos-sveitiklis-ritualas-galvos-odai.jpg","type":"image\/jpeg"}],"twitter_card":"summary_large_image","twitter_misc":{"Est. reading time":"2 minutes"},"schema":{"@context":"https:\/\/schema.org","@graph":[{"@type":"WebPage","@id":"https:\/\/yourshampoo.eu\/product\/galvos-odos-sveitiklis-50-ml\/","url":"https:\/\/yourshampoo.eu\/product\/galvos-odos-sveitiklis-50-ml\/","name":"Mini Galvos odos \u0161veitiklis \u203a efektyvus nuo pirmo karto \u2122, 50 ML | TAVO \u0160AMP\u016aNAS","isPartOf":{"@id":"https:\/\/yourshampoo.eu\/#website"},"primaryImageOfPage":{"@id":"https:\/\/yourshampoo.eu\/product\/galvos-odos-sveitiklis-50-ml\/#primaryimage"},"image":{"@id":"https:\/\/yourshampoo.eu\/product\/galvos-odos-sveitiklis-50-ml\/#primaryimage"},"thumbnailUrl":"https:\/\/yourshampoo.eu\/wp-content\/uploads\/2023\/09\/galvos-odos-sveitiklis-ritualas-galvos-odai.jpg","datePublished":"2023-09-15T13:10:54+00:00","dateModified":"2025-12-08T08:29:03+00:00","description":"Scalp scrub with volcanic perlite and mint. Effectively restores the skin's microbalance and removes oil. The scrub stimulates hair growth and is suitable for all hair types","breadcrumb":{"@id":"https:\/\/yourshampoo.eu\/product\/galvos-odos-sveitiklis-50-ml\/#breadcrumb"},"inLanguage":"en-US","potentialAction":[{"@type":"ReadAction","target":["https:\/\/yourshampoo.eu\/product\/galvos-odos-sveitiklis-50-ml\/"]}]},{"@type":"ImageObject","inLanguage":"en-US","@id":"https:\/\/yourshampoo.eu\/product\/galvos-odos-sveitiklis-50-ml\/#primaryimage","url":"https:\/\/yourshampoo.eu\/wp-content\/uploads\/2023\/09\/galvos-odos-sveitiklis-ritualas-galvos-odai.jpg","contentUrl":"https:\/\/yourshampoo.eu\/wp-content\/uploads\/2023\/09\/galvos-odos-sveitiklis-ritualas-galvos-odai.jpg","width":1000,"height":1000},{"@type":"BreadcrumbList","@id":"https:\/\/yourshampoo.eu\/product\/galvos-odos-sveitiklis-50-ml\/#breadcrumb","itemListElement":[{"@type":"ListItem","position":1,"name":"Home","item":"https:\/\/yourshampoo.eu\/"},{"@type":"ListItem","position":2,"name":"Plauk\u0173 prie\u017ei\u016bros priemon\u0117s visos tavo plaukams","item":"https:\/\/yourshampoo.eu\/plauku-prieziuros-priemones-plaukams\/"},{"@type":"ListItem","position":3,"name":"Mini Galvos odos \u0161veitiklis \u203a efektyvus nuo pirmo karto \u2122, 50 ML"}]},{"@type":"WebSite","@id":"https:\/\/yourshampoo.eu\/#website","url":"https:\/\/yourshampoo.eu\/","name":"YourShampoo","description":"","alternateName":"Tavo Sampunas","potentialAction":[{"@type":"SearchAction","target":{"@type":"EntryPoint","urlTemplate":"https:\/\/yourshampoo.eu\/?s={search_term_string}"},"query-input":{"@type":"PropertyValueSpecification","valueRequired":true,"valueName":"search_term_string"}}],"inLanguage":"en-US"}]}},"_links":{"self":[{"href":"https:\/\/yourshampoo.eu\/en\/wp-json\/wp\/v2\/product\/46349","targetHints":{"allow":["GET"]}}],"collection":[{"href":"https:\/\/yourshampoo.eu\/en\/wp-json\/wp\/v2\/product"}],"about":[{"href":"https:\/\/yourshampoo.eu\/en\/wp-json\/wp\/v2\/types\/product"}],"replies":[{"embeddable":true,"href":"https:\/\/yourshampoo.eu\/en\/wp-json\/wp\/v2\/comments?post=46349"}],"wp:featuredmedia":[{"embeddable":true,"href":"https:\/\/yourshampoo.eu\/en\/wp-json\/wp\/v2\/media\/143709"}],"wp:attachment":[{"href":"https:\/\/yourshampoo.eu\/en\/wp-json\/wp\/v2\/media?parent=46349"}],"wp:term":[{"taxonomy":"product_brand","embeddable":true,"href":"https:\/\/yourshampoo.eu\/en\/wp-json\/wp\/v2\/product_brand?post=46349"},{"taxonomy":"product_cat","embeddable":true,"href":"https:\/\/yourshampoo.eu\/en\/wp-json\/wp\/v2\/product_cat?post=46349"},{"taxonomy":"product_tag","embeddable":true,"href":"https:\/\/yourshampoo.eu\/en\/wp-json\/wp\/v2\/product_tag?post=46349"}],"curies":[{"name":"wp","href":"https:\/\/api.w.org\/{rel}","templated":true}]}}