{"id":46335,"date":"2023-09-15T12:59:42","date_gmt":"2023-09-15T12:59:42","guid":{"rendered":"https:\/\/flexmonitorstand.com\/?post_type=product&#038;p=46335"},"modified":"2026-01-08T15:03:06","modified_gmt":"2026-01-08T13:03:06","slug":"skysti-vitaminai-plaukams-nagams-ir-odai-500ml-maisto-papildas","status":"publish","type":"product","link":"https:\/\/yourshampoo.eu\/en\/hair-care-product\/skysti-vitaminai-plaukams-nagams-ir-odai-500ml-maisto-papildas\/","title":{"rendered":"Liquid vitamins for hair &#8211; food supplement"},"content":{"rendered":"","protected":false},"excerpt":{"rendered":"<p>Food supplement.<br \/>\nSwedish Nutra HAIR, SKIN &amp; NAILS 500ml<br \/>\nWith sweetener and sugar. Orange flavour.<\/p>\n<p>The pack will last for 33 days.<\/p>\n[cg_accordion title=\"\ud83d\udc49 Vartojimas:\"]<\/p>\n<p>15 ml per day, preferably in the morning (dosing cup in the pack). Shake before use. Once opened, refrigerate and consume within 2 months. Do not exceed the recommended dose.<br \/>\nThe food supplement should not be used as a substitute for food.<br \/>\n[\/cg_accordion]\n[cg_accordion title=\"\ud83d\udc49 Vienoje 15 ml doz\u0117je:\"]<\/p>\n<p>Vitamin A Palmitate (800 \u03bcg), Vitamin C Ascorbic Acid (120 mg), Vitamin D3 Cholecalciferol (5 \u03bcg), Vitamin E dl-alpha tocopheryl (12 mg), Vitamin B1 Thiamine (4 mg), Vitamin B2 Riboflavin (5 mg), Vitamin B3 Niacin (16 mg), Vitamin B6 Pyridoxine HCL (5 mg), Vitamin B9 Folic Acid (400 \u00b5g), Vitamin B12 Cobalamin (20 \u00b5g), Vitamin B7 Biotin (5 000 \u00b5g), Vitamin B5 Pantothenic Acid (20 mg), Zinc Gluconate (3.25 mg), Copper Gluconate (500 \u03bcg), Calcium Gluconate (13 mg), Magnesium Gluconate (3 mg), Choline L-Bitartrate (6 mg), MSM (500 mg), Hyaluronic Acid (1.25 mg), CoQ10 (5 mg), Hydrolyzed Collagen (1000 mg), Aloe Vera powder (1.25 mg), Green Tea Powder (1.25 mg), Grape Seed Powder (1.25 mg), Paba (3 mg), Equisetum arvense (1.25 mg), Silica (7 mg).<br \/>\n[\/cg_accordion]\n[cg_accordion title=\"\ud83d\udc49 Sudedamosios dalys:\"]<\/p>\n<p>pure filtered Swedish water for better absorption of vitamins and minerals, natural fruit juices from concentrates: orange, apple, tangerine, passion fruit, banana, apricot, guava, papaya, lime, mango, pineapple, grape, hydrolysed collagen (containing amino acids: L-glycine, L-proline, L-alanine, L-hydroxyproline, L-glutamic acid, L-arginine, L-aspartic acid, L-serine, L-lysine, L-leucine, L-vanilloidine, L-threonine, L-phenylalanine, L-phenylalanine, L-isoleucine, L-hydroxylsilane, L-methionine, L-histidine, L-tetrosine, L-Cysteine), methylsulfonylmethane, natural flavouring (orange), calcium gluconate, ascorbic acid, malic acid, magnesium gluconate, zinc gluconate, stevia (steviol glycosides), citric acid, dl-alpha tocopheryl acetate, pantothenic acid, freshness preservative (potassium sorbate, sodium benzoate), niacin, silica, vanilla, choline l-bitartrate, ubiquinone CoQ10, pyridoxine hcl, riboflavin, thiamin mononitrate, retinyl palmitate, cholecalciferol, copper gluconate, aminobenzoic acid, xanthan gum, hyaluronic acid, aloe vera powder, green tea powder, grape seed powder, ground ash, beta-carotene, folic acid, cobalamin, 100% natural taste and colour.<br \/>\n[\/cg_accordion]\n[cg_accordion title=\"\ud83d\udc49 Papildoma informacija:\"]<\/p>\n<p>A unique liquid food supplement formula from the award-winning Swedish Nutra laboratory<br \/>\nEnriched with rich collagen, biotin, hyaluronic acid and 27 other hair nourishing ingredients<br \/>\nMade in Sweden to the highest quality standards<br \/>\nAll ingredients are extracted according to ISO - GMP standards, EU approved and meet all EU \/ EFSA requirements<br \/>\nNon-GMO, wheat-free, gluten-free, soy-free, dairy-free, nut-free, egg-free<br \/>\nKeep out of the reach of children and in a cool place. Keep out of direct sunlight. If you have a medical condition, are ill, pregnant or breastfeeding, consult your doctor or pharmacist about taking the supplement.<br \/>\n[\/cg_accordion]\n<p>Net quantity: 500 ml<\/p>\n<p>Manufacturer: Swedish Nutra, Sofiedalsvagen 10, Sweden.<\/p>","protected":false},"featured_media":143701,"comment_status":"open","ping_status":"closed","template":"","meta":[],"product_brand":[],"product_cat":[108,126,139,56,80,54,130,84],"product_tag":[],"class_list":{"0":"post-46335","1":"product","2":"type-product","3":"status-publish","4":"has-post-thumbnail","6":"product_cat-rutina","7":"product_cat-slenkantiems-plaukams","8":"product_cat-dovanoms","9":"product_cat-maisto-papildai","10":"product_cat-maistopapildai","11":"product_cat-rinktines-priemones","12":"product_cat-slenkantiems-silpniems-plaukams","13":"product_cat-spindesiui","15":"first","16":"instock","17":"sale","18":"shipping-taxable","19":"purchasable","20":"product-type-simple"},"acf":[],"yoast_head":"<!-- This site is optimized with the Yoast SEO plugin v26.7 - https:\/\/yoast.com\/wordpress\/plugins\/seo\/ -->\n<title>Skysti vitaminai plaukams - maisto papildas | TAVO \u0160AMP\u016aNAS<\/title>\n<meta name=\"robots\" content=\"noindex, follow, max-snippet:-1, max-image-preview:large, max-video-preview:-1\" \/>\n<meta property=\"og:locale\" content=\"en_US\" \/>\n<meta property=\"og:type\" content=\"article\" \/>\n<meta property=\"og:title\" content=\"Skysti vitaminai plaukams - maisto papildas | TAVO \u0160AMP\u016aNAS\" \/>\n<meta property=\"og:description\" content=\"Maisto papildas. Swedish Nutra HAIR, SKIN&amp;NAILS 500ml Su saldikliu ir cukrumi. Apelsin\u0173 skonio.  Pakuot\u0117s u\u017eteks 33 dienoms.          Grynasis kiekis: 500 ml  Gamintojas: Swedish Nutra, Sofiedalsvagen 10, \u0160vedija.\" \/>\n<meta property=\"og:url\" content=\"https:\/\/yourshampoo.eu\/en\/hair-care-product\/skysti-vitaminai-plaukams-nagams-ir-odai-500ml-maisto-papildas\/\" \/>\n<meta property=\"og:site_name\" content=\"TAVO \u0160AMP\u016aNAS\" \/>\n<meta property=\"article:publisher\" content=\"https:\/\/www.facebook.com\/tavosampunasofficial\" \/>\n<meta property=\"article:modified_time\" content=\"2026-01-08T13:03:06+00:00\" \/>\n<meta property=\"og:image\" content=\"https:\/\/yourshampoo.eu\/wp-content\/uploads\/2023\/09\/vitaminai-plaukams-swedishnutra.jpg\" \/>\n\t<meta property=\"og:image:width\" content=\"1000\" \/>\n\t<meta property=\"og:image:height\" content=\"1000\" \/>\n\t<meta property=\"og:image:type\" content=\"image\/jpeg\" \/>\n<meta name=\"twitter:card\" content=\"summary_large_image\" \/>\n<meta name=\"twitter:label1\" content=\"Est. reading time\" \/>\n\t<meta name=\"twitter:data1\" content=\"1 minute\" \/>\n<script type=\"application\/ld+json\" class=\"yoast-schema-graph\">{\"@context\":\"https:\/\/schema.org\",\"@graph\":[{\"@type\":\"WebPage\",\"@id\":\"https:\/\/yourshampoo.eu\/product\/skysti-vitaminai-plaukams-nagams-ir-odai-500ml-maisto-papildas\/\",\"url\":\"https:\/\/yourshampoo.eu\/product\/skysti-vitaminai-plaukams-nagams-ir-odai-500ml-maisto-papildas\/\",\"name\":\"Skysti vitaminai plaukams - maisto papildas | TAVO \u0160AMP\u016aNAS\",\"isPartOf\":{\"@id\":\"https:\/\/yourshampoo.eu\/#website\"},\"primaryImageOfPage\":{\"@id\":\"https:\/\/yourshampoo.eu\/product\/skysti-vitaminai-plaukams-nagams-ir-odai-500ml-maisto-papildas\/#primaryimage\"},\"image\":{\"@id\":\"https:\/\/yourshampoo.eu\/product\/skysti-vitaminai-plaukams-nagams-ir-odai-500ml-maisto-papildas\/#primaryimage\"},\"thumbnailUrl\":\"https:\/\/yourshampoo.eu\/wp-content\/uploads\/2023\/09\/vitaminai-plaukams-swedishnutra.jpg\",\"datePublished\":\"2023-09-15T12:59:42+00:00\",\"dateModified\":\"2026-01-08T13:03:06+00:00\",\"breadcrumb\":{\"@id\":\"https:\/\/yourshampoo.eu\/product\/skysti-vitaminai-plaukams-nagams-ir-odai-500ml-maisto-papildas\/#breadcrumb\"},\"inLanguage\":\"en-US\",\"potentialAction\":[{\"@type\":\"ReadAction\",\"target\":[\"https:\/\/yourshampoo.eu\/product\/skysti-vitaminai-plaukams-nagams-ir-odai-500ml-maisto-papildas\/\"]}]},{\"@type\":\"ImageObject\",\"inLanguage\":\"en-US\",\"@id\":\"https:\/\/yourshampoo.eu\/product\/skysti-vitaminai-plaukams-nagams-ir-odai-500ml-maisto-papildas\/#primaryimage\",\"url\":\"https:\/\/yourshampoo.eu\/wp-content\/uploads\/2023\/09\/vitaminai-plaukams-swedishnutra.jpg\",\"contentUrl\":\"https:\/\/yourshampoo.eu\/wp-content\/uploads\/2023\/09\/vitaminai-plaukams-swedishnutra.jpg\",\"width\":1000,\"height\":1000},{\"@type\":\"BreadcrumbList\",\"@id\":\"https:\/\/yourshampoo.eu\/product\/skysti-vitaminai-plaukams-nagams-ir-odai-500ml-maisto-papildas\/#breadcrumb\",\"itemListElement\":[{\"@type\":\"ListItem\",\"position\":1,\"name\":\"Home\",\"item\":\"https:\/\/yourshampoo.eu\/\"},{\"@type\":\"ListItem\",\"position\":2,\"name\":\"Plauk\u0173 prie\u017ei\u016bros priemon\u0117s visos tavo plaukams\",\"item\":\"https:\/\/yourshampoo.eu\/plauku-prieziuros-priemones-plaukams\/\"},{\"@type\":\"ListItem\",\"position\":3,\"name\":\"Skysti vitaminai plaukams &#8211; maisto papildas\"}]},{\"@type\":\"WebSite\",\"@id\":\"https:\/\/yourshampoo.eu\/#website\",\"url\":\"https:\/\/yourshampoo.eu\/\",\"name\":\"YourShampoo\",\"description\":\"\",\"alternateName\":\"Tavo Sampunas\",\"potentialAction\":[{\"@type\":\"SearchAction\",\"target\":{\"@type\":\"EntryPoint\",\"urlTemplate\":\"https:\/\/yourshampoo.eu\/?s={search_term_string}\"},\"query-input\":{\"@type\":\"PropertyValueSpecification\",\"valueRequired\":true,\"valueName\":\"search_term_string\"}}],\"inLanguage\":\"en-US\"}]}<\/script>\n<!-- \/ Yoast SEO plugin. -->","yoast_head_json":{"title":"Skysti vitaminai plaukams - maisto papildas | TAVO \u0160AMP\u016aNAS","robots":{"index":"noindex","follow":"follow","max-snippet":"max-snippet:-1","max-image-preview":"max-image-preview:large","max-video-preview":"max-video-preview:-1"},"og_locale":"en_US","og_type":"article","og_title":"Skysti vitaminai plaukams - maisto papildas | TAVO \u0160AMP\u016aNAS","og_description":"Maisto papildas. Swedish Nutra HAIR, SKIN&amp;NAILS 500ml Su saldikliu ir cukrumi. Apelsin\u0173 skonio.  Pakuot\u0117s u\u017eteks 33 dienoms.          Grynasis kiekis: 500 ml  Gamintojas: Swedish Nutra, Sofiedalsvagen 10, \u0160vedija.","og_url":"https:\/\/yourshampoo.eu\/en\/hair-care-product\/skysti-vitaminai-plaukams-nagams-ir-odai-500ml-maisto-papildas\/","og_site_name":"TAVO \u0160AMP\u016aNAS","article_publisher":"https:\/\/www.facebook.com\/tavosampunasofficial","article_modified_time":"2026-01-08T13:03:06+00:00","og_image":[{"width":1000,"height":1000,"url":"https:\/\/yourshampoo.eu\/wp-content\/uploads\/2023\/09\/vitaminai-plaukams-swedishnutra.jpg","type":"image\/jpeg"}],"twitter_card":"summary_large_image","twitter_misc":{"Est. reading time":"1 minute"},"schema":{"@context":"https:\/\/schema.org","@graph":[{"@type":"WebPage","@id":"https:\/\/yourshampoo.eu\/product\/skysti-vitaminai-plaukams-nagams-ir-odai-500ml-maisto-papildas\/","url":"https:\/\/yourshampoo.eu\/product\/skysti-vitaminai-plaukams-nagams-ir-odai-500ml-maisto-papildas\/","name":"Skysti vitaminai plaukams - maisto papildas | TAVO \u0160AMP\u016aNAS","isPartOf":{"@id":"https:\/\/yourshampoo.eu\/#website"},"primaryImageOfPage":{"@id":"https:\/\/yourshampoo.eu\/product\/skysti-vitaminai-plaukams-nagams-ir-odai-500ml-maisto-papildas\/#primaryimage"},"image":{"@id":"https:\/\/yourshampoo.eu\/product\/skysti-vitaminai-plaukams-nagams-ir-odai-500ml-maisto-papildas\/#primaryimage"},"thumbnailUrl":"https:\/\/yourshampoo.eu\/wp-content\/uploads\/2023\/09\/vitaminai-plaukams-swedishnutra.jpg","datePublished":"2023-09-15T12:59:42+00:00","dateModified":"2026-01-08T13:03:06+00:00","breadcrumb":{"@id":"https:\/\/yourshampoo.eu\/product\/skysti-vitaminai-plaukams-nagams-ir-odai-500ml-maisto-papildas\/#breadcrumb"},"inLanguage":"en-US","potentialAction":[{"@type":"ReadAction","target":["https:\/\/yourshampoo.eu\/product\/skysti-vitaminai-plaukams-nagams-ir-odai-500ml-maisto-papildas\/"]}]},{"@type":"ImageObject","inLanguage":"en-US","@id":"https:\/\/yourshampoo.eu\/product\/skysti-vitaminai-plaukams-nagams-ir-odai-500ml-maisto-papildas\/#primaryimage","url":"https:\/\/yourshampoo.eu\/wp-content\/uploads\/2023\/09\/vitaminai-plaukams-swedishnutra.jpg","contentUrl":"https:\/\/yourshampoo.eu\/wp-content\/uploads\/2023\/09\/vitaminai-plaukams-swedishnutra.jpg","width":1000,"height":1000},{"@type":"BreadcrumbList","@id":"https:\/\/yourshampoo.eu\/product\/skysti-vitaminai-plaukams-nagams-ir-odai-500ml-maisto-papildas\/#breadcrumb","itemListElement":[{"@type":"ListItem","position":1,"name":"Home","item":"https:\/\/yourshampoo.eu\/"},{"@type":"ListItem","position":2,"name":"Plauk\u0173 prie\u017ei\u016bros priemon\u0117s visos tavo plaukams","item":"https:\/\/yourshampoo.eu\/plauku-prieziuros-priemones-plaukams\/"},{"@type":"ListItem","position":3,"name":"Skysti vitaminai plaukams &#8211; maisto papildas"}]},{"@type":"WebSite","@id":"https:\/\/yourshampoo.eu\/#website","url":"https:\/\/yourshampoo.eu\/","name":"YourShampoo","description":"","alternateName":"Tavo Sampunas","potentialAction":[{"@type":"SearchAction","target":{"@type":"EntryPoint","urlTemplate":"https:\/\/yourshampoo.eu\/?s={search_term_string}"},"query-input":{"@type":"PropertyValueSpecification","valueRequired":true,"valueName":"search_term_string"}}],"inLanguage":"en-US"}]}},"_links":{"self":[{"href":"https:\/\/yourshampoo.eu\/en\/wp-json\/wp\/v2\/product\/46335","targetHints":{"allow":["GET"]}}],"collection":[{"href":"https:\/\/yourshampoo.eu\/en\/wp-json\/wp\/v2\/product"}],"about":[{"href":"https:\/\/yourshampoo.eu\/en\/wp-json\/wp\/v2\/types\/product"}],"replies":[{"embeddable":true,"href":"https:\/\/yourshampoo.eu\/en\/wp-json\/wp\/v2\/comments?post=46335"}],"wp:featuredmedia":[{"embeddable":true,"href":"https:\/\/yourshampoo.eu\/en\/wp-json\/wp\/v2\/media\/143701"}],"wp:attachment":[{"href":"https:\/\/yourshampoo.eu\/en\/wp-json\/wp\/v2\/media?parent=46335"}],"wp:term":[{"taxonomy":"product_brand","embeddable":true,"href":"https:\/\/yourshampoo.eu\/en\/wp-json\/wp\/v2\/product_brand?post=46335"},{"taxonomy":"product_cat","embeddable":true,"href":"https:\/\/yourshampoo.eu\/en\/wp-json\/wp\/v2\/product_cat?post=46335"},{"taxonomy":"product_tag","embeddable":true,"href":"https:\/\/yourshampoo.eu\/en\/wp-json\/wp\/v2\/product_tag?post=46335"}],"curies":[{"name":"wp","href":"https:\/\/api.w.org\/{rel}","templated":true}]}}