{"id":46329,"date":"2023-09-15T12:52:41","date_gmt":"2023-09-15T12:52:41","guid":{"rendered":"https:\/\/flexmonitorstand.com\/?post_type=product&#038;p=46329"},"modified":"2025-10-07T13:02:33","modified_gmt":"2025-10-07T11:02:33","slug":"plauku-sepetys-su-naturaliais-sereliais","status":"publish","type":"product","link":"https:\/\/yourshampoo.eu\/en\/hair-care-product\/plauku-sepetys-su-naturaliais-sereliais\/","title":{"rendered":"Hairbrush With Natural Boar Bristles"},"content":{"rendered":"<h5 class=\"wp-block-heading\">Multifunctional Wooden Brush with Natural Boar Bristles: the Scalp and Hair Care Innovation<\/h5>\r\n\r\n\r\n\r\n<p>Have you ever considered that even something as simple as a brush can have a big impact on the health of your hair and scalp? It turns out that a brush is not just a brush, and this multi-purpose, handmade, wooden brush with natural boar bristles is the best proof.<\/p>\r\n\r\n\r\n\r\n<h5 class=\"wp-block-heading\">Stimulates Scalp Blood Flow<\/h5>\r\n\r\n\r\n\r\n<p>Thanks to its longer nylon bristles, this brush not only combs your hair, but also gently stimulates the blood circulation in your scalp. Active blood circulation means more nutrients and oxygen to the hair follicles, which in turn promotes healthy hair growth.<\/p>\r\n\r\n\r\n\r\n<h5 class=\"wp-block-heading\">Massages the Scalp<\/h5>\r\n\r\n\r\n\r\n<p>The soft tips of the bristles not only massage the scalp but also create a relaxing and pleasant sensation. Massage can help reduce stress, which is one of the factors behind hair loss.<\/p>\r\n\r\n\r\n\r\n<h5 class=\"wp-block-heading\">Natural Boar Sherels<\/h5>\r\n\r\n\r\n\r\n<p>Natural boar bristles are the secret of this brush. They distribute the natural oil secreted by the scalp over the entire length of the hair, giving it extra shine and reducing the risk of dandruff.<\/p>\r\n\r\n\r\n\r\n<h5 class=\"wp-block-heading\">Effective even with severely flyaway hair<\/h5>\r\n\r\n\r\n\r\n<p>Thanks to the brush design with a combination of both bristles, it is ideal even for severely tangled hair. This means you can forget about painful and tedious detangling processes.<\/p>\r\n\r\n\r\n\r\n<p>Not all brushes are created equal, and this multi-functional, handmade wooden brush with natural boar bristles is proof. Not only does it stimulate circulation and massage the scalp, but it also helps your hair look and feel better. Buy this innovative brush and take your hair and scalp care to the next level!<\/p>","protected":false},"excerpt":{"rendered":"<h3 style=\"font-size: 22px; line-height: 30px; color: #343333; font-family: 'Domine'; letter-spacing: -0.9px; margin-top: -50px; border-top: 0.2px solid #97745f; padding-top: 23px; font-weight: 700\">\nFrequently asked questions<br \/>\n<\/h3>\n[cg_accordion title=\"\ud83d\udc49 Ar \u0161epetys tinka vis\u0173 tip\u0173 plaukams?\"]<\/p>\n<p>Yes. Its unique combination of longer nylon bristles + natural boar bristles works well on thin, thicker and tangle-prone hair.<br \/>\n[\/cg_accordion]\n[cg_accordion title=\"\ud83d\udc49 Ar \u0161erno \u0161ereliai n\u0117ra per kieti?\"]<\/p>\n<p>No. They are chosen to glide gently through the hair without frizz or discomfort. The nylon bristles ensure that the brush also reaches the scalp, giving a massage effect.<br \/>\n[\/cg_accordion]\n[cg_accordion title=\"\ud83d\udc49 Kuo \u0161epetys geresnis u\u017e paprast\u0105 plastikin\u012f?\"]<\/p>\n<p>Plastic only combs. The boar bristles distribute natural scalp oil throughout the length of the hair - a natural conditioner that gives shine, reduces dryness and even the risk of dandruff.<br \/>\n[\/cg_accordion]\n[cg_accordion title=\"\ud83d\udc49 Ar tikrai \u0161ukavimas gali skatinti plauk\u0173 augim\u0105?\"]<\/p>\n<p>Yes. Gentle scalp massage stimulates blood circulation - the follicles receive more oxygen and nutrients. It's a simple way to maintain healthy hair growth.<br \/>\n[\/cg_accordion]\n[cg_accordion title=\"\ud83d\udc49 Kaip da\u017enai reikia naudoti?\"]<\/p>\n<p>Every day. In the morning - to keep your hair neat and shiny. In the evening, as a mini-ritual to relax and massage the scalp.<br \/>\n[\/cg_accordion]\n[cg_accordion title=\"\ud83d\udc49 Ar \u0161epet\u012f reikia pri\u017ei\u016br\u0117ti?\"]<\/p>\n<p>Yes. Clean the brush from your hair once a week and rinse once a month with lukewarm water and a mild shampoo. This ensures hygiene and longevity.<br \/>\n[\/cg_accordion]","protected":false},"featured_media":46330,"comment_status":"open","ping_status":"closed","template":"","meta":[],"product_brand":[],"product_cat":[108,53],"product_tag":[],"class_list":{"0":"post-46329","1":"product","2":"type-product","3":"status-publish","4":"has-post-thumbnail","6":"product_cat-rutina","7":"product_cat-plauku-prieziuros-priemones","9":"first","10":"instock","11":"sale","12":"shipping-taxable","13":"purchasable","14":"product-type-simple"},"acf":[],"yoast_head":"<!-- This site is optimized with the Yoast SEO plugin v26.7 - https:\/\/yoast.com\/wordpress\/plugins\/seo\/ -->\n<title>Plauk\u0173 \u0160epetys Su Nat\u016braliais \u0160erno \u0160ereliais | TAVO \u0160AMP\u016aNAS<\/title>\n<meta name=\"description\" content=\"Plauk\u0173 \u0161epetys su naturaliais \u0161ereliais stimuliuoja kraujotak\u0105, masa\u017euoja galvos od\u0105 ir prideda \u017evilgesio plaukams. Idealiai tinka visiems plauk\u0173 tipams\" \/>\n<meta name=\"robots\" content=\"noindex, follow, max-snippet:-1, max-image-preview:large, max-video-preview:-1\" \/>\n<meta property=\"og:locale\" content=\"en_US\" \/>\n<meta property=\"og:type\" content=\"article\" \/>\n<meta property=\"og:title\" content=\"Plauk\u0173 \u0160epetys Su Nat\u016braliais \u0160erno \u0160ereliais | TAVO \u0160AMP\u016aNAS\" \/>\n<meta property=\"og:description\" content=\"Plauk\u0173 \u0161epetys su naturaliais \u0161ereliais stimuliuoja kraujotak\u0105, masa\u017euoja galvos od\u0105 ir prideda \u017evilgesio plaukams. Idealiai tinka visiems plauk\u0173 tipams\" \/>\n<meta property=\"og:url\" content=\"https:\/\/yourshampoo.eu\/en\/hair-care-product\/plauku-sepetys-su-naturaliais-sereliais\/\" \/>\n<meta property=\"og:site_name\" content=\"TAVO \u0160AMP\u016aNAS\" \/>\n<meta property=\"article:publisher\" content=\"https:\/\/www.facebook.com\/tavosampunasofficial\" \/>\n<meta property=\"article:modified_time\" content=\"2025-10-07T11:02:33+00:00\" \/>\n<meta property=\"og:image\" content=\"https:\/\/yourshampoo.eu\/wp-content\/uploads\/2023\/09\/plauku-sepeciai-su-naturaliais-sereliai.jpeg\" \/>\n\t<meta property=\"og:image:width\" content=\"900\" \/>\n\t<meta property=\"og:image:height\" content=\"900\" \/>\n\t<meta property=\"og:image:type\" content=\"image\/jpeg\" \/>\n<meta name=\"twitter:card\" content=\"summary_large_image\" \/>\n<meta name=\"twitter:label1\" content=\"Est. reading time\" \/>\n\t<meta name=\"twitter:data1\" content=\"2 minutes\" \/>\n<script type=\"application\/ld+json\" class=\"yoast-schema-graph\">{\"@context\":\"https:\/\/schema.org\",\"@graph\":[{\"@type\":\"WebPage\",\"@id\":\"https:\/\/yourshampoo.eu\/product\/plauku-sepetys-su-naturaliais-sereliais\/\",\"url\":\"https:\/\/yourshampoo.eu\/product\/plauku-sepetys-su-naturaliais-sereliais\/\",\"name\":\"Plauk\u0173 \u0160epetys Su Nat\u016braliais \u0160erno \u0160ereliais | TAVO \u0160AMP\u016aNAS\",\"isPartOf\":{\"@id\":\"https:\/\/yourshampoo.eu\/#website\"},\"primaryImageOfPage\":{\"@id\":\"https:\/\/yourshampoo.eu\/product\/plauku-sepetys-su-naturaliais-sereliais\/#primaryimage\"},\"image\":{\"@id\":\"https:\/\/yourshampoo.eu\/product\/plauku-sepetys-su-naturaliais-sereliais\/#primaryimage\"},\"thumbnailUrl\":\"https:\/\/yourshampoo.eu\/wp-content\/uploads\/2023\/09\/plauku-sepeciai-su-naturaliais-sereliai.jpeg\",\"datePublished\":\"2023-09-15T12:52:41+00:00\",\"dateModified\":\"2025-10-07T11:02:33+00:00\",\"description\":\"Plauk\u0173 \u0161epetys su naturaliais \u0161ereliais stimuliuoja kraujotak\u0105, masa\u017euoja galvos od\u0105 ir prideda \u017evilgesio plaukams. Idealiai tinka visiems plauk\u0173 tipams\",\"breadcrumb\":{\"@id\":\"https:\/\/yourshampoo.eu\/product\/plauku-sepetys-su-naturaliais-sereliais\/#breadcrumb\"},\"inLanguage\":\"en-US\",\"potentialAction\":[{\"@type\":\"ReadAction\",\"target\":[\"https:\/\/yourshampoo.eu\/product\/plauku-sepetys-su-naturaliais-sereliais\/\"]}]},{\"@type\":\"ImageObject\",\"inLanguage\":\"en-US\",\"@id\":\"https:\/\/yourshampoo.eu\/product\/plauku-sepetys-su-naturaliais-sereliais\/#primaryimage\",\"url\":\"https:\/\/yourshampoo.eu\/wp-content\/uploads\/2023\/09\/plauku-sepeciai-su-naturaliais-sereliai.jpeg\",\"contentUrl\":\"https:\/\/yourshampoo.eu\/wp-content\/uploads\/2023\/09\/plauku-sepeciai-su-naturaliais-sereliai.jpeg\",\"width\":900,\"height\":900,\"caption\":\"Plauku sepetys su naturaliais seriais\"},{\"@type\":\"BreadcrumbList\",\"@id\":\"https:\/\/yourshampoo.eu\/product\/plauku-sepetys-su-naturaliais-sereliais\/#breadcrumb\",\"itemListElement\":[{\"@type\":\"ListItem\",\"position\":1,\"name\":\"Home\",\"item\":\"https:\/\/yourshampoo.eu\/\"},{\"@type\":\"ListItem\",\"position\":2,\"name\":\"Plauk\u0173 prie\u017ei\u016bros priemon\u0117s visos tavo plaukams\",\"item\":\"https:\/\/yourshampoo.eu\/plauku-prieziuros-priemones-plaukams\/\"},{\"@type\":\"ListItem\",\"position\":3,\"name\":\"Plauk\u0173 \u0160epetys Su Nat\u016braliais \u0160erno \u0160ereliais\"}]},{\"@type\":\"WebSite\",\"@id\":\"https:\/\/yourshampoo.eu\/#website\",\"url\":\"https:\/\/yourshampoo.eu\/\",\"name\":\"YourShampoo\",\"description\":\"\",\"alternateName\":\"Tavo Sampunas\",\"potentialAction\":[{\"@type\":\"SearchAction\",\"target\":{\"@type\":\"EntryPoint\",\"urlTemplate\":\"https:\/\/yourshampoo.eu\/?s={search_term_string}\"},\"query-input\":{\"@type\":\"PropertyValueSpecification\",\"valueRequired\":true,\"valueName\":\"search_term_string\"}}],\"inLanguage\":\"en-US\"}]}<\/script>\n<!-- \/ Yoast SEO plugin. -->","yoast_head_json":{"title":"Plauk\u0173 \u0160epetys Su Nat\u016braliais \u0160erno \u0160ereliais | TAVO \u0160AMP\u016aNAS","description":"The natural bristle hairbrush stimulates blood circulation, massages the scalp and adds shine to the hair. Ideal for all hair types","robots":{"index":"noindex","follow":"follow","max-snippet":"max-snippet:-1","max-image-preview":"max-image-preview:large","max-video-preview":"max-video-preview:-1"},"og_locale":"en_US","og_type":"article","og_title":"Plauk\u0173 \u0160epetys Su Nat\u016braliais \u0160erno \u0160ereliais | TAVO \u0160AMP\u016aNAS","og_description":"Plauk\u0173 \u0161epetys su naturaliais \u0161ereliais stimuliuoja kraujotak\u0105, masa\u017euoja galvos od\u0105 ir prideda \u017evilgesio plaukams. Idealiai tinka visiems plauk\u0173 tipams","og_url":"https:\/\/yourshampoo.eu\/en\/hair-care-product\/plauku-sepetys-su-naturaliais-sereliais\/","og_site_name":"TAVO \u0160AMP\u016aNAS","article_publisher":"https:\/\/www.facebook.com\/tavosampunasofficial","article_modified_time":"2025-10-07T11:02:33+00:00","og_image":[{"width":900,"height":900,"url":"https:\/\/yourshampoo.eu\/wp-content\/uploads\/2023\/09\/plauku-sepeciai-su-naturaliais-sereliai.jpeg","type":"image\/jpeg"}],"twitter_card":"summary_large_image","twitter_misc":{"Est. reading time":"2 minutes"},"schema":{"@context":"https:\/\/schema.org","@graph":[{"@type":"WebPage","@id":"https:\/\/yourshampoo.eu\/product\/plauku-sepetys-su-naturaliais-sereliais\/","url":"https:\/\/yourshampoo.eu\/product\/plauku-sepetys-su-naturaliais-sereliais\/","name":"Plauk\u0173 \u0160epetys Su Nat\u016braliais \u0160erno \u0160ereliais | TAVO \u0160AMP\u016aNAS","isPartOf":{"@id":"https:\/\/yourshampoo.eu\/#website"},"primaryImageOfPage":{"@id":"https:\/\/yourshampoo.eu\/product\/plauku-sepetys-su-naturaliais-sereliais\/#primaryimage"},"image":{"@id":"https:\/\/yourshampoo.eu\/product\/plauku-sepetys-su-naturaliais-sereliais\/#primaryimage"},"thumbnailUrl":"https:\/\/yourshampoo.eu\/wp-content\/uploads\/2023\/09\/plauku-sepeciai-su-naturaliais-sereliai.jpeg","datePublished":"2023-09-15T12:52:41+00:00","dateModified":"2025-10-07T11:02:33+00:00","description":"The natural bristle hairbrush stimulates blood circulation, massages the scalp and adds shine to the hair. Ideal for all hair types","breadcrumb":{"@id":"https:\/\/yourshampoo.eu\/product\/plauku-sepetys-su-naturaliais-sereliais\/#breadcrumb"},"inLanguage":"en-US","potentialAction":[{"@type":"ReadAction","target":["https:\/\/yourshampoo.eu\/product\/plauku-sepetys-su-naturaliais-sereliais\/"]}]},{"@type":"ImageObject","inLanguage":"en-US","@id":"https:\/\/yourshampoo.eu\/product\/plauku-sepetys-su-naturaliais-sereliais\/#primaryimage","url":"https:\/\/yourshampoo.eu\/wp-content\/uploads\/2023\/09\/plauku-sepeciai-su-naturaliais-sereliai.jpeg","contentUrl":"https:\/\/yourshampoo.eu\/wp-content\/uploads\/2023\/09\/plauku-sepeciai-su-naturaliais-sereliai.jpeg","width":900,"height":900,"caption":"Plauku sepetys su naturaliais seriais"},{"@type":"BreadcrumbList","@id":"https:\/\/yourshampoo.eu\/product\/plauku-sepetys-su-naturaliais-sereliais\/#breadcrumb","itemListElement":[{"@type":"ListItem","position":1,"name":"Home","item":"https:\/\/yourshampoo.eu\/"},{"@type":"ListItem","position":2,"name":"Plauk\u0173 prie\u017ei\u016bros priemon\u0117s visos tavo plaukams","item":"https:\/\/yourshampoo.eu\/plauku-prieziuros-priemones-plaukams\/"},{"@type":"ListItem","position":3,"name":"Plauk\u0173 \u0160epetys Su Nat\u016braliais \u0160erno \u0160ereliais"}]},{"@type":"WebSite","@id":"https:\/\/yourshampoo.eu\/#website","url":"https:\/\/yourshampoo.eu\/","name":"YourShampoo","description":"","alternateName":"Tavo Sampunas","potentialAction":[{"@type":"SearchAction","target":{"@type":"EntryPoint","urlTemplate":"https:\/\/yourshampoo.eu\/?s={search_term_string}"},"query-input":{"@type":"PropertyValueSpecification","valueRequired":true,"valueName":"search_term_string"}}],"inLanguage":"en-US"}]}},"_links":{"self":[{"href":"https:\/\/yourshampoo.eu\/en\/wp-json\/wp\/v2\/product\/46329","targetHints":{"allow":["GET"]}}],"collection":[{"href":"https:\/\/yourshampoo.eu\/en\/wp-json\/wp\/v2\/product"}],"about":[{"href":"https:\/\/yourshampoo.eu\/en\/wp-json\/wp\/v2\/types\/product"}],"replies":[{"embeddable":true,"href":"https:\/\/yourshampoo.eu\/en\/wp-json\/wp\/v2\/comments?post=46329"}],"wp:featuredmedia":[{"embeddable":true,"href":"https:\/\/yourshampoo.eu\/en\/wp-json\/wp\/v2\/media\/46330"}],"wp:attachment":[{"href":"https:\/\/yourshampoo.eu\/en\/wp-json\/wp\/v2\/media?parent=46329"}],"wp:term":[{"taxonomy":"product_brand","embeddable":true,"href":"https:\/\/yourshampoo.eu\/en\/wp-json\/wp\/v2\/product_brand?post=46329"},{"taxonomy":"product_cat","embeddable":true,"href":"https:\/\/yourshampoo.eu\/en\/wp-json\/wp\/v2\/product_cat?post=46329"},{"taxonomy":"product_tag","embeddable":true,"href":"https:\/\/yourshampoo.eu\/en\/wp-json\/wp\/v2\/product_tag?post=46329"}],"curies":[{"name":"wp","href":"https:\/\/api.w.org\/{rel}","templated":true}]}}