{"id":38234,"date":"2023-03-29T15:12:50","date_gmt":"2023-03-29T15:12:50","guid":{"rendered":"https:\/\/flexmonitorstand.com\/?post_type=product&#038;p=38234"},"modified":"2026-03-18T13:21:37","modified_gmt":"2026-03-18T11:21:37","slug":"sampunas-daugiau-svelnumo","status":"publish","type":"product","link":"https:\/\/yourshampoo.eu\/en\/hair-care-product\/sampunas-daugiau-svelnumo\/","title":{"rendered":"Shampoo for MORE SHINE"},"content":{"rendered":"","protected":false},"excerpt":{"rendered":"<h3 style=\"font-size: 22px; line-height: 30px; color: #343333; font-family: 'Domine'; letter-spacing: -0.9px; margin-top: 30px; border-top: 0.2px solid #97745f; padding-top: 23px; font-weight: bold;\">Frequently asked questions<\/h3>\n[cg_accordion title=\"\ud83d\udc49 Kada verta naudoti \u0161\u012f \u0161amp\u016bn\u0105?\"]<\/p>\n<p>Use it if your hair lacks softness, smoothness, is limp, frizzy, unruly or dry. Also if you want better hydration, shine and revitalisation.<\/p>\n<p>[\/cg_accordion]\n[cg_accordion title=\"\ud83d\udc49 Kok\u012f poveik\u012f suteikia \u0161is \u0161amp\u016bnas?\"]<\/p>\n<p>Gently but effectively cleanses the scalp and hair<br \/>\n&#8211; Gives softness and a nice fall<br \/>\nDeeply nourishes and moisturises without weighing it down<br \/>\n&#8211; Protects against dryness<br \/>\nGives the hair a silky effect<br \/>\n&#8211; Hair becomes shiny, pleasant to touch<br \/>\n&#8211; Protects against external influences<br \/>\nSuitable for coloured, chemically treated and extended hair<br \/>\n&#8211; For both women and men<\/p>\n<p>[\/cg_accordion]\n[cg_accordion title=\"\ud83d\udc49 Kokie aktyv\u016bs ingredientai u\u017etikrina poveik\u012f?\"]<\/p>\n<p>&#8211; <b>Ginger extract<\/b> - improves scalp circulation, strengthens the hair from root to tip and stimulates hair growth<br \/>\n&#8211; <b>Willow bark extract<\/b> - has natural exfoliating properties, helps skin renewal, gently removes dead skin cells and impurities<br \/>\n&#8211; <b>Cranberry extract<\/b> - rich source of vitamins A and C, regenerates follicles, promotes healthy hair growth and smoothness<br \/>\n&#8211; <b>Eucalyptus extract<\/b> - soothes the scalp, relieves itching, stimulates the follicles, and gives hair vitality<\/p>\n<p>[\/cg_accordion]\n[cg_accordion title=\"\ud83d\udc49 Kaip naudoti?\"]<\/p>\n<p>Wet your hair thoroughly, massage a small amount of shampoo into your scalp and rinse thoroughly. Repeat if necessary.<\/p>\n<p>[\/cg_accordion]\n[cg_accordion title=\"\ud83d\udc49 Ar j\u016bs\u0173 produktai yra saug\u016bs?\"]<\/p>\n<p>Yes. All products are paraben-free, SLS\/SLES-free, allergen-free, non-GMO, not tested on animals, and meet all the highest EU requirements.<\/p>\n<p><b>Who is responsible for tavosampunas.lt?<\/b><br \/>\nTavosampunas.lt administrator - MB \"TAGATAGA\", company code 304173166, registered office address Raudondvario pl. 101A, LT-47184, Kaunas.<\/p>\n<p>[\/cg_accordion]\n[cg_accordion title=\"\ud83d\udc49 Kokia \u0161io \u0161amp\u016bno sud\u0117tis?\"]<\/p>\n<p>aqua (water), sodium coco-sulphate, cocamidopropyl betaine, laureth-5 carboxylic acid, thymus vulgaris (thyme) leaf extract, melaleuca alternifolia (tea tree) leaf oil, melaleuca leucadendron cajaputi oil, oryza sativa (rice) extract, pyroctone olamine, taurine, laureth-4, polyquaternium-7, polyester-37, panthenol, glycol distearate, lactic acid, ethylhexylglycerin, sodium dehydroacetate, polyglutamic acid, citric acid, sodium benzoate, sodium sorbate, potassium sorbate, sodium chloride, phenoxyethanol, citral, geraniol, citronellol, perfume (fragrance).<\/p>\n<p>[\/cg_accordion]\n[cg_accordion title=\"\ud83d\udc49 Kokios pristatymo ir gr\u0105\u017einimo s\u0105lygos?\"]<\/p>\n<p><b>Delivery<\/b><br \/>\nThe parcel is dispatched by post office within 1-3 days after payment. Delivery to the post office takes 1-3 days. You will be informed about the shipment by email and SMS.<\/p>\n<p><b>Returns<\/b><br \/>\nWe offer a 100% money back guarantee.<br \/>\n1. Test the measures according to the instructions.<br \/>\n2. If not suitable, please contact us within 30 days.<br \/>\n3. You can choose another product or a refund.<\/p>\n<p>Important:<br \/>\n&#8211; The process is simple and fast<br \/>\n&#8211; We pay the return costs<br \/>\n&#8211; The money is transferred within 5 working days of approval<br \/>\n&#8211; Upon receipt of the returned product, the money will be transferred within 14 days or a new product will be sent<\/p>\n<p>[\/cg_accordion]\n[cg_accordion title=\"\ud83d\udc49 Kam skirtas \u0161is \u0161amp\u016bnas?\"]<\/p>\n<p>A shampoo for more softness: softens and revitalises hair.<\/p>\n<p><b>Kod\u0117l verta rinktis?<\/b><br \/>\nSoft, smooth hair is a sign of a healthy scalp, easier to care for, less breakage and tangles.<\/p>\n<p><b>How does it work?<\/b><br \/>\nNatural ingredients nourish, moisturise and help restore the hair structure, leaving it soft and shiny.<\/p>\n<p><b>Who is it for?<\/b><br \/>\nFor most hair types - both women and men.<\/p>\n<p>[\/cg_accordion]","protected":false},"featured_media":143464,"comment_status":"open","ping_status":"closed","template":"","meta":[],"product_brand":[],"product_cat":[122,127,121,54],"product_tag":[],"class_list":{"0":"post-38234","1":"product","2":"type-product","3":"status-publish","4":"has-post-thumbnail","6":"product_cat-drekinimui","7":"product_cat-issausejusiems-plaukams","8":"product_cat-sampunai","9":"product_cat-rinktines-priemones","10":"product_shipping_class-standard","12":"first","13":"instock","14":"sale","15":"shipping-taxable","16":"purchasable","17":"product-type-variable","18":"has-default-attributes"},"acf":[],"yoast_head":"<!-- This site is optimized with the Yoast SEO plugin v26.7 - https:\/\/yoast.com\/wordpress\/plugins\/seo\/ -->\n<title>\u0160amp\u016bnas DAUGIAU \u0160VELNUMO | TAVO \u0160AMP\u016aNAS<\/title>\n<meta name=\"robots\" content=\"noindex, follow, max-snippet:-1, max-image-preview:large, max-video-preview:-1\" \/>\n<meta property=\"og:locale\" content=\"en_US\" \/>\n<meta property=\"og:type\" content=\"article\" \/>\n<meta property=\"og:title\" content=\"\u0160amp\u016bnas DAUGIAU \u0160VELNUMO | TAVO \u0160AMP\u016aNAS\" \/>\n<meta property=\"og:description\" content=\"Da\u017eniausiai u\u017eduodami klausimai\" \/>\n<meta property=\"og:url\" content=\"https:\/\/yourshampoo.eu\/en\/hair-care-product\/sampunas-daugiau-svelnumo\/\" \/>\n<meta property=\"og:site_name\" content=\"TAVO \u0160AMP\u016aNAS\" \/>\n<meta property=\"article:publisher\" content=\"https:\/\/www.facebook.com\/tavosampunasofficial\" \/>\n<meta property=\"article:modified_time\" content=\"2026-03-18T11:21:37+00:00\" \/>\n<meta property=\"og:image\" content=\"https:\/\/yourshampoo.eu\/wp-content\/uploads\/2023\/03\/sampunas-suteikiantis-svelnumo-tavosampunas-v2.jpg\" \/>\n\t<meta property=\"og:image:width\" content=\"1080\" \/>\n\t<meta property=\"og:image:height\" content=\"1080\" \/>\n\t<meta property=\"og:image:type\" content=\"image\/jpeg\" \/>\n<meta name=\"twitter:card\" content=\"summary_large_image\" \/>\n<meta name=\"twitter:label1\" content=\"Est. reading time\" \/>\n\t<meta name=\"twitter:data1\" content=\"1 minute\" \/>\n<script type=\"application\/ld+json\" class=\"yoast-schema-graph\">{\"@context\":\"https:\/\/schema.org\",\"@graph\":[{\"@type\":\"WebPage\",\"@id\":\"https:\/\/yourshampoo.eu\/product\/sampunas-daugiau-svelnumo\/\",\"url\":\"https:\/\/yourshampoo.eu\/product\/sampunas-daugiau-svelnumo\/\",\"name\":\"\u0160amp\u016bnas DAUGIAU \u0160VELNUMO | TAVO \u0160AMP\u016aNAS\",\"isPartOf\":{\"@id\":\"https:\/\/yourshampoo.eu\/#website\"},\"primaryImageOfPage\":{\"@id\":\"https:\/\/yourshampoo.eu\/product\/sampunas-daugiau-svelnumo\/#primaryimage\"},\"image\":{\"@id\":\"https:\/\/yourshampoo.eu\/product\/sampunas-daugiau-svelnumo\/#primaryimage\"},\"thumbnailUrl\":\"https:\/\/yourshampoo.eu\/wp-content\/uploads\/2023\/03\/sampunas-suteikiantis-svelnumo-tavosampunas-v2.jpg\",\"datePublished\":\"2023-03-29T15:12:50+00:00\",\"dateModified\":\"2026-03-18T11:21:37+00:00\",\"breadcrumb\":{\"@id\":\"https:\/\/yourshampoo.eu\/product\/sampunas-daugiau-svelnumo\/#breadcrumb\"},\"inLanguage\":\"en-US\",\"potentialAction\":[{\"@type\":\"ReadAction\",\"target\":[\"https:\/\/yourshampoo.eu\/product\/sampunas-daugiau-svelnumo\/\"]}]},{\"@type\":\"ImageObject\",\"inLanguage\":\"en-US\",\"@id\":\"https:\/\/yourshampoo.eu\/product\/sampunas-daugiau-svelnumo\/#primaryimage\",\"url\":\"https:\/\/yourshampoo.eu\/wp-content\/uploads\/2023\/03\/sampunas-suteikiantis-svelnumo-tavosampunas-v2.jpg\",\"contentUrl\":\"https:\/\/yourshampoo.eu\/wp-content\/uploads\/2023\/03\/sampunas-suteikiantis-svelnumo-tavosampunas-v2.jpg\",\"width\":1080,\"height\":1080},{\"@type\":\"BreadcrumbList\",\"@id\":\"https:\/\/yourshampoo.eu\/product\/sampunas-daugiau-svelnumo\/#breadcrumb\",\"itemListElement\":[{\"@type\":\"ListItem\",\"position\":1,\"name\":\"Home\",\"item\":\"https:\/\/yourshampoo.eu\/\"},{\"@type\":\"ListItem\",\"position\":2,\"name\":\"Plauk\u0173 prie\u017ei\u016bros priemon\u0117s visos tavo plaukams\",\"item\":\"https:\/\/yourshampoo.eu\/plauku-prieziuros-priemones-plaukams\/\"},{\"@type\":\"ListItem\",\"position\":3,\"name\":\"\u0160amp\u016bnas DAUGIAU \u0160VELNUMO\"}]},{\"@type\":\"WebSite\",\"@id\":\"https:\/\/yourshampoo.eu\/#website\",\"url\":\"https:\/\/yourshampoo.eu\/\",\"name\":\"YourShampoo\",\"description\":\"\",\"alternateName\":\"Tavo Sampunas\",\"potentialAction\":[{\"@type\":\"SearchAction\",\"target\":{\"@type\":\"EntryPoint\",\"urlTemplate\":\"https:\/\/yourshampoo.eu\/?s={search_term_string}\"},\"query-input\":{\"@type\":\"PropertyValueSpecification\",\"valueRequired\":true,\"valueName\":\"search_term_string\"}}],\"inLanguage\":\"en-US\"}]}<\/script>\n<!-- \/ Yoast SEO plugin. -->","yoast_head_json":{"title":"\u0160amp\u016bnas DAUGIAU \u0160VELNUMO | TAVO \u0160AMP\u016aNAS","robots":{"index":"noindex","follow":"follow","max-snippet":"max-snippet:-1","max-image-preview":"max-image-preview:large","max-video-preview":"max-video-preview:-1"},"og_locale":"en_US","og_type":"article","og_title":"\u0160amp\u016bnas DAUGIAU \u0160VELNUMO | TAVO \u0160AMP\u016aNAS","og_description":"Da\u017eniausiai u\u017eduodami klausimai","og_url":"https:\/\/yourshampoo.eu\/en\/hair-care-product\/sampunas-daugiau-svelnumo\/","og_site_name":"TAVO \u0160AMP\u016aNAS","article_publisher":"https:\/\/www.facebook.com\/tavosampunasofficial","article_modified_time":"2026-03-18T11:21:37+00:00","og_image":[{"width":1080,"height":1080,"url":"https:\/\/yourshampoo.eu\/wp-content\/uploads\/2023\/03\/sampunas-suteikiantis-svelnumo-tavosampunas-v2.jpg","type":"image\/jpeg"}],"twitter_card":"summary_large_image","twitter_misc":{"Est. reading time":"1 minute"},"schema":{"@context":"https:\/\/schema.org","@graph":[{"@type":"WebPage","@id":"https:\/\/yourshampoo.eu\/product\/sampunas-daugiau-svelnumo\/","url":"https:\/\/yourshampoo.eu\/product\/sampunas-daugiau-svelnumo\/","name":"\u0160amp\u016bnas DAUGIAU \u0160VELNUMO | TAVO \u0160AMP\u016aNAS","isPartOf":{"@id":"https:\/\/yourshampoo.eu\/#website"},"primaryImageOfPage":{"@id":"https:\/\/yourshampoo.eu\/product\/sampunas-daugiau-svelnumo\/#primaryimage"},"image":{"@id":"https:\/\/yourshampoo.eu\/product\/sampunas-daugiau-svelnumo\/#primaryimage"},"thumbnailUrl":"https:\/\/yourshampoo.eu\/wp-content\/uploads\/2023\/03\/sampunas-suteikiantis-svelnumo-tavosampunas-v2.jpg","datePublished":"2023-03-29T15:12:50+00:00","dateModified":"2026-03-18T11:21:37+00:00","breadcrumb":{"@id":"https:\/\/yourshampoo.eu\/product\/sampunas-daugiau-svelnumo\/#breadcrumb"},"inLanguage":"en-US","potentialAction":[{"@type":"ReadAction","target":["https:\/\/yourshampoo.eu\/product\/sampunas-daugiau-svelnumo\/"]}]},{"@type":"ImageObject","inLanguage":"en-US","@id":"https:\/\/yourshampoo.eu\/product\/sampunas-daugiau-svelnumo\/#primaryimage","url":"https:\/\/yourshampoo.eu\/wp-content\/uploads\/2023\/03\/sampunas-suteikiantis-svelnumo-tavosampunas-v2.jpg","contentUrl":"https:\/\/yourshampoo.eu\/wp-content\/uploads\/2023\/03\/sampunas-suteikiantis-svelnumo-tavosampunas-v2.jpg","width":1080,"height":1080},{"@type":"BreadcrumbList","@id":"https:\/\/yourshampoo.eu\/product\/sampunas-daugiau-svelnumo\/#breadcrumb","itemListElement":[{"@type":"ListItem","position":1,"name":"Home","item":"https:\/\/yourshampoo.eu\/"},{"@type":"ListItem","position":2,"name":"Plauk\u0173 prie\u017ei\u016bros priemon\u0117s visos tavo plaukams","item":"https:\/\/yourshampoo.eu\/plauku-prieziuros-priemones-plaukams\/"},{"@type":"ListItem","position":3,"name":"\u0160amp\u016bnas DAUGIAU \u0160VELNUMO"}]},{"@type":"WebSite","@id":"https:\/\/yourshampoo.eu\/#website","url":"https:\/\/yourshampoo.eu\/","name":"YourShampoo","description":"","alternateName":"Tavo Sampunas","potentialAction":[{"@type":"SearchAction","target":{"@type":"EntryPoint","urlTemplate":"https:\/\/yourshampoo.eu\/?s={search_term_string}"},"query-input":{"@type":"PropertyValueSpecification","valueRequired":true,"valueName":"search_term_string"}}],"inLanguage":"en-US"}]}},"_links":{"self":[{"href":"https:\/\/yourshampoo.eu\/en\/wp-json\/wp\/v2\/product\/38234","targetHints":{"allow":["GET"]}}],"collection":[{"href":"https:\/\/yourshampoo.eu\/en\/wp-json\/wp\/v2\/product"}],"about":[{"href":"https:\/\/yourshampoo.eu\/en\/wp-json\/wp\/v2\/types\/product"}],"replies":[{"embeddable":true,"href":"https:\/\/yourshampoo.eu\/en\/wp-json\/wp\/v2\/comments?post=38234"}],"wp:featuredmedia":[{"embeddable":true,"href":"https:\/\/yourshampoo.eu\/en\/wp-json\/wp\/v2\/media\/143464"}],"wp:attachment":[{"href":"https:\/\/yourshampoo.eu\/en\/wp-json\/wp\/v2\/media?parent=38234"}],"wp:term":[{"taxonomy":"product_brand","embeddable":true,"href":"https:\/\/yourshampoo.eu\/en\/wp-json\/wp\/v2\/product_brand?post=38234"},{"taxonomy":"product_cat","embeddable":true,"href":"https:\/\/yourshampoo.eu\/en\/wp-json\/wp\/v2\/product_cat?post=38234"},{"taxonomy":"product_tag","embeddable":true,"href":"https:\/\/yourshampoo.eu\/en\/wp-json\/wp\/v2\/product_tag?post=38234"}],"curies":[{"name":"wp","href":"https:\/\/api.w.org\/{rel}","templated":true}]}}