{"id":22523,"date":"2022-07-18T19:59:46","date_gmt":"2022-07-18T19:59:46","guid":{"rendered":"https:\/\/flexmonitorstand.com\/?post_type=product&#038;p=22523"},"modified":"2026-03-17T13:17:41","modified_gmt":"2026-03-17T11:17:41","slug":"apimties-suteikiantis-sampunas","status":"publish","type":"product","link":"https:\/\/yourshampoo.eu\/en\/hair-care-product\/apimties-suteikiantis-sampunas\/","title":{"rendered":"When you want more volume, less washing and stronger hair: the M\u00dcZA Functional Shampoo"},"content":{"rendered":"<h1 class=\"wp-block-heading\">Volumising Shampoo + Moisturising: the next generation of hair care<\/h1>\r\n\r\n\r\n\r\n<p>Often, shampoos designed to add volume can dry out your hair. But our new formula not only volumises your hair, it also intensely moisturises it. Designed for hair that is thin, dry and unruly, this <strong>volumising shampoo<\/strong> is not only a shampoo but also a multifunctional product. Yes, you understood correctly, it is shampoo + moisturising in one.<\/p>\r\n\r\n\r\n\r\n<h5 class=\"wp-block-heading\">Essence and characteristics<\/h5>\r\n\r\n\r\n\r\n<h5 class=\"wp-block-heading\">Gentleness and efficiency<\/h5>\r\n\r\n\r\n\r\n<p>The shampoo gently but effectively cleanses the scalp without the use of harsh chemicals that can damage your hair structure or scalp.<\/p>\r\n\r\n\r\n\r\n<h5 class=\"wp-block-heading\">Volume and fall<\/h5>\r\n\r\n\r\n\r\n<p>Who doesn't want a little more volume? This shampoo not only cleanses, but also adds volume without weighing your hair down.<\/p>\r\n\r\n\r\n\r\n<h5 class=\"wp-block-heading\">Irrigation<\/h5>\r\n\r\n\r\n\r\n<p>Amino acids and glycerin are the main ingredients that ensure that your hair is deeply moisturised. They also help to retain moisture, preventing dryness and loss of shine.<\/p>\r\n\r\n\r\n\r\n<h5 class=\"wp-block-heading\">Ingredients<\/h5>\r\n\r\n\r\n\r\n<h5 class=\"wp-block-heading\">Natural ginger extract<\/h5>\r\n\r\n\r\n\r\n<p>Improves blood circulation to the scalp, which strengthens the hair from root to tip, stimulates hair growth and ensures a better supply of hair nutrients.<\/p>\r\n\r\n\r\n\r\n<h5 class=\"wp-block-heading\">Natural marine collagen<\/h5>\r\n\r\n\r\n\r\n<p>Protects hair from damage and aggressive external factors, strengthens both hair and scalp, promotes the growth of healthy, stronger hair, and deeply hydrates.<\/p>\r\n\r\n\r\n\r\n<h5 class=\"wp-block-heading\">Amino acid complex<\/h5>\r\n\r\n\r\n\r\n<p>It actively stimulates blood circulation in the scalp, promotes a much better supply of essential substances to the hair, nourishes and strengthens the hair from the inside.<\/p>\r\n\r\n\r\n\r\n<p><strong>Glycerol<\/strong><\/p>\r\n\r\n\r\n\r\n<p>Ensures maximum hydration: it attracts moisture from the environment and prevents moisture loss by creating a special barrier. This protects hair and scalp from dehydration and damage.<\/p>\r\n\r\n\r\n\r\n<p>It's hard to find a shampoo that's fully effective, but our volumising shampoo with a blend of ginger, amino acids and glycerin is a great choice for everyone, regardless of hair type.<\/p>","protected":false},"excerpt":{"rendered":"<h3 style=\"font-size: 22px; line-height: 30px; color: #343333; font-family: 'Domine'; letter-spacing: -0.9px; margin-top: -30px; border-top: 0.2px solid #97745f; padding-top: 23px; font-weight: bold;\">Frequently asked questions<\/h3>\n<p>[cg_accordion title=\"\ud83d\udc49 Kuo \u0161is \u0161amp\u016bnas i\u0161siskiria ir kam jis skirtas?\"] Padeda saugoti plauk\u0173 spalv\u0105. <strong>Use me if<\/strong>:<\/p>\n<ul>\n<li>Your hair lacks volume<\/li>\n<li>They are thin, flabby, clinging to the roots<\/li>\n<li>They become dry and brittle<\/li>\n<li>Behaving, shuffling, disobedient<\/li>\n<li>Want better hydration for your hair<\/li>\n<li>You want to revitalise them, make them shine<\/li>\n<\/ul>\n<p><strong>This shampoo:<\/strong><\/p>\n<ul>\n<li>Gently but effectively cleanses the scalp and hair<\/li>\n<li>Gives volume and a nice fall<\/li>\n<li>Deeply nourishes and moisturises hair without weighing it down<\/li>\n<li>Protects hair and scalp from dryness<\/li>\n<li>Gives a silky effect to the outer layer of the hair<\/li>\n<li>Hair becomes pleasant to the touch, shiny<\/li>\n<li>Protects the hair from aggressive external agents<\/li>\n<li>Suitable for coloured, chemically treated and extended hair<\/li>\n<li>Suitable for both women and men<\/li>\n<\/ul>\n<p>[\/cg_accordion] [cg_accordion title=\"\ud83d\udc49 Kaip naudoti\"] <strong>Shampoo<\/strong> gerai su\u0161lapinti plaukus, nedidel\u012f kiek\u012f \u012fmasa\u017euoti \u012f galvos od\u0105, kruop\u0161\u010diai i\u0161skalauti. Pakartoti, jeigu reikia. [\/cg_accordion] [cg_accordion title=\"\ud83d\udc49 Informacija klientui\"] <strong>ARE YOUR PRODUCTS SAFE?<\/strong> Yes. All products are paraben-free, SLS\/SLES-free, allergen-free, non-GMO, not tested on animals, and comply with all the highest EU standards. <strong>WHO IS RESPONSIBLE FOR TAVOSAMPUNAS.LT?<\/strong> Tavosampunas.lt administratorius \u2013 MB \u201eTAGATAGA\u201c, \u012fmon\u0117s kodas 304173166, buvein\u0117s adresas Raudondvario pl. 101A, LT-47184, Kaunas. [\/cg_accordion] [cg_accordion title=\"\ud83d\udc49 Sud\u0117tis\"] Ingredients: aqua (water), sodium coco-sulfate, cocamidopropyl betaine, laureth-5 carboxylic acid, zingiber officinale (ginger) root extract, creatine, arginine hel, maltodextrin, proline, soluble collagen, lactic acid, glycol distearate, polyester-37, polyquaternium-7, laureth-4, ethylhexylglycerin, glycerin, sodium dehydroacetate, sodium chloride, potassium sorbate, sodium benzoate, phenoxyethanol, linalool, limonene, citronellol, parfum (fragrance). [\/cg_accordion] [cg_accordion title=\"\ud83d\udc49 Pristatymas ir gr\u0105\u017einimas\"] <strong>DELIVERY CONDITIONS<\/strong> Your parcel is dispatched by post office within 1-3 days after payment is received. After being placed in the post office, the parcel arrives within 1-3 days. You will be notified by email when your parcel is dispatched and by SMS when it is delivered. <strong>CONDITIONS FOR REIMBURSEMENT<\/strong> We offer a 100% unconditional money back guarantee. <b>How does it work?<\/b><\/p>\n<ol>\n<li><strong>Try the tools:<\/strong> use as directed.<\/li>\n<li><strong>Contact us:<\/strong> if not suitable, within 30 days from the date of purchase.<\/li>\n<li><strong>Return or exchange:<\/strong> we can change or refund the amount.<\/li>\n<\/ol>\n<p><b>Important to know:<\/b><\/p>\n<ul>\n<li>The refund process is simple and fast.<\/li>\n<li>We pay the return costs.<\/li>\n<li>The money is transferred within 5 days after approval.<\/li>\n<li>Refunds are only valid for instruments based on test results.<\/li>\n<\/ul>\n<p><strong>REFUNDS:<\/strong> Once the returned product has been received, the money will be refunded within 14 days. <strong>REPLACING THE PRODUCT:<\/strong> Gavus gr\u0105\u017einam\u0105 produkt\u0105, naujas bus i\u0161si\u0173stas nedelsiant. [\/cg_accordion] [cg_accordion title=\"\ud83d\udc49 \u0160amp\u016bnas dr\u0117kinimui ir apim\u010diai\"] <strong>Moisturising shampoo for more volume: transform your hair from the inside<\/strong> Have you noticed that your hair can become drained and lifeless? This is especially true for those who want more volume. Moisturising shampoos not only restore the beauty of your hair but also give it volume. <strong>Why is it important to moisturise your hair?<\/strong> Dry hair is prone to breakage and volume loss, so moisturising is essential for its health. <strong>How does a moisturising shampoo work?<\/strong> Shampoos with moisturising properties (e.g. with aloe vera, argan oil, keratin) help retain moisture and elasticity, and provide extra volume. <strong>Can a moisturising shampoo add volume?<\/strong> Yes - it doesn't weigh down the hair, it allows it to stay lifted from the roots. <strong>Conclusion:<\/strong> Jei norite, kad plaukai b\u016bt\u0173 kupini gyvyb\u0117s, dr\u0117kinamasis \u0161amp\u016bnas apim\u010diai \u2013 puikus pasirinkimas. Jis atgaivins plaukus ir pad\u0117s jiems i\u0161likti pakilusiems nuo \u0161akn\u0173. [\/cg_accordion]<\/p>","protected":false},"featured_media":143431,"comment_status":"open","ping_status":"closed","template":"","meta":[],"product_brand":[],"product_cat":[122,127],"product_tag":[],"class_list":{"0":"post-22523","1":"product","2":"type-product","3":"status-publish","4":"has-post-thumbnail","6":"product_cat-drekinimui","7":"product_cat-issausejusiems-plaukams","8":"product_shipping_class-standard","10":"first","11":"instock","12":"sale","13":"shipping-taxable","14":"purchasable","15":"product-type-variable","16":"has-default-attributes"},"acf":[],"yoast_head":"<!-- This site is optimized with the Yoast SEO plugin v26.7 - https:\/\/yoast.com\/wordpress\/plugins\/seo\/ -->\n<title>Kai nori daugiau apimties, retesnio plovimo ir stipresni\u0173 plauk\u0173: Funkcinis \u0160amp\u016bnas M\u00dcZA | TAVO \u0160AMP\u016aNAS<\/title>\n<meta name=\"description\" content=\"Apimties suteikiantis \u0161amp\u016bnas su imbiero, amino r\u016bg\u0161\u010di\u0173 ir glicerino kompozicija. Efektyviai valo, dr\u0117kina ir suteikia apimties plaukams.\" \/>\n<meta name=\"robots\" content=\"noindex, follow, max-snippet:-1, max-image-preview:large, max-video-preview:-1\" \/>\n<meta property=\"og:locale\" content=\"en_US\" \/>\n<meta property=\"og:type\" content=\"article\" \/>\n<meta property=\"og:title\" content=\"Kai nori daugiau apimties, retesnio plovimo ir stipresni\u0173 plauk\u0173: Funkcinis \u0160amp\u016bnas M\u00dcZA | TAVO \u0160AMP\u016aNAS\" \/>\n<meta property=\"og:description\" content=\"Apimties suteikiantis \u0161amp\u016bnas su imbiero, amino r\u016bg\u0161\u010di\u0173 ir glicerino kompozicija. Efektyviai valo, dr\u0117kina ir suteikia apimties plaukams.\" \/>\n<meta property=\"og:url\" content=\"https:\/\/yourshampoo.eu\/en\/hair-care-product\/apimties-suteikiantis-sampunas\/\" \/>\n<meta property=\"og:site_name\" content=\"TAVO \u0160AMP\u016aNAS\" \/>\n<meta property=\"article:publisher\" content=\"https:\/\/www.facebook.com\/tavosampunasofficial\" \/>\n<meta property=\"article:modified_time\" content=\"2026-03-17T11:17:41+00:00\" \/>\n<meta property=\"og:image\" content=\"https:\/\/yourshampoo.eu\/wp-content\/uploads\/2022\/07\/apimties-suteikiantis-sampunas-tavosampunas3.jpg\" \/>\n\t<meta property=\"og:image:width\" content=\"1080\" \/>\n\t<meta property=\"og:image:height\" content=\"1080\" \/>\n\t<meta property=\"og:image:type\" content=\"image\/jpeg\" \/>\n<meta name=\"twitter:card\" content=\"summary_large_image\" \/>\n<meta name=\"twitter:label1\" content=\"Est. reading time\" \/>\n\t<meta name=\"twitter:data1\" content=\"2 minutes\" \/>\n<script type=\"application\/ld+json\" class=\"yoast-schema-graph\">{\"@context\":\"https:\/\/schema.org\",\"@graph\":[{\"@type\":\"WebPage\",\"@id\":\"https:\/\/yourshampoo.eu\/product\/apimties-suteikiantis-sampunas\/\",\"url\":\"https:\/\/yourshampoo.eu\/product\/apimties-suteikiantis-sampunas\/\",\"name\":\"Kai nori daugiau apimties, retesnio plovimo ir stipresni\u0173 plauk\u0173: Funkcinis \u0160amp\u016bnas M\u00dcZA | TAVO \u0160AMP\u016aNAS\",\"isPartOf\":{\"@id\":\"https:\/\/yourshampoo.eu\/#website\"},\"primaryImageOfPage\":{\"@id\":\"https:\/\/yourshampoo.eu\/product\/apimties-suteikiantis-sampunas\/#primaryimage\"},\"image\":{\"@id\":\"https:\/\/yourshampoo.eu\/product\/apimties-suteikiantis-sampunas\/#primaryimage\"},\"thumbnailUrl\":\"https:\/\/yourshampoo.eu\/wp-content\/uploads\/2022\/07\/apimties-suteikiantis-sampunas-tavosampunas3.jpg\",\"datePublished\":\"2022-07-18T19:59:46+00:00\",\"dateModified\":\"2026-03-17T11:17:41+00:00\",\"description\":\"Apimties suteikiantis \u0161amp\u016bnas su imbiero, amino r\u016bg\u0161\u010di\u0173 ir glicerino kompozicija. Efektyviai valo, dr\u0117kina ir suteikia apimties plaukams.\",\"breadcrumb\":{\"@id\":\"https:\/\/yourshampoo.eu\/product\/apimties-suteikiantis-sampunas\/#breadcrumb\"},\"inLanguage\":\"en-US\",\"potentialAction\":[{\"@type\":\"ReadAction\",\"target\":[\"https:\/\/yourshampoo.eu\/product\/apimties-suteikiantis-sampunas\/\"]}]},{\"@type\":\"ImageObject\",\"inLanguage\":\"en-US\",\"@id\":\"https:\/\/yourshampoo.eu\/product\/apimties-suteikiantis-sampunas\/#primaryimage\",\"url\":\"https:\/\/yourshampoo.eu\/wp-content\/uploads\/2022\/07\/apimties-suteikiantis-sampunas-tavosampunas3.jpg\",\"contentUrl\":\"https:\/\/yourshampoo.eu\/wp-content\/uploads\/2022\/07\/apimties-suteikiantis-sampunas-tavosampunas3.jpg\",\"width\":1080,\"height\":1080},{\"@type\":\"BreadcrumbList\",\"@id\":\"https:\/\/yourshampoo.eu\/product\/apimties-suteikiantis-sampunas\/#breadcrumb\",\"itemListElement\":[{\"@type\":\"ListItem\",\"position\":1,\"name\":\"Home\",\"item\":\"https:\/\/yourshampoo.eu\/\"},{\"@type\":\"ListItem\",\"position\":2,\"name\":\"Plauk\u0173 prie\u017ei\u016bros priemon\u0117s visos tavo plaukams\",\"item\":\"https:\/\/yourshampoo.eu\/plauku-prieziuros-priemones-plaukams\/\"},{\"@type\":\"ListItem\",\"position\":3,\"name\":\"Kai nori daugiau apimties, retesnio plovimo ir stipresni\u0173 plauk\u0173: Funkcinis \u0160amp\u016bnas M\u00dcZA\"}]},{\"@type\":\"WebSite\",\"@id\":\"https:\/\/yourshampoo.eu\/#website\",\"url\":\"https:\/\/yourshampoo.eu\/\",\"name\":\"YourShampoo\",\"description\":\"\",\"alternateName\":\"Tavo Sampunas\",\"potentialAction\":[{\"@type\":\"SearchAction\",\"target\":{\"@type\":\"EntryPoint\",\"urlTemplate\":\"https:\/\/yourshampoo.eu\/?s={search_term_string}\"},\"query-input\":{\"@type\":\"PropertyValueSpecification\",\"valueRequired\":true,\"valueName\":\"search_term_string\"}}],\"inLanguage\":\"en-US\"}]}<\/script>\n<!-- \/ Yoast SEO plugin. -->","yoast_head_json":{"title":"Kai nori daugiau apimties, retesnio plovimo ir stipresni\u0173 plauk\u0173: Funkcinis \u0160amp\u016bnas M\u00dcZA | TAVO \u0160AMP\u016aNAS","description":"A volumising shampoo with ginger, amino acids and glycerin. Effectively cleanses, moisturises and volumises the hair.","robots":{"index":"noindex","follow":"follow","max-snippet":"max-snippet:-1","max-image-preview":"max-image-preview:large","max-video-preview":"max-video-preview:-1"},"og_locale":"en_US","og_type":"article","og_title":"Kai nori daugiau apimties, retesnio plovimo ir stipresni\u0173 plauk\u0173: Funkcinis \u0160amp\u016bnas M\u00dcZA | TAVO \u0160AMP\u016aNAS","og_description":"Apimties suteikiantis \u0161amp\u016bnas su imbiero, amino r\u016bg\u0161\u010di\u0173 ir glicerino kompozicija. Efektyviai valo, dr\u0117kina ir suteikia apimties plaukams.","og_url":"https:\/\/yourshampoo.eu\/en\/hair-care-product\/apimties-suteikiantis-sampunas\/","og_site_name":"TAVO \u0160AMP\u016aNAS","article_publisher":"https:\/\/www.facebook.com\/tavosampunasofficial","article_modified_time":"2026-03-17T11:17:41+00:00","og_image":[{"width":1080,"height":1080,"url":"https:\/\/yourshampoo.eu\/wp-content\/uploads\/2022\/07\/apimties-suteikiantis-sampunas-tavosampunas3.jpg","type":"image\/jpeg"}],"twitter_card":"summary_large_image","twitter_misc":{"Est. reading time":"2 minutes"},"schema":{"@context":"https:\/\/schema.org","@graph":[{"@type":"WebPage","@id":"https:\/\/yourshampoo.eu\/product\/apimties-suteikiantis-sampunas\/","url":"https:\/\/yourshampoo.eu\/product\/apimties-suteikiantis-sampunas\/","name":"Kai nori daugiau apimties, retesnio plovimo ir stipresni\u0173 plauk\u0173: Funkcinis \u0160amp\u016bnas M\u00dcZA | TAVO \u0160AMP\u016aNAS","isPartOf":{"@id":"https:\/\/yourshampoo.eu\/#website"},"primaryImageOfPage":{"@id":"https:\/\/yourshampoo.eu\/product\/apimties-suteikiantis-sampunas\/#primaryimage"},"image":{"@id":"https:\/\/yourshampoo.eu\/product\/apimties-suteikiantis-sampunas\/#primaryimage"},"thumbnailUrl":"https:\/\/yourshampoo.eu\/wp-content\/uploads\/2022\/07\/apimties-suteikiantis-sampunas-tavosampunas3.jpg","datePublished":"2022-07-18T19:59:46+00:00","dateModified":"2026-03-17T11:17:41+00:00","description":"A volumising shampoo with ginger, amino acids and glycerin. Effectively cleanses, moisturises and volumises the hair.","breadcrumb":{"@id":"https:\/\/yourshampoo.eu\/product\/apimties-suteikiantis-sampunas\/#breadcrumb"},"inLanguage":"en-US","potentialAction":[{"@type":"ReadAction","target":["https:\/\/yourshampoo.eu\/product\/apimties-suteikiantis-sampunas\/"]}]},{"@type":"ImageObject","inLanguage":"en-US","@id":"https:\/\/yourshampoo.eu\/product\/apimties-suteikiantis-sampunas\/#primaryimage","url":"https:\/\/yourshampoo.eu\/wp-content\/uploads\/2022\/07\/apimties-suteikiantis-sampunas-tavosampunas3.jpg","contentUrl":"https:\/\/yourshampoo.eu\/wp-content\/uploads\/2022\/07\/apimties-suteikiantis-sampunas-tavosampunas3.jpg","width":1080,"height":1080},{"@type":"BreadcrumbList","@id":"https:\/\/yourshampoo.eu\/product\/apimties-suteikiantis-sampunas\/#breadcrumb","itemListElement":[{"@type":"ListItem","position":1,"name":"Home","item":"https:\/\/yourshampoo.eu\/"},{"@type":"ListItem","position":2,"name":"Plauk\u0173 prie\u017ei\u016bros priemon\u0117s visos tavo plaukams","item":"https:\/\/yourshampoo.eu\/plauku-prieziuros-priemones-plaukams\/"},{"@type":"ListItem","position":3,"name":"Kai nori daugiau apimties, retesnio plovimo ir stipresni\u0173 plauk\u0173: Funkcinis \u0160amp\u016bnas M\u00dcZA"}]},{"@type":"WebSite","@id":"https:\/\/yourshampoo.eu\/#website","url":"https:\/\/yourshampoo.eu\/","name":"YourShampoo","description":"","alternateName":"Tavo Sampunas","potentialAction":[{"@type":"SearchAction","target":{"@type":"EntryPoint","urlTemplate":"https:\/\/yourshampoo.eu\/?s={search_term_string}"},"query-input":{"@type":"PropertyValueSpecification","valueRequired":true,"valueName":"search_term_string"}}],"inLanguage":"en-US"}]}},"_links":{"self":[{"href":"https:\/\/yourshampoo.eu\/en\/wp-json\/wp\/v2\/product\/22523","targetHints":{"allow":["GET"]}}],"collection":[{"href":"https:\/\/yourshampoo.eu\/en\/wp-json\/wp\/v2\/product"}],"about":[{"href":"https:\/\/yourshampoo.eu\/en\/wp-json\/wp\/v2\/types\/product"}],"replies":[{"embeddable":true,"href":"https:\/\/yourshampoo.eu\/en\/wp-json\/wp\/v2\/comments?post=22523"}],"wp:featuredmedia":[{"embeddable":true,"href":"https:\/\/yourshampoo.eu\/en\/wp-json\/wp\/v2\/media\/143431"}],"wp:attachment":[{"href":"https:\/\/yourshampoo.eu\/en\/wp-json\/wp\/v2\/media?parent=22523"}],"wp:term":[{"taxonomy":"product_brand","embeddable":true,"href":"https:\/\/yourshampoo.eu\/en\/wp-json\/wp\/v2\/product_brand?post=22523"},{"taxonomy":"product_cat","embeddable":true,"href":"https:\/\/yourshampoo.eu\/en\/wp-json\/wp\/v2\/product_cat?post=22523"},{"taxonomy":"product_tag","embeddable":true,"href":"https:\/\/yourshampoo.eu\/en\/wp-json\/wp\/v2\/product_tag?post=22523"}],"curies":[{"name":"wp","href":"https:\/\/api.w.org\/{rel}","templated":true}]}}