{"id":19628,"date":"2022-05-25T11:06:26","date_gmt":"2022-05-25T11:06:26","guid":{"rendered":"https:\/\/flexmonitorstand.com\/?post_type=product&#038;p=19628"},"modified":"2026-01-04T19:40:37","modified_gmt":"2026-01-04T17:40:37","slug":"dovanele-siurprizas","status":"publish","type":"product","link":"https:\/\/yourshampoo.eu\/en\/hair-care-product\/dovanele-siurprizas\/","title":{"rendered":"Dovan\u0117l\u0117-siurprizas\ud83c\udf81 Kartais gera b\u016bti nustebintu!"},"content":{"rendered":"","protected":false},"excerpt":{"rendered":"","protected":false},"featured_media":19629,"comment_status":"open","ping_status":"closed","template":"","meta":[],"product_brand":[],"product_cat":[16],"product_tag":[],"class_list":{"0":"post-19628","1":"product","2":"type-product","3":"status-publish","4":"has-post-thumbnail","6":"product_cat-uncategorized","8":"first","9":"instock","10":"shipping-taxable","11":"purchasable","12":"product-type-simple"},"acf":[],"yoast_head":"<!-- This site is optimized with the Yoast SEO plugin v26.7 - https:\/\/yoast.com\/wordpress\/plugins\/seo\/ -->\n<title>Dovan\u0117l\u0117-siurprizas\ud83c\udf81 Kartais gera b\u016bti nustebintu! | TAVO \u0160AMP\u016aNAS<\/title>\n<meta name=\"robots\" content=\"noindex, follow, max-snippet:-1, max-image-preview:large, max-video-preview:-1\" \/>\n<meta property=\"og:locale\" content=\"en_US\" \/>\n<meta property=\"og:type\" content=\"article\" \/>\n<meta property=\"og:title\" content=\"Dovan\u0117l\u0117-siurprizas\ud83c\udf81 Kartais gera b\u016bti nustebintu! | TAVO \u0160AMP\u016aNAS\" \/>\n<meta property=\"og:url\" content=\"https:\/\/yourshampoo.eu\/en\/hair-care-product\/dovanele-siurprizas\/\" \/>\n<meta property=\"og:site_name\" content=\"TAVO \u0160AMP\u016aNAS\" \/>\n<meta property=\"article:publisher\" content=\"https:\/\/www.facebook.com\/tavosampunasofficial\" \/>\n<meta property=\"article:modified_time\" content=\"2026-01-04T17:40:37+00:00\" \/>\n<meta property=\"og:image\" content=\"https:\/\/yourshampoo.eu\/wp-content\/uploads\/2023\/07\/dovanele2-1.png\" \/>\n\t<meta property=\"og:image:width\" content=\"900\" \/>\n\t<meta property=\"og:image:height\" content=\"900\" \/>\n\t<meta property=\"og:image:type\" content=\"image\/png\" \/>\n<meta name=\"twitter:card\" content=\"summary_large_image\" \/>\n<script type=\"application\/ld+json\" class=\"yoast-schema-graph\">{\"@context\":\"https:\/\/schema.org\",\"@graph\":[{\"@type\":\"WebPage\",\"@id\":\"https:\/\/yourshampoo.eu\/product\/dovanele-siurprizas\/\",\"url\":\"https:\/\/yourshampoo.eu\/product\/dovanele-siurprizas\/\",\"name\":\"Dovan\u0117l\u0117-siurprizas\ud83c\udf81 Kartais gera b\u016bti nustebintu! | TAVO \u0160AMP\u016aNAS\",\"isPartOf\":{\"@id\":\"https:\/\/yourshampoo.eu\/#website\"},\"primaryImageOfPage\":{\"@id\":\"https:\/\/yourshampoo.eu\/product\/dovanele-siurprizas\/#primaryimage\"},\"image\":{\"@id\":\"https:\/\/yourshampoo.eu\/product\/dovanele-siurprizas\/#primaryimage\"},\"thumbnailUrl\":\"https:\/\/yourshampoo.eu\/wp-content\/uploads\/2023\/07\/dovanele2-1.png\",\"datePublished\":\"2022-05-25T11:06:26+00:00\",\"dateModified\":\"2026-01-04T17:40:37+00:00\",\"breadcrumb\":{\"@id\":\"https:\/\/yourshampoo.eu\/product\/dovanele-siurprizas\/#breadcrumb\"},\"inLanguage\":\"en-US\",\"potentialAction\":[{\"@type\":\"ReadAction\",\"target\":[\"https:\/\/yourshampoo.eu\/product\/dovanele-siurprizas\/\"]}]},{\"@type\":\"ImageObject\",\"inLanguage\":\"en-US\",\"@id\":\"https:\/\/yourshampoo.eu\/product\/dovanele-siurprizas\/#primaryimage\",\"url\":\"https:\/\/yourshampoo.eu\/wp-content\/uploads\/2023\/07\/dovanele2-1.png\",\"contentUrl\":\"https:\/\/yourshampoo.eu\/wp-content\/uploads\/2023\/07\/dovanele2-1.png\",\"width\":900,\"height\":900,\"caption\":\"dovanele-siurprizas\"},{\"@type\":\"BreadcrumbList\",\"@id\":\"https:\/\/yourshampoo.eu\/product\/dovanele-siurprizas\/#breadcrumb\",\"itemListElement\":[{\"@type\":\"ListItem\",\"position\":1,\"name\":\"Home\",\"item\":\"https:\/\/yourshampoo.eu\/\"},{\"@type\":\"ListItem\",\"position\":2,\"name\":\"Plauk\u0173 prie\u017ei\u016bros priemon\u0117s visos tavo plaukams\",\"item\":\"https:\/\/yourshampoo.eu\/plauku-prieziuros-priemones-plaukams\/\"},{\"@type\":\"ListItem\",\"position\":3,\"name\":\"Dovan\u0117l\u0117-siurprizas\ud83c\udf81 Kartais gera b\u016bti nustebintu!\"}]},{\"@type\":\"WebSite\",\"@id\":\"https:\/\/yourshampoo.eu\/#website\",\"url\":\"https:\/\/yourshampoo.eu\/\",\"name\":\"YourShampoo\",\"description\":\"\",\"alternateName\":\"Tavo Sampunas\",\"potentialAction\":[{\"@type\":\"SearchAction\",\"target\":{\"@type\":\"EntryPoint\",\"urlTemplate\":\"https:\/\/yourshampoo.eu\/?s={search_term_string}\"},\"query-input\":{\"@type\":\"PropertyValueSpecification\",\"valueRequired\":true,\"valueName\":\"search_term_string\"}}],\"inLanguage\":\"en-US\"}]}<\/script>\n<!-- \/ Yoast SEO plugin. -->","yoast_head_json":{"title":"Dovan\u0117l\u0117-siurprizas\ud83c\udf81 Kartais gera b\u016bti nustebintu! | TAVO \u0160AMP\u016aNAS","robots":{"index":"noindex","follow":"follow","max-snippet":"max-snippet:-1","max-image-preview":"max-image-preview:large","max-video-preview":"max-video-preview:-1"},"og_locale":"en_US","og_type":"article","og_title":"Dovan\u0117l\u0117-siurprizas\ud83c\udf81 Kartais gera b\u016bti nustebintu! | TAVO \u0160AMP\u016aNAS","og_url":"https:\/\/yourshampoo.eu\/en\/hair-care-product\/dovanele-siurprizas\/","og_site_name":"TAVO \u0160AMP\u016aNAS","article_publisher":"https:\/\/www.facebook.com\/tavosampunasofficial","article_modified_time":"2026-01-04T17:40:37+00:00","og_image":[{"width":900,"height":900,"url":"https:\/\/yourshampoo.eu\/wp-content\/uploads\/2023\/07\/dovanele2-1.png","type":"image\/png"}],"twitter_card":"summary_large_image","schema":{"@context":"https:\/\/schema.org","@graph":[{"@type":"WebPage","@id":"https:\/\/yourshampoo.eu\/product\/dovanele-siurprizas\/","url":"https:\/\/yourshampoo.eu\/product\/dovanele-siurprizas\/","name":"Dovan\u0117l\u0117-siurprizas\ud83c\udf81 Kartais gera b\u016bti nustebintu! | TAVO \u0160AMP\u016aNAS","isPartOf":{"@id":"https:\/\/yourshampoo.eu\/#website"},"primaryImageOfPage":{"@id":"https:\/\/yourshampoo.eu\/product\/dovanele-siurprizas\/#primaryimage"},"image":{"@id":"https:\/\/yourshampoo.eu\/product\/dovanele-siurprizas\/#primaryimage"},"thumbnailUrl":"https:\/\/yourshampoo.eu\/wp-content\/uploads\/2023\/07\/dovanele2-1.png","datePublished":"2022-05-25T11:06:26+00:00","dateModified":"2026-01-04T17:40:37+00:00","breadcrumb":{"@id":"https:\/\/yourshampoo.eu\/product\/dovanele-siurprizas\/#breadcrumb"},"inLanguage":"en-US","potentialAction":[{"@type":"ReadAction","target":["https:\/\/yourshampoo.eu\/product\/dovanele-siurprizas\/"]}]},{"@type":"ImageObject","inLanguage":"en-US","@id":"https:\/\/yourshampoo.eu\/product\/dovanele-siurprizas\/#primaryimage","url":"https:\/\/yourshampoo.eu\/wp-content\/uploads\/2023\/07\/dovanele2-1.png","contentUrl":"https:\/\/yourshampoo.eu\/wp-content\/uploads\/2023\/07\/dovanele2-1.png","width":900,"height":900,"caption":"dovanele-siurprizas"},{"@type":"BreadcrumbList","@id":"https:\/\/yourshampoo.eu\/product\/dovanele-siurprizas\/#breadcrumb","itemListElement":[{"@type":"ListItem","position":1,"name":"Home","item":"https:\/\/yourshampoo.eu\/"},{"@type":"ListItem","position":2,"name":"Plauk\u0173 prie\u017ei\u016bros priemon\u0117s visos tavo plaukams","item":"https:\/\/yourshampoo.eu\/plauku-prieziuros-priemones-plaukams\/"},{"@type":"ListItem","position":3,"name":"Dovan\u0117l\u0117-siurprizas\ud83c\udf81 Kartais gera b\u016bti nustebintu!"}]},{"@type":"WebSite","@id":"https:\/\/yourshampoo.eu\/#website","url":"https:\/\/yourshampoo.eu\/","name":"YourShampoo","description":"","alternateName":"Tavo Sampunas","potentialAction":[{"@type":"SearchAction","target":{"@type":"EntryPoint","urlTemplate":"https:\/\/yourshampoo.eu\/?s={search_term_string}"},"query-input":{"@type":"PropertyValueSpecification","valueRequired":true,"valueName":"search_term_string"}}],"inLanguage":"en-US"}]}},"_links":{"self":[{"href":"https:\/\/yourshampoo.eu\/en\/wp-json\/wp\/v2\/product\/19628","targetHints":{"allow":["GET"]}}],"collection":[{"href":"https:\/\/yourshampoo.eu\/en\/wp-json\/wp\/v2\/product"}],"about":[{"href":"https:\/\/yourshampoo.eu\/en\/wp-json\/wp\/v2\/types\/product"}],"replies":[{"embeddable":true,"href":"https:\/\/yourshampoo.eu\/en\/wp-json\/wp\/v2\/comments?post=19628"}],"wp:featuredmedia":[{"embeddable":true,"href":"https:\/\/yourshampoo.eu\/en\/wp-json\/wp\/v2\/media\/19629"}],"wp:attachment":[{"href":"https:\/\/yourshampoo.eu\/en\/wp-json\/wp\/v2\/media?parent=19628"}],"wp:term":[{"taxonomy":"product_brand","embeddable":true,"href":"https:\/\/yourshampoo.eu\/en\/wp-json\/wp\/v2\/product_brand?post=19628"},{"taxonomy":"product_cat","embeddable":true,"href":"https:\/\/yourshampoo.eu\/en\/wp-json\/wp\/v2\/product_cat?post=19628"},{"taxonomy":"product_tag","embeddable":true,"href":"https:\/\/yourshampoo.eu\/en\/wp-json\/wp\/v2\/product_tag?post=19628"}],"curies":[{"name":"wp","href":"https:\/\/api.w.org\/{rel}","templated":true}]}}