{"id":126651,"date":"2025-01-09T13:09:33","date_gmt":"2025-01-09T11:09:33","guid":{"rendered":"https:\/\/yourshampoo.eu\/?post_type=product&#038;p=126651"},"modified":"2026-01-05T07:30:54","modified_gmt":"2026-01-05T05:30:54","slug":"dovana-staigmena","status":"publish","type":"product","link":"https:\/\/yourshampoo.eu\/en\/hair-care-product\/dovana-staigmena\/","title":{"rendered":"DOVANA STAIGMENA"},"content":{"rendered":"<h2 class=\"wp-block-heading\">\u00a0<\/h2>","protected":false},"excerpt":{"rendered":"<p>\u00a0<\/p>","protected":false},"featured_media":65458,"comment_status":"open","ping_status":"closed","template":"","meta":[],"product_brand":[],"product_cat":[121],"product_tag":[],"class_list":{"0":"post-126651","1":"product","2":"type-product","3":"status-publish","4":"has-post-thumbnail","6":"product_cat-sampunai","7":"product_shipping_class-standard","9":"first","10":"instock","11":"sale","12":"shipping-taxable","13":"purchasable","14":"product-type-simple"},"acf":[],"yoast_head":"<!-- This site is optimized with the Yoast SEO plugin v26.7 - https:\/\/yoast.com\/wordpress\/plugins\/seo\/ -->\n<title>DOVANA STAIGMENA | TAVO \u0160AMP\u016aNAS<\/title>\n<meta name=\"description\" content=\"\u0160amp\u016bnas riebiai galvos odai su arbatmed\u017eio, \u010diobrelio ir kajaputo ekstraktais efektyviai valo ir dr\u0117kina. Kontroliuoja sebum\u0105, gaivina ir stiprina plaukus.\" \/>\n<meta name=\"robots\" content=\"noindex, follow, max-snippet:-1, max-image-preview:large, max-video-preview:-1\" \/>\n<meta property=\"og:locale\" content=\"en_US\" \/>\n<meta property=\"og:type\" content=\"article\" \/>\n<meta property=\"og:title\" content=\"DOVANA STAIGMENA | TAVO \u0160AMP\u016aNAS\" \/>\n<meta property=\"og:description\" content=\"\u0160amp\u016bnas riebiai galvos odai su arbatmed\u017eio, \u010diobrelio ir kajaputo ekstraktais efektyviai valo ir dr\u0117kina. Kontroliuoja sebum\u0105, gaivina ir stiprina plaukus.\" \/>\n<meta property=\"og:url\" content=\"https:\/\/yourshampoo.eu\/en\/hair-care-product\/dovana-staigmena\/\" \/>\n<meta property=\"og:site_name\" content=\"TAVO \u0160AMP\u016aNAS\" \/>\n<meta property=\"article:publisher\" content=\"https:\/\/www.facebook.com\/tavosampunasofficial\" \/>\n<meta property=\"article:modified_time\" content=\"2026-01-05T05:30:54+00:00\" \/>\n<meta property=\"og:image\" content=\"https:\/\/yourshampoo.eu\/wp-content\/uploads\/2024\/05\/gift-shampoo-tiny.jpeg\" \/>\n\t<meta property=\"og:image:width\" content=\"1200\" \/>\n\t<meta property=\"og:image:height\" content=\"1200\" \/>\n\t<meta property=\"og:image:type\" content=\"image\/jpeg\" \/>\n<meta name=\"twitter:card\" content=\"summary_large_image\" \/>\n<meta name=\"twitter:label1\" content=\"Est. reading time\" \/>\n\t<meta name=\"twitter:data1\" content=\"1 minute\" \/>\n<script type=\"application\/ld+json\" class=\"yoast-schema-graph\">{\"@context\":\"https:\/\/schema.org\",\"@graph\":[{\"@type\":\"WebPage\",\"@id\":\"https:\/\/yourshampoo.eu\/product\/dovana-staigmena\/\",\"url\":\"https:\/\/yourshampoo.eu\/product\/dovana-staigmena\/\",\"name\":\"DOVANA STAIGMENA | TAVO \u0160AMP\u016aNAS\",\"isPartOf\":{\"@id\":\"https:\/\/yourshampoo.eu\/#website\"},\"primaryImageOfPage\":{\"@id\":\"https:\/\/yourshampoo.eu\/product\/dovana-staigmena\/#primaryimage\"},\"image\":{\"@id\":\"https:\/\/yourshampoo.eu\/product\/dovana-staigmena\/#primaryimage\"},\"thumbnailUrl\":\"https:\/\/yourshampoo.eu\/wp-content\/uploads\/2024\/05\/gift-shampoo-tiny.jpeg\",\"datePublished\":\"2025-01-09T11:09:33+00:00\",\"dateModified\":\"2026-01-05T05:30:54+00:00\",\"description\":\"\u0160amp\u016bnas riebiai galvos odai su arbatmed\u017eio, \u010diobrelio ir kajaputo ekstraktais efektyviai valo ir dr\u0117kina. Kontroliuoja sebum\u0105, gaivina ir stiprina plaukus.\",\"breadcrumb\":{\"@id\":\"https:\/\/yourshampoo.eu\/product\/dovana-staigmena\/#breadcrumb\"},\"inLanguage\":\"en-US\",\"potentialAction\":[{\"@type\":\"ReadAction\",\"target\":[\"https:\/\/yourshampoo.eu\/product\/dovana-staigmena\/\"]}]},{\"@type\":\"ImageObject\",\"inLanguage\":\"en-US\",\"@id\":\"https:\/\/yourshampoo.eu\/product\/dovana-staigmena\/#primaryimage\",\"url\":\"https:\/\/yourshampoo.eu\/wp-content\/uploads\/2024\/05\/gift-shampoo-tiny.jpeg\",\"contentUrl\":\"https:\/\/yourshampoo.eu\/wp-content\/uploads\/2024\/05\/gift-shampoo-tiny.jpeg\",\"width\":1200,\"height\":1200,\"caption\":\"sampunas nemokamai\"},{\"@type\":\"BreadcrumbList\",\"@id\":\"https:\/\/yourshampoo.eu\/product\/dovana-staigmena\/#breadcrumb\",\"itemListElement\":[{\"@type\":\"ListItem\",\"position\":1,\"name\":\"Home\",\"item\":\"https:\/\/yourshampoo.eu\/\"},{\"@type\":\"ListItem\",\"position\":2,\"name\":\"Plauk\u0173 prie\u017ei\u016bros priemon\u0117s visos tavo plaukams\",\"item\":\"https:\/\/yourshampoo.eu\/plauku-prieziuros-priemones-plaukams\/\"},{\"@type\":\"ListItem\",\"position\":3,\"name\":\"DOVANA STAIGMENA\"}]},{\"@type\":\"WebSite\",\"@id\":\"https:\/\/yourshampoo.eu\/#website\",\"url\":\"https:\/\/yourshampoo.eu\/\",\"name\":\"YourShampoo\",\"description\":\"\",\"alternateName\":\"Tavo Sampunas\",\"potentialAction\":[{\"@type\":\"SearchAction\",\"target\":{\"@type\":\"EntryPoint\",\"urlTemplate\":\"https:\/\/yourshampoo.eu\/?s={search_term_string}\"},\"query-input\":{\"@type\":\"PropertyValueSpecification\",\"valueRequired\":true,\"valueName\":\"search_term_string\"}}],\"inLanguage\":\"en-US\"}]}<\/script>\n<!-- \/ Yoast SEO plugin. -->","yoast_head_json":{"title":"DOVANA STAIGMENA | TAVO \u0160AMP\u016aNAS","description":"Shampoo for oily scalp with extracts of tea tree, thyme and cajeput to effectively cleanse and moisturise. Controls sebum, refreshes and strengthens hair.","robots":{"index":"noindex","follow":"follow","max-snippet":"max-snippet:-1","max-image-preview":"max-image-preview:large","max-video-preview":"max-video-preview:-1"},"og_locale":"en_US","og_type":"article","og_title":"DOVANA STAIGMENA | TAVO \u0160AMP\u016aNAS","og_description":"\u0160amp\u016bnas riebiai galvos odai su arbatmed\u017eio, \u010diobrelio ir kajaputo ekstraktais efektyviai valo ir dr\u0117kina. Kontroliuoja sebum\u0105, gaivina ir stiprina plaukus.","og_url":"https:\/\/yourshampoo.eu\/en\/hair-care-product\/dovana-staigmena\/","og_site_name":"TAVO \u0160AMP\u016aNAS","article_publisher":"https:\/\/www.facebook.com\/tavosampunasofficial","article_modified_time":"2026-01-05T05:30:54+00:00","og_image":[{"width":1200,"height":1200,"url":"https:\/\/yourshampoo.eu\/wp-content\/uploads\/2024\/05\/gift-shampoo-tiny.jpeg","type":"image\/jpeg"}],"twitter_card":"summary_large_image","twitter_misc":{"Est. reading time":"1 minute"},"schema":{"@context":"https:\/\/schema.org","@graph":[{"@type":"WebPage","@id":"https:\/\/yourshampoo.eu\/product\/dovana-staigmena\/","url":"https:\/\/yourshampoo.eu\/product\/dovana-staigmena\/","name":"DOVANA STAIGMENA | TAVO \u0160AMP\u016aNAS","isPartOf":{"@id":"https:\/\/yourshampoo.eu\/#website"},"primaryImageOfPage":{"@id":"https:\/\/yourshampoo.eu\/product\/dovana-staigmena\/#primaryimage"},"image":{"@id":"https:\/\/yourshampoo.eu\/product\/dovana-staigmena\/#primaryimage"},"thumbnailUrl":"https:\/\/yourshampoo.eu\/wp-content\/uploads\/2024\/05\/gift-shampoo-tiny.jpeg","datePublished":"2025-01-09T11:09:33+00:00","dateModified":"2026-01-05T05:30:54+00:00","description":"Shampoo for oily scalp with extracts of tea tree, thyme and cajeput to effectively cleanse and moisturise. Controls sebum, refreshes and strengthens hair.","breadcrumb":{"@id":"https:\/\/yourshampoo.eu\/product\/dovana-staigmena\/#breadcrumb"},"inLanguage":"en-US","potentialAction":[{"@type":"ReadAction","target":["https:\/\/yourshampoo.eu\/product\/dovana-staigmena\/"]}]},{"@type":"ImageObject","inLanguage":"en-US","@id":"https:\/\/yourshampoo.eu\/product\/dovana-staigmena\/#primaryimage","url":"https:\/\/yourshampoo.eu\/wp-content\/uploads\/2024\/05\/gift-shampoo-tiny.jpeg","contentUrl":"https:\/\/yourshampoo.eu\/wp-content\/uploads\/2024\/05\/gift-shampoo-tiny.jpeg","width":1200,"height":1200,"caption":"sampunas nemokamai"},{"@type":"BreadcrumbList","@id":"https:\/\/yourshampoo.eu\/product\/dovana-staigmena\/#breadcrumb","itemListElement":[{"@type":"ListItem","position":1,"name":"Home","item":"https:\/\/yourshampoo.eu\/"},{"@type":"ListItem","position":2,"name":"Plauk\u0173 prie\u017ei\u016bros priemon\u0117s visos tavo plaukams","item":"https:\/\/yourshampoo.eu\/plauku-prieziuros-priemones-plaukams\/"},{"@type":"ListItem","position":3,"name":"DOVANA STAIGMENA"}]},{"@type":"WebSite","@id":"https:\/\/yourshampoo.eu\/#website","url":"https:\/\/yourshampoo.eu\/","name":"YourShampoo","description":"","alternateName":"Tavo Sampunas","potentialAction":[{"@type":"SearchAction","target":{"@type":"EntryPoint","urlTemplate":"https:\/\/yourshampoo.eu\/?s={search_term_string}"},"query-input":{"@type":"PropertyValueSpecification","valueRequired":true,"valueName":"search_term_string"}}],"inLanguage":"en-US"}]}},"_links":{"self":[{"href":"https:\/\/yourshampoo.eu\/en\/wp-json\/wp\/v2\/product\/126651","targetHints":{"allow":["GET"]}}],"collection":[{"href":"https:\/\/yourshampoo.eu\/en\/wp-json\/wp\/v2\/product"}],"about":[{"href":"https:\/\/yourshampoo.eu\/en\/wp-json\/wp\/v2\/types\/product"}],"replies":[{"embeddable":true,"href":"https:\/\/yourshampoo.eu\/en\/wp-json\/wp\/v2\/comments?post=126651"}],"wp:featuredmedia":[{"embeddable":true,"href":"https:\/\/yourshampoo.eu\/en\/wp-json\/wp\/v2\/media\/65458"}],"wp:attachment":[{"href":"https:\/\/yourshampoo.eu\/en\/wp-json\/wp\/v2\/media?parent=126651"}],"wp:term":[{"taxonomy":"product_brand","embeddable":true,"href":"https:\/\/yourshampoo.eu\/en\/wp-json\/wp\/v2\/product_brand?post=126651"},{"taxonomy":"product_cat","embeddable":true,"href":"https:\/\/yourshampoo.eu\/en\/wp-json\/wp\/v2\/product_cat?post=126651"},{"taxonomy":"product_tag","embeddable":true,"href":"https:\/\/yourshampoo.eu\/en\/wp-json\/wp\/v2\/product_tag?post=126651"}],"curies":[{"name":"wp","href":"https:\/\/api.w.org\/{rel}","templated":true}]}}