{"id":118517,"date":"2024-09-16T12:30:24","date_gmt":"2024-09-16T10:30:24","guid":{"rendered":"https:\/\/yourshampoo.eu\/product\/aliejus-plaukams-spindesio-kristalai-copy\/"},"modified":"2025-11-19T17:16:32","modified_gmt":"2025-11-19T15:16:32","slug":"aliejus-plaukams-spindesio-kristalai-copy","status":"publish","type":"product","link":"https:\/\/yourshampoo.eu\/en\/hair-care-product\/aliejus-plaukams-spindesio-kristalai-copy\/","title":{"rendered":"&#8211; Revitalises Instantly: Radiance Crystals\u2122 Hair Oil, 50 ML &#8211;"},"content":{"rendered":"<h1 class=\"wp-block-heading\">Hair oil: Why is it essential for every woman and how to use it correctly?<\/h1>\r\n\r\n\r\n\r\n<p>If you are still considering adding hair oil to your hair care routine, this article is for you. Here we'll find out what benefits this miracle product has to offer and how to use it for maximum effect.<\/p>\r\n\r\n\r\n\r\n<div class='yrm-content yrm-content-1 yrm-content-hide' id='yrm-owRUA' data-id='1' data-show-status='false' data-after-action='' style=\"visibility: hidden;height: 0;\">\n\t\t\t<div id='yrm-inner-content-yrm-owRUA' class='yrm-inner-content-wrapper yrm-cntent-1'><\/p>\r\n\r\n\r\n\r\n<h5 class=\"wp-block-heading\">What does hair oil do for your hair?<\/h5>\r\n\r\n\r\n\r\n<p>Hair oil is an excellent product that performs several vital functions. It restores the hair's lipid balance, making your hair stronger, softer and less prone to breakage and split ends.<\/p>\r\n\r\n\r\n\r\n<h5 class=\"wp-block-heading\">How and when to use?<\/h5>\r\n\r\n\r\n\r\n<ul class=\"wp-block-list\">\r\n<li><strong>A small amount on the tips of the hair<\/strong>: This is especially important if you notice that your hair is breaking or branching out. The oil will restore the lipids and protect against further breakage.<\/li>\r\n\r\n\r\n\r\n<li><strong>As a non-rinseable conditioner<\/strong>: Apply the oil to lightly blow-dried hair and leave it on until the hair is completely dry.<\/li>\r\n\r\n\r\n\r\n<li><strong>Night hair mask<\/strong>: Apply a larger amount of oil and leave overnight. In the morning, wash off.<\/li>\r\n<\/ul>\r\n\r\n\r\n\r\n<h5 class=\"wp-block-heading\">Ingredients of this oil<\/h5>\r\n\r\n\r\n\r\n<ul class=\"wp-block-list\">\r\n<li><strong>Cyclopentasiloxane<\/strong>: Helps hair dry faster and reduces tangles.<\/li>\r\n\r\n\r\n\r\n<li><strong>Dimethicone and Dimethiconol<\/strong>: Forms a protective layer on the hair, reducing moisture loss.<\/li>\r\n\r\n\r\n\r\n<li><strong>Linum Usitatissimum (Linseed) Seed Oil<\/strong>: Strengthens the hair and protects it from inflammation.<\/li>\r\n<\/ul>\r\n\r\n\r\n\r\n<h5 class=\"wp-block-heading\">A few drops to Beautiful, Healthy Hair<\/h5>\r\n\r\n\r\n\r\n<p>If you're still considering adding hair oil to your hair care routine, this is the perfect time to try it out and experience its full benefits. And if you've already tried other hair oils and been disappointed, this product won't let you down.<\/p>\r\n\r\n\r\n\r\n<p>Why? This hair oil will not only nourish and revitalise your hair, but it won't weigh it down like some other formulas. Plus, it will leave your hair with a disappointing aura of fragrance and retain the moisture it needs to look and feel just right.<\/p>\r\n\r\n\r\n\r\n<p>This is one of those products that deserves your attention and investment, because beautiful and healthy hair is an indispensable part of your appearance. So don't hesitate-try it and see for yourself!<\/p>\r\n\r\n\r\n\r\n<p><\/div>\n\t\t<\/div><div class='yrm-btn-wrapper yrm-inline-wrapper yrm-btn-wrapper-1  yrm-more-button-wrapper'><span title='' data-less-title='' data-more-title=''  class='yrm-toggle-expand  yrm-toggle-expand-1' data-rel='yrm-owRUA' data-more='Skaityti daugiau' data-less='Skaityti ma\u017eiau' style='border: none; width: 100%;'><span class=\"yrm-button-text-1 yrm-button-text-span\">Read more<\/span><\/span><\/div>\r\n\r\n\r\n\r\n<figure class=\"wp-block-video\"><\/figure>","protected":false},"excerpt":{"rendered":"<p class=\"product_rating\"><img loading=\"lazy\" decoding=\"async\" class=\"alignnone size-full wp-image-46049\" style=\"margin-top: 1px;\" src=\"https:\/\/yourshampoo.eu\/wp-content\/uploads\/2023\/09\/tavo_sampunas_ivertinimas.png\" alt=\"your sampun rating\" width=\"60\" height=\"11\" \/>4.8\/5 rated by 2142+ satisfied customers<\/p>\n<table style=\"width: 100%;\" cellpadding=\"1\">\n<tbody>\n<tr>\n<td style=\"border-bottom: 1px solid #aba7a7;\"><i class=\"fa-solid fa-heart\"><\/i> Gives an extraordinary shine and radiance<\/td>\n<\/tr>\n<tr>\n<td style=\"border-bottom: 1px solid #aba7a7;\"><i class=\"fa-solid fa-heart\"><\/i> Deeply moisturises and nourishes the hair<\/td>\n<\/tr>\n<tr>\n<td style=\"border-bottom: 1px solid #aba7a7;\"><i class=\"fa-solid fa-heart\"><\/i> Does not weigh down, does not bleach the hair<\/td>\n<\/tr>\n<tr>\n<td style=\"border-bottom: 1px solid #aba7a7;\"><i class=\"fa-solid fa-heart\"><\/i> Perfect for curly hair<\/td>\n<\/tr>\n<tr>\n<td style=\"border-bottom: 1px solid #aba7a7;\"><i class=\"fa-solid fa-heart\"><\/i> Works in wet weather<\/td>\n<\/tr>\n<\/tbody>\n<\/table>\n<p><strong>\u0160is plauk\u0173 aliejus &#8211; eliksyras &#8211; aliejukas intensyviai veikia plaukus, kurie pu\u010diasi, veliasi, \u0161iau\u0161iasi, yra \u0161iurk\u0161tus, saus\u0117ja, l\u016b\u017ein\u0117ja, skilin\u0117ja.<\/strong><\/p>\n<ul>\n<li>Spindesio kristalai prasiskverbia giliai \u012f plauko vid\u0173<\/li>\n<li>Tod\u0117l itin giliai pridr\u0117kina ir primaitina plauk\u0105 i\u0161 vidaus<\/li>\n<li>Saugo galiukus ir plauko pavir\u0161i\u0173 i\u0161 i\u0161or\u0117s<\/li>\n<li>Suteikia \u017evilg\u0117jimo, gyvybingumo<\/li>\n<li>Plaukai tampa elastingesni, paklusnesni<\/li>\n<li>Works in wet weather<\/li>\n<li>Does not weigh hair down<\/li>\n<\/ul>\n<ul>\n<li>Tinka vis\u0173 tip\u0173 plaukams, ypa\u010d sausiems, pa\u017eeistiems, \u0161iurk\u0161tiems, skilin\u0117jantiems, garbanotiems<\/li>\n<li>Naudojant kartu su Tavo \u0160amp\u016bnu ir kondicionieriumi, suteikia prabang\u0173 \u0161ilkin\u012f spindesio efekt\u0105 ir plaukai atrodo kaip po SPA proced\u016bros<\/li>\n<\/ul>\n<p><span style=\"font-weight: 400;\">Kaip naudoti? Nedidel\u012f kiek\u012f produkto paskirstykite ant \u0161vari\u0173, nusausint\u0173 plauk\u0173 (praleiskite \u0161aknis). D\u017eiovinkite ir formuokite kaip \u012fprastai.<\/span> [cg_accordion title=\"\ud83d\udc49 Kaip naudoti:\"] <strong>Aliejuka<\/strong> I\u0161spauskite kelis la\u0161us Spindesio Kristalo ant delno, sutrinkite juos. Tuomet tolygiai paskirstykite ant \u0161iek tiek dr\u0117gn\u0173 plauk\u0173 galiuk\u0173. Priemon\u0117 galima naudoti taip pat ir ant saus\u0173 plauk\u0173. Nuplauti nereikia. [\/cg_accordion] [cg_accordion title=\"\ud83d\udc49 Informacija klientui\"] AR J\u016aS\u0172 PRODUKTAI YRA SAUG\u016aS Taip. Visos priemon\u0117s yra be paraben\u0173, be SLS\/SLES, be alergen\u0173, be GMO, nebandytos su gyv\u016bnais, atitinka visus auk\u0161\u010diausius ES keliamus reikalavimus. <strong>WHO IS RESPONSIBLE FOR TAVOSAMPUNAS.LT<\/strong> Tavosampunas.lt administratorius \u2013 MB \u201eTAGATAGA\u201c, \u012fmon\u0117s kodas 304173166, buvein\u0117s adresas Raudondvario pl. 101A, LT-47184, Kaunas. [\/cg_accordion] [cg_accordion title=\"\ud83d\udc49 Sud\u0117tis\"] cyclopentasiloxane, dimethicone, dimethiconol, parfum (fragrance), caprylic\/capric triglyceride, benzyl salicylate, bumetrizole, hydroxycitronellal, linum usitatissimum (linseed) seed oil, ci 47000 (d&amp;c yellow 11), ci 26100 (d&amp;c red n\u00b017). [\/cg_accordion] [cg_accordion title=\"\ud83d\udc49 Pristatymas ir gr\u0105\u017einimas\"] PRISTATYMO S\u0104LYGOS Tavo siuntinukas yra i\u0161siun\u010diamas naudojantis pa\u0161tomatu per 1-3 d.d. po u\u017esakymo apmok\u0117jimo gavimo. Po to kai siunta \u012fdedama \u012f pa\u0161tomat\u0105, tave ji pasiekia per 1-3 d.d. Kuomet tavo siuntinukas bus i\u0161si\u0173stas, gausi apie tai informuojanti el. lai\u0161k\u0105, o kuomet bus pristatytas \u012f tavo pasirinkt\u0105 pa\u0161tomat\u0105 \u2013 gausi apie tai informuojan\u010di\u0105 SMS \u017einut\u0119, tod\u0117l u\u017esakymo metu b\u016btinai teisingai \u012fra\u0161yk savo telefono numer\u012f! GR\u0104\u017dINIMO S\u0104LYGOS Mes tikime savo produkt\u0173 kokybe ir norime, kad j\u016bs jaustum\u0117t\u0117s saug\u016bs pirkdami i\u0161 m\u016bs\u0173. Tod\u0117l si\u016blome 100% bes\u0105lygin\u0119 pinig\u0173 gr\u0105\u017einimo garantij\u0105. <b>How does it work?<\/b><\/p>\n<ol>\n<li><strong>Try the tools<\/strong>: Use the products as indicated on the labels or in the instructions. This may be one time or more - it is important that you have the opportunity to see if the product is suitable for you or not.<\/li>\n<li><strong>Contact Us<\/strong>A: If you decide that the product is not suitable for you, simply contact us within 30 days from the date of purchase. You can do this by email, phone or social media.<\/li>\n<li><strong>Return or Exchange<\/strong>: After you get in touch, we will offer you an exchange for another product or a full refund.<\/li>\n<\/ol>\n<p><b>Important to Know<\/b><\/p>\n<ul>\n<li>The reimbursement process is simple and fast. We will not ask any additional questions or make any additional requirements.<\/li>\n<li>We pay the return costs.<\/li>\n<li>If you opt for a refund, the money will be credited to your account within 5 working days of the refund confirmation.<\/li>\n<li>Cashback only works for instruments based on test results.<\/li>\n<\/ul>\n<p>MONEY REFUND Upon receipt of the returned product, your money will be refunded within 14 days by bank transfer to the bank account you specify. <b>REPLACING A PRODUCT WITH ANOTHER<\/b> Gavus gr\u0105\u017einam\u0105 produkt\u0105, naujas bus i\u0161si\u0173stas nedelsiant. [\/cg_accordion] [cg_accordion title=\"\ud83d\udc49 Spind\u0117sio Kristal\u0173 aliejukas\"] Plauk\u0173 aliejukas: Atkurkite plauk\u0173 gro\u017e\u012f ir gyvybingum\u0105 nuo iki pat galiuk\u0173 Ar j\u016bs\u0173 plaukai jau\u010diasi sausi, pa\u017eeisti ar be gyvyb\u0117s? Ar ie\u0161kote b\u016bd\u0173, kaip sugr\u0105\u017einti jiems nat\u016bral\u0173 spindes\u012f ir elastingum\u0105? Plauk\u0173 aliejukas gali b\u016bti stebuklingas sprendimas, kurio ie\u0161kote. Kod\u0117l svarbu naudoti plauk\u0173 aliejuk\u0105? Plaukai yra vienas i\u0161 m\u016bs\u0173 i\u0161vaizdos element\u0173, kuris gali daug pasakyti apie mus ir m\u016bs\u0173 sveikat\u0105. Pa\u017eeisti, sausi arba nekontroliuojami plaukai gali \u012ftakoti m\u016bs\u0173 pasitik\u0117jim\u0105 savimi. Plauk\u0173 aliejukas maitina plaukus, suteikia jiems dr\u0117gm\u0117s ir padeda kontroliuoti nepaklusnius galiukus. Kaip veikia plauk\u0173 aliejukas? Pagamintas i\u0161 nat\u016brali\u0173 ingredient\u0173, plauk\u0173 aliejukas gali intensyviai maitinti ir atstatyti plauk\u0173 strukt\u016br\u0105. \u0160ie aliejai ne tik padeda i\u0161laikyti plauk\u0173 dr\u0117gm\u0119, bet ir apsaugo juos nuo i\u0161orini\u0173 veiksni\u0173, toki\u0173 kaip saul\u0117s spinduliai ar \u0161altas oras. Ar plauk\u0173 aliejukas tinka visiems plauk\u0173 tipams? Dauguma plauk\u0173 aliejuk\u0173 yra sukurti taip, kad tikt\u0173 \u012fvairiems plauk\u0173 tipams. Ta\u010diau visada svarbu atsi\u017evelgti \u012f savo plauk\u0173 ypatumus ir poreikius. Kai kuriems \u017emon\u0117ms gali prireikti labiau dr\u0117kinan\u010dio aliejaus, o kitiems &#8211; produkt\u0173, kurie kontroliuoja riebal\u0173 gamyb\u0105. I\u0161vada Jei norite, kad j\u016bs\u0173 plaukai atrodyt\u0173 ir jaust\u0173si nuostabiai, plauk\u0173 aliejukas gali b\u016bti ne\u012fkainojama investicija \u012f j\u016bs\u0173 plauk\u0173 prie\u017ei\u016bros rutin\u0105. Jis ne tik pad\u0117s atkurti plauk\u0173 dr\u0117gm\u0119 ir elastingum\u0105, bet ir apsaugos juos nuo i\u0161orini\u0173 pa\u017eeidim\u0173. Tod\u0117l nepraleiskite progos praturtinti savo plauk\u0173 prie\u017ei\u016bros rutin\u0105 produktu, kuris tikrai padarys skirtum\u0105. [\/cg_accordion]<\/p>","protected":false},"featured_media":143454,"comment_status":"open","ping_status":"closed","template":"","meta":[],"product_brand":[],"product_cat":[134,122,127,108,84],"product_tag":[],"class_list":{"0":"post-118517","1":"product","2":"type-product","3":"status-publish","4":"has-post-thumbnail","6":"product_cat-best-selleriai","7":"product_cat-drekinimui","8":"product_cat-issausejusiems-plaukams","9":"product_cat-rutina","10":"product_cat-spindesiui","12":"first","13":"instock","14":"sale","15":"shipping-taxable","16":"purchasable","17":"product-type-simple"},"acf":[],"yoast_head":"<!-- This site is optimized with the Yoast SEO plugin v26.7 - https:\/\/yoast.com\/wordpress\/plugins\/seo\/ -->\n<title>- Atgaivina Akimirksniu: Spindesio Kristalai\u2122- Aliejukas Plaukams, 50 ML - | TAVO \u0160AMP\u016aNAS<\/title>\n<meta name=\"description\" content=\"Aliejus Plaukams - Spindesio Kristalai priemon\u0117 kiekvienai moteriai. Padeda atkurti plauk\u0173 dr\u0117gm\u0119, suma\u017eina l\u016b\u017ein\u0117jim\u0105, prideda blizgesio\" \/>\n<meta name=\"robots\" content=\"noindex, follow, max-snippet:-1, max-image-preview:large, max-video-preview:-1\" \/>\n<meta property=\"og:locale\" content=\"en_US\" \/>\n<meta property=\"og:type\" content=\"article\" \/>\n<meta property=\"og:title\" content=\"- Atgaivina Akimirksniu: Spindesio Kristalai\u2122- Aliejukas Plaukams, 50 ML - | TAVO \u0160AMP\u016aNAS\" \/>\n<meta property=\"og:description\" content=\"Aliejus Plaukams - Spindesio Kristalai priemon\u0117 kiekvienai moteriai. Padeda atkurti plauk\u0173 dr\u0117gm\u0119, suma\u017eina l\u016b\u017ein\u0117jim\u0105, prideda blizgesio\" \/>\n<meta property=\"og:url\" content=\"https:\/\/yourshampoo.eu\/en\/hair-care-product\/aliejus-plaukams-spindesio-kristalai-copy\/\" \/>\n<meta property=\"og:site_name\" content=\"TAVO \u0160AMP\u016aNAS\" \/>\n<meta property=\"article:publisher\" content=\"https:\/\/www.facebook.com\/tavosampunasofficial\" \/>\n<meta property=\"article:modified_time\" content=\"2025-11-19T15:16:32+00:00\" \/>\n<meta property=\"og:image\" content=\"https:\/\/yourshampoo.eu\/wp-content\/uploads\/2023\/11\/plauku-aliejukas-lengvas-kirstalai-tavosampunas.jpg\" \/>\n\t<meta property=\"og:image:width\" content=\"1080\" \/>\n\t<meta property=\"og:image:height\" content=\"1080\" \/>\n\t<meta property=\"og:image:type\" content=\"image\/jpeg\" \/>\n<meta name=\"twitter:card\" content=\"summary_large_image\" \/>\n<meta name=\"twitter:label1\" content=\"Est. reading time\" \/>\n\t<meta name=\"twitter:data1\" content=\"2 minutes\" \/>\n<script type=\"application\/ld+json\" class=\"yoast-schema-graph\">{\"@context\":\"https:\/\/schema.org\",\"@graph\":[{\"@type\":\"WebPage\",\"@id\":\"https:\/\/yourshampoo.eu\/product\/aliejus-plaukams-spindesio-kristalai-copy\/\",\"url\":\"https:\/\/yourshampoo.eu\/product\/aliejus-plaukams-spindesio-kristalai-copy\/\",\"name\":\"- Atgaivina Akimirksniu: Spindesio Kristalai\u2122- Aliejukas Plaukams, 50 ML - | TAVO \u0160AMP\u016aNAS\",\"isPartOf\":{\"@id\":\"https:\/\/yourshampoo.eu\/#website\"},\"primaryImageOfPage\":{\"@id\":\"https:\/\/yourshampoo.eu\/product\/aliejus-plaukams-spindesio-kristalai-copy\/#primaryimage\"},\"image\":{\"@id\":\"https:\/\/yourshampoo.eu\/product\/aliejus-plaukams-spindesio-kristalai-copy\/#primaryimage\"},\"thumbnailUrl\":\"https:\/\/yourshampoo.eu\/wp-content\/uploads\/2023\/11\/plauku-aliejukas-lengvas-kirstalai-tavosampunas.jpg\",\"datePublished\":\"2024-09-16T10:30:24+00:00\",\"dateModified\":\"2025-11-19T15:16:32+00:00\",\"description\":\"Aliejus Plaukams - Spindesio Kristalai priemon\u0117 kiekvienai moteriai. Padeda atkurti plauk\u0173 dr\u0117gm\u0119, suma\u017eina l\u016b\u017ein\u0117jim\u0105, prideda blizgesio\",\"breadcrumb\":{\"@id\":\"https:\/\/yourshampoo.eu\/product\/aliejus-plaukams-spindesio-kristalai-copy\/#breadcrumb\"},\"inLanguage\":\"en-US\",\"potentialAction\":[{\"@type\":\"ReadAction\",\"target\":[\"https:\/\/yourshampoo.eu\/product\/aliejus-plaukams-spindesio-kristalai-copy\/\"]}]},{\"@type\":\"ImageObject\",\"inLanguage\":\"en-US\",\"@id\":\"https:\/\/yourshampoo.eu\/product\/aliejus-plaukams-spindesio-kristalai-copy\/#primaryimage\",\"url\":\"https:\/\/yourshampoo.eu\/wp-content\/uploads\/2023\/11\/plauku-aliejukas-lengvas-kirstalai-tavosampunas.jpg\",\"contentUrl\":\"https:\/\/yourshampoo.eu\/wp-content\/uploads\/2023\/11\/plauku-aliejukas-lengvas-kirstalai-tavosampunas.jpg\",\"width\":1080,\"height\":1080},{\"@type\":\"BreadcrumbList\",\"@id\":\"https:\/\/yourshampoo.eu\/product\/aliejus-plaukams-spindesio-kristalai-copy\/#breadcrumb\",\"itemListElement\":[{\"@type\":\"ListItem\",\"position\":1,\"name\":\"Home\",\"item\":\"https:\/\/yourshampoo.eu\/\"},{\"@type\":\"ListItem\",\"position\":2,\"name\":\"Plauk\u0173 prie\u017ei\u016bros priemon\u0117s visos tavo plaukams\",\"item\":\"https:\/\/yourshampoo.eu\/plauku-prieziuros-priemones-plaukams\/\"},{\"@type\":\"ListItem\",\"position\":3,\"name\":\"&#8211; Atgaivina Akimirksniu: Spindesio Kristalai\u2122- Aliejukas Plaukams, 50 ML &#8211;\"}]},{\"@type\":\"WebSite\",\"@id\":\"https:\/\/yourshampoo.eu\/#website\",\"url\":\"https:\/\/yourshampoo.eu\/\",\"name\":\"YourShampoo\",\"description\":\"\",\"alternateName\":\"Tavo Sampunas\",\"potentialAction\":[{\"@type\":\"SearchAction\",\"target\":{\"@type\":\"EntryPoint\",\"urlTemplate\":\"https:\/\/yourshampoo.eu\/?s={search_term_string}\"},\"query-input\":{\"@type\":\"PropertyValueSpecification\",\"valueRequired\":true,\"valueName\":\"search_term_string\"}}],\"inLanguage\":\"en-US\"}]}<\/script>\n<!-- \/ Yoast SEO plugin. -->","yoast_head_json":{"title":"- Atgaivina Akimirksniu: Spindesio Kristalai\u2122- Aliejukas Plaukams, 50 ML - | TAVO \u0160AMP\u016aNAS","description":"Hair Oil - Radiance Crystal tool for every woman. Helps restore hair moisture, reduces breakage, adds shine","robots":{"index":"noindex","follow":"follow","max-snippet":"max-snippet:-1","max-image-preview":"max-image-preview:large","max-video-preview":"max-video-preview:-1"},"og_locale":"en_US","og_type":"article","og_title":"- Atgaivina Akimirksniu: Spindesio Kristalai\u2122- Aliejukas Plaukams, 50 ML - | TAVO \u0160AMP\u016aNAS","og_description":"Aliejus Plaukams - Spindesio Kristalai priemon\u0117 kiekvienai moteriai. Padeda atkurti plauk\u0173 dr\u0117gm\u0119, suma\u017eina l\u016b\u017ein\u0117jim\u0105, prideda blizgesio","og_url":"https:\/\/yourshampoo.eu\/en\/hair-care-product\/aliejus-plaukams-spindesio-kristalai-copy\/","og_site_name":"TAVO \u0160AMP\u016aNAS","article_publisher":"https:\/\/www.facebook.com\/tavosampunasofficial","article_modified_time":"2025-11-19T15:16:32+00:00","og_image":[{"width":1080,"height":1080,"url":"https:\/\/yourshampoo.eu\/wp-content\/uploads\/2023\/11\/plauku-aliejukas-lengvas-kirstalai-tavosampunas.jpg","type":"image\/jpeg"}],"twitter_card":"summary_large_image","twitter_misc":{"Est. reading time":"2 minutes"},"schema":{"@context":"https:\/\/schema.org","@graph":[{"@type":"WebPage","@id":"https:\/\/yourshampoo.eu\/product\/aliejus-plaukams-spindesio-kristalai-copy\/","url":"https:\/\/yourshampoo.eu\/product\/aliejus-plaukams-spindesio-kristalai-copy\/","name":"- Atgaivina Akimirksniu: Spindesio Kristalai\u2122- Aliejukas Plaukams, 50 ML - | TAVO \u0160AMP\u016aNAS","isPartOf":{"@id":"https:\/\/yourshampoo.eu\/#website"},"primaryImageOfPage":{"@id":"https:\/\/yourshampoo.eu\/product\/aliejus-plaukams-spindesio-kristalai-copy\/#primaryimage"},"image":{"@id":"https:\/\/yourshampoo.eu\/product\/aliejus-plaukams-spindesio-kristalai-copy\/#primaryimage"},"thumbnailUrl":"https:\/\/yourshampoo.eu\/wp-content\/uploads\/2023\/11\/plauku-aliejukas-lengvas-kirstalai-tavosampunas.jpg","datePublished":"2024-09-16T10:30:24+00:00","dateModified":"2025-11-19T15:16:32+00:00","description":"Hair Oil - Radiance Crystal tool for every woman. Helps restore hair moisture, reduces breakage, adds shine","breadcrumb":{"@id":"https:\/\/yourshampoo.eu\/product\/aliejus-plaukams-spindesio-kristalai-copy\/#breadcrumb"},"inLanguage":"en-US","potentialAction":[{"@type":"ReadAction","target":["https:\/\/yourshampoo.eu\/product\/aliejus-plaukams-spindesio-kristalai-copy\/"]}]},{"@type":"ImageObject","inLanguage":"en-US","@id":"https:\/\/yourshampoo.eu\/product\/aliejus-plaukams-spindesio-kristalai-copy\/#primaryimage","url":"https:\/\/yourshampoo.eu\/wp-content\/uploads\/2023\/11\/plauku-aliejukas-lengvas-kirstalai-tavosampunas.jpg","contentUrl":"https:\/\/yourshampoo.eu\/wp-content\/uploads\/2023\/11\/plauku-aliejukas-lengvas-kirstalai-tavosampunas.jpg","width":1080,"height":1080},{"@type":"BreadcrumbList","@id":"https:\/\/yourshampoo.eu\/product\/aliejus-plaukams-spindesio-kristalai-copy\/#breadcrumb","itemListElement":[{"@type":"ListItem","position":1,"name":"Home","item":"https:\/\/yourshampoo.eu\/"},{"@type":"ListItem","position":2,"name":"Plauk\u0173 prie\u017ei\u016bros priemon\u0117s visos tavo plaukams","item":"https:\/\/yourshampoo.eu\/plauku-prieziuros-priemones-plaukams\/"},{"@type":"ListItem","position":3,"name":"&#8211; Atgaivina Akimirksniu: Spindesio Kristalai\u2122- Aliejukas Plaukams, 50 ML &#8211;"}]},{"@type":"WebSite","@id":"https:\/\/yourshampoo.eu\/#website","url":"https:\/\/yourshampoo.eu\/","name":"YourShampoo","description":"","alternateName":"Tavo Sampunas","potentialAction":[{"@type":"SearchAction","target":{"@type":"EntryPoint","urlTemplate":"https:\/\/yourshampoo.eu\/?s={search_term_string}"},"query-input":{"@type":"PropertyValueSpecification","valueRequired":true,"valueName":"search_term_string"}}],"inLanguage":"en-US"}]}},"_links":{"self":[{"href":"https:\/\/yourshampoo.eu\/en\/wp-json\/wp\/v2\/product\/118517","targetHints":{"allow":["GET"]}}],"collection":[{"href":"https:\/\/yourshampoo.eu\/en\/wp-json\/wp\/v2\/product"}],"about":[{"href":"https:\/\/yourshampoo.eu\/en\/wp-json\/wp\/v2\/types\/product"}],"replies":[{"embeddable":true,"href":"https:\/\/yourshampoo.eu\/en\/wp-json\/wp\/v2\/comments?post=118517"}],"wp:featuredmedia":[{"embeddable":true,"href":"https:\/\/yourshampoo.eu\/en\/wp-json\/wp\/v2\/media\/143454"}],"wp:attachment":[{"href":"https:\/\/yourshampoo.eu\/en\/wp-json\/wp\/v2\/media?parent=118517"}],"wp:term":[{"taxonomy":"product_brand","embeddable":true,"href":"https:\/\/yourshampoo.eu\/en\/wp-json\/wp\/v2\/product_brand?post=118517"},{"taxonomy":"product_cat","embeddable":true,"href":"https:\/\/yourshampoo.eu\/en\/wp-json\/wp\/v2\/product_cat?post=118517"},{"taxonomy":"product_tag","embeddable":true,"href":"https:\/\/yourshampoo.eu\/en\/wp-json\/wp\/v2\/product_tag?post=118517"}],"curies":[{"name":"wp","href":"https:\/\/api.w.org\/{rel}","templated":true}]}}