{"id":63590,"date":"2024-04-23T15:32:12","date_gmt":"2024-04-23T13:32:12","guid":{"rendered":"https:\/\/yourshampoo.eu\/lets-keep-in-touch\/"},"modified":"2025-07-14T11:09:43","modified_gmt":"2025-07-14T09:09:43","slug":"atsaukti-prenumerata","status":"publish","type":"page","link":"https:\/\/yourshampoo.eu\/en\/atsaukti-prenumerata\/","title":{"rendered":"At\u0161aukti prenumerat\u0105"},"content":{"rendered":"<p>Laba diena, <span id=\"bwfan_unsubscribe_name\">John<\/span><\/p>\n<p>Nor\u0117dami at\u0161aukti prenumerat\u0105 \u0161iuo el.pa\u0161tu &#8211;\u00a0 <span id=\"bwfan_unsubscribe_recipient\">john@example.com<\/span> , pa\u017eym\u0117kite \u017eemiau varnele ir spauskite ant mygtuko at\u0161aukti.<\/p>\n<p>A\u010di\u016b ir atsipra\u0161au u\u017e nepatogumus!<\/p>\n<p><style type='text\/css'>\n\t\t\ta#bwfan_unsubscribe {\n\t\t\t    text-shadow: none;\n\t\t\t    display: inline-block;\n\t\t\t    padding: 15px 20px;\n\t\t\t    cursor: pointer;\n\t\t\t    text-decoration: none !important;\n\t\t\t}\n\t\t\t.bwfan_loading{opacity: 1!important;position: relative;color: rgba(255,255,255,.05)!important;pointer-events: none!important;}\n\t\t\t.bwfan_loading::-moz-selection {color: rgba(255, 255, 255, .05) !important;}\n\t\t\t.bwfan_loading::selection {color: rgba(255, 255, 255, .05) !important;}\n\t\t\t.bwfan_loading:after {animation: bwfan_spin 500ms infinite linear;border: 2px solid #fff;border-radius: 50%;border-right-color: transparent !important;border-top-color: transparent !important;content: '';display: block;width: 16px;height: 16px;top: 50%;left: 50%;margin-top: -8px;margin-left: -8px;position: absolute;}\n\t\t\t@keyframes bwfan_spin { 0% {transform: rotate(0deg)}100% {transform: rotate(360deg)}}\n\t\t<\/style><form id=\"bwfan_unsubscribe_fields\" action=\"\">        <style>\n            .bwfan-unsubscribe-single-list {\n                border-bottom: 1px solid #aaa;\n                padding: 20px;\n            }\n\n            .bwfan-unsubscribe-single-list:last-child {\n                border: none;\n                padding: 20px;\n            }\n\n            .bwfan-unsubscribe-single-list p {\n                margin-top: 3px;\n                margin-bottom: 0;\n            }\n\n            .bwfan-unsubscribe-single-list label {\n                margin-left: 10px;\n            }\n\n            p.bwfan-unsubscribe-list-description {\n                font-size: 14px;\n            }\n\n            .bwfan-unsubscribe-lists {\n                margin-bottom: 30px;\n            }\n\n            .bwfan-unsubscribe-from-all-lists label {\n                font-size: 16px;\n                font-weight: 500;\n            }\n\n            .bwfan_response {\n                margin-top: 12px;\n            }\n        <\/style>\n        <div class=\"bwfan-unsubscribe-lists\" id=\"bwfan-unsubscribe-lists\">\n\t\t\t            <!-- Global Unsubscription option -->\n            <div class=\"bwfan-unsubscribe-single-list bwfan-unsubscribe-from-all-lists\">\n                <div class=\"bwfan-unsubscribe-list-checkbox\">\n                    <input id=\"bwfan-list-unsubscribe-all\" type=\"checkbox\" value=\"unsubscribe_all\"  \/>\n                    <label for=\"bwfan-list-unsubscribe-all\">At\u0161aukti pasi\u016blymus, akcijas<\/label>\n                <\/div>\n\t\t\t\t                    <p class=\"bwfan-unsubscribe-list-description\">Nesijaudinkite toliau gausite visus lai\u0161kus susijusius su s\u0105skaitomis, siuntos sekimo nr. <\/p>\n\t\t\t\t            <\/div>\n        <\/div>\n\t\t<a id=\"bwfan_unsubscribe\" class=\"button-primary button\" href=\"#\">at\u0161aukti<\/a><input type=\"hidden\" id=\"bwfan_one_click\" value=\"0\" name=\"one_click\"><input type=\"hidden\" id=\"bwfan_unsubscribe_nonce\" value=\"a884c07f16\" name=\"bwfan_unsubscribe_nonce\"><input type=\"hidden\" name=\"trp-form-language\" value=\"en\"\/><\/form>.<\/p>","protected":false},"excerpt":{"rendered":"<p>Laba diena, Nor\u0117dami at\u0161aukti prenumerat\u0105 \u0161iuo el.pa\u0161tu &#8211;\u00a0 , pa\u017eym\u0117kite \u017eemiau varnele ir spauskite ant mygtuko at\u0161aukti. A\u010di\u016b ir atsipra\u0161au u\u017e nepatogumus! .<\/p>","protected":false},"author":1,"featured_media":0,"parent":0,"menu_order":0,"comment_status":"closed","ping_status":"closed","template":"","meta":{"footnotes":""},"class_list":["post-63590","page","type-page","status-publish","hentry"],"acf":[],"yoast_head":"<!-- This site is optimized with the Yoast SEO plugin v26.7 - https:\/\/yoast.com\/wordpress\/plugins\/seo\/ -->\n<title>At\u0161aukti prenumerat\u0105 | TAVO \u0160AMP\u016aNAS<\/title>\n<meta name=\"robots\" content=\"noindex, follow, max-snippet:-1, max-image-preview:large, max-video-preview:-1\" \/>\n<meta property=\"og:locale\" content=\"en_US\" \/>\n<meta property=\"og:type\" content=\"article\" \/>\n<meta property=\"og:title\" content=\"At\u0161aukti prenumerat\u0105 | TAVO \u0160AMP\u016aNAS\" \/>\n<meta property=\"og:description\" content=\"Laba diena, Nor\u0117dami at\u0161aukti prenumerat\u0105 \u0161iuo el.pa\u0161tu &#8211;\u00a0 , pa\u017eym\u0117kite \u017eemiau varnele ir spauskite ant mygtuko at\u0161aukti. A\u010di\u016b ir atsipra\u0161au u\u017e nepatogumus! .\" \/>\n<meta property=\"og:url\" content=\"https:\/\/yourshampoo.eu\/en\/atsaukti-prenumerata\/\" \/>\n<meta property=\"og:site_name\" content=\"TAVO \u0160AMP\u016aNAS\" \/>\n<meta property=\"article:publisher\" content=\"https:\/\/www.facebook.com\/tavosampunasofficial\" \/>\n<meta property=\"article:modified_time\" content=\"2025-07-14T09:09:43+00:00\" \/>\n<meta property=\"og:image\" content=\"https:\/\/yourshampoo.eu\/wp-content\/uploads\/2023\/10\/tavo-sampunas-profesionaliai-plauku-prieziurai.jpg\" \/>\n\t<meta property=\"og:image:width\" content=\"1200\" \/>\n\t<meta property=\"og:image:height\" content=\"675\" \/>\n\t<meta property=\"og:image:type\" content=\"image\/jpeg\" \/>\n<meta name=\"twitter:card\" content=\"summary_large_image\" \/>\n<meta name=\"twitter:label1\" content=\"Est. reading time\" \/>\n\t<meta name=\"twitter:data1\" content=\"1 minute\" \/>\n<script type=\"application\/ld+json\" class=\"yoast-schema-graph\">{\"@context\":\"https:\/\/schema.org\",\"@graph\":[{\"@type\":\"WebPage\",\"@id\":\"https:\/\/yourshampoo.eu\/atsaukti-prenumerata\/\",\"url\":\"https:\/\/yourshampoo.eu\/atsaukti-prenumerata\/\",\"name\":\"At\u0161aukti prenumerat\u0105 | TAVO \u0160AMP\u016aNAS\",\"isPartOf\":{\"@id\":\"https:\/\/yourshampoo.eu\/#website\"},\"datePublished\":\"2024-04-23T13:32:12+00:00\",\"dateModified\":\"2025-07-14T09:09:43+00:00\",\"breadcrumb\":{\"@id\":\"https:\/\/yourshampoo.eu\/atsaukti-prenumerata\/#breadcrumb\"},\"inLanguage\":\"en-US\",\"potentialAction\":[{\"@type\":\"ReadAction\",\"target\":[\"https:\/\/yourshampoo.eu\/atsaukti-prenumerata\/\"]}]},{\"@type\":\"BreadcrumbList\",\"@id\":\"https:\/\/yourshampoo.eu\/atsaukti-prenumerata\/#breadcrumb\",\"itemListElement\":[{\"@type\":\"ListItem\",\"position\":1,\"name\":\"Home\",\"item\":\"https:\/\/yourshampoo.eu\/\"},{\"@type\":\"ListItem\",\"position\":2,\"name\":\"At\u0161aukti prenumerat\u0105\"}]},{\"@type\":\"WebSite\",\"@id\":\"https:\/\/yourshampoo.eu\/#website\",\"url\":\"https:\/\/yourshampoo.eu\/\",\"name\":\"YourShampoo\",\"description\":\"\",\"alternateName\":\"Tavo Sampunas\",\"potentialAction\":[{\"@type\":\"SearchAction\",\"target\":{\"@type\":\"EntryPoint\",\"urlTemplate\":\"https:\/\/yourshampoo.eu\/?s={search_term_string}\"},\"query-input\":{\"@type\":\"PropertyValueSpecification\",\"valueRequired\":true,\"valueName\":\"search_term_string\"}}],\"inLanguage\":\"en-US\"}]}<\/script>\n<!-- \/ Yoast SEO plugin. -->","yoast_head_json":{"title":"At\u0161aukti prenumerat\u0105 | TAVO \u0160AMP\u016aNAS","robots":{"index":"noindex","follow":"follow","max-snippet":"max-snippet:-1","max-image-preview":"max-image-preview:large","max-video-preview":"max-video-preview:-1"},"og_locale":"en_US","og_type":"article","og_title":"At\u0161aukti prenumerat\u0105 | TAVO \u0160AMP\u016aNAS","og_description":"Laba diena, Nor\u0117dami at\u0161aukti prenumerat\u0105 \u0161iuo el.pa\u0161tu &#8211;\u00a0 , pa\u017eym\u0117kite \u017eemiau varnele ir spauskite ant mygtuko at\u0161aukti. A\u010di\u016b ir atsipra\u0161au u\u017e nepatogumus! .","og_url":"https:\/\/yourshampoo.eu\/en\/atsaukti-prenumerata\/","og_site_name":"TAVO \u0160AMP\u016aNAS","article_publisher":"https:\/\/www.facebook.com\/tavosampunasofficial","article_modified_time":"2025-07-14T09:09:43+00:00","og_image":[{"width":1200,"height":675,"url":"https:\/\/yourshampoo.eu\/wp-content\/uploads\/2023\/10\/tavo-sampunas-profesionaliai-plauku-prieziurai.jpg","type":"image\/jpeg"}],"twitter_card":"summary_large_image","twitter_misc":{"Est. reading time":"1 minute"},"schema":{"@context":"https:\/\/schema.org","@graph":[{"@type":"WebPage","@id":"https:\/\/yourshampoo.eu\/atsaukti-prenumerata\/","url":"https:\/\/yourshampoo.eu\/atsaukti-prenumerata\/","name":"At\u0161aukti prenumerat\u0105 | TAVO \u0160AMP\u016aNAS","isPartOf":{"@id":"https:\/\/yourshampoo.eu\/#website"},"datePublished":"2024-04-23T13:32:12+00:00","dateModified":"2025-07-14T09:09:43+00:00","breadcrumb":{"@id":"https:\/\/yourshampoo.eu\/atsaukti-prenumerata\/#breadcrumb"},"inLanguage":"en-US","potentialAction":[{"@type":"ReadAction","target":["https:\/\/yourshampoo.eu\/atsaukti-prenumerata\/"]}]},{"@type":"BreadcrumbList","@id":"https:\/\/yourshampoo.eu\/atsaukti-prenumerata\/#breadcrumb","itemListElement":[{"@type":"ListItem","position":1,"name":"Home","item":"https:\/\/yourshampoo.eu\/"},{"@type":"ListItem","position":2,"name":"At\u0161aukti prenumerat\u0105"}]},{"@type":"WebSite","@id":"https:\/\/yourshampoo.eu\/#website","url":"https:\/\/yourshampoo.eu\/","name":"YourShampoo","description":"","alternateName":"Tavo Sampunas","potentialAction":[{"@type":"SearchAction","target":{"@type":"EntryPoint","urlTemplate":"https:\/\/yourshampoo.eu\/?s={search_term_string}"},"query-input":{"@type":"PropertyValueSpecification","valueRequired":true,"valueName":"search_term_string"}}],"inLanguage":"en-US"}]}},"_links":{"self":[{"href":"https:\/\/yourshampoo.eu\/en\/wp-json\/wp\/v2\/pages\/63590","targetHints":{"allow":["GET"]}}],"collection":[{"href":"https:\/\/yourshampoo.eu\/en\/wp-json\/wp\/v2\/pages"}],"about":[{"href":"https:\/\/yourshampoo.eu\/en\/wp-json\/wp\/v2\/types\/page"}],"author":[{"embeddable":true,"href":"https:\/\/yourshampoo.eu\/en\/wp-json\/wp\/v2\/users\/1"}],"replies":[{"embeddable":true,"href":"https:\/\/yourshampoo.eu\/en\/wp-json\/wp\/v2\/comments?post=63590"}],"version-history":[{"count":1,"href":"https:\/\/yourshampoo.eu\/en\/wp-json\/wp\/v2\/pages\/63590\/revisions"}],"predecessor-version":[{"id":136052,"href":"https:\/\/yourshampoo.eu\/en\/wp-json\/wp\/v2\/pages\/63590\/revisions\/136052"}],"wp:attachment":[{"href":"https:\/\/yourshampoo.eu\/en\/wp-json\/wp\/v2\/media?parent=63590"}],"curies":[{"name":"wp","href":"https:\/\/api.w.org\/{rel}","templated":true}]}}