{"id":53006,"date":"2023-11-22T07:18:44","date_gmt":"2023-11-22T07:18:44","guid":{"rendered":"https:\/\/yourshampoo.eu\/?page_id=53006"},"modified":"2023-11-22T11:14:34","modified_gmt":"2023-11-22T11:14:34","slug":"black-friday-pasiulymas","status":"publish","type":"page","link":"https:\/\/yourshampoo.eu\/en\/black-friday-pasiulymas\/","title":{"rendered":"Black Friday pasi\u016blymas"},"content":{"rendered":"<p><img decoding=\"async\" width=\"767\" height=\"467\" src=\"https:\/\/yourshampoo.eu\/wp-content\/uploads\/2023\/11\/black-friday.gif\" alt=\"\" loading=\"lazy\" sizes=\"auto, (max-width: 360px) 147px, \" \/><br \/>\n\t\t\t\t\t\t\t\t\t\t\t\t\t\t\t<img decoding=\"async\" width=\"767\" height=\"533\" src=\"https:\/\/yourshampoo.eu\/wp-content\/uploads\/2023\/11\/mergina.jpg\" alt=\"\" loading=\"lazy\" srcset=\"https:\/\/yourshampoo.eu\/wp-content\/uploads\/2023\/11\/mergina.jpg 767w, https:\/\/yourshampoo.eu\/wp-content\/uploads\/2023\/11\/mergina-300x208.jpg 300w, https:\/\/yourshampoo.eu\/wp-content\/uploads\/2023\/11\/mergina-441x306.jpg 441w, https:\/\/yourshampoo.eu\/wp-content\/uploads\/2023\/11\/mergina-150x104.jpg 150w\" sizes=\"auto, (max-width: 360px) 147px, (max-width: 767px) 100vw, 767px\" \/>\t\t\t\t\t\t\t\t\t\t\t\t\t\t\t<\/p>\n<h1>BLACK FRIDAY DOVAN\u0172 MARATONAS<\/h1>\n<p>\t\tTai Did\u017eiausias Dovan\u0173 Maratonas Metuose &#8211;<br \/>\nDovan\u0173 Skai\u010dius Ribotas, i\u0161sirink savo ir paskub\u0117ki atsiimti, kol dar yra\t\t<\/p>\n<h2>IKI PABAIGOS LIKO:<\/h2>\n<p>\t\t\t d. val. min. sek.<br \/>\n\t\t\t\t\tPasi\u016blymas baig\u0117si!<br \/>\n\t\t\t\t\t\t\t\t\t\t\t\t\t\t\t<img decoding=\"async\" width=\"917\" height=\"1024\" src=\"https:\/\/yourshampoo.eu\/wp-content\/uploads\/2023\/11\/pirm-dov-2-917x1024.jpg\" alt=\"\" loading=\"lazy\" srcset=\"https:\/\/yourshampoo.eu\/wp-content\/uploads\/2023\/11\/pirm-dov-2-917x1024.jpg 917w, https:\/\/yourshampoo.eu\/wp-content\/uploads\/2023\/11\/pirm-dov-2-269x300.jpg 269w, https:\/\/yourshampoo.eu\/wp-content\/uploads\/2023\/11\/pirm-dov-2-768x858.jpg 768w, https:\/\/yourshampoo.eu\/wp-content\/uploads\/2023\/11\/pirm-dov-2-990x1106.jpg 990w, https:\/\/yourshampoo.eu\/wp-content\/uploads\/2023\/11\/pirm-dov-2-441x492.jpg 441w, https:\/\/yourshampoo.eu\/wp-content\/uploads\/2023\/11\/pirm-dov-2-300x335.jpg 300w, https:\/\/yourshampoo.eu\/wp-content\/uploads\/2023\/11\/pirm-dov-2-800x893.jpg 800w, https:\/\/yourshampoo.eu\/wp-content\/uploads\/2023\/11\/pirm-dov-2-150x168.jpg 150w, https:\/\/yourshampoo.eu\/wp-content\/uploads\/2023\/11\/pirm-dov-2.jpg 1080w\" sizes=\"auto, (max-width: 360px) 147px, (max-width: 917px) 100vw, 917px\" \/><br \/>\n\t\t\t\t\t\t\t\t\t\t\t\t\t\t\t<img decoding=\"async\" width=\"1024\" height=\"1024\" src=\"https:\/\/yourshampoo.eu\/wp-content\/uploads\/2023\/11\/pimr-sal-1024x1024.jpg\" alt=\"\" loading=\"lazy\" srcset=\"https:\/\/yourshampoo.eu\/wp-content\/uploads\/2023\/11\/pimr-sal-1024x1024.jpg 1024w, https:\/\/yourshampoo.eu\/wp-content\/uploads\/2023\/11\/pimr-sal-300x300.jpg 300w, https:\/\/yourshampoo.eu\/wp-content\/uploads\/2023\/11\/pimr-sal-150x150.jpg 150w, https:\/\/yourshampoo.eu\/wp-content\/uploads\/2023\/11\/pimr-sal-768x768.jpg 768w, https:\/\/yourshampoo.eu\/wp-content\/uploads\/2023\/11\/pimr-sal-990x990.jpg 990w, https:\/\/yourshampoo.eu\/wp-content\/uploads\/2023\/11\/pimr-sal-441x441.jpg 441w, https:\/\/yourshampoo.eu\/wp-content\/uploads\/2023\/11\/pimr-sal-100x100.jpg 100w, https:\/\/yourshampoo.eu\/wp-content\/uploads\/2023\/11\/pimr-sal-800x800.jpg 800w, https:\/\/yourshampoo.eu\/wp-content\/uploads\/2023\/11\/pimr-sal.jpg 1080w\" sizes=\"auto, (max-width: 360px) 147px, (max-width: 1024px) 100vw, 1024px\" \/><br \/>\n\t\t\t\t\t\t\t\t\t\t\t\t\t\t\t<img decoding=\"async\" width=\"917\" height=\"1024\" src=\"https:\/\/yourshampoo.eu\/wp-content\/uploads\/2023\/11\/antr-dovana-917x1024.jpg\" alt=\"\" loading=\"lazy\" srcset=\"https:\/\/yourshampoo.eu\/wp-content\/uploads\/2023\/11\/antr-dovana-917x1024.jpg 917w, https:\/\/yourshampoo.eu\/wp-content\/uploads\/2023\/11\/antr-dovana-269x300.jpg 269w, https:\/\/yourshampoo.eu\/wp-content\/uploads\/2023\/11\/antr-dovana-768x858.jpg 768w, https:\/\/yourshampoo.eu\/wp-content\/uploads\/2023\/11\/antr-dovana-990x1106.jpg 990w, https:\/\/yourshampoo.eu\/wp-content\/uploads\/2023\/11\/antr-dovana-441x492.jpg 441w, https:\/\/yourshampoo.eu\/wp-content\/uploads\/2023\/11\/antr-dovana-300x335.jpg 300w, https:\/\/yourshampoo.eu\/wp-content\/uploads\/2023\/11\/antr-dovana-800x893.jpg 800w, https:\/\/yourshampoo.eu\/wp-content\/uploads\/2023\/11\/antr-dovana-150x168.jpg 150w, https:\/\/yourshampoo.eu\/wp-content\/uploads\/2023\/11\/antr-dovana.jpg 1080w\" sizes=\"auto, (max-width: 360px) 147px, (max-width: 917px) 100vw, 917px\" \/><br \/>\n\t\t\t\t\t\t\t\t\t\t\t\t\t\t\t<img decoding=\"async\" width=\"1024\" height=\"1024\" src=\"https:\/\/yourshampoo.eu\/wp-content\/uploads\/2023\/11\/2dov-salyga-1024x1024.jpg\" alt=\"\" loading=\"lazy\" srcset=\"https:\/\/yourshampoo.eu\/wp-content\/uploads\/2023\/11\/2dov-salyga-1024x1024.jpg 1024w, https:\/\/yourshampoo.eu\/wp-content\/uploads\/2023\/11\/2dov-salyga-300x300.jpg 300w, https:\/\/yourshampoo.eu\/wp-content\/uploads\/2023\/11\/2dov-salyga-150x150.jpg 150w, https:\/\/yourshampoo.eu\/wp-content\/uploads\/2023\/11\/2dov-salyga-768x768.jpg 768w, https:\/\/yourshampoo.eu\/wp-content\/uploads\/2023\/11\/2dov-salyga-990x990.jpg 990w, https:\/\/yourshampoo.eu\/wp-content\/uploads\/2023\/11\/2dov-salyga-441x441.jpg 441w, https:\/\/yourshampoo.eu\/wp-content\/uploads\/2023\/11\/2dov-salyga-100x100.jpg 100w, https:\/\/yourshampoo.eu\/wp-content\/uploads\/2023\/11\/2dov-salyga-800x800.jpg 800w, https:\/\/yourshampoo.eu\/wp-content\/uploads\/2023\/11\/2dov-salyga.jpg 1080w\" sizes=\"auto, (max-width: 360px) 147px, (max-width: 1024px) 100vw, 1024px\" \/><br \/>\n\t\t\t\t\t\t\t\t\t\t\t\t\t\t\t<img decoding=\"async\" width=\"917\" height=\"1024\" src=\"https:\/\/yourshampoo.eu\/wp-content\/uploads\/2023\/11\/trec-dov-917x1024.jpg\" alt=\"\" loading=\"lazy\" srcset=\"https:\/\/yourshampoo.eu\/wp-content\/uploads\/2023\/11\/trec-dov-917x1024.jpg 917w, https:\/\/yourshampoo.eu\/wp-content\/uploads\/2023\/11\/trec-dov-269x300.jpg 269w, https:\/\/yourshampoo.eu\/wp-content\/uploads\/2023\/11\/trec-dov-768x858.jpg 768w, https:\/\/yourshampoo.eu\/wp-content\/uploads\/2023\/11\/trec-dov-990x1106.jpg 990w, https:\/\/yourshampoo.eu\/wp-content\/uploads\/2023\/11\/trec-dov-441x492.jpg 441w, https:\/\/yourshampoo.eu\/wp-content\/uploads\/2023\/11\/trec-dov-300x335.jpg 300w, https:\/\/yourshampoo.eu\/wp-content\/uploads\/2023\/11\/trec-dov-800x893.jpg 800w, https:\/\/yourshampoo.eu\/wp-content\/uploads\/2023\/11\/trec-dov-150x168.jpg 150w, https:\/\/yourshampoo.eu\/wp-content\/uploads\/2023\/11\/trec-dov.jpg 1080w\" sizes=\"auto, (max-width: 360px) 147px, (max-width: 917px) 100vw, 917px\" \/><br \/>\n\t\t\t\t\t\t\t\t\t\t\t\t\t\t\t<img decoding=\"async\" width=\"1024\" height=\"1024\" src=\"https:\/\/yourshampoo.eu\/wp-content\/uploads\/2023\/11\/trec-salyg-1024x1024.jpg\" alt=\"\" loading=\"lazy\" srcset=\"https:\/\/yourshampoo.eu\/wp-content\/uploads\/2023\/11\/trec-salyg-1024x1024.jpg 1024w, https:\/\/yourshampoo.eu\/wp-content\/uploads\/2023\/11\/trec-salyg-300x300.jpg 300w, https:\/\/yourshampoo.eu\/wp-content\/uploads\/2023\/11\/trec-salyg-150x150.jpg 150w, https:\/\/yourshampoo.eu\/wp-content\/uploads\/2023\/11\/trec-salyg-768x768.jpg 768w, https:\/\/yourshampoo.eu\/wp-content\/uploads\/2023\/11\/trec-salyg-990x990.jpg 990w, https:\/\/yourshampoo.eu\/wp-content\/uploads\/2023\/11\/trec-salyg-441x441.jpg 441w, https:\/\/yourshampoo.eu\/wp-content\/uploads\/2023\/11\/trec-salyg-100x100.jpg 100w, https:\/\/yourshampoo.eu\/wp-content\/uploads\/2023\/11\/trec-salyg-800x800.jpg 800w, https:\/\/yourshampoo.eu\/wp-content\/uploads\/2023\/11\/trec-salyg.jpg 1080w\" sizes=\"auto, (max-width: 360px) 147px, (max-width: 1024px) 100vw, 1024px\" \/>\t\t\t\t\t\t\t\t\t\t\t\t\t\t\t<\/p>\n<h2>iki pabaigos liko:<\/h2>\n<p>\t\t\t d. val. min. sek.<br \/>\n\t\t\t<a href=\"https:\/\/yourshampoo.eu\/en\/parduotuve\/\"><br \/>\n\t\t\t\t<svg aria-hidden=\"true\" viewbox=\"0 0 512 512\" xmlns=\"http:\/\/www.w3.org\/2000\/svg\"><path d=\"M256 8c137 0 248 111 248 248S393 504 256 504 8 393 8 256 119 8 256 8zM140 300h116v70.9c0 10.7 13 16.1 20.5 8.5l114.3-114.9c4.7-4.7 4.7-12.2 0-16.9l-114.3-115c-7.6-7.6-20.5-2.2-20.5 8.5V212H140c-6.6 0-12 5.4-12 12v64c0 6.6 5.4 12 12 12z\"><\/path><\/svg><br \/>\n\t\t\t\t\t\tEITI \u012e PARDUOTUV\u0118<br \/>\n\t\t\t\t\t<\/a><\/p>","protected":false},"excerpt":{"rendered":"<p>BLACK FRIDAY DOVAN\u0172 MARATONAS Tai Did\u017eiausias Dovan\u0173 Maratonas Metuose &#8211; Dovan\u0173 Skai\u010dius Ribotas, i\u0161sirink savo ir paskub\u0117ki atsiimti, kol dar yra IKI PABAIGOS LIKO: d. val. min. sek. Pasi\u016blymas baig\u0117si! iki pabaigos liko: d. val. min. sek. EITI \u012e PARDUOTUV\u0118<\/p>","protected":false},"author":1,"featured_media":0,"parent":0,"menu_order":0,"comment_status":"closed","ping_status":"closed","template":"template-canvas.php","meta":{"footnotes":""},"class_list":["post-53006","page","type-page","status-publish","hentry"],"acf":[],"yoast_head":"<!-- This site is optimized with the Yoast SEO plugin v26.7 - https:\/\/yoast.com\/wordpress\/plugins\/seo\/ -->\n<title>Black Friday pasi\u016blymas | TAVO \u0160AMP\u016aNAS<\/title>\n<meta name=\"robots\" content=\"noindex, follow, max-snippet:-1, max-image-preview:large, max-video-preview:-1\" \/>\n<meta property=\"og:locale\" content=\"en_US\" \/>\n<meta property=\"og:type\" content=\"article\" \/>\n<meta property=\"og:title\" content=\"Black Friday pasi\u016blymas | TAVO \u0160AMP\u016aNAS\" \/>\n<meta property=\"og:description\" content=\"BLACK FRIDAY DOVAN\u0172 MARATONAS Tai Did\u017eiausias Dovan\u0173 Maratonas Metuose &#8211; Dovan\u0173 Skai\u010dius Ribotas, i\u0161sirink savo ir paskub\u0117ki atsiimti, kol dar yra IKI PABAIGOS LIKO: d. val. min. sek. Pasi\u016blymas baig\u0117si! iki pabaigos liko: d. val. min. sek. EITI \u012e PARDUOTUV\u0118\" \/>\n<meta property=\"og:url\" content=\"https:\/\/yourshampoo.eu\/en\/black-friday-pasiulymas\/\" \/>\n<meta property=\"og:site_name\" content=\"TAVO \u0160AMP\u016aNAS\" \/>\n<meta property=\"article:publisher\" content=\"https:\/\/www.facebook.com\/tavosampunasofficial\" \/>\n<meta property=\"article:modified_time\" content=\"2023-11-22T11:14:34+00:00\" \/>\n<meta property=\"og:image\" content=\"https:\/\/yourshampoo.eu\/wp-content\/uploads\/2023\/11\/black-friday.gif\" \/>\n<meta name=\"twitter:card\" content=\"summary_large_image\" \/>\n<meta name=\"twitter:label1\" content=\"Est. reading time\" \/>\n\t<meta name=\"twitter:data1\" content=\"2 minutes\" \/>\n<script type=\"application\/ld+json\" class=\"yoast-schema-graph\">{\"@context\":\"https:\/\/schema.org\",\"@graph\":[{\"@type\":\"WebPage\",\"@id\":\"https:\/\/yourshampoo.eu\/black-friday-pasiulymas\/\",\"url\":\"https:\/\/yourshampoo.eu\/black-friday-pasiulymas\/\",\"name\":\"Black Friday pasi\u016blymas | TAVO \u0160AMP\u016aNAS\",\"isPartOf\":{\"@id\":\"https:\/\/yourshampoo.eu\/#website\"},\"primaryImageOfPage\":{\"@id\":\"https:\/\/yourshampoo.eu\/black-friday-pasiulymas\/#primaryimage\"},\"image\":{\"@id\":\"https:\/\/yourshampoo.eu\/black-friday-pasiulymas\/#primaryimage\"},\"thumbnailUrl\":\"https:\/\/yourshampoo.eu\/wp-content\/uploads\/2023\/11\/black-friday.gif\",\"datePublished\":\"2023-11-22T07:18:44+00:00\",\"dateModified\":\"2023-11-22T11:14:34+00:00\",\"breadcrumb\":{\"@id\":\"https:\/\/yourshampoo.eu\/black-friday-pasiulymas\/#breadcrumb\"},\"inLanguage\":\"en-US\",\"potentialAction\":[{\"@type\":\"ReadAction\",\"target\":[\"https:\/\/yourshampoo.eu\/black-friday-pasiulymas\/\"]}]},{\"@type\":\"ImageObject\",\"inLanguage\":\"en-US\",\"@id\":\"https:\/\/yourshampoo.eu\/black-friday-pasiulymas\/#primaryimage\",\"url\":\"https:\/\/yourshampoo.eu\/wp-content\/uploads\/2023\/11\/black-friday.gif\",\"contentUrl\":\"https:\/\/yourshampoo.eu\/wp-content\/uploads\/2023\/11\/black-friday.gif\"},{\"@type\":\"BreadcrumbList\",\"@id\":\"https:\/\/yourshampoo.eu\/black-friday-pasiulymas\/#breadcrumb\",\"itemListElement\":[{\"@type\":\"ListItem\",\"position\":1,\"name\":\"Home\",\"item\":\"https:\/\/yourshampoo.eu\/\"},{\"@type\":\"ListItem\",\"position\":2,\"name\":\"Black Friday pasi\u016blymas\"}]},{\"@type\":\"WebSite\",\"@id\":\"https:\/\/yourshampoo.eu\/#website\",\"url\":\"https:\/\/yourshampoo.eu\/\",\"name\":\"YourShampoo\",\"description\":\"\",\"alternateName\":\"Tavo Sampunas\",\"potentialAction\":[{\"@type\":\"SearchAction\",\"target\":{\"@type\":\"EntryPoint\",\"urlTemplate\":\"https:\/\/yourshampoo.eu\/?s={search_term_string}\"},\"query-input\":{\"@type\":\"PropertyValueSpecification\",\"valueRequired\":true,\"valueName\":\"search_term_string\"}}],\"inLanguage\":\"en-US\"}]}<\/script>\n<!-- \/ Yoast SEO plugin. -->","yoast_head_json":{"title":"Black Friday pasi\u016blymas | TAVO \u0160AMP\u016aNAS","robots":{"index":"noindex","follow":"follow","max-snippet":"max-snippet:-1","max-image-preview":"max-image-preview:large","max-video-preview":"max-video-preview:-1"},"og_locale":"en_US","og_type":"article","og_title":"Black Friday pasi\u016blymas | TAVO \u0160AMP\u016aNAS","og_description":"BLACK FRIDAY DOVAN\u0172 MARATONAS Tai Did\u017eiausias Dovan\u0173 Maratonas Metuose &#8211; Dovan\u0173 Skai\u010dius Ribotas, i\u0161sirink savo ir paskub\u0117ki atsiimti, kol dar yra IKI PABAIGOS LIKO: d. val. min. sek. Pasi\u016blymas baig\u0117si! iki pabaigos liko: d. val. min. sek. EITI \u012e PARDUOTUV\u0118","og_url":"https:\/\/yourshampoo.eu\/en\/black-friday-pasiulymas\/","og_site_name":"TAVO \u0160AMP\u016aNAS","article_publisher":"https:\/\/www.facebook.com\/tavosampunasofficial","article_modified_time":"2023-11-22T11:14:34+00:00","og_image":[{"url":"https:\/\/yourshampoo.eu\/wp-content\/uploads\/2023\/11\/black-friday.gif","type":"","width":"","height":""}],"twitter_card":"summary_large_image","twitter_misc":{"Est. reading time":"2 minutes"},"schema":{"@context":"https:\/\/schema.org","@graph":[{"@type":"WebPage","@id":"https:\/\/yourshampoo.eu\/black-friday-pasiulymas\/","url":"https:\/\/yourshampoo.eu\/black-friday-pasiulymas\/","name":"Black Friday pasi\u016blymas | TAVO \u0160AMP\u016aNAS","isPartOf":{"@id":"https:\/\/yourshampoo.eu\/#website"},"primaryImageOfPage":{"@id":"https:\/\/yourshampoo.eu\/black-friday-pasiulymas\/#primaryimage"},"image":{"@id":"https:\/\/yourshampoo.eu\/black-friday-pasiulymas\/#primaryimage"},"thumbnailUrl":"https:\/\/yourshampoo.eu\/wp-content\/uploads\/2023\/11\/black-friday.gif","datePublished":"2023-11-22T07:18:44+00:00","dateModified":"2023-11-22T11:14:34+00:00","breadcrumb":{"@id":"https:\/\/yourshampoo.eu\/black-friday-pasiulymas\/#breadcrumb"},"inLanguage":"en-US","potentialAction":[{"@type":"ReadAction","target":["https:\/\/yourshampoo.eu\/black-friday-pasiulymas\/"]}]},{"@type":"ImageObject","inLanguage":"en-US","@id":"https:\/\/yourshampoo.eu\/black-friday-pasiulymas\/#primaryimage","url":"https:\/\/yourshampoo.eu\/wp-content\/uploads\/2023\/11\/black-friday.gif","contentUrl":"https:\/\/yourshampoo.eu\/wp-content\/uploads\/2023\/11\/black-friday.gif"},{"@type":"BreadcrumbList","@id":"https:\/\/yourshampoo.eu\/black-friday-pasiulymas\/#breadcrumb","itemListElement":[{"@type":"ListItem","position":1,"name":"Home","item":"https:\/\/yourshampoo.eu\/"},{"@type":"ListItem","position":2,"name":"Black Friday pasi\u016blymas"}]},{"@type":"WebSite","@id":"https:\/\/yourshampoo.eu\/#website","url":"https:\/\/yourshampoo.eu\/","name":"YourShampoo","description":"","alternateName":"Tavo Sampunas","potentialAction":[{"@type":"SearchAction","target":{"@type":"EntryPoint","urlTemplate":"https:\/\/yourshampoo.eu\/?s={search_term_string}"},"query-input":{"@type":"PropertyValueSpecification","valueRequired":true,"valueName":"search_term_string"}}],"inLanguage":"en-US"}]}},"_links":{"self":[{"href":"https:\/\/yourshampoo.eu\/en\/wp-json\/wp\/v2\/pages\/53006","targetHints":{"allow":["GET"]}}],"collection":[{"href":"https:\/\/yourshampoo.eu\/en\/wp-json\/wp\/v2\/pages"}],"about":[{"href":"https:\/\/yourshampoo.eu\/en\/wp-json\/wp\/v2\/types\/page"}],"author":[{"embeddable":true,"href":"https:\/\/yourshampoo.eu\/en\/wp-json\/wp\/v2\/users\/1"}],"replies":[{"embeddable":true,"href":"https:\/\/yourshampoo.eu\/en\/wp-json\/wp\/v2\/comments?post=53006"}],"version-history":[{"count":0,"href":"https:\/\/yourshampoo.eu\/en\/wp-json\/wp\/v2\/pages\/53006\/revisions"}],"wp:attachment":[{"href":"https:\/\/yourshampoo.eu\/en\/wp-json\/wp\/v2\/media?parent=53006"}],"curies":[{"name":"wp","href":"https:\/\/api.w.org\/{rel}","templated":true}]}}