{"id":52580,"date":"2023-11-17T10:00:33","date_gmt":"2023-11-17T10:00:33","guid":{"rendered":"https:\/\/yourshampoo.eu\/?page_id=52580"},"modified":"2023-11-17T15:10:36","modified_gmt":"2023-11-17T15:10:36","slug":"pirk-ir-gauk-dovanu","status":"publish","type":"page","link":"https:\/\/yourshampoo.eu\/en\/pirk-ir-gauk-dovanu\/","title":{"rendered":"Pirk ir gauk dovan\u0173"},"content":{"rendered":"<p><img decoding=\"async\" width=\"1024\" height=\"590\" src=\"https:\/\/yourshampoo.eu\/wp-content\/uploads\/2023\/11\/header3-1024x590.jpg\" alt=\"\" loading=\"lazy\" srcset=\"https:\/\/yourshampoo.eu\/wp-content\/uploads\/2023\/11\/header3-1024x590.jpg 1024w, https:\/\/yourshampoo.eu\/wp-content\/uploads\/2023\/11\/header3-300x173.jpg 300w, https:\/\/yourshampoo.eu\/wp-content\/uploads\/2023\/11\/header3-768x442.jpg 768w, https:\/\/yourshampoo.eu\/wp-content\/uploads\/2023\/11\/header3-990x570.jpg 990w, https:\/\/yourshampoo.eu\/wp-content\/uploads\/2023\/11\/header3-441x254.jpg 441w, https:\/\/yourshampoo.eu\/wp-content\/uploads\/2023\/11\/header3-800x461.jpg 800w, https:\/\/yourshampoo.eu\/wp-content\/uploads\/2023\/11\/header3-150x86.jpg 150w, https:\/\/yourshampoo.eu\/wp-content\/uploads\/2023\/11\/header3.jpg 1440w\" sizes=\"auto, (max-width: 360px) 147px, (max-width: 1024px) 100vw, 1024px\" \/>\t\t\t\t\t\t\t\t\t\t\t\t\t\t\t<\/p>\n<h2>Iki pasi\u016blymo pabaigos liko:<\/h2>\n<p>\t\t\t d. val. min. sek.\t\t<\/p>\n<h1>KAIP GAUTI?<\/h1>\n<p>\t\t\t\t\t\t\t\t\t\t\t\t\t\t\t<img decoding=\"async\" width=\"720\" height=\"645\" src=\"https:\/\/yourshampoo.eu\/wp-content\/uploads\/2023\/11\/uzsisakyk.jpg\" alt=\"\" loading=\"lazy\" srcset=\"https:\/\/yourshampoo.eu\/wp-content\/uploads\/2023\/11\/uzsisakyk.jpg 720w, https:\/\/yourshampoo.eu\/wp-content\/uploads\/2023\/11\/uzsisakyk-300x269.jpg 300w, https:\/\/yourshampoo.eu\/wp-content\/uploads\/2023\/11\/uzsisakyk-441x395.jpg 441w, https:\/\/yourshampoo.eu\/wp-content\/uploads\/2023\/11\/uzsisakyk-150x134.jpg 150w\" sizes=\"auto, (max-width: 360px) 147px, (max-width: 720px) 100vw, 720px\" \/><br \/>\n\t\t\t\t\t\t\t\t\t\t\t\t\t\t\t<img decoding=\"async\" width=\"720\" height=\"645\" src=\"https:\/\/yourshampoo.eu\/wp-content\/uploads\/2023\/11\/priemones.jpg\" alt=\"\" loading=\"lazy\" srcset=\"https:\/\/yourshampoo.eu\/wp-content\/uploads\/2023\/11\/priemones.jpg 720w, https:\/\/yourshampoo.eu\/wp-content\/uploads\/2023\/11\/priemones-300x269.jpg 300w, https:\/\/yourshampoo.eu\/wp-content\/uploads\/2023\/11\/priemones-441x395.jpg 441w, https:\/\/yourshampoo.eu\/wp-content\/uploads\/2023\/11\/priemones-150x134.jpg 150w\" sizes=\"auto, (max-width: 360px) 147px, (max-width: 720px) 100vw, 720px\" \/><br \/>\n\t\t\t\t\t\t\t\t\t\t\t\t\t\t\t<img decoding=\"async\" width=\"720\" height=\"645\" src=\"https:\/\/yourshampoo.eu\/wp-content\/uploads\/2023\/11\/uzsisakyk.jpg\" alt=\"\" loading=\"lazy\" srcset=\"https:\/\/yourshampoo.eu\/wp-content\/uploads\/2023\/11\/uzsisakyk.jpg 720w, https:\/\/yourshampoo.eu\/wp-content\/uploads\/2023\/11\/uzsisakyk-300x269.jpg 300w, https:\/\/yourshampoo.eu\/wp-content\/uploads\/2023\/11\/uzsisakyk-441x395.jpg 441w, https:\/\/yourshampoo.eu\/wp-content\/uploads\/2023\/11\/uzsisakyk-150x134.jpg 150w\" sizes=\"auto, (max-width: 360px) 147px, (max-width: 720px) 100vw, 720px\" \/><br \/>\n\t\t\t\t\t\t\t\t\t\t\t\t\t\t\t<img decoding=\"async\" width=\"720\" height=\"504\" src=\"https:\/\/yourshampoo.eu\/wp-content\/uploads\/2023\/11\/irasyk.jpg\" alt=\"\" loading=\"lazy\" srcset=\"https:\/\/yourshampoo.eu\/wp-content\/uploads\/2023\/11\/irasyk.jpg 720w, https:\/\/yourshampoo.eu\/wp-content\/uploads\/2023\/11\/irasyk-300x210.jpg 300w, https:\/\/yourshampoo.eu\/wp-content\/uploads\/2023\/11\/irasyk-441x309.jpg 441w, https:\/\/yourshampoo.eu\/wp-content\/uploads\/2023\/11\/irasyk-150x105.jpg 150w\" sizes=\"auto, (max-width: 360px) 147px, (max-width: 720px) 100vw, 720px\" \/><br \/>\n\t\t\t\t\t\t\t\t\t\t\t\t\t\t\t<img decoding=\"async\" width=\"720\" height=\"504\" src=\"https:\/\/yourshampoo.eu\/wp-content\/uploads\/2023\/11\/kodas.jpg\" alt=\"\" loading=\"lazy\" srcset=\"https:\/\/yourshampoo.eu\/wp-content\/uploads\/2023\/11\/kodas.jpg 720w, https:\/\/yourshampoo.eu\/wp-content\/uploads\/2023\/11\/kodas-300x210.jpg 300w, https:\/\/yourshampoo.eu\/wp-content\/uploads\/2023\/11\/kodas-441x309.jpg 441w, https:\/\/yourshampoo.eu\/wp-content\/uploads\/2023\/11\/kodas-150x105.jpg 150w\" sizes=\"auto, (max-width: 360px) 147px, (max-width: 720px) 100vw, 720px\" \/><br \/>\n\t\t\t\t\t\t\t\t\t\t\t\t\t\t\t<img decoding=\"async\" width=\"720\" height=\"823\" src=\"https:\/\/yourshampoo.eu\/wp-content\/uploads\/2023\/11\/merginos.jpg\" alt=\"\" loading=\"lazy\" srcset=\"https:\/\/yourshampoo.eu\/wp-content\/uploads\/2023\/11\/merginos.jpg 720w, https:\/\/yourshampoo.eu\/wp-content\/uploads\/2023\/11\/merginos-262x300.jpg 262w, https:\/\/yourshampoo.eu\/wp-content\/uploads\/2023\/11\/merginos-441x504.jpg 441w, https:\/\/yourshampoo.eu\/wp-content\/uploads\/2023\/11\/merginos-300x343.jpg 300w, https:\/\/yourshampoo.eu\/wp-content\/uploads\/2023\/11\/merginos-150x171.jpg 150w\" sizes=\"auto, (max-width: 360px) 147px, (max-width: 720px) 100vw, 720px\" \/><br \/>\n\t\t\t\t\t\t\t\t\t\t\t\t\t\t\t<img decoding=\"async\" width=\"720\" height=\"823\" src=\"https:\/\/yourshampoo.eu\/wp-content\/uploads\/2023\/11\/salyg.jpg\" alt=\"\" loading=\"lazy\" srcset=\"https:\/\/yourshampoo.eu\/wp-content\/uploads\/2023\/11\/salyg.jpg 720w, https:\/\/yourshampoo.eu\/wp-content\/uploads\/2023\/11\/salyg-262x300.jpg 262w, https:\/\/yourshampoo.eu\/wp-content\/uploads\/2023\/11\/salyg-441x504.jpg 441w, https:\/\/yourshampoo.eu\/wp-content\/uploads\/2023\/11\/salyg-300x343.jpg 300w, https:\/\/yourshampoo.eu\/wp-content\/uploads\/2023\/11\/salyg-150x171.jpg 150w\" sizes=\"auto, (max-width: 360px) 147px, (max-width: 720px) 100vw, 720px\" \/><br \/>\n\t\t\t\t\t\tI would like to share my experience with the head scrub. Before I started using the scrub, my scalp was itchy, dry and flaky. It was often greasy and my hair was falling out in clumps. But after using the scrub, after the first time, I felt my hair was shiny, fluffy and glossy. My scalp felt cleaner and my hair started to fall out less. I am very happy that I took the risk and ordered it and I will continue to use it. Thank you.<br \/>\n\t\t\t\t\t\t\t\t<cite>Audron\u0117<\/cite><br \/>\n\t\t\t\t\t\t\u0160is \u0161veitiklis mano galvos od\u0105 padar\u0117 toki\u0105 \u0161velni\u0105 ir gaivi\u0105, lyg k\u0105 tik i\u0161 SPA centro! Jis puikiai i\u0161valo ne\u0161varumus ir riebalus, o oda po jo nenie\u017eti. Plaukai tapo pur\u016bs ir \u017evilgantys. Labai patenkinta juo.<br \/>\n\t\t\t\t\t\t\t\t<cite>Catherine<\/cite><br \/>\n\t\t\t\t\t\tjo nesu naudojusi niekada prie\u0161 tai, tad man \u010dia buvo nuostabus atradimas mano plaukai yra link\u0119 riebaluotis, panaudojus \u0161veitikl\u012f \u0161varos poj\u016btis i\u0161lieka vis\u0105 dien\u0105<br \/>\n\t\t\t\t\t\t\t\t<cite>Sandra<\/cite><br \/>\n\t\t\t\t\t\t\t<svg aria-hidden=\"true\" viewbox=\"0 0 1000 1000\" xmlns=\"http:\/\/www.w3.org\/2000\/svg\"><path d=\"M646 125C629 125 613 133 604 142L308 442C296 454 292 471 292 487 292 504 296 521 308 533L604 854C617 867 629 875 646 875 663 875 679 871 692 858 704 846 713 829 713 812 713 796 708 779 692 767L438 487 692 225C700 217 708 204 708 187 708 171 704 154 692 142 675 129 663 125 646 125Z\"><\/path><\/svg>\t\t\t\t\t\t\tPrevious<br \/>\n\t\t\t\t\t\t\t<svg aria-hidden=\"true\" viewbox=\"0 0 1000 1000\" xmlns=\"http:\/\/www.w3.org\/2000\/svg\"><path d=\"M696 533C708 521 713 504 713 487 713 471 708 454 696 446L400 146C388 133 375 125 354 125 338 125 325 129 313 142 300 154 292 171 292 187 292 204 296 221 308 233L563 492 304 771C292 783 288 800 288 817 288 833 296 850 308 863 321 871 338 875 354 875 371 875 388 867 400 854L696 533Z\"><\/path><\/svg>\t\t\t\t\t\t\tNext<br \/>\n\t\t\t<a href=\"https:\/\/yourshampoo.eu\/en\/parduotuve\/\"><br \/>\n\t\t\t\t<svg aria-hidden=\"true\" viewbox=\"0 0 512 512\" xmlns=\"http:\/\/www.w3.org\/2000\/svg\"><path d=\"M256 8C119.033 8 8 119.033 8 256s111.033 248 248 248 248-111.033 248-248S392.967 8 256 8zm0 48c110.532 0 200 89.451 200 200 0 110.532-89.451 200-200 200-110.532 0-200-89.451-200-200 0-110.532 89.451-200 200-200m140.204 130.267l-22.536-22.718c-4.667-4.705-12.265-4.736-16.97-.068L215.346 303.697l-59.792-60.277c-4.667-4.705-12.265-4.736-16.97-.069l-22.719 22.536c-4.705 4.667-4.736 12.265-.068 16.971l90.781 91.516c4.667 4.705 12.265 4.736 16.97.068l172.589-171.204c4.704-4.668 4.734-12.266.067-16.971z\"><\/path><\/svg><br \/>\n\t\t\t\t\t\tEITI \u012e PARDUOTUV\u0118<br \/>\n\t\t\t\t\t<\/a><\/p>\n<h2>Iki pasi\u016blymo pabaigos liko:<\/h2>\n<p>\t\t\t d. val. min. sek.<\/p>","protected":false},"excerpt":{"rendered":"<p>Iki pasi\u016blymo pabaigos liko: d. val. min. sek. KAIP GAUTI? Noriu pasidalinti savo patirtimi d\u0117l galvos \u0161veitiklio. Prie\u0161 pradedant naudoti \u0161veitikli, nie\u017et\u0117davo galvos oda, ji buvo sausa ir pleiskanota. Da\u017enai riebaluodavosi, plaukai slinko kuok\u0161tais. O prad\u0117jus naudoti \u0161veitikli, po pirmo karto pajutau, kad plaukai tapo, purus, blizgantys. Galvos oda tapo \u0161vari, o ir plaukai ma\u017eiau [&hellip;]<\/p>","protected":false},"author":1,"featured_media":0,"parent":0,"menu_order":0,"comment_status":"closed","ping_status":"closed","template":"","meta":{"footnotes":""},"class_list":["post-52580","page","type-page","status-publish","hentry"],"acf":[],"yoast_head":"<!-- This site is optimized with the Yoast SEO plugin v26.7 - https:\/\/yoast.com\/wordpress\/plugins\/seo\/ -->\n<title>Pirk ir gauk dovan\u0173 | TAVO \u0160AMP\u016aNAS<\/title>\n<meta name=\"robots\" content=\"noindex, follow, max-snippet:-1, max-image-preview:large, max-video-preview:-1\" \/>\n<meta property=\"og:locale\" content=\"en_US\" \/>\n<meta property=\"og:type\" content=\"article\" \/>\n<meta property=\"og:title\" content=\"Pirk ir gauk dovan\u0173 | TAVO \u0160AMP\u016aNAS\" \/>\n<meta property=\"og:description\" content=\"Iki pasi\u016blymo pabaigos liko: d. val. min. sek. KAIP GAUTI? Noriu pasidalinti savo patirtimi d\u0117l galvos \u0161veitiklio. Prie\u0161 pradedant naudoti \u0161veitikli, nie\u017et\u0117davo galvos oda, ji buvo sausa ir pleiskanota. Da\u017enai riebaluodavosi, plaukai slinko kuok\u0161tais. O prad\u0117jus naudoti \u0161veitikli, po pirmo karto pajutau, kad plaukai tapo, purus, blizgantys. Galvos oda tapo \u0161vari, o ir plaukai ma\u017eiau [&hellip;]\" \/>\n<meta property=\"og:url\" content=\"https:\/\/yourshampoo.eu\/en\/pirk-ir-gauk-dovanu\/\" \/>\n<meta property=\"og:site_name\" content=\"TAVO \u0160AMP\u016aNAS\" \/>\n<meta property=\"article:publisher\" content=\"https:\/\/www.facebook.com\/tavosampunasofficial\" \/>\n<meta property=\"article:modified_time\" content=\"2023-11-17T15:10:36+00:00\" \/>\n<meta property=\"og:image\" content=\"https:\/\/yourshampoo.eu\/wp-content\/uploads\/2023\/11\/header3-1024x590.jpg\" \/>\n<meta name=\"twitter:card\" content=\"summary_large_image\" \/>\n<meta name=\"twitter:label1\" content=\"Est. reading time\" \/>\n\t<meta name=\"twitter:data1\" content=\"3 minutes\" \/>\n<script type=\"application\/ld+json\" class=\"yoast-schema-graph\">{\"@context\":\"https:\/\/schema.org\",\"@graph\":[{\"@type\":\"WebPage\",\"@id\":\"https:\/\/yourshampoo.eu\/pirk-ir-gauk-dovanu\/\",\"url\":\"https:\/\/yourshampoo.eu\/pirk-ir-gauk-dovanu\/\",\"name\":\"Pirk ir gauk dovan\u0173 | TAVO \u0160AMP\u016aNAS\",\"isPartOf\":{\"@id\":\"https:\/\/yourshampoo.eu\/#website\"},\"primaryImageOfPage\":{\"@id\":\"https:\/\/yourshampoo.eu\/pirk-ir-gauk-dovanu\/#primaryimage\"},\"image\":{\"@id\":\"https:\/\/yourshampoo.eu\/pirk-ir-gauk-dovanu\/#primaryimage\"},\"thumbnailUrl\":\"https:\/\/yourshampoo.eu\/wp-content\/uploads\/2023\/11\/header3-1024x590.jpg\",\"datePublished\":\"2023-11-17T10:00:33+00:00\",\"dateModified\":\"2023-11-17T15:10:36+00:00\",\"breadcrumb\":{\"@id\":\"https:\/\/yourshampoo.eu\/pirk-ir-gauk-dovanu\/#breadcrumb\"},\"inLanguage\":\"en-US\",\"potentialAction\":[{\"@type\":\"ReadAction\",\"target\":[\"https:\/\/yourshampoo.eu\/pirk-ir-gauk-dovanu\/\"]}]},{\"@type\":\"ImageObject\",\"inLanguage\":\"en-US\",\"@id\":\"https:\/\/yourshampoo.eu\/pirk-ir-gauk-dovanu\/#primaryimage\",\"url\":\"https:\/\/yourshampoo.eu\/wp-content\/uploads\/2023\/11\/header3-1024x590.jpg\",\"contentUrl\":\"https:\/\/yourshampoo.eu\/wp-content\/uploads\/2023\/11\/header3-1024x590.jpg\"},{\"@type\":\"BreadcrumbList\",\"@id\":\"https:\/\/yourshampoo.eu\/pirk-ir-gauk-dovanu\/#breadcrumb\",\"itemListElement\":[{\"@type\":\"ListItem\",\"position\":1,\"name\":\"Home\",\"item\":\"https:\/\/yourshampoo.eu\/\"},{\"@type\":\"ListItem\",\"position\":2,\"name\":\"Pirk ir gauk dovan\u0173\"}]},{\"@type\":\"WebSite\",\"@id\":\"https:\/\/yourshampoo.eu\/#website\",\"url\":\"https:\/\/yourshampoo.eu\/\",\"name\":\"YourShampoo\",\"description\":\"\",\"alternateName\":\"Tavo Sampunas\",\"potentialAction\":[{\"@type\":\"SearchAction\",\"target\":{\"@type\":\"EntryPoint\",\"urlTemplate\":\"https:\/\/yourshampoo.eu\/?s={search_term_string}\"},\"query-input\":{\"@type\":\"PropertyValueSpecification\",\"valueRequired\":true,\"valueName\":\"search_term_string\"}}],\"inLanguage\":\"en-US\"}]}<\/script>\n<!-- \/ Yoast SEO plugin. -->","yoast_head_json":{"title":"Pirk ir gauk dovan\u0173 | TAVO \u0160AMP\u016aNAS","robots":{"index":"noindex","follow":"follow","max-snippet":"max-snippet:-1","max-image-preview":"max-image-preview:large","max-video-preview":"max-video-preview:-1"},"og_locale":"en_US","og_type":"article","og_title":"Pirk ir gauk dovan\u0173 | TAVO \u0160AMP\u016aNAS","og_description":"Iki pasi\u016blymo pabaigos liko: d. val. min. sek. KAIP GAUTI? Noriu pasidalinti savo patirtimi d\u0117l galvos \u0161veitiklio. Prie\u0161 pradedant naudoti \u0161veitikli, nie\u017et\u0117davo galvos oda, ji buvo sausa ir pleiskanota. Da\u017enai riebaluodavosi, plaukai slinko kuok\u0161tais. O prad\u0117jus naudoti \u0161veitikli, po pirmo karto pajutau, kad plaukai tapo, purus, blizgantys. Galvos oda tapo \u0161vari, o ir plaukai ma\u017eiau [&hellip;]","og_url":"https:\/\/yourshampoo.eu\/en\/pirk-ir-gauk-dovanu\/","og_site_name":"TAVO \u0160AMP\u016aNAS","article_publisher":"https:\/\/www.facebook.com\/tavosampunasofficial","article_modified_time":"2023-11-17T15:10:36+00:00","og_image":[{"url":"https:\/\/yourshampoo.eu\/wp-content\/uploads\/2023\/11\/header3-1024x590.jpg","type":"","width":"","height":""}],"twitter_card":"summary_large_image","twitter_misc":{"Est. reading time":"3 minutes"},"schema":{"@context":"https:\/\/schema.org","@graph":[{"@type":"WebPage","@id":"https:\/\/yourshampoo.eu\/pirk-ir-gauk-dovanu\/","url":"https:\/\/yourshampoo.eu\/pirk-ir-gauk-dovanu\/","name":"Pirk ir gauk dovan\u0173 | TAVO \u0160AMP\u016aNAS","isPartOf":{"@id":"https:\/\/yourshampoo.eu\/#website"},"primaryImageOfPage":{"@id":"https:\/\/yourshampoo.eu\/pirk-ir-gauk-dovanu\/#primaryimage"},"image":{"@id":"https:\/\/yourshampoo.eu\/pirk-ir-gauk-dovanu\/#primaryimage"},"thumbnailUrl":"https:\/\/yourshampoo.eu\/wp-content\/uploads\/2023\/11\/header3-1024x590.jpg","datePublished":"2023-11-17T10:00:33+00:00","dateModified":"2023-11-17T15:10:36+00:00","breadcrumb":{"@id":"https:\/\/yourshampoo.eu\/pirk-ir-gauk-dovanu\/#breadcrumb"},"inLanguage":"en-US","potentialAction":[{"@type":"ReadAction","target":["https:\/\/yourshampoo.eu\/pirk-ir-gauk-dovanu\/"]}]},{"@type":"ImageObject","inLanguage":"en-US","@id":"https:\/\/yourshampoo.eu\/pirk-ir-gauk-dovanu\/#primaryimage","url":"https:\/\/yourshampoo.eu\/wp-content\/uploads\/2023\/11\/header3-1024x590.jpg","contentUrl":"https:\/\/yourshampoo.eu\/wp-content\/uploads\/2023\/11\/header3-1024x590.jpg"},{"@type":"BreadcrumbList","@id":"https:\/\/yourshampoo.eu\/pirk-ir-gauk-dovanu\/#breadcrumb","itemListElement":[{"@type":"ListItem","position":1,"name":"Home","item":"https:\/\/yourshampoo.eu\/"},{"@type":"ListItem","position":2,"name":"Pirk ir gauk dovan\u0173"}]},{"@type":"WebSite","@id":"https:\/\/yourshampoo.eu\/#website","url":"https:\/\/yourshampoo.eu\/","name":"YourShampoo","description":"","alternateName":"Tavo Sampunas","potentialAction":[{"@type":"SearchAction","target":{"@type":"EntryPoint","urlTemplate":"https:\/\/yourshampoo.eu\/?s={search_term_string}"},"query-input":{"@type":"PropertyValueSpecification","valueRequired":true,"valueName":"search_term_string"}}],"inLanguage":"en-US"}]}},"_links":{"self":[{"href":"https:\/\/yourshampoo.eu\/en\/wp-json\/wp\/v2\/pages\/52580","targetHints":{"allow":["GET"]}}],"collection":[{"href":"https:\/\/yourshampoo.eu\/en\/wp-json\/wp\/v2\/pages"}],"about":[{"href":"https:\/\/yourshampoo.eu\/en\/wp-json\/wp\/v2\/types\/page"}],"author":[{"embeddable":true,"href":"https:\/\/yourshampoo.eu\/en\/wp-json\/wp\/v2\/users\/1"}],"replies":[{"embeddable":true,"href":"https:\/\/yourshampoo.eu\/en\/wp-json\/wp\/v2\/comments?post=52580"}],"version-history":[{"count":0,"href":"https:\/\/yourshampoo.eu\/en\/wp-json\/wp\/v2\/pages\/52580\/revisions"}],"wp:attachment":[{"href":"https:\/\/yourshampoo.eu\/en\/wp-json\/wp\/v2\/media?parent=52580"}],"curies":[{"name":"wp","href":"https:\/\/api.w.org\/{rel}","templated":true}]}}