{"id":52452,"date":"2023-11-15T08:10:23","date_gmt":"2023-11-15T08:10:23","guid":{"rendered":"https:\/\/yourshampoo.eu\/?page_id=52452"},"modified":"2023-11-15T08:15:20","modified_gmt":"2023-11-15T08:15:20","slug":"e-knyga","status":"publish","type":"page","link":"https:\/\/yourshampoo.eu\/en\/e-knyga\/","title":{"rendered":"E-Knyga"},"content":{"rendered":"<div class=\"wp-block-columns is-layout-flex wp-container-core-columns-is-layout-28f84493 wp-block-columns-is-layout-flex\">\n<div class=\"wp-block-column is-layout-flow wp-block-column-is-layout-flow\">\n<p>Daugelis galvoja, kad gra\u017e\u016bs plaukai yra ger\u0173 gen\u0173 dovana.<\/p>\n\n\n\n<p>Ta\u010diau vis tik did\u017eiausi\u0105 \u012ftak\u0105 plauk\u0173 b\u016bklei daro gyvenimo b\u016bdas ir kasdieniai \u012fpro\u010diai. O tai rei\u0161kia, kad kiekviena gali tur\u0117ti sveikus, gra\u017eius plaukus. Tik reikia jais kasdien r\u016bpintis ne tik i\u0161 i\u0161or\u0117s, ta\u010diau ir i\u0161 vidaus.<\/p>\n\n\n\n<p>Tod\u0117l \u0161iame gra\u017ei\u0173 plauk\u0173 vadove rasi pagrindines m\u016bs\u0173 daromas klaidas ir patarimus, kaip j\u0173 i\u0161vengti bei kelis svarbius \u012fpro\u010dius, kuriuos verta \u012ftraukti \u012f savo rutin\u0105, jei nori puosel\u0117ti savo plaukus ir gro\u017e\u012f ne tik i\u0161 i\u0161or\u0117s, ta\u010diau ir i\u0161 vidaus.<\/p>\n\n\n\n<p>Tad nepraleisk \u0161iame vadove esan\u010di\u0173 praktini\u0173 u\u017eduo\u010di\u0173 &#8211; jas suk\u016br\u0117me tam, kad pad\u0117tume tau u\u017etvirtinti \u012fgytas \u017einias ir i\u0161 ties\u0173 jomis naudotis.<\/p>\n\n\n\n<p>Spausk ant mygtuko ir parsisi\u0173sk knyg\u0105!<br>Gero skaitymo!<\/p>\n\n\n\n<div class=\"wp-block-buttons is-layout-flex wp-block-buttons-is-layout-flex\">\n<div class=\"wp-block-button\"><a class=\"wp-block-button__link wp-element-button\" href=\"https:\/\/yourshampoo.eu\/wp-content\/uploads\/2023\/11\/eknyga_graziuplaukuvadovas.pdf\" target=\"_blank\" rel=\"noreferrer noopener\">si\u0173stis e-knyg\u0105<\/a><\/div>\n<\/div>\n<\/div>\n\n\n\n<div class=\"wp-block-column is-layout-flow wp-block-column-is-layout-flow\">\n<figure class=\"wp-block-image size-full\"><img loading=\"lazy\" decoding=\"async\" width=\"604\" height=\"861\" src=\"https:\/\/yourshampoo.eu\/wp-content\/uploads\/2023\/11\/knyga-apie-plauku-prieziura.png\" alt=\"\" class=\"wp-image-52458\" srcset=\"https:\/\/yourshampoo.eu\/wp-content\/uploads\/2023\/11\/knyga-apie-plauku-prieziura.png 604w, https:\/\/yourshampoo.eu\/wp-content\/uploads\/2023\/11\/knyga-apie-plauku-prieziura-210x300.png 210w, https:\/\/yourshampoo.eu\/wp-content\/uploads\/2023\/11\/knyga-apie-plauku-prieziura-441x629.png 441w, https:\/\/yourshampoo.eu\/wp-content\/uploads\/2023\/11\/knyga-apie-plauku-prieziura-300x428.png 300w, https:\/\/yourshampoo.eu\/wp-content\/uploads\/2023\/11\/knyga-apie-plauku-prieziura-150x214.png 150w\" sizes=\"auto, (max-width: 604px) 100vw, 604px\" \/><\/figure>\n<\/div>\n<\/div>","protected":false},"excerpt":{"rendered":"<p>Daugelis galvoja, kad gra\u017e\u016bs plaukai yra ger\u0173 gen\u0173 dovana. Ta\u010diau vis tik did\u017eiausi\u0105 \u012ftak\u0105 plauk\u0173 b\u016bklei daro gyvenimo b\u016bdas ir kasdieniai \u012fpro\u010diai. O tai rei\u0161kia, kad kiekviena gali tur\u0117ti sveikus, gra\u017eius plaukus. Tik reikia jais kasdien r\u016bpintis ne tik i\u0161 i\u0161or\u0117s, ta\u010diau ir i\u0161 vidaus. Tod\u0117l \u0161iame gra\u017ei\u0173 plauk\u0173 vadove rasi pagrindines m\u016bs\u0173 daromas klaidas [&hellip;]<\/p>","protected":false},"author":1,"featured_media":0,"parent":0,"menu_order":0,"comment_status":"closed","ping_status":"closed","template":"","meta":{"footnotes":""},"class_list":["post-52452","page","type-page","status-publish","hentry"],"acf":[],"yoast_head":"<!-- This site is optimized with the Yoast SEO plugin v26.7 - https:\/\/yoast.com\/wordpress\/plugins\/seo\/ -->\n<title>E-Knyga | TAVO \u0160AMP\u016aNAS<\/title>\n<meta name=\"robots\" content=\"noindex, follow, max-snippet:-1, max-image-preview:large, max-video-preview:-1\" \/>\n<meta property=\"og:locale\" content=\"en_US\" \/>\n<meta property=\"og:type\" content=\"article\" \/>\n<meta property=\"og:title\" content=\"E-Knyga | TAVO \u0160AMP\u016aNAS\" \/>\n<meta property=\"og:description\" content=\"Daugelis galvoja, kad gra\u017e\u016bs plaukai yra ger\u0173 gen\u0173 dovana. Ta\u010diau vis tik did\u017eiausi\u0105 \u012ftak\u0105 plauk\u0173 b\u016bklei daro gyvenimo b\u016bdas ir kasdieniai \u012fpro\u010diai. O tai rei\u0161kia, kad kiekviena gali tur\u0117ti sveikus, gra\u017eius plaukus. Tik reikia jais kasdien r\u016bpintis ne tik i\u0161 i\u0161or\u0117s, ta\u010diau ir i\u0161 vidaus. Tod\u0117l \u0161iame gra\u017ei\u0173 plauk\u0173 vadove rasi pagrindines m\u016bs\u0173 daromas klaidas [&hellip;]\" \/>\n<meta property=\"og:url\" content=\"https:\/\/yourshampoo.eu\/en\/e-knyga\/\" \/>\n<meta property=\"og:site_name\" content=\"TAVO \u0160AMP\u016aNAS\" \/>\n<meta property=\"article:publisher\" content=\"https:\/\/www.facebook.com\/tavosampunasofficial\" \/>\n<meta property=\"article:modified_time\" content=\"2023-11-15T08:15:20+00:00\" \/>\n<meta property=\"og:image\" content=\"https:\/\/yourshampoo.eu\/wp-content\/uploads\/2023\/11\/knyga-apie-plauku-prieziura.png\" \/>\n<meta name=\"twitter:card\" content=\"summary_large_image\" \/>\n<meta name=\"twitter:label1\" content=\"Est. reading time\" \/>\n\t<meta name=\"twitter:data1\" content=\"1 minute\" \/>\n<script type=\"application\/ld+json\" class=\"yoast-schema-graph\">{\"@context\":\"https:\/\/schema.org\",\"@graph\":[{\"@type\":\"WebPage\",\"@id\":\"https:\/\/yourshampoo.eu\/e-knyga\/\",\"url\":\"https:\/\/yourshampoo.eu\/e-knyga\/\",\"name\":\"E-Knyga | TAVO \u0160AMP\u016aNAS\",\"isPartOf\":{\"@id\":\"https:\/\/yourshampoo.eu\/#website\"},\"primaryImageOfPage\":{\"@id\":\"https:\/\/yourshampoo.eu\/e-knyga\/#primaryimage\"},\"image\":{\"@id\":\"https:\/\/yourshampoo.eu\/e-knyga\/#primaryimage\"},\"thumbnailUrl\":\"https:\/\/yourshampoo.eu\/wp-content\/uploads\/2023\/11\/knyga-apie-plauku-prieziura.png\",\"datePublished\":\"2023-11-15T08:10:23+00:00\",\"dateModified\":\"2023-11-15T08:15:20+00:00\",\"breadcrumb\":{\"@id\":\"https:\/\/yourshampoo.eu\/e-knyga\/#breadcrumb\"},\"inLanguage\":\"en-US\",\"potentialAction\":[{\"@type\":\"ReadAction\",\"target\":[\"https:\/\/yourshampoo.eu\/e-knyga\/\"]}]},{\"@type\":\"ImageObject\",\"inLanguage\":\"en-US\",\"@id\":\"https:\/\/yourshampoo.eu\/e-knyga\/#primaryimage\",\"url\":\"https:\/\/yourshampoo.eu\/wp-content\/uploads\/2023\/11\/knyga-apie-plauku-prieziura.png\",\"contentUrl\":\"https:\/\/yourshampoo.eu\/wp-content\/uploads\/2023\/11\/knyga-apie-plauku-prieziura.png\"},{\"@type\":\"BreadcrumbList\",\"@id\":\"https:\/\/yourshampoo.eu\/e-knyga\/#breadcrumb\",\"itemListElement\":[{\"@type\":\"ListItem\",\"position\":1,\"name\":\"Home\",\"item\":\"https:\/\/yourshampoo.eu\/\"},{\"@type\":\"ListItem\",\"position\":2,\"name\":\"E-Knyga\"}]},{\"@type\":\"WebSite\",\"@id\":\"https:\/\/yourshampoo.eu\/#website\",\"url\":\"https:\/\/yourshampoo.eu\/\",\"name\":\"YourShampoo\",\"description\":\"\",\"alternateName\":\"Tavo Sampunas\",\"potentialAction\":[{\"@type\":\"SearchAction\",\"target\":{\"@type\":\"EntryPoint\",\"urlTemplate\":\"https:\/\/yourshampoo.eu\/?s={search_term_string}\"},\"query-input\":{\"@type\":\"PropertyValueSpecification\",\"valueRequired\":true,\"valueName\":\"search_term_string\"}}],\"inLanguage\":\"en-US\"}]}<\/script>\n<!-- \/ Yoast SEO plugin. -->","yoast_head_json":{"title":"E-Knyga | TAVO \u0160AMP\u016aNAS","robots":{"index":"noindex","follow":"follow","max-snippet":"max-snippet:-1","max-image-preview":"max-image-preview:large","max-video-preview":"max-video-preview:-1"},"og_locale":"en_US","og_type":"article","og_title":"E-Knyga | TAVO \u0160AMP\u016aNAS","og_description":"Daugelis galvoja, kad gra\u017e\u016bs plaukai yra ger\u0173 gen\u0173 dovana. Ta\u010diau vis tik did\u017eiausi\u0105 \u012ftak\u0105 plauk\u0173 b\u016bklei daro gyvenimo b\u016bdas ir kasdieniai \u012fpro\u010diai. O tai rei\u0161kia, kad kiekviena gali tur\u0117ti sveikus, gra\u017eius plaukus. Tik reikia jais kasdien r\u016bpintis ne tik i\u0161 i\u0161or\u0117s, ta\u010diau ir i\u0161 vidaus. Tod\u0117l \u0161iame gra\u017ei\u0173 plauk\u0173 vadove rasi pagrindines m\u016bs\u0173 daromas klaidas [&hellip;]","og_url":"https:\/\/yourshampoo.eu\/en\/e-knyga\/","og_site_name":"TAVO \u0160AMP\u016aNAS","article_publisher":"https:\/\/www.facebook.com\/tavosampunasofficial","article_modified_time":"2023-11-15T08:15:20+00:00","og_image":[{"url":"https:\/\/yourshampoo.eu\/wp-content\/uploads\/2023\/11\/knyga-apie-plauku-prieziura.png","type":"","width":"","height":""}],"twitter_card":"summary_large_image","twitter_misc":{"Est. reading time":"1 minute"},"schema":{"@context":"https:\/\/schema.org","@graph":[{"@type":"WebPage","@id":"https:\/\/yourshampoo.eu\/e-knyga\/","url":"https:\/\/yourshampoo.eu\/e-knyga\/","name":"E-Knyga | TAVO \u0160AMP\u016aNAS","isPartOf":{"@id":"https:\/\/yourshampoo.eu\/#website"},"primaryImageOfPage":{"@id":"https:\/\/yourshampoo.eu\/e-knyga\/#primaryimage"},"image":{"@id":"https:\/\/yourshampoo.eu\/e-knyga\/#primaryimage"},"thumbnailUrl":"https:\/\/yourshampoo.eu\/wp-content\/uploads\/2023\/11\/knyga-apie-plauku-prieziura.png","datePublished":"2023-11-15T08:10:23+00:00","dateModified":"2023-11-15T08:15:20+00:00","breadcrumb":{"@id":"https:\/\/yourshampoo.eu\/e-knyga\/#breadcrumb"},"inLanguage":"en-US","potentialAction":[{"@type":"ReadAction","target":["https:\/\/yourshampoo.eu\/e-knyga\/"]}]},{"@type":"ImageObject","inLanguage":"en-US","@id":"https:\/\/yourshampoo.eu\/e-knyga\/#primaryimage","url":"https:\/\/yourshampoo.eu\/wp-content\/uploads\/2023\/11\/knyga-apie-plauku-prieziura.png","contentUrl":"https:\/\/yourshampoo.eu\/wp-content\/uploads\/2023\/11\/knyga-apie-plauku-prieziura.png"},{"@type":"BreadcrumbList","@id":"https:\/\/yourshampoo.eu\/e-knyga\/#breadcrumb","itemListElement":[{"@type":"ListItem","position":1,"name":"Home","item":"https:\/\/yourshampoo.eu\/"},{"@type":"ListItem","position":2,"name":"E-Knyga"}]},{"@type":"WebSite","@id":"https:\/\/yourshampoo.eu\/#website","url":"https:\/\/yourshampoo.eu\/","name":"YourShampoo","description":"","alternateName":"Tavo Sampunas","potentialAction":[{"@type":"SearchAction","target":{"@type":"EntryPoint","urlTemplate":"https:\/\/yourshampoo.eu\/?s={search_term_string}"},"query-input":{"@type":"PropertyValueSpecification","valueRequired":true,"valueName":"search_term_string"}}],"inLanguage":"en-US"}]}},"_links":{"self":[{"href":"https:\/\/yourshampoo.eu\/en\/wp-json\/wp\/v2\/pages\/52452","targetHints":{"allow":["GET"]}}],"collection":[{"href":"https:\/\/yourshampoo.eu\/en\/wp-json\/wp\/v2\/pages"}],"about":[{"href":"https:\/\/yourshampoo.eu\/en\/wp-json\/wp\/v2\/types\/page"}],"author":[{"embeddable":true,"href":"https:\/\/yourshampoo.eu\/en\/wp-json\/wp\/v2\/users\/1"}],"replies":[{"embeddable":true,"href":"https:\/\/yourshampoo.eu\/en\/wp-json\/wp\/v2\/comments?post=52452"}],"version-history":[{"count":0,"href":"https:\/\/yourshampoo.eu\/en\/wp-json\/wp\/v2\/pages\/52452\/revisions"}],"wp:attachment":[{"href":"https:\/\/yourshampoo.eu\/en\/wp-json\/wp\/v2\/media?parent=52452"}],"curies":[{"name":"wp","href":"https:\/\/api.w.org\/{rel}","templated":true}]}}