{"id":49897,"date":"2023-11-09T12:35:45","date_gmt":"2023-11-09T12:35:45","guid":{"rendered":"https:\/\/flexmonitorstand.com\/?page_id=49897"},"modified":"2023-11-24T16:12:08","modified_gmt":"2023-11-24T16:12:08","slug":"about-yourshampoo","status":"publish","type":"page","link":"https:\/\/yourshampoo.eu\/en\/about-yourshampoo\/","title":{"rendered":"About Your Shampoo"},"content":{"rendered":"<div class=\"wp-block-columns is-layout-flex wp-container-core-columns-is-layout-28f84493 wp-block-columns-is-layout-flex\">\n<div class=\"wp-block-column is-layout-flow wp-block-column-is-layout-flow\">\n<p>Good!<\/p>\n\n\n\n<p>I'm Radvil\u0117, the founder of Your Shampoo.<\/p>\n\n\n\n<p>My journey didn't start with luck and self-confidence. On the contrary, for years I lacked confidence and self-love.<\/p>\n\n\n\n<p>Every day I was damaging my hair, using heat, strong leave-in products and, of course, colouring it, wanting an outer beauty that, it turns out, was never perfect.<\/p>\n\n\n\n<p>But throughout this long journey, I've learned that true beauty and confidence come first from healthy, nourished hair, when it gets exactly what it needs most.<\/p>\n\n\n\n<p>This is how Your Shampoo was born - my personal response to the challenges of the beauty industry, inspired by the two things I believe in the most - nature and the natural ingredients that come from it, and by science and how its technology can help you achieve the results you want quickly.<\/p>\n\n\n\n<p>Each of your Shampoo products is the result of the love I put into it, but also of carefully selected natural plant extracts and innovations in the science of trichology.<\/p>\n\n\n\n<p>Together with Your Shampoo, I invite every woman to rediscover the beauty of her hair - naturally, lovingly and with the help of science-based methods.<\/p>\n\n\n\n<p>Thousands of women have already shared their stories of rebirth.<\/p>\n\n\n\n<p>Join us - let your hair shine to the fullest with Your Shampoo.<\/p>\n<\/div>\n\n\n\n<div class=\"wp-block-column is-layout-flow wp-block-column-is-layout-flow\">\n<figure class=\"wp-block-image size-large\"><img loading=\"lazy\" decoding=\"async\" width=\"682\" height=\"1024\" src=\"https:\/\/yourshampoo.eu\/wp-content\/uploads\/2023\/11\/radvile-682x1024.jpeg\" alt=\"\" class=\"wp-image-49898\" srcset=\"https:\/\/yourshampoo.eu\/wp-content\/uploads\/2023\/11\/radvile-682x1024.jpeg 682w, https:\/\/yourshampoo.eu\/wp-content\/uploads\/2023\/11\/radvile-200x300.jpeg 200w, https:\/\/yourshampoo.eu\/wp-content\/uploads\/2023\/11\/radvile-768x1153.jpeg 768w, https:\/\/yourshampoo.eu\/wp-content\/uploads\/2023\/11\/radvile-1023x1536.jpeg 1023w, https:\/\/yourshampoo.eu\/wp-content\/uploads\/2023\/11\/radvile-990x1486.jpeg 990w, https:\/\/yourshampoo.eu\/wp-content\/uploads\/2023\/11\/radvile-441x662.jpeg 441w, https:\/\/yourshampoo.eu\/wp-content\/uploads\/2023\/11\/radvile-300x450.jpeg 300w, https:\/\/yourshampoo.eu\/wp-content\/uploads\/2023\/11\/radvile-800x1201.jpeg 800w, https:\/\/yourshampoo.eu\/wp-content\/uploads\/2023\/11\/radvile-150x225.jpeg 150w, https:\/\/yourshampoo.eu\/wp-content\/uploads\/2023\/11\/radvile.jpeg 1066w\" sizes=\"auto, (max-width: 682px) 100vw, 682px\" \/><\/figure>\n<\/div>\n<\/div>","protected":false},"excerpt":{"rendered":"<p>Labas! A\u0161 esu Radvil\u0117, \u201eTavo \u0160amp\u016bnas\u201c \u012fk\u016br\u0117ja. Mano kelion\u0117 prasid\u0117jo tikrai ne nuo s\u0117km\u0117s ir pasitik\u0117jimo savimi. Prie\u0161ingai, ilgus metus man tr\u016bko pasitik\u0117jimo ir meil\u0117s sau. Kasdien a\u0161 \u017ealojau savo plaukus, naudodama kar\u0161t\u012f, stiprias vienkartin\u012f efekt\u0105 suteikian\u010dias priemones ir \u017einoma da\u017eydama juos, trok\u0161dama i\u0161orinio gro\u017eio, kuris, pasirodo, niekada nebuvo tobulas. Ta\u010diau visoje \u0161ioje ilgoje kelion\u0117je [&hellip;]<\/p>","protected":false},"author":2,"featured_media":0,"parent":0,"menu_order":0,"comment_status":"closed","ping_status":"closed","template":"","meta":{"footnotes":""},"class_list":["post-49897","page","type-page","status-publish","hentry"],"acf":[],"yoast_head":"<!-- This site is optimized with the Yoast SEO plugin v26.7 - https:\/\/yoast.com\/wordpress\/plugins\/seo\/ -->\n<title>Apie Tavo \u0160amp\u016bnas | TAVO \u0160AMP\u016aNAS<\/title>\n<meta name=\"robots\" content=\"noindex, follow, max-snippet:-1, max-image-preview:large, max-video-preview:-1\" \/>\n<meta property=\"og:locale\" content=\"en_US\" \/>\n<meta property=\"og:type\" content=\"article\" \/>\n<meta property=\"og:title\" content=\"Apie Tavo \u0160amp\u016bnas | TAVO \u0160AMP\u016aNAS\" \/>\n<meta property=\"og:description\" content=\"Labas! A\u0161 esu Radvil\u0117, \u201eTavo \u0160amp\u016bnas\u201c \u012fk\u016br\u0117ja. Mano kelion\u0117 prasid\u0117jo tikrai ne nuo s\u0117km\u0117s ir pasitik\u0117jimo savimi. Prie\u0161ingai, ilgus metus man tr\u016bko pasitik\u0117jimo ir meil\u0117s sau. Kasdien a\u0161 \u017ealojau savo plaukus, naudodama kar\u0161t\u012f, stiprias vienkartin\u012f efekt\u0105 suteikian\u010dias priemones ir \u017einoma da\u017eydama juos, trok\u0161dama i\u0161orinio gro\u017eio, kuris, pasirodo, niekada nebuvo tobulas. Ta\u010diau visoje \u0161ioje ilgoje kelion\u0117je [&hellip;]\" \/>\n<meta property=\"og:url\" content=\"https:\/\/yourshampoo.eu\/en\/about-yourshampoo\/\" \/>\n<meta property=\"og:site_name\" content=\"TAVO \u0160AMP\u016aNAS\" \/>\n<meta property=\"article:publisher\" content=\"https:\/\/www.facebook.com\/tavosampunasofficial\" \/>\n<meta property=\"article:modified_time\" content=\"2023-11-24T16:12:08+00:00\" \/>\n<meta property=\"og:image\" content=\"https:\/\/flexmonitorstand.com\/wp-content\/uploads\/2023\/11\/radvile-682x1024.jpeg\" \/>\n<meta name=\"twitter:card\" content=\"summary_large_image\" \/>\n<meta name=\"twitter:label1\" content=\"Est. reading time\" \/>\n\t<meta name=\"twitter:data1\" content=\"2 minutes\" \/>\n<script type=\"application\/ld+json\" class=\"yoast-schema-graph\">{\"@context\":\"https:\/\/schema.org\",\"@graph\":[{\"@type\":\"WebPage\",\"@id\":\"https:\/\/yourshampoo.eu\/apie-tavo-sampunas\/\",\"url\":\"https:\/\/yourshampoo.eu\/apie-tavo-sampunas\/\",\"name\":\"Apie Tavo \u0160amp\u016bnas | TAVO \u0160AMP\u016aNAS\",\"isPartOf\":{\"@id\":\"https:\/\/yourshampoo.eu\/#website\"},\"primaryImageOfPage\":{\"@id\":\"https:\/\/yourshampoo.eu\/apie-tavo-sampunas\/#primaryimage\"},\"image\":{\"@id\":\"https:\/\/yourshampoo.eu\/apie-tavo-sampunas\/#primaryimage\"},\"thumbnailUrl\":\"https:\/\/yourshampoo.eu\/wp-content\/uploads\/2023\/11\/radvile-682x1024.jpeg\",\"datePublished\":\"2023-11-09T12:35:45+00:00\",\"dateModified\":\"2023-11-24T16:12:08+00:00\",\"breadcrumb\":{\"@id\":\"https:\/\/yourshampoo.eu\/apie-tavo-sampunas\/#breadcrumb\"},\"inLanguage\":\"en-US\",\"potentialAction\":[{\"@type\":\"ReadAction\",\"target\":[\"https:\/\/yourshampoo.eu\/apie-tavo-sampunas\/\"]}]},{\"@type\":\"ImageObject\",\"inLanguage\":\"en-US\",\"@id\":\"https:\/\/yourshampoo.eu\/apie-tavo-sampunas\/#primaryimage\",\"url\":\"https:\/\/yourshampoo.eu\/wp-content\/uploads\/2023\/11\/radvile-682x1024.jpeg\",\"contentUrl\":\"https:\/\/yourshampoo.eu\/wp-content\/uploads\/2023\/11\/radvile-682x1024.jpeg\"},{\"@type\":\"BreadcrumbList\",\"@id\":\"https:\/\/yourshampoo.eu\/apie-tavo-sampunas\/#breadcrumb\",\"itemListElement\":[{\"@type\":\"ListItem\",\"position\":1,\"name\":\"Home\",\"item\":\"https:\/\/yourshampoo.eu\/\"},{\"@type\":\"ListItem\",\"position\":2,\"name\":\"Apie Tavo \u0160amp\u016bnas\"}]},{\"@type\":\"WebSite\",\"@id\":\"https:\/\/yourshampoo.eu\/#website\",\"url\":\"https:\/\/yourshampoo.eu\/\",\"name\":\"YourShampoo\",\"description\":\"\",\"alternateName\":\"Tavo Sampunas\",\"potentialAction\":[{\"@type\":\"SearchAction\",\"target\":{\"@type\":\"EntryPoint\",\"urlTemplate\":\"https:\/\/yourshampoo.eu\/?s={search_term_string}\"},\"query-input\":{\"@type\":\"PropertyValueSpecification\",\"valueRequired\":true,\"valueName\":\"search_term_string\"}}],\"inLanguage\":\"en-US\"}]}<\/script>\n<!-- \/ Yoast SEO plugin. -->","yoast_head_json":{"title":"Apie Tavo \u0160amp\u016bnas | TAVO \u0160AMP\u016aNAS","robots":{"index":"noindex","follow":"follow","max-snippet":"max-snippet:-1","max-image-preview":"max-image-preview:large","max-video-preview":"max-video-preview:-1"},"og_locale":"en_US","og_type":"article","og_title":"Apie Tavo \u0160amp\u016bnas | TAVO \u0160AMP\u016aNAS","og_description":"Labas! A\u0161 esu Radvil\u0117, \u201eTavo \u0160amp\u016bnas\u201c \u012fk\u016br\u0117ja. Mano kelion\u0117 prasid\u0117jo tikrai ne nuo s\u0117km\u0117s ir pasitik\u0117jimo savimi. Prie\u0161ingai, ilgus metus man tr\u016bko pasitik\u0117jimo ir meil\u0117s sau. Kasdien a\u0161 \u017ealojau savo plaukus, naudodama kar\u0161t\u012f, stiprias vienkartin\u012f efekt\u0105 suteikian\u010dias priemones ir \u017einoma da\u017eydama juos, trok\u0161dama i\u0161orinio gro\u017eio, kuris, pasirodo, niekada nebuvo tobulas. Ta\u010diau visoje \u0161ioje ilgoje kelion\u0117je [&hellip;]","og_url":"https:\/\/yourshampoo.eu\/en\/about-yourshampoo\/","og_site_name":"TAVO \u0160AMP\u016aNAS","article_publisher":"https:\/\/www.facebook.com\/tavosampunasofficial","article_modified_time":"2023-11-24T16:12:08+00:00","og_image":[{"url":"https:\/\/flexmonitorstand.com\/wp-content\/uploads\/2023\/11\/radvile-682x1024.jpeg","type":"","width":"","height":""}],"twitter_card":"summary_large_image","twitter_misc":{"Est. reading time":"2 minutes"},"schema":{"@context":"https:\/\/schema.org","@graph":[{"@type":"WebPage","@id":"https:\/\/yourshampoo.eu\/apie-tavo-sampunas\/","url":"https:\/\/yourshampoo.eu\/apie-tavo-sampunas\/","name":"Apie Tavo \u0160amp\u016bnas | TAVO \u0160AMP\u016aNAS","isPartOf":{"@id":"https:\/\/yourshampoo.eu\/#website"},"primaryImageOfPage":{"@id":"https:\/\/yourshampoo.eu\/apie-tavo-sampunas\/#primaryimage"},"image":{"@id":"https:\/\/yourshampoo.eu\/apie-tavo-sampunas\/#primaryimage"},"thumbnailUrl":"https:\/\/yourshampoo.eu\/wp-content\/uploads\/2023\/11\/radvile-682x1024.jpeg","datePublished":"2023-11-09T12:35:45+00:00","dateModified":"2023-11-24T16:12:08+00:00","breadcrumb":{"@id":"https:\/\/yourshampoo.eu\/apie-tavo-sampunas\/#breadcrumb"},"inLanguage":"en-US","potentialAction":[{"@type":"ReadAction","target":["https:\/\/yourshampoo.eu\/apie-tavo-sampunas\/"]}]},{"@type":"ImageObject","inLanguage":"en-US","@id":"https:\/\/yourshampoo.eu\/apie-tavo-sampunas\/#primaryimage","url":"https:\/\/yourshampoo.eu\/wp-content\/uploads\/2023\/11\/radvile-682x1024.jpeg","contentUrl":"https:\/\/yourshampoo.eu\/wp-content\/uploads\/2023\/11\/radvile-682x1024.jpeg"},{"@type":"BreadcrumbList","@id":"https:\/\/yourshampoo.eu\/apie-tavo-sampunas\/#breadcrumb","itemListElement":[{"@type":"ListItem","position":1,"name":"Home","item":"https:\/\/yourshampoo.eu\/"},{"@type":"ListItem","position":2,"name":"Apie Tavo \u0160amp\u016bnas"}]},{"@type":"WebSite","@id":"https:\/\/yourshampoo.eu\/#website","url":"https:\/\/yourshampoo.eu\/","name":"YourShampoo","description":"","alternateName":"Tavo Sampunas","potentialAction":[{"@type":"SearchAction","target":{"@type":"EntryPoint","urlTemplate":"https:\/\/yourshampoo.eu\/?s={search_term_string}"},"query-input":{"@type":"PropertyValueSpecification","valueRequired":true,"valueName":"search_term_string"}}],"inLanguage":"en-US"}]}},"_links":{"self":[{"href":"https:\/\/yourshampoo.eu\/en\/wp-json\/wp\/v2\/pages\/49897","targetHints":{"allow":["GET"]}}],"collection":[{"href":"https:\/\/yourshampoo.eu\/en\/wp-json\/wp\/v2\/pages"}],"about":[{"href":"https:\/\/yourshampoo.eu\/en\/wp-json\/wp\/v2\/types\/page"}],"author":[{"embeddable":true,"href":"https:\/\/yourshampoo.eu\/en\/wp-json\/wp\/v2\/users\/2"}],"replies":[{"embeddable":true,"href":"https:\/\/yourshampoo.eu\/en\/wp-json\/wp\/v2\/comments?post=49897"}],"version-history":[{"count":0,"href":"https:\/\/yourshampoo.eu\/en\/wp-json\/wp\/v2\/pages\/49897\/revisions"}],"wp:attachment":[{"href":"https:\/\/yourshampoo.eu\/en\/wp-json\/wp\/v2\/media?parent=49897"}],"curies":[{"name":"wp","href":"https:\/\/api.w.org\/{rel}","templated":true}]}}