{"id":49888,"date":"2023-11-09T08:18:04","date_gmt":"2023-11-09T08:18:04","guid":{"rendered":"https:\/\/flexmonitorstand.com\/?page_id=49888"},"modified":"2024-10-07T08:18:05","modified_gmt":"2024-10-07T06:18:05","slug":"kontaktai","status":"publish","type":"page","link":"https:\/\/yourshampoo.eu\/en\/kontaktai\/","title":{"rendered":"Contact"},"content":{"rendered":"<ul style=\"list-style: none; margin-left: 2px;\">\n<li>MB Tagataga<\/li>\n<li>Company code: 304173166<\/li>\n<li>VAT payer code: LT100010216017<\/li>\n<li>Address. 101a,Kaunas<\/li>\n<li>Phone: +370 655 37364<br \/>\n<strong>Opening hours for calls: I-V 9:17h.<\/strong><\/li>\n<li>E-mail: labas@tavosampunas.lt &#8211; <strong>24\/7<\/strong><\/li>\n<li>Let's be friends:<\/li>\n<li><a href=\"https:\/\/www.facebook.com\/tavosampunasofficial\/\">Facebook<\/a><\/li>\n<li><a href=\"https:\/\/www.instagram.com\/tavosampunas\/\">Instagram<\/a><\/li>\n<\/ul>\n<p><i>Authorisation of the State Food and Veterinary Service of MB \"TAGATAGA\" for economic commercial activities: 9 June 2021 Order on registration of food business operator No 33MTSP\u012e-637, Food business operator identification number 190012610<\/i><\/p>","protected":false},"excerpt":{"rendered":"<p>MB Tagataga \u012emon\u0117s kodas: 304173166 PVM mok\u0117tojo kodas: LT100010216017 Adresas: Raudondvario pl. 101a,Kaunas Telefonas: +370 655 37364 Darbo laikas skambu\u010diams: I-V 9:17val. El.pa\u0161tas: labas@tavosampunas.lt &#8211; 24\/7 Draugaukime: Facebook Instagram MB \u201cTAGATAGA\u201d Valstybin\u0117s maisto ir veterinarijos tarnybos leidimas vykdomai \u016bkinei komercinei veiklai: 2021 m. bir\u017eelio 9 d. \u012esakymas d\u0117l maisto tvarkymo subjekto registracijos Nr. 33MTSP\u012e-637, Maisto [&hellip;]<\/p>","protected":false},"author":2,"featured_media":0,"parent":0,"menu_order":0,"comment_status":"closed","ping_status":"closed","template":"","meta":{"footnotes":""},"class_list":["post-49888","page","type-page","status-publish","hentry"],"acf":[],"yoast_head":"<!-- This site is optimized with the Yoast SEO plugin v26.7 - https:\/\/yoast.com\/wordpress\/plugins\/seo\/ -->\n<title>Kontaktai | TAVO \u0160AMP\u016aNAS<\/title>\n<meta name=\"robots\" content=\"noindex, follow, max-snippet:-1, max-image-preview:large, max-video-preview:-1\" \/>\n<meta property=\"og:locale\" content=\"en_US\" \/>\n<meta property=\"og:type\" content=\"article\" \/>\n<meta property=\"og:title\" content=\"Kontaktai | TAVO \u0160AMP\u016aNAS\" \/>\n<meta property=\"og:description\" content=\"MB Tagataga \u012emon\u0117s kodas: 304173166 PVM mok\u0117tojo kodas: LT100010216017 Adresas: Raudondvario pl. 101a,Kaunas Telefonas: +370 655 37364 Darbo laikas skambu\u010diams: I-V 9:17val. El.pa\u0161tas: labas@tavosampunas.lt &#8211; 24\/7 Draugaukime: Facebook Instagram MB \u201cTAGATAGA\u201d Valstybin\u0117s maisto ir veterinarijos tarnybos leidimas vykdomai \u016bkinei komercinei veiklai: 2021 m. bir\u017eelio 9 d. \u012esakymas d\u0117l maisto tvarkymo subjekto registracijos Nr. 33MTSP\u012e-637, Maisto [&hellip;]\" \/>\n<meta property=\"og:url\" content=\"https:\/\/yourshampoo.eu\/en\/kontaktai\/\" \/>\n<meta property=\"og:site_name\" content=\"TAVO \u0160AMP\u016aNAS\" \/>\n<meta property=\"article:publisher\" content=\"https:\/\/www.facebook.com\/tavosampunasofficial\" \/>\n<meta property=\"article:modified_time\" content=\"2024-10-07T06:18:05+00:00\" \/>\n<meta property=\"og:image\" content=\"https:\/\/yourshampoo.eu\/wp-content\/uploads\/2023\/10\/tavo-sampunas-profesionaliai-plauku-prieziurai.jpg\" \/>\n\t<meta property=\"og:image:width\" content=\"1200\" \/>\n\t<meta property=\"og:image:height\" content=\"675\" \/>\n\t<meta property=\"og:image:type\" content=\"image\/jpeg\" \/>\n<meta name=\"twitter:card\" content=\"summary_large_image\" \/>\n<meta name=\"twitter:label1\" content=\"Est. reading time\" \/>\n\t<meta name=\"twitter:data1\" content=\"1 minute\" \/>\n<script type=\"application\/ld+json\" class=\"yoast-schema-graph\">{\"@context\":\"https:\/\/schema.org\",\"@graph\":[{\"@type\":\"WebPage\",\"@id\":\"https:\/\/yourshampoo.eu\/kontaktai\/\",\"url\":\"https:\/\/yourshampoo.eu\/kontaktai\/\",\"name\":\"Kontaktai | TAVO \u0160AMP\u016aNAS\",\"isPartOf\":{\"@id\":\"https:\/\/yourshampoo.eu\/#website\"},\"datePublished\":\"2023-11-09T08:18:04+00:00\",\"dateModified\":\"2024-10-07T06:18:05+00:00\",\"breadcrumb\":{\"@id\":\"https:\/\/yourshampoo.eu\/kontaktai\/#breadcrumb\"},\"inLanguage\":\"en-US\",\"potentialAction\":[{\"@type\":\"ReadAction\",\"target\":[\"https:\/\/yourshampoo.eu\/kontaktai\/\"]}]},{\"@type\":\"BreadcrumbList\",\"@id\":\"https:\/\/yourshampoo.eu\/kontaktai\/#breadcrumb\",\"itemListElement\":[{\"@type\":\"ListItem\",\"position\":1,\"name\":\"Home\",\"item\":\"https:\/\/yourshampoo.eu\/\"},{\"@type\":\"ListItem\",\"position\":2,\"name\":\"Kontaktai\"}]},{\"@type\":\"WebSite\",\"@id\":\"https:\/\/yourshampoo.eu\/#website\",\"url\":\"https:\/\/yourshampoo.eu\/\",\"name\":\"YourShampoo\",\"description\":\"\",\"alternateName\":\"Tavo Sampunas\",\"potentialAction\":[{\"@type\":\"SearchAction\",\"target\":{\"@type\":\"EntryPoint\",\"urlTemplate\":\"https:\/\/yourshampoo.eu\/?s={search_term_string}\"},\"query-input\":{\"@type\":\"PropertyValueSpecification\",\"valueRequired\":true,\"valueName\":\"search_term_string\"}}],\"inLanguage\":\"en-US\"}]}<\/script>\n<!-- \/ Yoast SEO plugin. -->","yoast_head_json":{"title":"Kontaktai | TAVO \u0160AMP\u016aNAS","robots":{"index":"noindex","follow":"follow","max-snippet":"max-snippet:-1","max-image-preview":"max-image-preview:large","max-video-preview":"max-video-preview:-1"},"og_locale":"en_US","og_type":"article","og_title":"Kontaktai | TAVO \u0160AMP\u016aNAS","og_description":"MB Tagataga \u012emon\u0117s kodas: 304173166 PVM mok\u0117tojo kodas: LT100010216017 Adresas: Raudondvario pl. 101a,Kaunas Telefonas: +370 655 37364 Darbo laikas skambu\u010diams: I-V 9:17val. El.pa\u0161tas: labas@tavosampunas.lt &#8211; 24\/7 Draugaukime: Facebook Instagram MB \u201cTAGATAGA\u201d Valstybin\u0117s maisto ir veterinarijos tarnybos leidimas vykdomai \u016bkinei komercinei veiklai: 2021 m. bir\u017eelio 9 d. \u012esakymas d\u0117l maisto tvarkymo subjekto registracijos Nr. 33MTSP\u012e-637, Maisto [&hellip;]","og_url":"https:\/\/yourshampoo.eu\/en\/kontaktai\/","og_site_name":"TAVO \u0160AMP\u016aNAS","article_publisher":"https:\/\/www.facebook.com\/tavosampunasofficial","article_modified_time":"2024-10-07T06:18:05+00:00","og_image":[{"width":1200,"height":675,"url":"https:\/\/yourshampoo.eu\/wp-content\/uploads\/2023\/10\/tavo-sampunas-profesionaliai-plauku-prieziurai.jpg","type":"image\/jpeg"}],"twitter_card":"summary_large_image","twitter_misc":{"Est. reading time":"1 minute"},"schema":{"@context":"https:\/\/schema.org","@graph":[{"@type":"WebPage","@id":"https:\/\/yourshampoo.eu\/kontaktai\/","url":"https:\/\/yourshampoo.eu\/kontaktai\/","name":"Kontaktai | TAVO \u0160AMP\u016aNAS","isPartOf":{"@id":"https:\/\/yourshampoo.eu\/#website"},"datePublished":"2023-11-09T08:18:04+00:00","dateModified":"2024-10-07T06:18:05+00:00","breadcrumb":{"@id":"https:\/\/yourshampoo.eu\/kontaktai\/#breadcrumb"},"inLanguage":"en-US","potentialAction":[{"@type":"ReadAction","target":["https:\/\/yourshampoo.eu\/kontaktai\/"]}]},{"@type":"BreadcrumbList","@id":"https:\/\/yourshampoo.eu\/kontaktai\/#breadcrumb","itemListElement":[{"@type":"ListItem","position":1,"name":"Home","item":"https:\/\/yourshampoo.eu\/"},{"@type":"ListItem","position":2,"name":"Kontaktai"}]},{"@type":"WebSite","@id":"https:\/\/yourshampoo.eu\/#website","url":"https:\/\/yourshampoo.eu\/","name":"YourShampoo","description":"","alternateName":"Tavo Sampunas","potentialAction":[{"@type":"SearchAction","target":{"@type":"EntryPoint","urlTemplate":"https:\/\/yourshampoo.eu\/?s={search_term_string}"},"query-input":{"@type":"PropertyValueSpecification","valueRequired":true,"valueName":"search_term_string"}}],"inLanguage":"en-US"}]}},"_links":{"self":[{"href":"https:\/\/yourshampoo.eu\/en\/wp-json\/wp\/v2\/pages\/49888","targetHints":{"allow":["GET"]}}],"collection":[{"href":"https:\/\/yourshampoo.eu\/en\/wp-json\/wp\/v2\/pages"}],"about":[{"href":"https:\/\/yourshampoo.eu\/en\/wp-json\/wp\/v2\/types\/page"}],"author":[{"embeddable":true,"href":"https:\/\/yourshampoo.eu\/en\/wp-json\/wp\/v2\/users\/2"}],"replies":[{"embeddable":true,"href":"https:\/\/yourshampoo.eu\/en\/wp-json\/wp\/v2\/comments?post=49888"}],"version-history":[{"count":0,"href":"https:\/\/yourshampoo.eu\/en\/wp-json\/wp\/v2\/pages\/49888\/revisions"}],"wp:attachment":[{"href":"https:\/\/yourshampoo.eu\/en\/wp-json\/wp\/v2\/media?parent=49888"}],"curies":[{"name":"wp","href":"https:\/\/api.w.org\/{rel}","templated":true}]}}