{"id":43140,"date":"2023-07-20T06:46:17","date_gmt":"2023-07-20T06:46:17","guid":{"rendered":"https:\/\/flexmonitorstand.com\/?page_id=43140"},"modified":"2023-09-15T14:25:06","modified_gmt":"2023-09-15T14:25:06","slug":"atsiskaitymas","status":"publish","type":"page","link":"https:\/\/yourshampoo.eu\/en\/atsiskaitymas\/","title":{"rendered":"Checkout"},"content":{"rendered":"<h1 class=\"wp-block-heading\">Checkout<\/h1>\n\n\n\n<p>Online payments are made through the secure Paysera system - a fast and convenient way to pay online. You don't have to set up the transfer and enter all the necessary payment information yourself - the payment will be generated automatically - once you have selected your bank, the system will direct you to the e-banking system - you just need to log in to your e-banking and confirm the payment you have already set up.<\/p>\n\n\n\n<p><strong>How do I pay using online banking?<\/strong><\/p>\n\n\n\n<p>Place your order and select \"Online Banking\" and your bank in the \"Payment method\" step of the order. In the next step you will be redirected to your bank's website where you will need to log in to your e-banking system. Once you have logged in, the payment will be displayed and you will need to confirm it. Once the payment has been confirmed, the e-banking page will close and you will be returned to hellohair.lt<\/p>\n\n\n\n<p>Your e-banking login details are only used on the bank's website to log in to the system. The payment process is completely secure, using a special SSL (Secure Socket Layer) security protocol, which guarantees complete data protection.<\/p>\n\n\n\n<p>Your products will be dispatched immediately once payment has arrived.<\/p>","protected":false},"excerpt":{"rendered":"<p>Atsiskaitymas Mok\u0117jimas internetu vykdomas per saugi\u0105 Paysera sistem\u0105 \u2013 tai greitas ir patogus b\u016bdas atsiskaityti internetu. Jums nereik\u0117s patiems formuoti pavedimo ir suvedin\u0117ti visos reikiamos mok\u0117jimo informacijos \u2013 mok\u0117jimas bus sugeneruotas automati\u0161kai \u2013 pasirinkus savo bank\u0105, sistema nukreips \u012f el. bankininkyst\u0117s sistem\u0105 \u2013 tereiks prisijungti prie savo el. bankininkyst\u0117s ir patvirtinti jau suformuot\u0105 mok\u0117jim\u0105. Kaip [&hellip;]<\/p>","protected":false},"author":1,"featured_media":0,"parent":0,"menu_order":0,"comment_status":"closed","ping_status":"closed","template":"template-fullwidth-no-heading.php","meta":{"footnotes":""},"class_list":["post-43140","page","type-page","status-publish","hentry"],"acf":[],"yoast_head":"<!-- This site is optimized with the Yoast SEO plugin v26.7 - https:\/\/yoast.com\/wordpress\/plugins\/seo\/ -->\n<title>Atsiskaitymas | TAVO \u0160AMP\u016aNAS<\/title>\n<meta name=\"robots\" content=\"noindex, follow, max-snippet:-1, max-image-preview:large, max-video-preview:-1\" \/>\n<meta property=\"og:locale\" content=\"en_US\" \/>\n<meta property=\"og:type\" content=\"article\" \/>\n<meta property=\"og:title\" content=\"Atsiskaitymas | TAVO \u0160AMP\u016aNAS\" \/>\n<meta property=\"og:description\" content=\"Atsiskaitymas Mok\u0117jimas internetu vykdomas per saugi\u0105 Paysera sistem\u0105 \u2013 tai greitas ir patogus b\u016bdas atsiskaityti internetu. Jums nereik\u0117s patiems formuoti pavedimo ir suvedin\u0117ti visos reikiamos mok\u0117jimo informacijos \u2013 mok\u0117jimas bus sugeneruotas automati\u0161kai \u2013 pasirinkus savo bank\u0105, sistema nukreips \u012f el. bankininkyst\u0117s sistem\u0105 \u2013 tereiks prisijungti prie savo el. bankininkyst\u0117s ir patvirtinti jau suformuot\u0105 mok\u0117jim\u0105. Kaip [&hellip;]\" \/>\n<meta property=\"og:url\" content=\"https:\/\/yourshampoo.eu\/en\/atsiskaitymas\/\" \/>\n<meta property=\"og:site_name\" content=\"TAVO \u0160AMP\u016aNAS\" \/>\n<meta property=\"article:publisher\" content=\"https:\/\/www.facebook.com\/tavosampunasofficial\" \/>\n<meta property=\"article:modified_time\" content=\"2023-09-15T14:25:06+00:00\" \/>\n<meta property=\"og:image\" content=\"https:\/\/yourshampoo.eu\/wp-content\/uploads\/2023\/10\/tavo-sampunas-profesionaliai-plauku-prieziurai.jpg\" \/>\n\t<meta property=\"og:image:width\" content=\"1200\" \/>\n\t<meta property=\"og:image:height\" content=\"675\" \/>\n\t<meta property=\"og:image:type\" content=\"image\/jpeg\" \/>\n<meta name=\"twitter:card\" content=\"summary_large_image\" \/>\n<meta name=\"twitter:label1\" content=\"Est. reading time\" \/>\n\t<meta name=\"twitter:data1\" content=\"1 minute\" \/>\n<script type=\"application\/ld+json\" class=\"yoast-schema-graph\">{\"@context\":\"https:\/\/schema.org\",\"@graph\":[{\"@type\":\"WebPage\",\"@id\":\"https:\/\/yourshampoo.eu\/atsiskaitymas\/\",\"url\":\"https:\/\/yourshampoo.eu\/atsiskaitymas\/\",\"name\":\"Atsiskaitymas | TAVO \u0160AMP\u016aNAS\",\"isPartOf\":{\"@id\":\"https:\/\/yourshampoo.eu\/#website\"},\"datePublished\":\"2023-07-20T06:46:17+00:00\",\"dateModified\":\"2023-09-15T14:25:06+00:00\",\"breadcrumb\":{\"@id\":\"https:\/\/yourshampoo.eu\/atsiskaitymas\/#breadcrumb\"},\"inLanguage\":\"en-US\",\"potentialAction\":[{\"@type\":\"ReadAction\",\"target\":[\"https:\/\/yourshampoo.eu\/atsiskaitymas\/\"]}]},{\"@type\":\"BreadcrumbList\",\"@id\":\"https:\/\/yourshampoo.eu\/atsiskaitymas\/#breadcrumb\",\"itemListElement\":[{\"@type\":\"ListItem\",\"position\":1,\"name\":\"Home\",\"item\":\"https:\/\/yourshampoo.eu\/\"},{\"@type\":\"ListItem\",\"position\":2,\"name\":\"Atsiskaitymas\"}]},{\"@type\":\"WebSite\",\"@id\":\"https:\/\/yourshampoo.eu\/#website\",\"url\":\"https:\/\/yourshampoo.eu\/\",\"name\":\"YourShampoo\",\"description\":\"\",\"alternateName\":\"Tavo Sampunas\",\"potentialAction\":[{\"@type\":\"SearchAction\",\"target\":{\"@type\":\"EntryPoint\",\"urlTemplate\":\"https:\/\/yourshampoo.eu\/?s={search_term_string}\"},\"query-input\":{\"@type\":\"PropertyValueSpecification\",\"valueRequired\":true,\"valueName\":\"search_term_string\"}}],\"inLanguage\":\"en-US\"}]}<\/script>\n<!-- \/ Yoast SEO plugin. -->","yoast_head_json":{"title":"Atsiskaitymas | TAVO \u0160AMP\u016aNAS","robots":{"index":"noindex","follow":"follow","max-snippet":"max-snippet:-1","max-image-preview":"max-image-preview:large","max-video-preview":"max-video-preview:-1"},"og_locale":"en_US","og_type":"article","og_title":"Atsiskaitymas | TAVO \u0160AMP\u016aNAS","og_description":"Atsiskaitymas Mok\u0117jimas internetu vykdomas per saugi\u0105 Paysera sistem\u0105 \u2013 tai greitas ir patogus b\u016bdas atsiskaityti internetu. Jums nereik\u0117s patiems formuoti pavedimo ir suvedin\u0117ti visos reikiamos mok\u0117jimo informacijos \u2013 mok\u0117jimas bus sugeneruotas automati\u0161kai \u2013 pasirinkus savo bank\u0105, sistema nukreips \u012f el. bankininkyst\u0117s sistem\u0105 \u2013 tereiks prisijungti prie savo el. bankininkyst\u0117s ir patvirtinti jau suformuot\u0105 mok\u0117jim\u0105. Kaip [&hellip;]","og_url":"https:\/\/yourshampoo.eu\/en\/atsiskaitymas\/","og_site_name":"TAVO \u0160AMP\u016aNAS","article_publisher":"https:\/\/www.facebook.com\/tavosampunasofficial","article_modified_time":"2023-09-15T14:25:06+00:00","og_image":[{"width":1200,"height":675,"url":"https:\/\/yourshampoo.eu\/wp-content\/uploads\/2023\/10\/tavo-sampunas-profesionaliai-plauku-prieziurai.jpg","type":"image\/jpeg"}],"twitter_card":"summary_large_image","twitter_misc":{"Est. reading time":"1 minute"},"schema":{"@context":"https:\/\/schema.org","@graph":[{"@type":"WebPage","@id":"https:\/\/yourshampoo.eu\/atsiskaitymas\/","url":"https:\/\/yourshampoo.eu\/atsiskaitymas\/","name":"Atsiskaitymas | TAVO \u0160AMP\u016aNAS","isPartOf":{"@id":"https:\/\/yourshampoo.eu\/#website"},"datePublished":"2023-07-20T06:46:17+00:00","dateModified":"2023-09-15T14:25:06+00:00","breadcrumb":{"@id":"https:\/\/yourshampoo.eu\/atsiskaitymas\/#breadcrumb"},"inLanguage":"en-US","potentialAction":[{"@type":"ReadAction","target":["https:\/\/yourshampoo.eu\/atsiskaitymas\/"]}]},{"@type":"BreadcrumbList","@id":"https:\/\/yourshampoo.eu\/atsiskaitymas\/#breadcrumb","itemListElement":[{"@type":"ListItem","position":1,"name":"Home","item":"https:\/\/yourshampoo.eu\/"},{"@type":"ListItem","position":2,"name":"Atsiskaitymas"}]},{"@type":"WebSite","@id":"https:\/\/yourshampoo.eu\/#website","url":"https:\/\/yourshampoo.eu\/","name":"YourShampoo","description":"","alternateName":"Tavo Sampunas","potentialAction":[{"@type":"SearchAction","target":{"@type":"EntryPoint","urlTemplate":"https:\/\/yourshampoo.eu\/?s={search_term_string}"},"query-input":{"@type":"PropertyValueSpecification","valueRequired":true,"valueName":"search_term_string"}}],"inLanguage":"en-US"}]}},"_links":{"self":[{"href":"https:\/\/yourshampoo.eu\/en\/wp-json\/wp\/v2\/pages\/43140","targetHints":{"allow":["GET"]}}],"collection":[{"href":"https:\/\/yourshampoo.eu\/en\/wp-json\/wp\/v2\/pages"}],"about":[{"href":"https:\/\/yourshampoo.eu\/en\/wp-json\/wp\/v2\/types\/page"}],"author":[{"embeddable":true,"href":"https:\/\/yourshampoo.eu\/en\/wp-json\/wp\/v2\/users\/1"}],"replies":[{"embeddable":true,"href":"https:\/\/yourshampoo.eu\/en\/wp-json\/wp\/v2\/comments?post=43140"}],"version-history":[{"count":0,"href":"https:\/\/yourshampoo.eu\/en\/wp-json\/wp\/v2\/pages\/43140\/revisions"}],"wp:attachment":[{"href":"https:\/\/yourshampoo.eu\/en\/wp-json\/wp\/v2\/media?parent=43140"}],"curies":[{"name":"wp","href":"https:\/\/api.w.org\/{rel}","templated":true}]}}