{"id":43123,"date":"2023-07-20T06:19:22","date_gmt":"2023-07-20T06:19:22","guid":{"rendered":"https:\/\/flexmonitorstand.com\/?page_id=43123"},"modified":"2023-10-23T07:22:57","modified_gmt":"2023-10-23T07:22:57","slug":"karjera","status":"publish","type":"page","link":"https:\/\/yourshampoo.eu\/en\/karjera\/","title":{"rendered":"Karjera"},"content":{"rendered":"<h2 style=\"margin-top: 14px;display: block;padding-bottom: 20px;\"class=\"wp-block-heading\">Prisijunk prie Tavo \u0160amp\u016bnas<\/h2>\n\n\n\n<p>Tavo \u0160amp\u016bnas \u2013 r\u016bpestingiausias plauk\u0173 prie\u017ei\u016bros prek\u0117s \u017eenklas, ie\u0161ko k\u016brybi\u0161ko turinio k\u016br\u0117jo.<\/p>\n\n\n\n<p>Jei tau r\u016bpi ne tik i\u0161braukti u\u017eduot\u012f i\u0161 to-do list\u2019o, bet ir savo veikla kurti poky\u010dius prek\u0117s \u017eenklo ir jo klient\u0173 gyvenimuose, mes tav\u0119s ie\u0161kome!&nbsp;<\/p>\n\n\n\n<p><strong>Kaip atrodys tavo darbo diena:<\/strong><\/p>\n\n\n\n<ul class=\"wp-block-list\">\n<li>Kursi \u012fdom\u0173 turin\u012f Instagram, Facebook, Tiktok ir naujienlai\u0161kiams<\/li>\n\n\n\n<li>Jo pagalba stiprinsi ry\u0161\u012f su klientais ir auginsi lankytoj\u0173 sraut\u0105 Tavo \u0160amp\u016bno el. parduotuv\u0117je<\/li>\n\n\n\n<li>Pri\u017ei\u016br\u0117si socialini\u0173 tinkl\u0173 paskyras<\/li>\n\n\n\n<li>U\u017emegsi bendradarbiavim\u0105 ir vyststi kampanijas su influenceriais\/nuomon\u0117s formuotojais<\/li>\n\n\n\n<li>Kartu su komanda generuosi id\u0117jas reklamoms, kursi joms skirt\u0105 turin\u012f<\/li>\n\n\n\n<li>Fotografuosi ir filmuosi socialiniams tinklams skirt\u0105 med\u017eiag\u0105<\/li>\n\n\n\n<li>Kartu su komanda generuosi naujas id\u0117jas marketingo, komunikacijos, prek\u0117s \u017eenklo stiprinimo ir vystymo strategijoms<\/li>\n<\/ul>\n\n\n\n<p><strong>Tikim\u0117s, kad tu:<\/strong><\/p>\n\n\n\n<ul class=\"wp-block-list\">\n<li>Turi puikius ra\u0161ymo \u012fg\u016bd\u017eius<\/li>\n\n\n\n<li>Esi k\u016brybi\u0161kas, energingas, iniciatyvus, turi daug id\u0117j\u0173<\/li>\n\n\n\n<li>Nebijai imtis atsakomyb\u0117s<\/li>\n\n\n\n<li>Gerbi sutartus terminus<\/li>\n\n\n\n<li>Turi patirties socialini\u0173 tinkl\u0173 valdyme<\/li>\n\n\n\n<li>Domiesi komunikacija, marketingu, reklama, nori augti \u0161ioje srityje<\/li>\n<\/ul>\n\n\n\n<p><strong>Bonus ta\u0161kai, jei:<\/strong><\/p>\n\n\n\n<ul class=\"wp-block-list\">\n<li>Turi gerus story-telling \u012fg\u016bd\u017eius<\/li>\n\n\n\n<li>Turi patirties Tik-tok socialiniame tinkle<\/li>\n<\/ul>\n\n\n\n<p><strong>Kod\u0117l verta prisijungti prie Tavo \u0160amp\u016bno komandos:<\/strong><\/p>\n\n\n\n<ul class=\"wp-block-list\">\n<li>Prisid\u0117si prie pa\u010dio r\u016bpestingiausio plauk\u0173 prie\u017ei\u016bros prek\u0117s \u017eenklo augimo Lietuvoje ir u\u017esienio \u0161alyse<\/li>\n\n\n\n<li>Tur\u0117si visi\u0161k\u0105 k\u016brybin\u0119 laisv\u0119 ir palaikym\u0105<\/li>\n\n\n\n<li>Dirbsi flat-strukt\u016broje, pozityvioje ir streso nekelian\u010dioje atmosferoje<\/li>\n\n\n\n<li>Tur\u0117si galimyb\u0119 augti, mokytis ir tapti komandos lyderiu&nbsp;<\/li>\n\n\n\n<li>Ir neribot\u0105 kiek\u012f pa\u010di\u0173 geriausi\u0173 plauk\u0173 prie\u017ei\u016bros priemoni\u0173<\/li>\n<\/ul>\n\n\n\n<p>Darbo vieta: Kaunas<\/p>\n\n\n\n<p>Darbo pob\u016bdis: visa darbo diena<\/p>\n\n\n\n<p>Atlyginimas : 1000-1500 \u20ac\/m\u0117n. neatskai\u010dius mokes\u010di\u0173<\/p>\n\n\n\n<p>labas@tavosampunas.lt<\/p>","protected":false},"excerpt":{"rendered":"<p>Prisijunk prie Tavo \u0160amp\u016bnas Tavo \u0160amp\u016bnas \u2013 r\u016bpestingiausias plauk\u0173 prie\u017ei\u016bros prek\u0117s \u017eenklas, ie\u0161ko k\u016brybi\u0161ko turinio k\u016br\u0117jo. Jei tau r\u016bpi ne tik i\u0161braukti u\u017eduot\u012f i\u0161 to-do list\u2019o, bet ir savo veikla kurti poky\u010dius prek\u0117s \u017eenklo ir jo klient\u0173 gyvenimuose, mes tav\u0119s ie\u0161kome!&nbsp; Kaip atrodys tavo darbo diena: Tikim\u0117s, kad tu: Bonus ta\u0161kai, jei: Kod\u0117l verta prisijungti [&hellip;]<\/p>","protected":false},"author":1,"featured_media":0,"parent":0,"menu_order":0,"comment_status":"closed","ping_status":"closed","template":"template-fullwidth-no-heading.php","meta":{"footnotes":""},"class_list":["post-43123","page","type-page","status-publish","hentry"],"acf":[],"yoast_head":"<!-- This site is optimized with the Yoast SEO plugin v26.7 - https:\/\/yoast.com\/wordpress\/plugins\/seo\/ -->\n<title>Prisijunk prie komandos | TAVO \u0160AMP\u016aNAS<\/title>\n<meta name=\"description\" content=\"Jei tau r\u016bpi ne tik i\u0161braukti u\u017eduot\u012f i\u0161 to-do list\u2019o, bet ir savo veikla kurti poky\u010dius prek\u0117s \u017eenklo ir jo klient\u0173 gyvenimuose, mes tav\u0119s ie\u0161kome!\u00a0\" \/>\n<meta name=\"robots\" content=\"noindex, follow, max-snippet:-1, max-image-preview:large, max-video-preview:-1\" \/>\n<meta property=\"og:locale\" content=\"en_US\" \/>\n<meta property=\"og:type\" content=\"article\" \/>\n<meta property=\"og:title\" content=\"Prisijunk prie komandos | TAVO \u0160AMP\u016aNAS\" \/>\n<meta property=\"og:description\" content=\"Jei tau r\u016bpi ne tik i\u0161braukti u\u017eduot\u012f i\u0161 to-do list\u2019o, bet ir savo veikla kurti poky\u010dius prek\u0117s \u017eenklo ir jo klient\u0173 gyvenimuose, mes tav\u0119s ie\u0161kome!\u00a0\" \/>\n<meta property=\"og:url\" content=\"https:\/\/yourshampoo.eu\/en\/karjera\/\" \/>\n<meta property=\"og:site_name\" content=\"TAVO \u0160AMP\u016aNAS\" \/>\n<meta property=\"article:publisher\" content=\"https:\/\/www.facebook.com\/tavosampunasofficial\" \/>\n<meta property=\"article:modified_time\" content=\"2023-10-23T07:22:57+00:00\" \/>\n<meta property=\"og:image\" content=\"https:\/\/yourshampoo.eu\/wp-content\/uploads\/2023\/10\/tavo-sampunas-profesionaliai-plauku-prieziurai.jpg\" \/>\n\t<meta property=\"og:image:width\" content=\"1200\" \/>\n\t<meta property=\"og:image:height\" content=\"675\" \/>\n\t<meta property=\"og:image:type\" content=\"image\/jpeg\" \/>\n<meta name=\"twitter:card\" content=\"summary_large_image\" \/>\n<meta name=\"twitter:label1\" content=\"Est. reading time\" \/>\n\t<meta name=\"twitter:data1\" content=\"2 minutes\" \/>\n<script type=\"application\/ld+json\" class=\"yoast-schema-graph\">{\"@context\":\"https:\/\/schema.org\",\"@graph\":[{\"@type\":\"WebPage\",\"@id\":\"https:\/\/yourshampoo.eu\/karjera\/\",\"url\":\"https:\/\/yourshampoo.eu\/karjera\/\",\"name\":\"Prisijunk prie komandos | TAVO \u0160AMP\u016aNAS\",\"isPartOf\":{\"@id\":\"https:\/\/yourshampoo.eu\/#website\"},\"datePublished\":\"2023-07-20T06:19:22+00:00\",\"dateModified\":\"2023-10-23T07:22:57+00:00\",\"description\":\"Jei tau r\u016bpi ne tik i\u0161braukti u\u017eduot\u012f i\u0161 to-do list\u2019o, bet ir savo veikla kurti poky\u010dius prek\u0117s \u017eenklo ir jo klient\u0173 gyvenimuose, mes tav\u0119s ie\u0161kome!\u00a0\",\"breadcrumb\":{\"@id\":\"https:\/\/yourshampoo.eu\/karjera\/#breadcrumb\"},\"inLanguage\":\"en-US\",\"potentialAction\":[{\"@type\":\"ReadAction\",\"target\":[\"https:\/\/yourshampoo.eu\/karjera\/\"]}]},{\"@type\":\"BreadcrumbList\",\"@id\":\"https:\/\/yourshampoo.eu\/karjera\/#breadcrumb\",\"itemListElement\":[{\"@type\":\"ListItem\",\"position\":1,\"name\":\"Home\",\"item\":\"https:\/\/yourshampoo.eu\/\"},{\"@type\":\"ListItem\",\"position\":2,\"name\":\"Karjera\"}]},{\"@type\":\"WebSite\",\"@id\":\"https:\/\/yourshampoo.eu\/#website\",\"url\":\"https:\/\/yourshampoo.eu\/\",\"name\":\"YourShampoo\",\"description\":\"\",\"alternateName\":\"Tavo Sampunas\",\"potentialAction\":[{\"@type\":\"SearchAction\",\"target\":{\"@type\":\"EntryPoint\",\"urlTemplate\":\"https:\/\/yourshampoo.eu\/?s={search_term_string}\"},\"query-input\":{\"@type\":\"PropertyValueSpecification\",\"valueRequired\":true,\"valueName\":\"search_term_string\"}}],\"inLanguage\":\"en-US\"}]}<\/script>\n<!-- \/ Yoast SEO plugin. -->","yoast_head_json":{"title":"Prisijunk prie komandos | TAVO \u0160AMP\u016aNAS","description":"Jei tau r\u016bpi ne tik i\u0161braukti u\u017eduot\u012f i\u0161 to-do list\u2019o, bet ir savo veikla kurti poky\u010dius prek\u0117s \u017eenklo ir jo klient\u0173 gyvenimuose, mes tav\u0119s ie\u0161kome!\u00a0","robots":{"index":"noindex","follow":"follow","max-snippet":"max-snippet:-1","max-image-preview":"max-image-preview:large","max-video-preview":"max-video-preview:-1"},"og_locale":"en_US","og_type":"article","og_title":"Prisijunk prie komandos | TAVO \u0160AMP\u016aNAS","og_description":"Jei tau r\u016bpi ne tik i\u0161braukti u\u017eduot\u012f i\u0161 to-do list\u2019o, bet ir savo veikla kurti poky\u010dius prek\u0117s \u017eenklo ir jo klient\u0173 gyvenimuose, mes tav\u0119s ie\u0161kome!\u00a0","og_url":"https:\/\/yourshampoo.eu\/en\/karjera\/","og_site_name":"TAVO \u0160AMP\u016aNAS","article_publisher":"https:\/\/www.facebook.com\/tavosampunasofficial","article_modified_time":"2023-10-23T07:22:57+00:00","og_image":[{"width":1200,"height":675,"url":"https:\/\/yourshampoo.eu\/wp-content\/uploads\/2023\/10\/tavo-sampunas-profesionaliai-plauku-prieziurai.jpg","type":"image\/jpeg"}],"twitter_card":"summary_large_image","twitter_misc":{"Est. reading time":"2 minutes"},"schema":{"@context":"https:\/\/schema.org","@graph":[{"@type":"WebPage","@id":"https:\/\/yourshampoo.eu\/karjera\/","url":"https:\/\/yourshampoo.eu\/karjera\/","name":"Prisijunk prie komandos | TAVO \u0160AMP\u016aNAS","isPartOf":{"@id":"https:\/\/yourshampoo.eu\/#website"},"datePublished":"2023-07-20T06:19:22+00:00","dateModified":"2023-10-23T07:22:57+00:00","description":"Jei tau r\u016bpi ne tik i\u0161braukti u\u017eduot\u012f i\u0161 to-do list\u2019o, bet ir savo veikla kurti poky\u010dius prek\u0117s \u017eenklo ir jo klient\u0173 gyvenimuose, mes tav\u0119s ie\u0161kome!\u00a0","breadcrumb":{"@id":"https:\/\/yourshampoo.eu\/karjera\/#breadcrumb"},"inLanguage":"en-US","potentialAction":[{"@type":"ReadAction","target":["https:\/\/yourshampoo.eu\/karjera\/"]}]},{"@type":"BreadcrumbList","@id":"https:\/\/yourshampoo.eu\/karjera\/#breadcrumb","itemListElement":[{"@type":"ListItem","position":1,"name":"Home","item":"https:\/\/yourshampoo.eu\/"},{"@type":"ListItem","position":2,"name":"Karjera"}]},{"@type":"WebSite","@id":"https:\/\/yourshampoo.eu\/#website","url":"https:\/\/yourshampoo.eu\/","name":"YourShampoo","description":"","alternateName":"Tavo Sampunas","potentialAction":[{"@type":"SearchAction","target":{"@type":"EntryPoint","urlTemplate":"https:\/\/yourshampoo.eu\/?s={search_term_string}"},"query-input":{"@type":"PropertyValueSpecification","valueRequired":true,"valueName":"search_term_string"}}],"inLanguage":"en-US"}]}},"_links":{"self":[{"href":"https:\/\/yourshampoo.eu\/en\/wp-json\/wp\/v2\/pages\/43123","targetHints":{"allow":["GET"]}}],"collection":[{"href":"https:\/\/yourshampoo.eu\/en\/wp-json\/wp\/v2\/pages"}],"about":[{"href":"https:\/\/yourshampoo.eu\/en\/wp-json\/wp\/v2\/types\/page"}],"author":[{"embeddable":true,"href":"https:\/\/yourshampoo.eu\/en\/wp-json\/wp\/v2\/users\/1"}],"replies":[{"embeddable":true,"href":"https:\/\/yourshampoo.eu\/en\/wp-json\/wp\/v2\/comments?post=43123"}],"version-history":[{"count":0,"href":"https:\/\/yourshampoo.eu\/en\/wp-json\/wp\/v2\/pages\/43123\/revisions"}],"wp:attachment":[{"href":"https:\/\/yourshampoo.eu\/en\/wp-json\/wp\/v2\/media?parent=43123"}],"curies":[{"name":"wp","href":"https:\/\/api.w.org\/{rel}","templated":true}]}}