{"id":43121,"date":"2023-07-20T06:17:24","date_gmt":"2023-07-20T06:17:24","guid":{"rendered":"https:\/\/flexmonitorstand.com\/?page_id=43121"},"modified":"2024-08-19T08:28:39","modified_gmt":"2024-08-19T06:28:39","slug":"easy-returns","status":"publish","type":"page","link":"https:\/\/yourshampoo.eu\/en\/easy-returns\/","title":{"rendered":"Money Back Guarantee"},"content":{"rendered":"<h2>Unconditional Money Back Guarantee<\/h2>\n<p>We believe in the quality of our products and we want you to feel safe buying from us. That's why we offer the 100% Unconditional Money Back Guarantee.<\/p>\n<h4>How does it work?<\/h4>\n<ol>\n<li>\n<p><strong>Try the tools<\/strong>: Use the products as indicated on the labels or in the instructions. This may be one time or more - it is important that you have the opportunity to see if the product is suitable for you or not.<\/p>\n<\/li>\n<li>\n<p><strong>Contact Us<\/strong>A: If you decide that the product is not suitable for you, simply contact us within 30 days from the date of purchase. You can do this by email, phone or social media.<\/p>\n<\/li>\n<li>\n<p><strong>Return or Exchange<\/strong>: After you get in touch, we will offer you an exchange for another product or a full refund.<\/p>\n<\/li>\n<\/ol>\n<h4>Important to Know<\/h4>\n<ul>\n<li>The reimbursement process is simple and fast. We will not ask any additional questions or make any additional requirements.<\/li>\n<li>We pay the return costs.<\/li>\n<li>If you opt for a refund, the money will be credited to your account within 5 working days of the refund confirmation.<\/li>\n<li>Cashback only works for measures based on test results.<\/li>\n<\/ul>\n<h4>120% No Risk<\/h4>\n<p>We guarantee that this process is 100% risk-free.\u00a0<br \/>If the product is not suitable for you, we will do our best to resolve the situation in your favour.<\/p>\n<p>___________________________________<\/p>\n<ul>\n<li>Consumer disputes shall be settled out of court by the State Consumer Rights Protection Service, Vilniaus g. 25, LT-01402 Vilnius, www.vvtat.lt.<\/li>\n<li>You can submit requests or complaints about possible infringements of consumer rights on the Consumer Dispute Resolution Platform at http:\/\/ec.europa.eu\/odr\/<\/li>\n<\/ul>\n<p>\u00a0<\/p>","protected":false},"excerpt":{"rendered":"<p>Bes\u0105lygin\u0117 Pinig\u0173 Gr\u0105\u017einimo Garantija Mes tikime savo produkt\u0173 kokybe ir norime, kad j\u016bs jaustum\u0117t\u0117s saug\u016bs pirkdami i\u0161 m\u016bs\u0173. Tod\u0117l si\u016blome 100% bes\u0105lygin\u0119 pinig\u0173 gr\u0105\u017einimo garantij\u0105. Kaip tai veikia? I\u0161bandykite priemones: Naudokite produktus taip, kaip nurodyta etiket\u0117se ar instrukcijose. Tai gali b\u016bti vienas kartas arba daugiau \u2013 svarbu, kad j\u016bs tur\u0117tum\u0117te galimyb\u0119 \u012fsitikinti, ar produktas jums [&hellip;]<\/p>","protected":false},"author":1,"featured_media":0,"parent":0,"menu_order":0,"comment_status":"closed","ping_status":"closed","template":"","meta":{"footnotes":""},"class_list":["post-43121","page","type-page","status-publish","hentry"],"acf":[],"yoast_head":"<!-- This site is optimized with the Yoast SEO plugin v26.7 - https:\/\/yoast.com\/wordpress\/plugins\/seo\/ -->\n<title>Pinig\u0173 Gr\u0105\u017einimo Garantija | TAVO \u0160AMP\u016aNAS<\/title>\n<meta name=\"robots\" content=\"noindex, follow, max-snippet:-1, max-image-preview:large, max-video-preview:-1\" \/>\n<meta property=\"og:locale\" content=\"en_US\" \/>\n<meta property=\"og:type\" content=\"article\" \/>\n<meta property=\"og:title\" content=\"Pinig\u0173 Gr\u0105\u017einimo Garantija | TAVO \u0160AMP\u016aNAS\" \/>\n<meta property=\"og:description\" content=\"Bes\u0105lygin\u0117 Pinig\u0173 Gr\u0105\u017einimo Garantija Mes tikime savo produkt\u0173 kokybe ir norime, kad j\u016bs jaustum\u0117t\u0117s saug\u016bs pirkdami i\u0161 m\u016bs\u0173. Tod\u0117l si\u016blome 100% bes\u0105lygin\u0119 pinig\u0173 gr\u0105\u017einimo garantij\u0105. Kaip tai veikia? I\u0161bandykite priemones: Naudokite produktus taip, kaip nurodyta etiket\u0117se ar instrukcijose. Tai gali b\u016bti vienas kartas arba daugiau \u2013 svarbu, kad j\u016bs tur\u0117tum\u0117te galimyb\u0119 \u012fsitikinti, ar produktas jums [&hellip;]\" \/>\n<meta property=\"og:url\" content=\"https:\/\/yourshampoo.eu\/en\/easy-returns\/\" \/>\n<meta property=\"og:site_name\" content=\"TAVO \u0160AMP\u016aNAS\" \/>\n<meta property=\"article:publisher\" content=\"https:\/\/www.facebook.com\/tavosampunasofficial\" \/>\n<meta property=\"article:modified_time\" content=\"2024-08-19T06:28:39+00:00\" \/>\n<meta property=\"og:image\" content=\"https:\/\/yourshampoo.eu\/wp-content\/uploads\/2023\/10\/tavo-sampunas-profesionaliai-plauku-prieziurai.jpg\" \/>\n\t<meta property=\"og:image:width\" content=\"1200\" \/>\n\t<meta property=\"og:image:height\" content=\"675\" \/>\n\t<meta property=\"og:image:type\" content=\"image\/jpeg\" \/>\n<meta name=\"twitter:card\" content=\"summary_large_image\" \/>\n<meta name=\"twitter:label1\" content=\"Est. reading time\" \/>\n\t<meta name=\"twitter:data1\" content=\"2 minutes\" \/>\n<script type=\"application\/ld+json\" class=\"yoast-schema-graph\">{\"@context\":\"https:\/\/schema.org\",\"@graph\":[{\"@type\":\"WebPage\",\"@id\":\"https:\/\/yourshampoo.eu\/grazinimo-salygos\/\",\"url\":\"https:\/\/yourshampoo.eu\/grazinimo-salygos\/\",\"name\":\"Pinig\u0173 Gr\u0105\u017einimo Garantija | TAVO \u0160AMP\u016aNAS\",\"isPartOf\":{\"@id\":\"https:\/\/yourshampoo.eu\/#website\"},\"datePublished\":\"2023-07-20T06:17:24+00:00\",\"dateModified\":\"2024-08-19T06:28:39+00:00\",\"breadcrumb\":{\"@id\":\"https:\/\/yourshampoo.eu\/grazinimo-salygos\/#breadcrumb\"},\"inLanguage\":\"en-US\",\"potentialAction\":[{\"@type\":\"ReadAction\",\"target\":[\"https:\/\/yourshampoo.eu\/grazinimo-salygos\/\"]}]},{\"@type\":\"BreadcrumbList\",\"@id\":\"https:\/\/yourshampoo.eu\/grazinimo-salygos\/#breadcrumb\",\"itemListElement\":[{\"@type\":\"ListItem\",\"position\":1,\"name\":\"Home\",\"item\":\"https:\/\/yourshampoo.eu\/\"},{\"@type\":\"ListItem\",\"position\":2,\"name\":\"Pinig\u0173 Gr\u0105\u017einimo Garantija\"}]},{\"@type\":\"WebSite\",\"@id\":\"https:\/\/yourshampoo.eu\/#website\",\"url\":\"https:\/\/yourshampoo.eu\/\",\"name\":\"YourShampoo\",\"description\":\"\",\"alternateName\":\"Tavo Sampunas\",\"potentialAction\":[{\"@type\":\"SearchAction\",\"target\":{\"@type\":\"EntryPoint\",\"urlTemplate\":\"https:\/\/yourshampoo.eu\/?s={search_term_string}\"},\"query-input\":{\"@type\":\"PropertyValueSpecification\",\"valueRequired\":true,\"valueName\":\"search_term_string\"}}],\"inLanguage\":\"en-US\"}]}<\/script>\n<!-- \/ Yoast SEO plugin. -->","yoast_head_json":{"title":"Pinig\u0173 Gr\u0105\u017einimo Garantija | TAVO \u0160AMP\u016aNAS","robots":{"index":"noindex","follow":"follow","max-snippet":"max-snippet:-1","max-image-preview":"max-image-preview:large","max-video-preview":"max-video-preview:-1"},"og_locale":"en_US","og_type":"article","og_title":"Pinig\u0173 Gr\u0105\u017einimo Garantija | TAVO \u0160AMP\u016aNAS","og_description":"Bes\u0105lygin\u0117 Pinig\u0173 Gr\u0105\u017einimo Garantija Mes tikime savo produkt\u0173 kokybe ir norime, kad j\u016bs jaustum\u0117t\u0117s saug\u016bs pirkdami i\u0161 m\u016bs\u0173. Tod\u0117l si\u016blome 100% bes\u0105lygin\u0119 pinig\u0173 gr\u0105\u017einimo garantij\u0105. Kaip tai veikia? I\u0161bandykite priemones: Naudokite produktus taip, kaip nurodyta etiket\u0117se ar instrukcijose. Tai gali b\u016bti vienas kartas arba daugiau \u2013 svarbu, kad j\u016bs tur\u0117tum\u0117te galimyb\u0119 \u012fsitikinti, ar produktas jums [&hellip;]","og_url":"https:\/\/yourshampoo.eu\/en\/easy-returns\/","og_site_name":"TAVO \u0160AMP\u016aNAS","article_publisher":"https:\/\/www.facebook.com\/tavosampunasofficial","article_modified_time":"2024-08-19T06:28:39+00:00","og_image":[{"width":1200,"height":675,"url":"https:\/\/yourshampoo.eu\/wp-content\/uploads\/2023\/10\/tavo-sampunas-profesionaliai-plauku-prieziurai.jpg","type":"image\/jpeg"}],"twitter_card":"summary_large_image","twitter_misc":{"Est. reading time":"2 minutes"},"schema":{"@context":"https:\/\/schema.org","@graph":[{"@type":"WebPage","@id":"https:\/\/yourshampoo.eu\/grazinimo-salygos\/","url":"https:\/\/yourshampoo.eu\/grazinimo-salygos\/","name":"Pinig\u0173 Gr\u0105\u017einimo Garantija | TAVO \u0160AMP\u016aNAS","isPartOf":{"@id":"https:\/\/yourshampoo.eu\/#website"},"datePublished":"2023-07-20T06:17:24+00:00","dateModified":"2024-08-19T06:28:39+00:00","breadcrumb":{"@id":"https:\/\/yourshampoo.eu\/grazinimo-salygos\/#breadcrumb"},"inLanguage":"en-US","potentialAction":[{"@type":"ReadAction","target":["https:\/\/yourshampoo.eu\/grazinimo-salygos\/"]}]},{"@type":"BreadcrumbList","@id":"https:\/\/yourshampoo.eu\/grazinimo-salygos\/#breadcrumb","itemListElement":[{"@type":"ListItem","position":1,"name":"Home","item":"https:\/\/yourshampoo.eu\/"},{"@type":"ListItem","position":2,"name":"Pinig\u0173 Gr\u0105\u017einimo Garantija"}]},{"@type":"WebSite","@id":"https:\/\/yourshampoo.eu\/#website","url":"https:\/\/yourshampoo.eu\/","name":"YourShampoo","description":"","alternateName":"Tavo Sampunas","potentialAction":[{"@type":"SearchAction","target":{"@type":"EntryPoint","urlTemplate":"https:\/\/yourshampoo.eu\/?s={search_term_string}"},"query-input":{"@type":"PropertyValueSpecification","valueRequired":true,"valueName":"search_term_string"}}],"inLanguage":"en-US"}]}},"_links":{"self":[{"href":"https:\/\/yourshampoo.eu\/en\/wp-json\/wp\/v2\/pages\/43121","targetHints":{"allow":["GET"]}}],"collection":[{"href":"https:\/\/yourshampoo.eu\/en\/wp-json\/wp\/v2\/pages"}],"about":[{"href":"https:\/\/yourshampoo.eu\/en\/wp-json\/wp\/v2\/types\/page"}],"author":[{"embeddable":true,"href":"https:\/\/yourshampoo.eu\/en\/wp-json\/wp\/v2\/users\/1"}],"replies":[{"embeddable":true,"href":"https:\/\/yourshampoo.eu\/en\/wp-json\/wp\/v2\/comments?post=43121"}],"version-history":[{"count":0,"href":"https:\/\/yourshampoo.eu\/en\/wp-json\/wp\/v2\/pages\/43121\/revisions"}],"wp:attachment":[{"href":"https:\/\/yourshampoo.eu\/en\/wp-json\/wp\/v2\/media?parent=43121"}],"curies":[{"name":"wp","href":"https:\/\/api.w.org\/{rel}","templated":true}]}}