{"id":43118,"date":"2023-07-20T06:01:20","date_gmt":"2023-07-20T06:01:20","guid":{"rendered":"https:\/\/flexmonitorstand.com\/?page_id=43118"},"modified":"2023-09-20T12:15:58","modified_gmt":"2023-09-20T12:15:58","slug":"terms-shipping","status":"publish","type":"page","link":"https:\/\/yourshampoo.eu\/en\/terms-shipping\/","title":{"rendered":"Delivery conditions"},"content":{"rendered":"<style>\/*! elementor - v3.16.0 - 14-09-2023 *\/\n.elementor-heading-title{padding:0;margin:0;line-height:1}.elementor-widget-heading .elementor-heading-title[class*=elementor-size-]>a{color:inherit;font-size:inherit;line-height:inherit}.elementor-widget-heading .elementor-heading-title.elementor-size-small{font-size:15px}.elementor-widget-heading .elementor-heading-title.elementor-size-medium{font-size:19px}.elementor-widget-heading .elementor-heading-title.elementor-size-large{font-size:29px}.elementor-widget-heading .elementor-heading-title.elementor-size-xl{font-size:39px}.elementor-widget-heading .elementor-heading-title.elementor-size-xxl{font-size:59px}<\/style>\n<h2>\n<h1 style=\"margin-bottom: 0.75em; white-space-collapse: collapse;\">Delivery conditions<\/h1>\n<p style=\"color: rgb(68, 68, 68); font-size: 17px; font-weight: 400; letter-spacing: normal; white-space-collapse: collapse;\">Your order is dispatched by post within 1-3 days after receipt of payment.<\/p>\n<p style=\"color: rgb(68, 68, 68); font-size: 17px; font-weight: 400; letter-spacing: normal; white-space-collapse: collapse;\">The parcel is placed in the post office and reaches the recipient within 1-3 days.<\/p>\n<p style=\"color: rgb(68, 68, 68); font-size: 17px; font-weight: 400; letter-spacing: normal; white-space-collapse: collapse;\">Choose which post office you want to pick up your parcel at when you place your order. You will receive a text message when your parcel is delivered to the post office of your choice, so be sure to enter your phone number correctly!<\/p>\n<\/h2>","protected":false},"excerpt":{"rendered":"<p>Delivery terms Your order is dispatched by post within 1-3 days after receipt of payment. The parcel is placed in the post office and reaches the recipient within 1-3 days. You will receive a text message when your parcel is delivered to the post office of your choice, so be sure to enter your phone number correctly!<\/p>","protected":false},"author":1,"featured_media":0,"parent":0,"menu_order":0,"comment_status":"closed","ping_status":"closed","template":"","meta":{"footnotes":""},"class_list":["post-43118","page","type-page","status-publish","hentry"],"acf":[],"yoast_head":"<!-- This site is optimized with the Yoast SEO plugin v26.7 - https:\/\/yoast.com\/wordpress\/plugins\/seo\/ -->\n<title>Pristatymo s\u0105lygos | TAVO \u0160AMP\u016aNAS<\/title>\n<meta name=\"robots\" content=\"noindex, follow, max-snippet:-1, max-image-preview:large, max-video-preview:-1\" \/>\n<meta property=\"og:locale\" content=\"en_US\" \/>\n<meta property=\"og:type\" content=\"article\" \/>\n<meta property=\"og:title\" content=\"Pristatymo s\u0105lygos | TAVO \u0160AMP\u016aNAS\" \/>\n<meta property=\"og:description\" content=\"Pristatymo s\u0105lygos Tavo u\u017esakymas yra i\u0161siun\u010diamas naudojantis pa\u0161tomatu per 1-3 d.d. po u\u017esakymo apmok\u0117jimo gavimo. Siunta \u012fdedama \u012f pa\u0161tomat\u0105 ir gav\u0117j\u0105 pasiekia per 1-3 d.d. U\u017esakymo metu pasirink, kuriame pa\u0161tomate nori atsiimti savo siunt\u0105. Kai ji bus pristatyta \u012f pasirinkt\u0105 pa\u0161tomat\u0105, gausi apie tai informuojan\u010di\u0105 \u017einut\u0119, tad b\u016btinai teisingai \u012fra\u0161yk savo telefono numer\u012f!\" \/>\n<meta property=\"og:url\" content=\"https:\/\/yourshampoo.eu\/en\/terms-shipping\/\" \/>\n<meta property=\"og:site_name\" content=\"TAVO \u0160AMP\u016aNAS\" \/>\n<meta property=\"article:publisher\" content=\"https:\/\/www.facebook.com\/tavosampunasofficial\" \/>\n<meta property=\"article:modified_time\" content=\"2023-09-20T12:15:58+00:00\" \/>\n<meta property=\"og:image\" content=\"https:\/\/yourshampoo.eu\/wp-content\/uploads\/2023\/10\/tavo-sampunas-profesionaliai-plauku-prieziurai.jpg\" \/>\n\t<meta property=\"og:image:width\" content=\"1200\" \/>\n\t<meta property=\"og:image:height\" content=\"675\" \/>\n\t<meta property=\"og:image:type\" content=\"image\/jpeg\" \/>\n<meta name=\"twitter:card\" content=\"summary_large_image\" \/>\n<script type=\"application\/ld+json\" class=\"yoast-schema-graph\">{\"@context\":\"https:\/\/schema.org\",\"@graph\":[{\"@type\":\"WebPage\",\"@id\":\"https:\/\/yourshampoo.eu\/pristatymo-salygos\/\",\"url\":\"https:\/\/yourshampoo.eu\/pristatymo-salygos\/\",\"name\":\"Pristatymo s\u0105lygos | TAVO \u0160AMP\u016aNAS\",\"isPartOf\":{\"@id\":\"https:\/\/yourshampoo.eu\/#website\"},\"datePublished\":\"2023-07-20T06:01:20+00:00\",\"dateModified\":\"2023-09-20T12:15:58+00:00\",\"breadcrumb\":{\"@id\":\"https:\/\/yourshampoo.eu\/pristatymo-salygos\/#breadcrumb\"},\"inLanguage\":\"en-US\",\"potentialAction\":[{\"@type\":\"ReadAction\",\"target\":[\"https:\/\/yourshampoo.eu\/pristatymo-salygos\/\"]}]},{\"@type\":\"BreadcrumbList\",\"@id\":\"https:\/\/yourshampoo.eu\/pristatymo-salygos\/#breadcrumb\",\"itemListElement\":[{\"@type\":\"ListItem\",\"position\":1,\"name\":\"Home\",\"item\":\"https:\/\/yourshampoo.eu\/\"},{\"@type\":\"ListItem\",\"position\":2,\"name\":\"Pristatymo s\u0105lygos\"}]},{\"@type\":\"WebSite\",\"@id\":\"https:\/\/yourshampoo.eu\/#website\",\"url\":\"https:\/\/yourshampoo.eu\/\",\"name\":\"YourShampoo\",\"description\":\"\",\"alternateName\":\"Tavo Sampunas\",\"potentialAction\":[{\"@type\":\"SearchAction\",\"target\":{\"@type\":\"EntryPoint\",\"urlTemplate\":\"https:\/\/yourshampoo.eu\/?s={search_term_string}\"},\"query-input\":{\"@type\":\"PropertyValueSpecification\",\"valueRequired\":true,\"valueName\":\"search_term_string\"}}],\"inLanguage\":\"en-US\"}]}<\/script>\n<!-- \/ Yoast SEO plugin. -->","yoast_head_json":{"title":"Pristatymo s\u0105lygos | TAVO \u0160AMP\u016aNAS","robots":{"index":"noindex","follow":"follow","max-snippet":"max-snippet:-1","max-image-preview":"max-image-preview:large","max-video-preview":"max-video-preview:-1"},"og_locale":"en_US","og_type":"article","og_title":"Pristatymo s\u0105lygos | TAVO \u0160AMP\u016aNAS","og_description":"Pristatymo s\u0105lygos Tavo u\u017esakymas yra i\u0161siun\u010diamas naudojantis pa\u0161tomatu per 1-3 d.d. po u\u017esakymo apmok\u0117jimo gavimo. Siunta \u012fdedama \u012f pa\u0161tomat\u0105 ir gav\u0117j\u0105 pasiekia per 1-3 d.d. U\u017esakymo metu pasirink, kuriame pa\u0161tomate nori atsiimti savo siunt\u0105. Kai ji bus pristatyta \u012f pasirinkt\u0105 pa\u0161tomat\u0105, gausi apie tai informuojan\u010di\u0105 \u017einut\u0119, tad b\u016btinai teisingai \u012fra\u0161yk savo telefono numer\u012f!","og_url":"https:\/\/yourshampoo.eu\/en\/terms-shipping\/","og_site_name":"TAVO \u0160AMP\u016aNAS","article_publisher":"https:\/\/www.facebook.com\/tavosampunasofficial","article_modified_time":"2023-09-20T12:15:58+00:00","og_image":[{"width":1200,"height":675,"url":"https:\/\/yourshampoo.eu\/wp-content\/uploads\/2023\/10\/tavo-sampunas-profesionaliai-plauku-prieziurai.jpg","type":"image\/jpeg"}],"twitter_card":"summary_large_image","schema":{"@context":"https:\/\/schema.org","@graph":[{"@type":"WebPage","@id":"https:\/\/yourshampoo.eu\/pristatymo-salygos\/","url":"https:\/\/yourshampoo.eu\/pristatymo-salygos\/","name":"Pristatymo s\u0105lygos | TAVO \u0160AMP\u016aNAS","isPartOf":{"@id":"https:\/\/yourshampoo.eu\/#website"},"datePublished":"2023-07-20T06:01:20+00:00","dateModified":"2023-09-20T12:15:58+00:00","breadcrumb":{"@id":"https:\/\/yourshampoo.eu\/pristatymo-salygos\/#breadcrumb"},"inLanguage":"en-US","potentialAction":[{"@type":"ReadAction","target":["https:\/\/yourshampoo.eu\/pristatymo-salygos\/"]}]},{"@type":"BreadcrumbList","@id":"https:\/\/yourshampoo.eu\/pristatymo-salygos\/#breadcrumb","itemListElement":[{"@type":"ListItem","position":1,"name":"Home","item":"https:\/\/yourshampoo.eu\/"},{"@type":"ListItem","position":2,"name":"Pristatymo s\u0105lygos"}]},{"@type":"WebSite","@id":"https:\/\/yourshampoo.eu\/#website","url":"https:\/\/yourshampoo.eu\/","name":"YourShampoo","description":"","alternateName":"Tavo Sampunas","potentialAction":[{"@type":"SearchAction","target":{"@type":"EntryPoint","urlTemplate":"https:\/\/yourshampoo.eu\/?s={search_term_string}"},"query-input":{"@type":"PropertyValueSpecification","valueRequired":true,"valueName":"search_term_string"}}],"inLanguage":"en-US"}]}},"_links":{"self":[{"href":"https:\/\/yourshampoo.eu\/en\/wp-json\/wp\/v2\/pages\/43118","targetHints":{"allow":["GET"]}}],"collection":[{"href":"https:\/\/yourshampoo.eu\/en\/wp-json\/wp\/v2\/pages"}],"about":[{"href":"https:\/\/yourshampoo.eu\/en\/wp-json\/wp\/v2\/types\/page"}],"author":[{"embeddable":true,"href":"https:\/\/yourshampoo.eu\/en\/wp-json\/wp\/v2\/users\/1"}],"replies":[{"embeddable":true,"href":"https:\/\/yourshampoo.eu\/en\/wp-json\/wp\/v2\/comments?post=43118"}],"version-history":[{"count":0,"href":"https:\/\/yourshampoo.eu\/en\/wp-json\/wp\/v2\/pages\/43118\/revisions"}],"wp:attachment":[{"href":"https:\/\/yourshampoo.eu\/en\/wp-json\/wp\/v2\/media?parent=43118"}],"curies":[{"name":"wp","href":"https:\/\/api.w.org\/{rel}","templated":true}]}}