{"id":141550,"date":"2025-10-15T15:00:27","date_gmt":"2025-10-15T13:00:27","guid":{"rendered":"https:\/\/yourshampoo.eu\/?page_id=141550"},"modified":"2025-11-10T16:59:05","modified_gmt":"2025-11-10T14:59:05","slug":"kaip-naudoti","status":"publish","type":"page","link":"https:\/\/yourshampoo.eu\/en\/kaip-naudoti\/","title":{"rendered":"kaip naudotis"},"content":{"rendered":"<div class=\"wc-howto-container\" \n             data-mobile-cols=\"2\"\n             data-tablet-cols=\"4\"\n             data-desktop-cols=\"4\">\n            \n            <div class=\"wc-howto-header\">\n                <h2 class=\"wc-howto-title\">kaip naudoti?<\/h2>\n                \n                <div class=\"wc-howto-search-wrapper\">\n                    <input type=\"text\" id=\"wc-howto-search\" class=\"wc-howto-search-input\" placeholder=\"ie\u0161koti pagal pavadinim\u0105\" autocomplete=\"off\" \/>\n                    <div class=\"wc-howto-search-icon\">\n                        <svg width=\"20\" height=\"20\" viewbox=\"0 0 24 24\" fill=\"none\" stroke=\"currentColor\" stroke-width=\"2\">\n                            <circle cx=\"11\" cy=\"11\" r=\"8\"><\/circle>\n                            <path d=\"m21 21-4.35-4.35\"><\/path>\n                        <\/svg>\n                    <\/div>\n                    \n                    <div class=\"wc-howto-search-dropdown\" id=\"wc-howto-search-dropdown\" style=\"display: none;\">\n                        <div class=\"wc-howto-search-results\"><\/div>\n                    <\/div>\n                <\/div>\n            <\/div>\n            \n            <h3 class=\"wc-howto-products-heading\">Produkt\u0173 s\u0105ra\u0161as<\/h3>\n            \n            <div class=\"wc-howto-grid\">\n                                    <div class=\"wc-howto-product-card\" data-product-id=\"142983\">\n                        <div class=\"wc-howto-product-image\">\n                            <img decoding=\"async\" src=\"https:\/\/yourshampoo.eu\/wp-content\/uploads\/2024\/11\/galvos-odos-svetiklis-galvos-odai-300x300.jpg\" alt=\"Scalp scrub\" \/>\n                        <\/div>\n                        <h4 class=\"wc-howto-product-title\">Scalp scrub<\/h4>\n                    <\/div>\n                                    <div class=\"wc-howto-product-card\" data-product-id=\"143002\">\n                        <div class=\"wc-howto-product-image\">\n                            <img decoding=\"async\" src=\"https:\/\/yourshampoo.eu\/wp-content\/uploads\/2024\/11\/losjonas-nuo-plauku-slinkimo-300x300.jpg\" alt=\"Anti-hair loss lotion\" \/>\n                        <\/div>\n                        <h4 class=\"wc-howto-product-title\">Anti-hair loss lotion<\/h4>\n                    <\/div>\n                                    <div class=\"wc-howto-product-card\" data-product-id=\"143003\">\n                        <div class=\"wc-howto-product-image\">\n                            <img decoding=\"async\" src=\"https:\/\/yourshampoo.eu\/wp-content\/uploads\/2024\/11\/plauku-aliejukas-plaukams-300x300.jpg\" alt=\"Plauk\u0173 aliejukas\" \/>\n                        <\/div>\n                        <h4 class=\"wc-howto-product-title\">Plauk\u0173 aliejukas<\/h4>\n                    <\/div>\n                                    <div class=\"wc-howto-product-card\" data-product-id=\"143045\">\n                        <div class=\"wc-howto-product-image\">\n                            <img decoding=\"async\" src=\"https:\/\/yourshampoo.eu\/wp-content\/uploads\/2025\/11\/atsiauginimo-rinkinys-v2-300x300.jpg\" alt=\"Rinkinys Slenkantiems - Augimo Aktyvatorius\u2122\" \/>\n                        <\/div>\n                        <h4 class=\"wc-howto-product-title\">Rinkinys Slenkantiems - Augimo Aktyvatorius\u2122<\/h4>\n                    <\/div>\n                            <\/div>\n            \n            <div class=\"wc-howto-no-results\" style=\"display: none;\">\n                <p>Pagal j\u016bs\u0173 paie\u0161k\u0105 nieko nerasta. Pabandykite kitus rakta\u017eod\u017eius.<\/p>\n            <\/div>\n        <\/div>\n        \n        <div class=\"wc-howto-modal\" id=\"wc-howto-modal\">\n            <div class=\"wc-howto-modal-overlay\"><\/div>\n            <div class=\"wc-howto-modal-content\">\n                <button class=\"wc-howto-modal-close\" aria-label=\"U\u017edaryti\">\n                    <svg width=\"24\" height=\"24\" viewbox=\"0 0 24 24\" fill=\"none\" stroke=\"currentColor\" stroke-width=\"2\">\n                        <line x1=\"18\" y1=\"6\" x2=\"6\" y2=\"18\"><\/line>\n                        <line x1=\"6\" y1=\"6\" x2=\"18\" y2=\"18\"><\/line>\n                    <\/svg>\n                <\/button>\n                \n                <div class=\"wc-howto-modal-inner\"><\/div>\n            <\/div>\n        <\/div>","protected":false},"excerpt":{"rendered":"","protected":false},"author":1,"featured_media":0,"parent":0,"menu_order":0,"comment_status":"closed","ping_status":"closed","template":"","meta":{"footnotes":""},"class_list":["post-141550","page","type-page","status-publish","hentry"],"acf":[],"yoast_head":"<!-- This site is optimized with the Yoast SEO plugin v26.7 - https:\/\/yoast.com\/wordpress\/plugins\/seo\/ -->\n<title>kaip naudotis | TAVO \u0160AMP\u016aNAS<\/title>\n<meta name=\"robots\" content=\"noindex, follow, max-snippet:-1, max-image-preview:large, max-video-preview:-1\" \/>\n<meta property=\"og:locale\" content=\"en_US\" \/>\n<meta property=\"og:type\" content=\"article\" \/>\n<meta property=\"og:title\" content=\"kaip naudotis | TAVO \u0160AMP\u016aNAS\" \/>\n<meta property=\"og:url\" content=\"https:\/\/yourshampoo.eu\/en\/kaip-naudoti\/\" \/>\n<meta property=\"og:site_name\" content=\"TAVO \u0160AMP\u016aNAS\" \/>\n<meta property=\"article:publisher\" content=\"https:\/\/www.facebook.com\/tavosampunasofficial\" \/>\n<meta property=\"article:modified_time\" content=\"2025-11-10T14:59:05+00:00\" \/>\n<meta property=\"og:image\" content=\"https:\/\/yourshampoo.eu\/wp-content\/uploads\/2023\/10\/tavo-sampunas-profesionaliai-plauku-prieziurai.jpg\" \/>\n\t<meta property=\"og:image:width\" content=\"1200\" \/>\n\t<meta property=\"og:image:height\" content=\"675\" \/>\n\t<meta property=\"og:image:type\" content=\"image\/jpeg\" \/>\n<meta name=\"twitter:card\" content=\"summary_large_image\" \/>\n<script type=\"application\/ld+json\" class=\"yoast-schema-graph\">{\"@context\":\"https:\/\/schema.org\",\"@graph\":[{\"@type\":\"WebPage\",\"@id\":\"https:\/\/yourshampoo.eu\/kaip-naudoti\/\",\"url\":\"https:\/\/yourshampoo.eu\/kaip-naudoti\/\",\"name\":\"kaip naudotis | TAVO \u0160AMP\u016aNAS\",\"isPartOf\":{\"@id\":\"https:\/\/yourshampoo.eu\/#website\"},\"datePublished\":\"2025-10-15T13:00:27+00:00\",\"dateModified\":\"2025-11-10T14:59:05+00:00\",\"breadcrumb\":{\"@id\":\"https:\/\/yourshampoo.eu\/kaip-naudoti\/#breadcrumb\"},\"inLanguage\":\"en-US\",\"potentialAction\":[{\"@type\":\"ReadAction\",\"target\":[\"https:\/\/yourshampoo.eu\/kaip-naudoti\/\"]}]},{\"@type\":\"BreadcrumbList\",\"@id\":\"https:\/\/yourshampoo.eu\/kaip-naudoti\/#breadcrumb\",\"itemListElement\":[{\"@type\":\"ListItem\",\"position\":1,\"name\":\"Home\",\"item\":\"https:\/\/yourshampoo.eu\/\"},{\"@type\":\"ListItem\",\"position\":2,\"name\":\"kaip naudotis\"}]},{\"@type\":\"WebSite\",\"@id\":\"https:\/\/yourshampoo.eu\/#website\",\"url\":\"https:\/\/yourshampoo.eu\/\",\"name\":\"YourShampoo\",\"description\":\"\",\"alternateName\":\"Tavo Sampunas\",\"potentialAction\":[{\"@type\":\"SearchAction\",\"target\":{\"@type\":\"EntryPoint\",\"urlTemplate\":\"https:\/\/yourshampoo.eu\/?s={search_term_string}\"},\"query-input\":{\"@type\":\"PropertyValueSpecification\",\"valueRequired\":true,\"valueName\":\"search_term_string\"}}],\"inLanguage\":\"en-US\"}]}<\/script>\n<!-- \/ Yoast SEO plugin. -->","yoast_head_json":{"title":"kaip naudotis | TAVO \u0160AMP\u016aNAS","robots":{"index":"noindex","follow":"follow","max-snippet":"max-snippet:-1","max-image-preview":"max-image-preview:large","max-video-preview":"max-video-preview:-1"},"og_locale":"en_US","og_type":"article","og_title":"kaip naudotis | TAVO \u0160AMP\u016aNAS","og_url":"https:\/\/yourshampoo.eu\/en\/kaip-naudoti\/","og_site_name":"TAVO \u0160AMP\u016aNAS","article_publisher":"https:\/\/www.facebook.com\/tavosampunasofficial","article_modified_time":"2025-11-10T14:59:05+00:00","og_image":[{"width":1200,"height":675,"url":"https:\/\/yourshampoo.eu\/wp-content\/uploads\/2023\/10\/tavo-sampunas-profesionaliai-plauku-prieziurai.jpg","type":"image\/jpeg"}],"twitter_card":"summary_large_image","schema":{"@context":"https:\/\/schema.org","@graph":[{"@type":"WebPage","@id":"https:\/\/yourshampoo.eu\/kaip-naudoti\/","url":"https:\/\/yourshampoo.eu\/kaip-naudoti\/","name":"kaip naudotis | TAVO \u0160AMP\u016aNAS","isPartOf":{"@id":"https:\/\/yourshampoo.eu\/#website"},"datePublished":"2025-10-15T13:00:27+00:00","dateModified":"2025-11-10T14:59:05+00:00","breadcrumb":{"@id":"https:\/\/yourshampoo.eu\/kaip-naudoti\/#breadcrumb"},"inLanguage":"en-US","potentialAction":[{"@type":"ReadAction","target":["https:\/\/yourshampoo.eu\/kaip-naudoti\/"]}]},{"@type":"BreadcrumbList","@id":"https:\/\/yourshampoo.eu\/kaip-naudoti\/#breadcrumb","itemListElement":[{"@type":"ListItem","position":1,"name":"Home","item":"https:\/\/yourshampoo.eu\/"},{"@type":"ListItem","position":2,"name":"kaip naudotis"}]},{"@type":"WebSite","@id":"https:\/\/yourshampoo.eu\/#website","url":"https:\/\/yourshampoo.eu\/","name":"YourShampoo","description":"","alternateName":"Tavo Sampunas","potentialAction":[{"@type":"SearchAction","target":{"@type":"EntryPoint","urlTemplate":"https:\/\/yourshampoo.eu\/?s={search_term_string}"},"query-input":{"@type":"PropertyValueSpecification","valueRequired":true,"valueName":"search_term_string"}}],"inLanguage":"en-US"}]}},"_links":{"self":[{"href":"https:\/\/yourshampoo.eu\/en\/wp-json\/wp\/v2\/pages\/141550","targetHints":{"allow":["GET"]}}],"collection":[{"href":"https:\/\/yourshampoo.eu\/en\/wp-json\/wp\/v2\/pages"}],"about":[{"href":"https:\/\/yourshampoo.eu\/en\/wp-json\/wp\/v2\/types\/page"}],"author":[{"embeddable":true,"href":"https:\/\/yourshampoo.eu\/en\/wp-json\/wp\/v2\/users\/1"}],"replies":[{"embeddable":true,"href":"https:\/\/yourshampoo.eu\/en\/wp-json\/wp\/v2\/comments?post=141550"}],"version-history":[{"count":6,"href":"https:\/\/yourshampoo.eu\/en\/wp-json\/wp\/v2\/pages\/141550\/revisions"}],"predecessor-version":[{"id":143001,"href":"https:\/\/yourshampoo.eu\/en\/wp-json\/wp\/v2\/pages\/141550\/revisions\/143001"}],"wp:attachment":[{"href":"https:\/\/yourshampoo.eu\/en\/wp-json\/wp\/v2\/media?parent=141550"}],"curies":[{"name":"wp","href":"https:\/\/api.w.org\/{rel}","templated":true}]}}