{"id":129352,"date":"2025-03-03T11:37:26","date_gmt":"2025-03-03T09:37:26","guid":{"rendered":"https:\/\/yourshampoo.eu\/?page_id=129352"},"modified":"2025-03-03T11:38:39","modified_gmt":"2025-03-03T09:38:39","slug":"ne-visai-tai-ko-tikejausi","status":"publish","type":"page","link":"https:\/\/yourshampoo.eu\/en\/ne-visai-tai-ko-tikejausi\/","title":{"rendered":"Ne visai tai, ko tik\u0117jausi"},"content":{"rendered":"<h2>D\u0117kojame u\u017e atvirum\u0105 &#8211; tavo nuomon\u0117 mums labai svarbi! \ud83d\udcad<\/h2>\n<p>Nuo\u0161ird\u017eiai vertiname tavo atsakym\u0105. Kiekviena patirtis yra svarbi, o ypa\u010d tos, kurios padeda mums tobul\u0117ti.<\/p>\n<p>K\u0105 darome toliau?<\/p>\n<p>Jau ruo\u0161iame tau special\u0173 plan\u0105 su i\u0161samiais patarimais, kurie pad\u0117s i\u0161spr\u0119sti kylan\u010dius i\u0161\u0161\u016bkius. Atid\u017eiai perskaityk m\u016bs\u0173 lai\u0161k\u0105, kur\u012f netrukus gausi.<\/p>\n<p>Atsimink:<\/p>\n<p>Kartais net ma\u017eos plauk\u0173 prie\u017ei\u016bros rutinos korekcijos gali duoti stebinan\u010di\u0173 rezultat\u0173.<\/p>\n<p><strong><em>Tik noriu priminti, jog esame \u0161alia, kad pad\u0117tume tau rasti tinkam\u0105 sprendim\u0105. Tavo patirtis mums labai svarbi, ir mes padarysime visk\u0105, kad b\u016btum visi\u0161kai patenkinta!<\/em><\/strong><\/p>\n<style>\nh1.entry-title{\ndisplay:none;\n}\n<\/style>","protected":false},"excerpt":{"rendered":"<p>D\u0117kojame u\u017e atvirum\u0105 &#8211; tavo nuomon\u0117 mums labai svarbi! \ud83d\udcad Nuo\u0161ird\u017eiai vertiname tavo atsakym\u0105. Kiekviena patirtis yra svarbi, o ypa\u010d tos, kurios padeda mums tobul\u0117ti. K\u0105 darome toliau? Jau ruo\u0161iame tau special\u0173 plan\u0105 su i\u0161samiais patarimais, kurie pad\u0117s i\u0161spr\u0119sti kylan\u010dius i\u0161\u0161\u016bkius. Atid\u017eiai perskaityk m\u016bs\u0173 lai\u0161k\u0105, kur\u012f netrukus gausi. Atsimink: Kartais net ma\u017eos plauk\u0173 prie\u017ei\u016bros rutinos [&hellip;]<\/p>","protected":false},"author":1,"featured_media":0,"parent":0,"menu_order":0,"comment_status":"closed","ping_status":"closed","template":"","meta":{"footnotes":""},"class_list":["post-129352","page","type-page","status-publish","hentry"],"acf":[],"yoast_head":"<!-- This site is optimized with the Yoast SEO plugin v26.7 - https:\/\/yoast.com\/wordpress\/plugins\/seo\/ -->\n<title>Ne visai tai, ko tik\u0117jausi | TAVO \u0160AMP\u016aNAS<\/title>\n<meta name=\"robots\" content=\"noindex, follow, max-snippet:-1, max-image-preview:large, max-video-preview:-1\" \/>\n<meta property=\"og:locale\" content=\"en_US\" \/>\n<meta property=\"og:type\" content=\"article\" \/>\n<meta property=\"og:title\" content=\"Ne visai tai, ko tik\u0117jausi | TAVO \u0160AMP\u016aNAS\" \/>\n<meta property=\"og:description\" content=\"D\u0117kojame u\u017e atvirum\u0105 &#8211; tavo nuomon\u0117 mums labai svarbi! \ud83d\udcad Nuo\u0161ird\u017eiai vertiname tavo atsakym\u0105. Kiekviena patirtis yra svarbi, o ypa\u010d tos, kurios padeda mums tobul\u0117ti. K\u0105 darome toliau? Jau ruo\u0161iame tau special\u0173 plan\u0105 su i\u0161samiais patarimais, kurie pad\u0117s i\u0161spr\u0119sti kylan\u010dius i\u0161\u0161\u016bkius. Atid\u017eiai perskaityk m\u016bs\u0173 lai\u0161k\u0105, kur\u012f netrukus gausi. Atsimink: Kartais net ma\u017eos plauk\u0173 prie\u017ei\u016bros rutinos [&hellip;]\" \/>\n<meta property=\"og:url\" content=\"https:\/\/yourshampoo.eu\/en\/ne-visai-tai-ko-tikejausi\/\" \/>\n<meta property=\"og:site_name\" content=\"TAVO \u0160AMP\u016aNAS\" \/>\n<meta property=\"article:publisher\" content=\"https:\/\/www.facebook.com\/tavosampunasofficial\" \/>\n<meta property=\"article:modified_time\" content=\"2025-03-03T09:38:39+00:00\" \/>\n<meta property=\"og:image\" content=\"https:\/\/yourshampoo.eu\/wp-content\/uploads\/2023\/10\/tavo-sampunas-profesionaliai-plauku-prieziurai.jpg\" \/>\n\t<meta property=\"og:image:width\" content=\"1200\" \/>\n\t<meta property=\"og:image:height\" content=\"675\" \/>\n\t<meta property=\"og:image:type\" content=\"image\/jpeg\" \/>\n<meta name=\"twitter:card\" content=\"summary_large_image\" \/>\n<meta name=\"twitter:label1\" content=\"Est. reading time\" \/>\n\t<meta name=\"twitter:data1\" content=\"1 minute\" \/>\n<script type=\"application\/ld+json\" class=\"yoast-schema-graph\">{\"@context\":\"https:\/\/schema.org\",\"@graph\":[{\"@type\":\"WebPage\",\"@id\":\"https:\/\/yourshampoo.eu\/ne-visai-tai-ko-tikejausi\/\",\"url\":\"https:\/\/yourshampoo.eu\/ne-visai-tai-ko-tikejausi\/\",\"name\":\"Ne visai tai, ko tik\u0117jausi | TAVO \u0160AMP\u016aNAS\",\"isPartOf\":{\"@id\":\"https:\/\/yourshampoo.eu\/#website\"},\"datePublished\":\"2025-03-03T09:37:26+00:00\",\"dateModified\":\"2025-03-03T09:38:39+00:00\",\"breadcrumb\":{\"@id\":\"https:\/\/yourshampoo.eu\/ne-visai-tai-ko-tikejausi\/#breadcrumb\"},\"inLanguage\":\"en-US\",\"potentialAction\":[{\"@type\":\"ReadAction\",\"target\":[\"https:\/\/yourshampoo.eu\/ne-visai-tai-ko-tikejausi\/\"]}]},{\"@type\":\"BreadcrumbList\",\"@id\":\"https:\/\/yourshampoo.eu\/ne-visai-tai-ko-tikejausi\/#breadcrumb\",\"itemListElement\":[{\"@type\":\"ListItem\",\"position\":1,\"name\":\"Home\",\"item\":\"https:\/\/yourshampoo.eu\/\"},{\"@type\":\"ListItem\",\"position\":2,\"name\":\"Ne visai tai, ko tik\u0117jausi\"}]},{\"@type\":\"WebSite\",\"@id\":\"https:\/\/yourshampoo.eu\/#website\",\"url\":\"https:\/\/yourshampoo.eu\/\",\"name\":\"YourShampoo\",\"description\":\"\",\"alternateName\":\"Tavo Sampunas\",\"potentialAction\":[{\"@type\":\"SearchAction\",\"target\":{\"@type\":\"EntryPoint\",\"urlTemplate\":\"https:\/\/yourshampoo.eu\/?s={search_term_string}\"},\"query-input\":{\"@type\":\"PropertyValueSpecification\",\"valueRequired\":true,\"valueName\":\"search_term_string\"}}],\"inLanguage\":\"en-US\"}]}<\/script>\n<!-- \/ Yoast SEO plugin. -->","yoast_head_json":{"title":"Ne visai tai, ko tik\u0117jausi | TAVO \u0160AMP\u016aNAS","robots":{"index":"noindex","follow":"follow","max-snippet":"max-snippet:-1","max-image-preview":"max-image-preview:large","max-video-preview":"max-video-preview:-1"},"og_locale":"en_US","og_type":"article","og_title":"Ne visai tai, ko tik\u0117jausi | TAVO \u0160AMP\u016aNAS","og_description":"D\u0117kojame u\u017e atvirum\u0105 &#8211; tavo nuomon\u0117 mums labai svarbi! \ud83d\udcad Nuo\u0161ird\u017eiai vertiname tavo atsakym\u0105. Kiekviena patirtis yra svarbi, o ypa\u010d tos, kurios padeda mums tobul\u0117ti. K\u0105 darome toliau? Jau ruo\u0161iame tau special\u0173 plan\u0105 su i\u0161samiais patarimais, kurie pad\u0117s i\u0161spr\u0119sti kylan\u010dius i\u0161\u0161\u016bkius. Atid\u017eiai perskaityk m\u016bs\u0173 lai\u0161k\u0105, kur\u012f netrukus gausi. Atsimink: Kartais net ma\u017eos plauk\u0173 prie\u017ei\u016bros rutinos [&hellip;]","og_url":"https:\/\/yourshampoo.eu\/en\/ne-visai-tai-ko-tikejausi\/","og_site_name":"TAVO \u0160AMP\u016aNAS","article_publisher":"https:\/\/www.facebook.com\/tavosampunasofficial","article_modified_time":"2025-03-03T09:38:39+00:00","og_image":[{"width":1200,"height":675,"url":"https:\/\/yourshampoo.eu\/wp-content\/uploads\/2023\/10\/tavo-sampunas-profesionaliai-plauku-prieziurai.jpg","type":"image\/jpeg"}],"twitter_card":"summary_large_image","twitter_misc":{"Est. reading time":"1 minute"},"schema":{"@context":"https:\/\/schema.org","@graph":[{"@type":"WebPage","@id":"https:\/\/yourshampoo.eu\/ne-visai-tai-ko-tikejausi\/","url":"https:\/\/yourshampoo.eu\/ne-visai-tai-ko-tikejausi\/","name":"Ne visai tai, ko tik\u0117jausi | TAVO \u0160AMP\u016aNAS","isPartOf":{"@id":"https:\/\/yourshampoo.eu\/#website"},"datePublished":"2025-03-03T09:37:26+00:00","dateModified":"2025-03-03T09:38:39+00:00","breadcrumb":{"@id":"https:\/\/yourshampoo.eu\/ne-visai-tai-ko-tikejausi\/#breadcrumb"},"inLanguage":"en-US","potentialAction":[{"@type":"ReadAction","target":["https:\/\/yourshampoo.eu\/ne-visai-tai-ko-tikejausi\/"]}]},{"@type":"BreadcrumbList","@id":"https:\/\/yourshampoo.eu\/ne-visai-tai-ko-tikejausi\/#breadcrumb","itemListElement":[{"@type":"ListItem","position":1,"name":"Home","item":"https:\/\/yourshampoo.eu\/"},{"@type":"ListItem","position":2,"name":"Ne visai tai, ko tik\u0117jausi"}]},{"@type":"WebSite","@id":"https:\/\/yourshampoo.eu\/#website","url":"https:\/\/yourshampoo.eu\/","name":"YourShampoo","description":"","alternateName":"Tavo Sampunas","potentialAction":[{"@type":"SearchAction","target":{"@type":"EntryPoint","urlTemplate":"https:\/\/yourshampoo.eu\/?s={search_term_string}"},"query-input":{"@type":"PropertyValueSpecification","valueRequired":true,"valueName":"search_term_string"}}],"inLanguage":"en-US"}]}},"_links":{"self":[{"href":"https:\/\/yourshampoo.eu\/en\/wp-json\/wp\/v2\/pages\/129352","targetHints":{"allow":["GET"]}}],"collection":[{"href":"https:\/\/yourshampoo.eu\/en\/wp-json\/wp\/v2\/pages"}],"about":[{"href":"https:\/\/yourshampoo.eu\/en\/wp-json\/wp\/v2\/types\/page"}],"author":[{"embeddable":true,"href":"https:\/\/yourshampoo.eu\/en\/wp-json\/wp\/v2\/users\/1"}],"replies":[{"embeddable":true,"href":"https:\/\/yourshampoo.eu\/en\/wp-json\/wp\/v2\/comments?post=129352"}],"version-history":[{"count":0,"href":"https:\/\/yourshampoo.eu\/en\/wp-json\/wp\/v2\/pages\/129352\/revisions"}],"wp:attachment":[{"href":"https:\/\/yourshampoo.eu\/en\/wp-json\/wp\/v2\/media?parent=129352"}],"curies":[{"name":"wp","href":"https:\/\/api.w.org\/{rel}","templated":true}]}}