{"id":129349,"date":"2025-03-03T11:31:34","date_gmt":"2025-03-03T09:31:34","guid":{"rendered":"https:\/\/yourshampoo.eu\/?page_id=129349"},"modified":"2025-03-03T11:33:06","modified_gmt":"2025-03-03T09:33:06","slug":"dar-bandau-suprasti","status":"publish","type":"page","link":"https:\/\/yourshampoo.eu\/en\/dar-bandau-suprasti\/","title":{"rendered":"Dar bandau suprasti"},"content":{"rendered":"<h2>Kiekvienos moters plaukai skirtingi ir kartais prireikia \u0161iek tiek daugiau laiko, kad pamatytum rezultatus.<\/h2>\n<p class=\"whitespace-pre-wrap break-words\">Tai visi\u0161kai normalu!<\/p>\n<p class=\"whitespace-pre-wrap break-words\"><strong>Kas toliau?<\/strong> Jau ruo\u0161iame tau special\u0173 plan\u0105 su papildomais patarimais ir triukais, kurie gali pad\u0117ti grei\u010diau pasiekti norim\u0173 rezultat\u0173.<\/p>\n<p class=\"whitespace-pre-wrap break-words\"><strong>Svarbiausia \u017einoti:<\/strong> Nat\u016bralios priemon\u0117s veikia kitaip nei \u012fprasti \u0161amp\u016bnai su agresyviomis med\u017eiagomis \u2013 jos \u0161velniai valo ir maitina plaukus, tod\u0117l rezultatas kaupiasi pama\u017eu, bet i\u0161lieka ilgiau.<\/p>\n<p class=\"whitespace-pre-wrap break-words\"><strong><em>Tik noriu pirminti, jog esame \u0161alia ir pad\u0117sime tau atrasti geriausi\u0105 plauk\u0173 prie\u017ei\u016bros rutin\u0105!<\/em><\/strong><\/p>\n<style>\nh1.entry-title{\ndisplay:none;\n}\n<\/style>","protected":false},"excerpt":{"rendered":"<p>Kiekvienos moters plaukai skirtingi ir kartais prireikia \u0161iek tiek daugiau laiko, kad pamatytum rezultatus. Tai visi\u0161kai normalu! Kas toliau? Jau ruo\u0161iame tau special\u0173 plan\u0105 su papildomais patarimais ir triukais, kurie gali pad\u0117ti grei\u010diau pasiekti norim\u0173 rezultat\u0173. Svarbiausia \u017einoti: Nat\u016bralios priemon\u0117s veikia kitaip nei \u012fprasti \u0161amp\u016bnai su agresyviomis med\u017eiagomis \u2013 jos \u0161velniai valo ir maitina plaukus, [&hellip;]<\/p>","protected":false},"author":1,"featured_media":0,"parent":0,"menu_order":0,"comment_status":"closed","ping_status":"closed","template":"","meta":{"footnotes":""},"class_list":["post-129349","page","type-page","status-publish","hentry"],"acf":[],"yoast_head":"<!-- This site is optimized with the Yoast SEO plugin v26.7 - https:\/\/yoast.com\/wordpress\/plugins\/seo\/ -->\n<title>Dar bandau suprasti | TAVO \u0160AMP\u016aNAS<\/title>\n<meta name=\"robots\" content=\"noindex, follow, max-snippet:-1, max-image-preview:large, max-video-preview:-1\" \/>\n<meta property=\"og:locale\" content=\"en_US\" \/>\n<meta property=\"og:type\" content=\"article\" \/>\n<meta property=\"og:title\" content=\"Dar bandau suprasti | TAVO \u0160AMP\u016aNAS\" \/>\n<meta property=\"og:description\" content=\"Kiekvienos moters plaukai skirtingi ir kartais prireikia \u0161iek tiek daugiau laiko, kad pamatytum rezultatus. Tai visi\u0161kai normalu! Kas toliau? Jau ruo\u0161iame tau special\u0173 plan\u0105 su papildomais patarimais ir triukais, kurie gali pad\u0117ti grei\u010diau pasiekti norim\u0173 rezultat\u0173. Svarbiausia \u017einoti: Nat\u016bralios priemon\u0117s veikia kitaip nei \u012fprasti \u0161amp\u016bnai su agresyviomis med\u017eiagomis \u2013 jos \u0161velniai valo ir maitina plaukus, [&hellip;]\" \/>\n<meta property=\"og:url\" content=\"https:\/\/yourshampoo.eu\/en\/dar-bandau-suprasti\/\" \/>\n<meta property=\"og:site_name\" content=\"TAVO \u0160AMP\u016aNAS\" \/>\n<meta property=\"article:publisher\" content=\"https:\/\/www.facebook.com\/tavosampunasofficial\" \/>\n<meta property=\"article:modified_time\" content=\"2025-03-03T09:33:06+00:00\" \/>\n<meta property=\"og:image\" content=\"https:\/\/yourshampoo.eu\/wp-content\/uploads\/2023\/10\/tavo-sampunas-profesionaliai-plauku-prieziurai.jpg\" \/>\n\t<meta property=\"og:image:width\" content=\"1200\" \/>\n\t<meta property=\"og:image:height\" content=\"675\" \/>\n\t<meta property=\"og:image:type\" content=\"image\/jpeg\" \/>\n<meta name=\"twitter:card\" content=\"summary_large_image\" \/>\n<meta name=\"twitter:label1\" content=\"Est. reading time\" \/>\n\t<meta name=\"twitter:data1\" content=\"1 minute\" \/>\n<script type=\"application\/ld+json\" class=\"yoast-schema-graph\">{\"@context\":\"https:\/\/schema.org\",\"@graph\":[{\"@type\":\"WebPage\",\"@id\":\"https:\/\/yourshampoo.eu\/dar-bandau-suprasti\/\",\"url\":\"https:\/\/yourshampoo.eu\/dar-bandau-suprasti\/\",\"name\":\"Dar bandau suprasti | TAVO \u0160AMP\u016aNAS\",\"isPartOf\":{\"@id\":\"https:\/\/yourshampoo.eu\/#website\"},\"datePublished\":\"2025-03-03T09:31:34+00:00\",\"dateModified\":\"2025-03-03T09:33:06+00:00\",\"breadcrumb\":{\"@id\":\"https:\/\/yourshampoo.eu\/dar-bandau-suprasti\/#breadcrumb\"},\"inLanguage\":\"en-US\",\"potentialAction\":[{\"@type\":\"ReadAction\",\"target\":[\"https:\/\/yourshampoo.eu\/dar-bandau-suprasti\/\"]}]},{\"@type\":\"BreadcrumbList\",\"@id\":\"https:\/\/yourshampoo.eu\/dar-bandau-suprasti\/#breadcrumb\",\"itemListElement\":[{\"@type\":\"ListItem\",\"position\":1,\"name\":\"Home\",\"item\":\"https:\/\/yourshampoo.eu\/\"},{\"@type\":\"ListItem\",\"position\":2,\"name\":\"Dar bandau suprasti\"}]},{\"@type\":\"WebSite\",\"@id\":\"https:\/\/yourshampoo.eu\/#website\",\"url\":\"https:\/\/yourshampoo.eu\/\",\"name\":\"YourShampoo\",\"description\":\"\",\"alternateName\":\"Tavo Sampunas\",\"potentialAction\":[{\"@type\":\"SearchAction\",\"target\":{\"@type\":\"EntryPoint\",\"urlTemplate\":\"https:\/\/yourshampoo.eu\/?s={search_term_string}\"},\"query-input\":{\"@type\":\"PropertyValueSpecification\",\"valueRequired\":true,\"valueName\":\"search_term_string\"}}],\"inLanguage\":\"en-US\"}]}<\/script>\n<!-- \/ Yoast SEO plugin. -->","yoast_head_json":{"title":"Dar bandau suprasti | TAVO \u0160AMP\u016aNAS","robots":{"index":"noindex","follow":"follow","max-snippet":"max-snippet:-1","max-image-preview":"max-image-preview:large","max-video-preview":"max-video-preview:-1"},"og_locale":"en_US","og_type":"article","og_title":"Dar bandau suprasti | TAVO \u0160AMP\u016aNAS","og_description":"Kiekvienos moters plaukai skirtingi ir kartais prireikia \u0161iek tiek daugiau laiko, kad pamatytum rezultatus. Tai visi\u0161kai normalu! Kas toliau? Jau ruo\u0161iame tau special\u0173 plan\u0105 su papildomais patarimais ir triukais, kurie gali pad\u0117ti grei\u010diau pasiekti norim\u0173 rezultat\u0173. Svarbiausia \u017einoti: Nat\u016bralios priemon\u0117s veikia kitaip nei \u012fprasti \u0161amp\u016bnai su agresyviomis med\u017eiagomis \u2013 jos \u0161velniai valo ir maitina plaukus, [&hellip;]","og_url":"https:\/\/yourshampoo.eu\/en\/dar-bandau-suprasti\/","og_site_name":"TAVO \u0160AMP\u016aNAS","article_publisher":"https:\/\/www.facebook.com\/tavosampunasofficial","article_modified_time":"2025-03-03T09:33:06+00:00","og_image":[{"width":1200,"height":675,"url":"https:\/\/yourshampoo.eu\/wp-content\/uploads\/2023\/10\/tavo-sampunas-profesionaliai-plauku-prieziurai.jpg","type":"image\/jpeg"}],"twitter_card":"summary_large_image","twitter_misc":{"Est. reading time":"1 minute"},"schema":{"@context":"https:\/\/schema.org","@graph":[{"@type":"WebPage","@id":"https:\/\/yourshampoo.eu\/dar-bandau-suprasti\/","url":"https:\/\/yourshampoo.eu\/dar-bandau-suprasti\/","name":"Dar bandau suprasti | TAVO \u0160AMP\u016aNAS","isPartOf":{"@id":"https:\/\/yourshampoo.eu\/#website"},"datePublished":"2025-03-03T09:31:34+00:00","dateModified":"2025-03-03T09:33:06+00:00","breadcrumb":{"@id":"https:\/\/yourshampoo.eu\/dar-bandau-suprasti\/#breadcrumb"},"inLanguage":"en-US","potentialAction":[{"@type":"ReadAction","target":["https:\/\/yourshampoo.eu\/dar-bandau-suprasti\/"]}]},{"@type":"BreadcrumbList","@id":"https:\/\/yourshampoo.eu\/dar-bandau-suprasti\/#breadcrumb","itemListElement":[{"@type":"ListItem","position":1,"name":"Home","item":"https:\/\/yourshampoo.eu\/"},{"@type":"ListItem","position":2,"name":"Dar bandau suprasti"}]},{"@type":"WebSite","@id":"https:\/\/yourshampoo.eu\/#website","url":"https:\/\/yourshampoo.eu\/","name":"YourShampoo","description":"","alternateName":"Tavo Sampunas","potentialAction":[{"@type":"SearchAction","target":{"@type":"EntryPoint","urlTemplate":"https:\/\/yourshampoo.eu\/?s={search_term_string}"},"query-input":{"@type":"PropertyValueSpecification","valueRequired":true,"valueName":"search_term_string"}}],"inLanguage":"en-US"}]}},"_links":{"self":[{"href":"https:\/\/yourshampoo.eu\/en\/wp-json\/wp\/v2\/pages\/129349","targetHints":{"allow":["GET"]}}],"collection":[{"href":"https:\/\/yourshampoo.eu\/en\/wp-json\/wp\/v2\/pages"}],"about":[{"href":"https:\/\/yourshampoo.eu\/en\/wp-json\/wp\/v2\/types\/page"}],"author":[{"embeddable":true,"href":"https:\/\/yourshampoo.eu\/en\/wp-json\/wp\/v2\/users\/1"}],"replies":[{"embeddable":true,"href":"https:\/\/yourshampoo.eu\/en\/wp-json\/wp\/v2\/comments?post=129349"}],"version-history":[{"count":0,"href":"https:\/\/yourshampoo.eu\/en\/wp-json\/wp\/v2\/pages\/129349\/revisions"}],"wp:attachment":[{"href":"https:\/\/yourshampoo.eu\/en\/wp-json\/wp\/v2\/media?parent=129349"}],"curies":[{"name":"wp","href":"https:\/\/api.w.org\/{rel}","templated":true}]}}