{"id":129340,"date":"2025-03-03T11:24:41","date_gmt":"2025-03-03T09:24:41","guid":{"rendered":"https:\/\/yourshampoo.eu\/?page_id=129340"},"modified":"2025-03-03T11:28:42","modified_gmt":"2025-03-03T09:28:42","slug":"patinka-priemones","status":"publish","type":"page","link":"https:\/\/yourshampoo.eu\/en\/patinka-priemones\/","title":{"rendered":"Patinka priemones"},"content":{"rendered":"<h2>Kokia nuostabi \u017einia, kad jau pasteb\u0117jai teigiamus poky\u010dius!<\/h2>\n<p class=\"whitespace-pre-wrap break-words\">Tavo plauk\u0173 kelion\u0117 tik prasideda, ir mes did\u017eiuojam\u0117s, gal\u0117dami b\u016bti jos dalimi.<\/p>\n<p class=\"whitespace-pre-wrap break-words\">Netrukus atsi\u0173siu lai\u0161k\u0105 su dar daugiau patarim\u0173, kaip pasiekti dar geresni\u0173 rezultat\u0173 ir maksimaliai i\u0161naudoti savo naudojam\u0173 priemoni\u0173 privalumus.<\/p>\n<p class=\"whitespace-pre-wrap break-words\"><strong>Nori dar geresni\u0173 rezultat\u0173?<\/strong> Skirting\u0173 plauk\u0173 tipams reikia skirtingos prie\u017ei\u016bros, tod\u0117l paruo\u0161\u0117me \u012fvairi\u0173 patarim\u0173, kuriuos pritaikius rezultatai gali nustebinti!<\/p>\n<p class=\"whitespace-pre-wrap break-words\"><em>A\u010di\u016b, kad pasitik\u0117jai mumis \u2013 mes nekantraujame i\u0161girsti daugiau apie tavo patirt\u012f!<\/em><\/p>\n<p>&nbsp;<\/p>\n<style>\nh1.entry-title {\n    display: none;\n}\n<\/style>","protected":false},"excerpt":{"rendered":"<p>Kokia nuostabi \u017einia, kad jau pasteb\u0117jai teigiamus poky\u010dius! Tavo plauk\u0173 kelion\u0117 tik prasideda, ir mes did\u017eiuojam\u0117s, gal\u0117dami b\u016bti jos dalimi. Netrukus atsi\u0173siu lai\u0161k\u0105 su dar daugiau patarim\u0173, kaip pasiekti dar geresni\u0173 rezultat\u0173 ir maksimaliai i\u0161naudoti savo naudojam\u0173 priemoni\u0173 privalumus. Nori dar geresni\u0173 rezultat\u0173? Skirting\u0173 plauk\u0173 tipams reikia skirtingos prie\u017ei\u016bros, tod\u0117l paruo\u0161\u0117me \u012fvairi\u0173 patarim\u0173, kuriuos pritaikius [&hellip;]<\/p>","protected":false},"author":1,"featured_media":0,"parent":0,"menu_order":0,"comment_status":"closed","ping_status":"closed","template":"","meta":{"footnotes":""},"class_list":["post-129340","page","type-page","status-publish","hentry"],"acf":[],"yoast_head":"<!-- This site is optimized with the Yoast SEO plugin v26.7 - https:\/\/yoast.com\/wordpress\/plugins\/seo\/ -->\n<title>Patinka priemones | TAVO \u0160AMP\u016aNAS<\/title>\n<meta name=\"robots\" content=\"noindex, follow, max-snippet:-1, max-image-preview:large, max-video-preview:-1\" \/>\n<meta property=\"og:locale\" content=\"en_US\" \/>\n<meta property=\"og:type\" content=\"article\" \/>\n<meta property=\"og:title\" content=\"Patinka priemones | TAVO \u0160AMP\u016aNAS\" \/>\n<meta property=\"og:description\" content=\"Kokia nuostabi \u017einia, kad jau pasteb\u0117jai teigiamus poky\u010dius! Tavo plauk\u0173 kelion\u0117 tik prasideda, ir mes did\u017eiuojam\u0117s, gal\u0117dami b\u016bti jos dalimi. Netrukus atsi\u0173siu lai\u0161k\u0105 su dar daugiau patarim\u0173, kaip pasiekti dar geresni\u0173 rezultat\u0173 ir maksimaliai i\u0161naudoti savo naudojam\u0173 priemoni\u0173 privalumus. Nori dar geresni\u0173 rezultat\u0173? Skirting\u0173 plauk\u0173 tipams reikia skirtingos prie\u017ei\u016bros, tod\u0117l paruo\u0161\u0117me \u012fvairi\u0173 patarim\u0173, kuriuos pritaikius [&hellip;]\" \/>\n<meta property=\"og:url\" content=\"https:\/\/yourshampoo.eu\/en\/patinka-priemones\/\" \/>\n<meta property=\"og:site_name\" content=\"TAVO \u0160AMP\u016aNAS\" \/>\n<meta property=\"article:publisher\" content=\"https:\/\/www.facebook.com\/tavosampunasofficial\" \/>\n<meta property=\"article:modified_time\" content=\"2025-03-03T09:28:42+00:00\" \/>\n<meta property=\"og:image\" content=\"https:\/\/yourshampoo.eu\/wp-content\/uploads\/2023\/10\/tavo-sampunas-profesionaliai-plauku-prieziurai.jpg\" \/>\n\t<meta property=\"og:image:width\" content=\"1200\" \/>\n\t<meta property=\"og:image:height\" content=\"675\" \/>\n\t<meta property=\"og:image:type\" content=\"image\/jpeg\" \/>\n<meta name=\"twitter:card\" content=\"summary_large_image\" \/>\n<meta name=\"twitter:label1\" content=\"Est. reading time\" \/>\n\t<meta name=\"twitter:data1\" content=\"1 minute\" \/>\n<script type=\"application\/ld+json\" class=\"yoast-schema-graph\">{\"@context\":\"https:\/\/schema.org\",\"@graph\":[{\"@type\":\"WebPage\",\"@id\":\"https:\/\/yourshampoo.eu\/patinka-priemones\/\",\"url\":\"https:\/\/yourshampoo.eu\/patinka-priemones\/\",\"name\":\"Patinka priemones | TAVO \u0160AMP\u016aNAS\",\"isPartOf\":{\"@id\":\"https:\/\/yourshampoo.eu\/#website\"},\"datePublished\":\"2025-03-03T09:24:41+00:00\",\"dateModified\":\"2025-03-03T09:28:42+00:00\",\"breadcrumb\":{\"@id\":\"https:\/\/yourshampoo.eu\/patinka-priemones\/#breadcrumb\"},\"inLanguage\":\"en-US\",\"potentialAction\":[{\"@type\":\"ReadAction\",\"target\":[\"https:\/\/yourshampoo.eu\/patinka-priemones\/\"]}]},{\"@type\":\"BreadcrumbList\",\"@id\":\"https:\/\/yourshampoo.eu\/patinka-priemones\/#breadcrumb\",\"itemListElement\":[{\"@type\":\"ListItem\",\"position\":1,\"name\":\"Home\",\"item\":\"https:\/\/yourshampoo.eu\/\"},{\"@type\":\"ListItem\",\"position\":2,\"name\":\"Patinka priemones\"}]},{\"@type\":\"WebSite\",\"@id\":\"https:\/\/yourshampoo.eu\/#website\",\"url\":\"https:\/\/yourshampoo.eu\/\",\"name\":\"YourShampoo\",\"description\":\"\",\"alternateName\":\"Tavo Sampunas\",\"potentialAction\":[{\"@type\":\"SearchAction\",\"target\":{\"@type\":\"EntryPoint\",\"urlTemplate\":\"https:\/\/yourshampoo.eu\/?s={search_term_string}\"},\"query-input\":{\"@type\":\"PropertyValueSpecification\",\"valueRequired\":true,\"valueName\":\"search_term_string\"}}],\"inLanguage\":\"en-US\"}]}<\/script>\n<!-- \/ Yoast SEO plugin. -->","yoast_head_json":{"title":"Patinka priemones | TAVO \u0160AMP\u016aNAS","robots":{"index":"noindex","follow":"follow","max-snippet":"max-snippet:-1","max-image-preview":"max-image-preview:large","max-video-preview":"max-video-preview:-1"},"og_locale":"en_US","og_type":"article","og_title":"Patinka priemones | TAVO \u0160AMP\u016aNAS","og_description":"Kokia nuostabi \u017einia, kad jau pasteb\u0117jai teigiamus poky\u010dius! Tavo plauk\u0173 kelion\u0117 tik prasideda, ir mes did\u017eiuojam\u0117s, gal\u0117dami b\u016bti jos dalimi. Netrukus atsi\u0173siu lai\u0161k\u0105 su dar daugiau patarim\u0173, kaip pasiekti dar geresni\u0173 rezultat\u0173 ir maksimaliai i\u0161naudoti savo naudojam\u0173 priemoni\u0173 privalumus. Nori dar geresni\u0173 rezultat\u0173? Skirting\u0173 plauk\u0173 tipams reikia skirtingos prie\u017ei\u016bros, tod\u0117l paruo\u0161\u0117me \u012fvairi\u0173 patarim\u0173, kuriuos pritaikius [&hellip;]","og_url":"https:\/\/yourshampoo.eu\/en\/patinka-priemones\/","og_site_name":"TAVO \u0160AMP\u016aNAS","article_publisher":"https:\/\/www.facebook.com\/tavosampunasofficial","article_modified_time":"2025-03-03T09:28:42+00:00","og_image":[{"width":1200,"height":675,"url":"https:\/\/yourshampoo.eu\/wp-content\/uploads\/2023\/10\/tavo-sampunas-profesionaliai-plauku-prieziurai.jpg","type":"image\/jpeg"}],"twitter_card":"summary_large_image","twitter_misc":{"Est. reading time":"1 minute"},"schema":{"@context":"https:\/\/schema.org","@graph":[{"@type":"WebPage","@id":"https:\/\/yourshampoo.eu\/patinka-priemones\/","url":"https:\/\/yourshampoo.eu\/patinka-priemones\/","name":"Patinka priemones | TAVO \u0160AMP\u016aNAS","isPartOf":{"@id":"https:\/\/yourshampoo.eu\/#website"},"datePublished":"2025-03-03T09:24:41+00:00","dateModified":"2025-03-03T09:28:42+00:00","breadcrumb":{"@id":"https:\/\/yourshampoo.eu\/patinka-priemones\/#breadcrumb"},"inLanguage":"en-US","potentialAction":[{"@type":"ReadAction","target":["https:\/\/yourshampoo.eu\/patinka-priemones\/"]}]},{"@type":"BreadcrumbList","@id":"https:\/\/yourshampoo.eu\/patinka-priemones\/#breadcrumb","itemListElement":[{"@type":"ListItem","position":1,"name":"Home","item":"https:\/\/yourshampoo.eu\/"},{"@type":"ListItem","position":2,"name":"Patinka priemones"}]},{"@type":"WebSite","@id":"https:\/\/yourshampoo.eu\/#website","url":"https:\/\/yourshampoo.eu\/","name":"YourShampoo","description":"","alternateName":"Tavo Sampunas","potentialAction":[{"@type":"SearchAction","target":{"@type":"EntryPoint","urlTemplate":"https:\/\/yourshampoo.eu\/?s={search_term_string}"},"query-input":{"@type":"PropertyValueSpecification","valueRequired":true,"valueName":"search_term_string"}}],"inLanguage":"en-US"}]}},"_links":{"self":[{"href":"https:\/\/yourshampoo.eu\/en\/wp-json\/wp\/v2\/pages\/129340","targetHints":{"allow":["GET"]}}],"collection":[{"href":"https:\/\/yourshampoo.eu\/en\/wp-json\/wp\/v2\/pages"}],"about":[{"href":"https:\/\/yourshampoo.eu\/en\/wp-json\/wp\/v2\/types\/page"}],"author":[{"embeddable":true,"href":"https:\/\/yourshampoo.eu\/en\/wp-json\/wp\/v2\/users\/1"}],"replies":[{"embeddable":true,"href":"https:\/\/yourshampoo.eu\/en\/wp-json\/wp\/v2\/comments?post=129340"}],"version-history":[{"count":0,"href":"https:\/\/yourshampoo.eu\/en\/wp-json\/wp\/v2\/pages\/129340\/revisions"}],"wp:attachment":[{"href":"https:\/\/yourshampoo.eu\/en\/wp-json\/wp\/v2\/media?parent=129340"}],"curies":[{"name":"wp","href":"https:\/\/api.w.org\/{rel}","templated":true}]}}